{"id":1023,"date":"2024-04-03T23:40:41","date_gmt":"2024-04-03T20:40:41","guid":{"rendered":"https:\/\/sisu.ut.ee\/ewod\/kaal\/"},"modified":"2024-04-04T00:08:25","modified_gmt":"2024-04-03T21:08:25","slug":"kaal","status":"publish","type":"page","link":"https:\/\/sisu.ut.ee\/ewod\/k\/kaal\/","title":{"rendered":"Aira Kaal"},"content":{"rendered":"<p>\n\t<a href=\"https:\/\/sisu.ut.ee\/ewod\/k\/kaal\/poems\"><strong><span style=\"font-size: medium;font-family: verdana, geneva\">Poems <\/span><\/strong><\/a><a href=\"https:\/\/sisu.ut.ee\/wp-content\/uploads\/sites\/108\/aira_kaal.jpg\" target=\"_self\" rel=\"noopener\"><img decoding=\"async\" alt=\"Aira Kaal\" src=\"https:\/\/sisu.ut.ee\/wp-content\/uploads\/sites\/108\/aira_kaal.jpg\" style=\"float: right;width: 200px;height: 310px\"><\/a>\n<\/p>\n<p>\n\t<a href=\"https:\/\/sisu.ut.ee\/ewod\/k\/kaal\/stories\"><strong><span style=\"font-size: medium;font-family: verdana, geneva\">Short stories<\/span><\/strong><\/a>\n<\/p>\n<p>\u00a0\n<\/p>\n<p>\n\t<span style=\"font-size:13px\"><span style=\"font-family:Verdana,Geneva,sans-serif\">Aira Kaal (given name until 1938 Alma-Vilhelmine Kaal, from 1939 Aira Hone, also used pseudonyms Reet Uietu and Alma Kaal, 7. XI 1911 \u2013 7. IV 1988) left her mark on Estonian culture as a sensitive nature poet and innovator in short prose.<\/span><\/span>\n<\/p>\n<p>\n\t<span style=\"font-size:13px\"><span style=\"font-family:Verdana,Geneva,sans-serif\">She was born in Uuem\u00f5isa (later P\u00f6ide) parish on Saaremaa into a large family. Kaal attended Tornim\u00e4e and Uuem\u00f5isa primary schools, the Saaremaa co-educational Gymnasium and from 1931 to 1940 the University of Tartu, where her main subject was philosophy, with Estonian literature, world literature and English as subsidiary subjects. In her university years she published prose, poetry, criticism and translations. Kaal recalled that her childhood in the juniper pasturelands, by the shores of a strait, with the constantly changing blue coast of Muhu island beyond the waters, awakened early in her the desire to set the wonders of the world down in writing.<\/span><\/span>\n<\/p>\n<p>\n\t<span style=\"font-size:13px\"><span style=\"font-family:Verdana,Geneva,sans-serif\">Her first book was an essay dealing with the question of emancipation of women which appeared in Tartu in 1936, followed by a conversational, humorous novel about her home district, <em>Mamma ja mina<\/em> (\u2018Mummy and I\u2019, 1939, under the pseudonym Reet Uielu). In 1938-1939 Kaal worked in Great Britain practicing her English. There she met her future husband, the Englishman Arthur Robert Hone, a graduate of Cambridge University, with whom she settled in Estonia and who later, during the Soviet period, became an English lecturer at the University of Tartu. Kaal took part in the transfer of power in 1940. In the same year she joined the Communist Party of the Soviet Union.<\/span><\/span>\n<\/p>\n<p>\n\t<span style=\"font-size:13px\"><span style=\"font-family:Verdana,Geneva,sans-serif\">During the Second World War Kaal and her husband lived on the Soviet home front. The poetry collections and prose works after the war (<em>Sajandite vangla<\/em> \u2013 \u2018Prison of the Centuries\u2019, <em>Teelahkmel \u2013<\/em> \u2018At the Crossroads\u2019) extolled Soviet power and portrayed the struggle against capitalism, fascism and imperialism. From 1945 to 1950 Kaal was a lecturer in the foundations of Marxism-Leninism at the Tartu State University. In the course of the repressions Kaal was expelled from the Party. Her father and one brother, who had lived on Saaremaa, were deported to Siberia, where they perished; another brother was shot dead, a third died as a Forest Brother. Aira Kaal did not succeed in getting to see her dying mother on Saaremaa. In the early nineteen-fifties Kaal published criticism, essays and one play in the journal Looming. They exemplify the militant vulgarising attitudes typical of the period.<\/span><\/span>\n<\/p>\n<p>\n\t<span style=\"font-size:13px\"><span style=\"font-family:Verdana,Geneva,sans-serif\">At the end of the nineteen-fifties a new breath blew into Kaal\u2019s output: gone was the explicit declarativeness. Her poetry grew more personal and thoughtful. Kaal\u2019s three travel books (about India, China and Armenia) are characterised by an interest in distant cultures. One of the high points in Kaal\u2019s output is her short prose trilogy <em>Kodunurga laastud<\/em> (\u2018Short Accounts on the Home Corner\u2019, 1966, 1970, 1978), which is striking in its presentation of vernacular values, and the short prose collection <em>Seitse t\u00f5tt ja seitse valet<\/em> (\u2018Seven Truths and Seven Lies\u2019, 1986). In these the author created a genre of short prose that unified the characteristics of causeries, short stories and memoirs.<\/span><\/span>\n<\/p>\n<p>\n\t<span style=\"font-size:13px\"><span style=\"font-family:Verdana,Geneva,sans-serif\">In 1980 Aira Kaal signed the letter of the 40 intellectuals condemning the Soviet Union\u2019s Russification policy. Her last four poetry collections won support from readers. In them she reveals influences from Russian, French and English-language poetry, merged with the author\u2019s own experiences based on her personal views of life and nature.<\/span><\/span>\n<\/p>\n<p>\n\t<em><span style=\"font-size:13px\"><span style=\"font-family:Verdana,Geneva,sans-serif\">L. P. (Translated by C. M.)<\/span><\/span><\/em>\n<\/p>\n<p>\n\t\u00a0\n<\/p>\n<p>\n\t<strong><span style=\"font-size:16px\"><span style=\"font-family:Verdana,Geneva,sans-serif\">Books in Estonian<\/span><\/span><\/strong>\n<\/p>\n<p>\n\t<span style=\"font-size:13px\"><span style=\"font-family:Verdana,Geneva,sans-serif\"><strong><em>Poems<\/em><\/strong><br><strong>Ma ei anna relva k\u00e4est<\/strong>. Luuletusi 1939\u20131944. Tallinn: Ilukirjandus ja Kunst, 1945, 79 lk.<br><strong>V\u00f5idurakett<\/strong>. Tallinn: Ilukirjandus ja Kunst, 1948, 100 lk.<br><strong>Vaba kodumaa<\/strong>. Tallinn: Eesti Riiklik Kirjastus, 1950, 151 lk.<br><strong>Meretuuled<\/strong>. Luuletusi 1950\u20131958. Tallinn: Eesti Riiklik Kirjastus, 1958, 159 lk.<br><strong>Valitud luuletused<\/strong>. Tallinn: Eesti Riiklik Kirjastus, 1961, 218 lk.<br><strong>\u00dcks tigu ilma majata<\/strong>. Tallinn: Eesti Raamat, 1968, 144 lk.<br><strong>Pihlakad mere \u00e4\u00e4res<\/strong>. Tallinn: Eesti Raamat, 1971, 118 lk.<br><strong>Hetked merega<\/strong>. Luuletusi aastaist 1971\u20131974. Tallinn: Eesti Raamat, 1976, 120 lk.<br><strong>Saaks kord seda imet veel vaadata<\/strong>. Tallinn: Eesti Raamat, 1981, 206 lk.<\/span><\/span>\n<\/p>\n<p>\n\t<span style=\"font-size:13px\"><span style=\"font-family:Verdana,Geneva,sans-serif\"><strong><em>Prose<\/em><\/strong><br>Reet Uielu, <strong>Mamma ja mina<\/strong>. Perekondlik romaan. Tartu; Tallinn: Loodus, 1939, 192 lk.<br><strong>Sajandite vangla<\/strong>. Jutustus. Tallinn: Eesti Riiklik Kirjastus, 1950, 196 lk.<br><strong>Teelahkmel<\/strong>. Romaan. Tallinn: Eesti Riiklik Kirjastus, 1956, 415 lk.<br><strong>Kodunurga laastud. 1<\/strong>. Tallinn: Eesti Raamat, 1966, 227 lk.<br><strong>Kodunurga laastud. 2<\/strong>. Tallinn: Eesti Raamat, 1970, 160 lk.<br><strong>Kodunurga laastud. 3<\/strong>. Tallinn: Eesti Raamat, 1978, 312 lk.<br><strong>Seitse t\u00f5tt ja seitse valet<\/strong>. Laastud. Tallinn: Eesti Raamat, 1986, 172 lk.<\/span><\/span>\n<\/p>\n<p>\n\t<span style=\"font-size:13px\"><span style=\"font-family:Verdana,Geneva,sans-serif\"><strong><em>Essays<\/em><\/strong><br>Alma Kaal, <strong>Mehe ja naise ps\u00fchholoogiast, ehk, Naisk\u00fcsimus ja meesk\u00fcsimus<\/strong>. Tartu: Noor-Eesti, 1936, 143 lk.<\/span><\/span>\n<\/p>\n<p>\n\t<span style=\"font-size:13px\"><span style=\"font-family:Verdana,Geneva,sans-serif\"><strong><em>Travel books<\/em><\/strong><br><strong>Muljeid ja m\u00f5tteid India s\u00f5idult<\/strong>. Tallinn: Eesti Riiklik Kirjastus, 1958, 200 lk.<br><strong>Pilk t\u00e4nap\u00e4eva Hiinasse<\/strong>. Tallinn: Eesti Riiklik Kirjastus, 1961, 288 lk.<br><strong>Esimest korda Armeenias<\/strong>. Tallinn: Eesti Riiklik Kirjastus, 1964, 208 lk.<\/span><\/span><\/p>\n","protected":false},"excerpt":{"rendered":"<p>Poems Short stories \u00a0 Aira Kaal (given name until 1938 Alma-Vilhelmine Kaal, from 1939 Aira Hone, also used pseudonyms Reet Uietu and Alma Kaal, 7. XI 1911 \u2013 7. IV 1988) left her mark on Estonian culture as a sensitive &#8230;<\/p>\n","protected":false},"author":43,"featured_media":0,"parent":498,"menu_order":0,"comment_status":"closed","ping_status":"closed","template":"","meta":{"_acf_changed":false,"inline_featured_image":false,"footnotes":""},"class_list":["post-1023","page","type-page","status-publish","hentry"],"acf":[],"_links":{"self":[{"href":"https:\/\/sisu.ut.ee\/ewod\/wp-json\/wp\/v2\/pages\/1023","targetHints":{"allow":["GET"]}}],"collection":[{"href":"https:\/\/sisu.ut.ee\/ewod\/wp-json\/wp\/v2\/pages"}],"about":[{"href":"https:\/\/sisu.ut.ee\/ewod\/wp-json\/wp\/v2\/types\/page"}],"author":[{"embeddable":true,"href":"https:\/\/sisu.ut.ee\/ewod\/wp-json\/wp\/v2\/users\/43"}],"replies":[{"embeddable":true,"href":"https:\/\/sisu.ut.ee\/ewod\/wp-json\/wp\/v2\/comments?post=1023"}],"version-history":[{"count":1,"href":"https:\/\/sisu.ut.ee\/ewod\/wp-json\/wp\/v2\/pages\/1023\/revisions"}],"predecessor-version":[{"id":4055,"href":"https:\/\/sisu.ut.ee\/ewod\/wp-json\/wp\/v2\/pages\/1023\/revisions\/4055"}],"up":[{"embeddable":true,"href":"https:\/\/sisu.ut.ee\/ewod\/wp-json\/wp\/v2\/pages\/498"}],"wp:attachment":[{"href":"https:\/\/sisu.ut.ee\/ewod\/wp-json\/wp\/v2\/media?parent=1023"}],"curies":[{"name":"wp","href":"https:\/\/api.w.org\/{rel}","templated":true}]}}