{"id":1016,"date":"2024-04-03T23:40:40","date_gmt":"2024-04-03T20:40:40","guid":{"rendered":"https:\/\/sisu.ut.ee\/ewod\/stories-et-105\/"},"modified":"2024-04-04T00:08:26","modified_gmt":"2024-04-03T21:08:26","slug":"stories","status":"publish","type":"page","link":"https:\/\/sisu.ut.ee\/ewod\/k\/korv\/stories\/","title":{"rendered":"Jakob K\u00f5rv &#8211; short stories"},"content":{"rendered":"<p><strong><span style=\"font-family: verdana,geneva;font-size: medium\">Books<\/span><\/strong><\/p>\n<p><span style=\"font-size: small\"><span style=\"font-family: verdana, geneva\"><em><strong>English<\/strong><\/em><br><strong>Water dwellers: four Estonian fairy tales<\/strong>. Drawings by Edgar Valter; translated from Estonian by Epp Velner. Tallinn: Perioodika, 1988, 32 pp.<br><\/span><\/span><\/p>\n<p><span style=\"font-size: small\"><span style=\"font-family: verdana, geneva\"><strong>Das Wasservolk: vier estnische M\u00e4rchen<\/strong>. Illustrationen von Edgar Valter ; \u00fcbersetzt von Aivo Kaidja. Tallinn: Perioodika, 1988, 32 pp.<\/span><\/span><\/p>\n<p><\/p>\n<p><strong><span style=\"font-family: verdana,geneva;font-size: medium\">In anthologies and magazines<\/span><\/strong><\/p>\n<p><strong><em><span style=\"font-family: verdana,geneva\">Lithuanian<br><\/span><\/em><\/strong><span style=\"font-family: verdana,geneva\"><strong>Vandenu \u0161alis: estu pasakos<\/strong>. I\u0161 estu kalbos verte Eduardas Astramskas; iliustravo Kazimieras Pa\u0161kauskas, Vilnius: Vagos, 1981, 279 pp. [Fairy tales by\u00a0 Fr. R. Kreutzwald, J. K\u00f5rv, J. Kunder, M. J. Eisen, E. Peterson-S\u00e4rgava, J. Parij\u00f5gi, A. Jakobson and Harri J\u00f5gisalu.]<strong><br>Gra\u017euol\u0117 nuotaka: est\u0173 pasakos<\/strong>. Vert\u0117 E. Astramskas; dailininkas A. Vidalepas. Vilnius: Vaga, 1967, 254 pp. [Fairy tales by F. R. Kreutzwald, J. K\u00f5rv, J. Kunder, M. J. Eisen, E. Peterson-S\u00e4rgava, J. Parij\u00f5gi and A. Jakobson.]<\/span><span style=\"font-family: verdana,geneva\"><\/span><\/p>\n<p><strong><em><span style=\"font-family: verdana,geneva\">Russian<\/span><\/em><\/strong><br><span style=\"font-family: verdana,geneva\">\u0424\u0440. \u0420. \u041a\u0440\u0435\u0439\u0446\u0432\u0430\u043b\u044c\u0434, \u042f. \u041a\u044b\u0440\u0432, \u042e. \u041a\u0443\u043d\u0434\u0435\u0440, \u041c. \u0418. \u042d\u0439\u0437\u0435\u043d, \u042e. \u041f\u0430\u0440\u0438\u0439\u044b\u0433\u0438, \u0410. \u042f\u043a\u043e\u0431\u0441\u043e\u043d, <strong>\u042d\u0441\u0442\u043e\u043d\u0441\u043a\u0438\u0435 \u043d\u0430\u0440\u043e\u0434\u043d\u044b\u0435 \u0441\u043a\u0430\u0437\u043a\u0438<\/strong>. \u041f\u0435\u0440\u0435\u0432\u043e\u0434 \u0441 \u044d\u0441\u0442\u043e\u043d\u0441\u043a\u043e\u0433\u043e \u043f\u043e\u0434 \u0440\u0435\u0434\u0430\u043a\u0446\u0438\u0435\u0439 \u041b. \u0422\u043e\u043e\u043c\u0430; \u0432\u0441\u0442\u0443\u043f\u0438\u0442\u0435\u043b\u044c\u043d\u0430\u044f \u0441\u0442\u0430\u0442\u044c\u044f \u042d. \u041f\u0440\u0438\u0439\u0434\u0435\u043b\u044f. \u041c\u043e\u0441\u043a\u0432\u0430; \u041b\u0435\u043d\u0438\u043d\u0433\u0440\u0430\u0434: \u0425\u0443\u0434\u043e\u0436\u0435\u0441\u0442\u0432\u0435\u043d\u043d\u0430\u044f \u043b\u0438\u0442\u0435\u0440\u0430\u0442\u0443\u0440\u0430, 1965, 292 pp.<\/span><\/p>\n","protected":false},"excerpt":{"rendered":"<p>Books EnglishWater dwellers: four Estonian fairy tales. Drawings by Edgar Valter; translated from Estonian by Epp Velner. Tallinn: Perioodika, 1988, 32 pp. Das Wasservolk: vier estnische M\u00e4rchen. Illustrationen von Edgar Valter ; \u00fcbersetzt von Aivo Kaidja. Tallinn: Perioodika, 1988, 32 &#8230;<\/p>\n","protected":false},"author":43,"featured_media":0,"parent":1003,"menu_order":0,"comment_status":"closed","ping_status":"closed","template":"","meta":{"_acf_changed":false,"inline_featured_image":false,"footnotes":""},"class_list":["post-1016","page","type-page","status-publish","hentry"],"acf":[],"_links":{"self":[{"href":"https:\/\/sisu.ut.ee\/ewod\/wp-json\/wp\/v2\/pages\/1016","targetHints":{"allow":["GET"]}}],"collection":[{"href":"https:\/\/sisu.ut.ee\/ewod\/wp-json\/wp\/v2\/pages"}],"about":[{"href":"https:\/\/sisu.ut.ee\/ewod\/wp-json\/wp\/v2\/types\/page"}],"author":[{"embeddable":true,"href":"https:\/\/sisu.ut.ee\/ewod\/wp-json\/wp\/v2\/users\/43"}],"replies":[{"embeddable":true,"href":"https:\/\/sisu.ut.ee\/ewod\/wp-json\/wp\/v2\/comments?post=1016"}],"version-history":[{"count":1,"href":"https:\/\/sisu.ut.ee\/ewod\/wp-json\/wp\/v2\/pages\/1016\/revisions"}],"predecessor-version":[{"id":4060,"href":"https:\/\/sisu.ut.ee\/ewod\/wp-json\/wp\/v2\/pages\/1016\/revisions\/4060"}],"up":[{"embeddable":true,"href":"https:\/\/sisu.ut.ee\/ewod\/wp-json\/wp\/v2\/pages\/1003"}],"wp:attachment":[{"href":"https:\/\/sisu.ut.ee\/ewod\/wp-json\/wp\/v2\/media?parent=1016"}],"curies":[{"name":"wp","href":"https:\/\/api.w.org\/{rel}","templated":true}]}}