{"id":1013,"date":"2024-04-03T23:40:40","date_gmt":"2024-04-03T20:40:40","guid":{"rendered":"https:\/\/sisu.ut.ee\/ewod\/novels-et-51\/"},"modified":"2024-04-04T00:08:26","modified_gmt":"2024-04-03T21:08:26","slug":"novels","status":"publish","type":"page","link":"https:\/\/sisu.ut.ee\/ewod\/k\/kudu\/novels\/","title":{"rendered":"Reet Kudu &#8211; novels"},"content":{"rendered":"<p>\n\t<span style=\"font-family:Verdana,Geneva,sans-serif\"><span style=\"font-size: medium\"><strong>Books<\/strong><\/span><\/span>\n<\/p>\n<p>\n\t<span style=\"font-family:Verdana,Geneva,sans-serif\"><strong><em>German<\/em><\/strong><br><strong>Vollmond und Stra\u00dfenlaterne<\/strong>. \u00dcbersetzung: J\u00fcrgen W. Weil. Strasshof: Vier-Viertel-Verlag, 2006. 255 pp. [\u2018T\u00e4iskuu ja t\u00e4navalatern\u2019.]<\/span>\n<\/p>\n<p>\n\t<span style=\"font-family:Verdana,Geneva,sans-serif\"><span style=\"font-size: small\"><strong><em>Russian<\/em><\/strong><br>\u0420\u044d\u044d\u0442 \u041a\u0443\u0434\u0443, <strong>\u0421\u0432\u043e\u0431\u043e\u0434\u0430 \u0438 \u043b\u044e\u0431\u043e\u0432\u044c: \u044d\u0441\u0442\u043e\u043d\u0441\u043a\u0438\u0435 \u0432\u0430\u0440\u0438\u0430\u0446\u0438\u0438: \u0440\u043e\u043c\u0430\u043d<\/strong>. \u041f\u0435\u0440\u0435\u0432\u043e\u0434 \u0441 \u044d\u0441\u0442\u043e\u043d\u0441\u043a\u043e\u0433\u043e: \u0411\u043e\u0440\u0438\u0441 \u0422\u0443\u0445; \u043f\u0440\u0435\u0434\u0438\u0441\u043b\u043e\u0432\u0438\u0435: \u041b\u043e\u043b\u0430 \u0417\u0432\u043e\u043d\u0430\u0440\u0435\u0432\u0430; \u0438\u043b\u043b\u044e\u0441\u0442\u0440\u0430\u0446\u0438\u0438: \u041d\u0430\u0442\u0430\u043b\u044c\u044f \u0411\u0430\u0436\u0435\u043d\u043e\u0432\u0430. \u0422\u0430\u043b\u043b\u0438\u043d\u043d: Absurdum Art, 2009, 151 pp. [\u2018Vabadus ja armastus\u2019.]<\/span><\/span><br>\u00a0\n<\/p>\n<p>\n\t<span style=\"font-family:Verdana,Geneva,sans-serif\"><span style=\"font-size: medium\"><strong>Excerpts of novels<\/strong><\/span><\/span>\n<\/p>\n<p>\n\t<span style=\"font-family:Verdana,Geneva,sans-serif\"><strong><em>German<\/em><\/strong><br><strong>Vollmond und Laterne<\/strong>. \u2013 Lichtungen, vol 24, no 95, 2003. Schwerpunkt: Literatur aus Tallinn.\u00a0[\u2019T\u00e4iskuu ja t\u00e4navalatern\u2019. See\u00a0<a href=\"https:\/\/sisu.ut.ee\/ewod\/anthologies\/lichtungen\"><strong>contents<\/strong><\/a>\u00a0of the special edition on Estonian literature.]<\/span><\/p>\n","protected":false},"excerpt":{"rendered":"<p>Books GermanVollmond und Stra\u00dfenlaterne. \u00dcbersetzung: J\u00fcrgen W. Weil. Strasshof: Vier-Viertel-Verlag, 2006. 255 pp. [\u2018T\u00e4iskuu ja t\u00e4navalatern\u2019.] Russian\u0420\u044d\u044d\u0442 \u041a\u0443\u0434\u0443, \u0421\u0432\u043e\u0431\u043e\u0434\u0430 \u0438 \u043b\u044e\u0431\u043e\u0432\u044c: \u044d\u0441\u0442\u043e\u043d\u0441\u043a\u0438\u0435 \u0432\u0430\u0440\u0438\u0430\u0446\u0438\u0438: \u0440\u043e\u043c\u0430\u043d. \u041f\u0435\u0440\u0435\u0432\u043e\u0434 \u0441 \u044d\u0441\u0442\u043e\u043d\u0441\u043a\u043e\u0433\u043e: \u0411\u043e\u0440\u0438\u0441 \u0422\u0443\u0445; \u043f\u0440\u0435\u0434\u0438\u0441\u043b\u043e\u0432\u0438\u0435: \u041b\u043e\u043b\u0430 \u0417\u0432\u043e\u043d\u0430\u0440\u0435\u0432\u0430; \u0438\u043b\u043b\u044e\u0441\u0442\u0440\u0430\u0446\u0438\u0438: \u041d\u0430\u0442\u0430\u043b\u044c\u044f \u0411\u0430\u0436\u0435\u043d\u043e\u0432\u0430. \u0422\u0430\u043b\u043b\u0438\u043d\u043d: Absurdum Art, 2009, 151 &#8230;<\/p>\n","protected":false},"author":43,"featured_media":0,"parent":999,"menu_order":0,"comment_status":"closed","ping_status":"closed","template":"","meta":{"_acf_changed":false,"inline_featured_image":false,"footnotes":""},"class_list":["post-1013","page","type-page","status-publish","hentry"],"acf":[],"_links":{"self":[{"href":"https:\/\/sisu.ut.ee\/ewod\/wp-json\/wp\/v2\/pages\/1013","targetHints":{"allow":["GET"]}}],"collection":[{"href":"https:\/\/sisu.ut.ee\/ewod\/wp-json\/wp\/v2\/pages"}],"about":[{"href":"https:\/\/sisu.ut.ee\/ewod\/wp-json\/wp\/v2\/types\/page"}],"author":[{"embeddable":true,"href":"https:\/\/sisu.ut.ee\/ewod\/wp-json\/wp\/v2\/users\/43"}],"replies":[{"embeddable":true,"href":"https:\/\/sisu.ut.ee\/ewod\/wp-json\/wp\/v2\/comments?post=1013"}],"version-history":[{"count":1,"href":"https:\/\/sisu.ut.ee\/ewod\/wp-json\/wp\/v2\/pages\/1013\/revisions"}],"predecessor-version":[{"id":4057,"href":"https:\/\/sisu.ut.ee\/ewod\/wp-json\/wp\/v2\/pages\/1013\/revisions\/4057"}],"up":[{"embeddable":true,"href":"https:\/\/sisu.ut.ee\/ewod\/wp-json\/wp\/v2\/pages\/999"}],"wp:attachment":[{"href":"https:\/\/sisu.ut.ee\/ewod\/wp-json\/wp\/v2\/media?parent=1013"}],"curies":[{"name":"wp","href":"https:\/\/api.w.org\/{rel}","templated":true}]}}