{"id":1012,"date":"2024-04-03T23:40:40","date_gmt":"2024-04-03T20:40:40","guid":{"rendered":"https:\/\/sisu.ut.ee\/ewod\/poems-et-158\/"},"modified":"2024-04-04T00:08:25","modified_gmt":"2024-04-03T21:08:25","slug":"poems","status":"publish","type":"page","link":"https:\/\/sisu.ut.ee\/ewod\/s\/seping\/poems\/","title":{"rendered":"Milvi Seping &#8211; poems"},"content":{"rendered":"<p><strong><span style=\"font-family: verdana, geneva;font-size: medium\">In compilations, anthologies, magazines<\/span><\/strong><\/p>\n<p><em><strong><span style=\"font-family: verdana, geneva;font-size: small\">Hungarian<\/span><\/strong><\/em><br><span style=\"font-family: verdana, geneva;font-size: small\"><strong>Irodalom \u00c9sztorsz\u00e1gban<\/strong>. \u00c9szt f\u00fczetek, no 2. Szolnok: Damjanich M\u00fazeum, 1976, 48 pp. [Poems by K. E. S\u00f6\u00f6t, J. S\u00fctiste, J. Smuul, D. Vaarandi, M. Seping, A. Sang, M. Traat, A. Siig, P.-E. Rummo, E. Vetemaa, H. M\u00e4nd.]<\/span><\/p>\n","protected":false},"excerpt":{"rendered":"<p>In compilations, anthologies, magazines HungarianIrodalom \u00c9sztorsz\u00e1gban. \u00c9szt f\u00fczetek, no 2. Szolnok: Damjanich M\u00fazeum, 1976, 48 pp. [Poems by K. E. S\u00f6\u00f6t, J. S\u00fctiste, J. Smuul, D. Vaarandi, M. Seping, A. Sang, M. Traat, A. Siig, P.-E. Rummo, E. Vetemaa, H. &#8230;<\/p>\n","protected":false},"author":43,"featured_media":0,"parent":998,"menu_order":0,"comment_status":"closed","ping_status":"closed","template":"","meta":{"_acf_changed":false,"inline_featured_image":false,"footnotes":""},"class_list":["post-1012","page","type-page","status-publish","hentry"],"acf":[],"_links":{"self":[{"href":"https:\/\/sisu.ut.ee\/ewod\/wp-json\/wp\/v2\/pages\/1012","targetHints":{"allow":["GET"]}}],"collection":[{"href":"https:\/\/sisu.ut.ee\/ewod\/wp-json\/wp\/v2\/pages"}],"about":[{"href":"https:\/\/sisu.ut.ee\/ewod\/wp-json\/wp\/v2\/types\/page"}],"author":[{"embeddable":true,"href":"https:\/\/sisu.ut.ee\/ewod\/wp-json\/wp\/v2\/users\/43"}],"replies":[{"embeddable":true,"href":"https:\/\/sisu.ut.ee\/ewod\/wp-json\/wp\/v2\/comments?post=1012"}],"version-history":[{"count":1,"href":"https:\/\/sisu.ut.ee\/ewod\/wp-json\/wp\/v2\/pages\/1012\/revisions"}],"predecessor-version":[{"id":4056,"href":"https:\/\/sisu.ut.ee\/ewod\/wp-json\/wp\/v2\/pages\/1012\/revisions\/4056"}],"up":[{"embeddable":true,"href":"https:\/\/sisu.ut.ee\/ewod\/wp-json\/wp\/v2\/pages\/998"}],"wp:attachment":[{"href":"https:\/\/sisu.ut.ee\/ewod\/wp-json\/wp\/v2\/media?parent=1012"}],"curies":[{"name":"wp","href":"https:\/\/api.w.org\/{rel}","templated":true}]}}