{"id":1010,"date":"2024-04-03T23:40:39","date_gmt":"2024-04-03T20:40:39","guid":{"rendered":"https:\/\/sisu.ut.ee\/ewod\/pilv\/"},"modified":"2024-04-04T00:08:29","modified_gmt":"2024-04-03T21:08:29","slug":"pilv","status":"publish","type":"page","link":"https:\/\/sisu.ut.ee\/ewod\/p\/pilv\/","title":{"rendered":"Aare Pilv"},"content":{"rendered":"<p>\n\t<span style=\"font-family: verdana, geneva\"><strong><span style=\"font-size: medium\"><a href=\"https:\/\/sisu.ut.ee\/ewod\/p\/pilv\/poems\">Poems<\/a>\u00a0<\/span><\/strong><span style=\"font-size: medium\"><a href=\"https:\/\/sisu.ut.ee\/wp-content\/uploads\/sites\/108\/aare_pilv_2_gabriela_liivamagi.jpg\" target=\"_self\" rel=\"noopener\"><img decoding=\"async\" alt=\"\" src=\"https:\/\/sisu.ut.ee\/wp-content\/uploads\/sites\/108\/aare_pilv_vaike_gabriela_liivamagi.jpg\" style=\"float: right;width: 200px;height: 303px\" title=\"Photo: Gabriela Liivam\u00e4gi\"><\/a><\/span><\/span>\n<\/p>\n<p>\n\t<a href=\"https:\/\/sisu.ut.ee\/ewod\/p\/pilv\/nonfiction\"><span style=\"font-family: verdana, geneva\"><strong><span style=\"font-size: medium\">Non-fiction<\/span><\/strong><\/span><\/a>\n<\/p>\n<p><span style=\"color:#000000\"><span style=\"font-family: verdana, geneva\"><span style=\"font-size: medium\"><span style=\"font-size: small\">Aare Pilv (b. 15 April 1976, Viljandi) is an Estonian poet, literary scholar, translator and critic. He emerged in the late nineteen-nineties as one of the most remarkable and original of his generation of poets.<\/span><\/span><\/span><\/span><\/p>\n<p><span style=\"font-size: small\">Pilv matriculated from J. K\u00f6ler Secondary School No 4 in Viljandi in 1994 and defended his baccalaureat (1999) and master\u2019s degree (2002) in the field of Estonian literature at the University of Tartu. 1994-2018 he lived in Tartu, since 2019 in Tallinn. He works\u00a0as a researcher at the Under and Tuglas Literature Centre of the Estonian Academy of Sciences. He belongs to the Erakkond (\u2018The Group of Hermits\u2019) poetry group, the Estonian Writers\u2019 Union and the student society Veljesto.<\/span><\/p>\n<p><span style=\"font-size: small\">Pilv\u2019s first collections as a poet in the nineteen-nineties, <em>P\u00e4ike ehk p\u00e4ike<\/em> (\u2018Sun or Sun\u2019, 1998) and <em>Tema nimi on kohus<\/em> (\u2018Their Name is Duty\u2019, 1999), stretched the limits of linguistic expression and made profuse use of textual play. Since his 2002 collection <em>N\u00e4gemist<\/em> (\u2018Goodbye\u2019), many of Pilv\u2019s texts have concentrated on childhood memories, Proustian memory images, sensual environmental experiences and meaningful moments. In these, Pilv aims at extreme linguistic precision and nuance, which make his texts unconventional, so that, as before, they can be seen as experimental poetry or literature. Some of Pilv\u2019s texts can be classified as prose.<\/span><\/p>\n<p><span style=\"font-size: small\">As a literary critic and scholar Pilv has dealt, among other topics, with auto-metatextuality, with Madis K\u00f5iv (compiling a voluminous collection of articles by him for the series \u2018History of Estonian Thought\u2019) and Estonian experimental and avant-garde literature. He has also been a productive theatre critic.<\/span><\/p>\n<p><span style=\"font-size: small\">Aare Pilv has translated Russian futurist and avant-garde literature into Estonian, including Alexander Vvedensky, Daniil Kharms, Aleksey Gastev and Lev Rubinstein, and contemporary Russian-Estonian authors like Igor Kotjuh and P. I. Filimonov. He has also translated a poetry collection by Jaan Kaplinski originally written in Russian and (with Kristi Oidekivi) a seto-dialect poetry collection by Kauksi \u00dclle.<\/span><\/p>\n<p><span style=\"font-size: small\">Aare Pilv has also been an influencial social and political activist, emphasizing in his articles and in social media the need for tolerance and ethics. Pilv\u2019s social activity is characterized by a striving for discussions and decision-making that are based on balanced, thorough and sovereign analysis, even on politically explosive topics. He does not belong to any party.<\/span><\/p>\n<p><span style=\"font-size: small\">Pilv\u2019s poetry collection <em>Kui vihm saab l\u00e4bi<\/em> (\u2018When the Rain is Over\u2019, 2017) has received the Cultural Endowment\u2019s Literature Foundation Annual Prize, the Ivar Ivask Memorial Prize, the Tartu Culture Bearer prize and Gustav Suits Poetry Prize. His travelogue <em>Ramadaan<\/em> (2010) won the travel book award by the travel agency Go Travel and the travel magazine Go. Pilv has also won several awards for his reviews and articles on literature and theatre.<\/span><\/p>\n<p><span style=\"font-size: medium\"><span style=\"font-size: small\"><em>S. V. (Translated by C. M.)<\/em><\/span><\/span><\/p>\n<p><strong><span style=\"font-size: medium\">Books in Estonian<\/span><\/strong><\/p>\n<p><em><span style=\"font-size: medium\"><span style=\"font-size: small\">Poems (includes occasional short prose)<\/span><\/span><\/em><br><span style=\"font-size: medium\"><span style=\"font-size: small\"><strong>\u00dcle<\/strong>: tekste 1993-1995. Kujundus: Rain Rohtla. Viljandi: A. Pilv, 1996, 45 lk.<\/span><br><span style=\"font-size: small\"><strong>P\u00e4ike ehk p\u00e4ike<\/strong>: vanaaegset luulet 1993-1997. Kujundus, Andro K\u00fc\u00fcn, Pildid: Elin S\u00fctiste. Tallinn: Erakkond, 1998, 92 lk.<\/span><br><span style=\"font-size: small\"><strong>Tema nimi on kohus<\/strong>. Kujundus: Andro K\u00fc\u00fcn. Tallinn: Erakkond, 1999, 95 lk.<\/span><br><span style=\"font-size: small\"><strong>N\u00e4gemist<\/strong>. Kujundanud Andro K\u00fc\u00fcn. Tallinn: Tuum, 2002, 87 lk.<\/span><br><span style=\"font-size: small\"><strong>N\u00e4oline<\/strong>. Kujundanud Andro K\u00fc\u00fcn. Tallinn: Tuum, 2007, 110 lk.<\/span><br><span style=\"font-size: small\"><strong>Kui vihm saab l\u00e4bi<\/strong>: m\u00e4lestusi \u00fchest ajastust(2007-2015). Kujundanud Aare Pilv. Tallinn: Tuum, 2017, 130 lk.<\/span><\/span><\/p>\n<p><strong><em><span style=\"font-size: small\">Prose<\/span><\/em><\/strong><br><span style=\"font-size: small\"><strong>Ramadaan<\/strong>: Vahts\u00f5liinah, Lillek\u00fclas, in Matiano, a Roma. Kujundanud Andro K\u00fc\u00fcn. Tallinn: Tuum, 2010, 440 lk. [Reisikiri.]<\/span><\/p>\n","protected":false},"excerpt":{"rendered":"<p>Poems\u00a0 Non-fiction Aare Pilv (b. 15 April 1976, Viljandi) is an Estonian poet, literary scholar, translator and critic. He emerged in the late nineteen-nineties as one of the most remarkable and original of his generation of poets. Pilv matriculated from &#8230;<\/p>\n","protected":false},"author":43,"featured_media":0,"parent":675,"menu_order":0,"comment_status":"closed","ping_status":"closed","template":"","meta":{"_acf_changed":false,"inline_featured_image":false,"footnotes":""},"class_list":["post-1010","page","type-page","status-publish","hentry"],"acf":[],"_links":{"self":[{"href":"https:\/\/sisu.ut.ee\/ewod\/wp-json\/wp\/v2\/pages\/1010","targetHints":{"allow":["GET"]}}],"collection":[{"href":"https:\/\/sisu.ut.ee\/ewod\/wp-json\/wp\/v2\/pages"}],"about":[{"href":"https:\/\/sisu.ut.ee\/ewod\/wp-json\/wp\/v2\/types\/page"}],"author":[{"embeddable":true,"href":"https:\/\/sisu.ut.ee\/ewod\/wp-json\/wp\/v2\/users\/43"}],"replies":[{"embeddable":true,"href":"https:\/\/sisu.ut.ee\/ewod\/wp-json\/wp\/v2\/comments?post=1010"}],"version-history":[{"count":1,"href":"https:\/\/sisu.ut.ee\/ewod\/wp-json\/wp\/v2\/pages\/1010\/revisions"}],"predecessor-version":[{"id":4076,"href":"https:\/\/sisu.ut.ee\/ewod\/wp-json\/wp\/v2\/pages\/1010\/revisions\/4076"}],"up":[{"embeddable":true,"href":"https:\/\/sisu.ut.ee\/ewod\/wp-json\/wp\/v2\/pages\/675"}],"wp:attachment":[{"href":"https:\/\/sisu.ut.ee\/ewod\/wp-json\/wp\/v2\/media?parent=1010"}],"curies":[{"name":"wp","href":"https:\/\/api.w.org\/{rel}","templated":true}]}}