{"id":1009,"date":"2024-04-03T23:40:39","date_gmt":"2024-04-03T20:40:39","guid":{"rendered":"https:\/\/sisu.ut.ee\/ewod\/poems-et-156\/"},"modified":"2024-04-04T00:08:29","modified_gmt":"2024-04-03T21:08:29","slug":"poems","status":"publish","type":"page","link":"https:\/\/sisu.ut.ee\/ewod\/m\/mikita\/poems\/","title":{"rendered":"Valdur Mikita &#8211; poems"},"content":{"rendered":"<p>\n\t<span data-mce-mark=\"1\" style=\"font-family: verdana, geneva\"><strong><em>German<\/em><br>Destruktive Seite<\/strong>. Translated by Cornelius Hasselblatt. \u2013 Estonia, 2004, p 61-63. [\u2018Destruktiivne lehek\u00fclg\u2019.]<\/span>\n<\/p>\n<p>\n\t<span style=\"font-family: verdana, geneva\"><strong><em>Hungarian<\/em><\/strong><\/span><br><span style=\"font-family: verdana, geneva\"><strong>Az ugr\u00e1lo szem verse; \u00cdrjal, Bar\u00e1tom!; K\u00e9t vers; M\u00e1trixvers, Rasszizmus; Ember \u00e9s k\u00f6sz\u00f6net<\/strong>. \u2013 Pluralica, no 1-2, 2009, pp 138-144. [Translations of \u2018Volksuva silma luule\u2019, \u2018Kirjuta, s\u00f5ber!\u2019 \u2018Kaks luuletust\u2019, \u2018Maatriksluule\u2019, \u2018Rassism\u2019 and \u2018Inime ja t\u00e4name\u2019.\u00a0<span>See\u00a0<\/span><a href=\"https:\/\/sisu.ut.ee\/ewod\/anthologies\/pluralica\"><strong>contents<\/strong><\/a><span>\u00a0of the special issue of contemporary Estonian literature.]<\/span><\/span><\/p>\n","protected":false},"excerpt":{"rendered":"<p>GermanDestruktive Seite. Translated by Cornelius Hasselblatt. \u2013 Estonia, 2004, p 61-63. [\u2018Destruktiivne lehek\u00fclg\u2019.] HungarianAz ugr\u00e1lo szem verse; \u00cdrjal, Bar\u00e1tom!; K\u00e9t vers; M\u00e1trixvers, Rasszizmus; Ember \u00e9s k\u00f6sz\u00f6net. \u2013 Pluralica, no 1-2, 2009, pp 138-144. [Translations of \u2018Volksuva silma luule\u2019, \u2018Kirjuta, s\u00f5ber!\u2019 &#8230;<\/p>\n","protected":false},"author":43,"featured_media":0,"parent":995,"menu_order":0,"comment_status":"closed","ping_status":"closed","template":"","meta":{"_acf_changed":false,"inline_featured_image":false,"footnotes":""},"class_list":["post-1009","page","type-page","status-publish","hentry"],"acf":[],"_links":{"self":[{"href":"https:\/\/sisu.ut.ee\/ewod\/wp-json\/wp\/v2\/pages\/1009","targetHints":{"allow":["GET"]}}],"collection":[{"href":"https:\/\/sisu.ut.ee\/ewod\/wp-json\/wp\/v2\/pages"}],"about":[{"href":"https:\/\/sisu.ut.ee\/ewod\/wp-json\/wp\/v2\/types\/page"}],"author":[{"embeddable":true,"href":"https:\/\/sisu.ut.ee\/ewod\/wp-json\/wp\/v2\/users\/43"}],"replies":[{"embeddable":true,"href":"https:\/\/sisu.ut.ee\/ewod\/wp-json\/wp\/v2\/comments?post=1009"}],"version-history":[{"count":1,"href":"https:\/\/sisu.ut.ee\/ewod\/wp-json\/wp\/v2\/pages\/1009\/revisions"}],"predecessor-version":[{"id":4075,"href":"https:\/\/sisu.ut.ee\/ewod\/wp-json\/wp\/v2\/pages\/1009\/revisions\/4075"}],"up":[{"embeddable":true,"href":"https:\/\/sisu.ut.ee\/ewod\/wp-json\/wp\/v2\/pages\/995"}],"wp:attachment":[{"href":"https:\/\/sisu.ut.ee\/ewod\/wp-json\/wp\/v2\/media?parent=1009"}],"curies":[{"name":"wp","href":"https:\/\/api.w.org\/{rel}","templated":true}]}}