{"id":1002,"date":"2024-04-03T23:40:39","date_gmt":"2024-04-03T20:40:39","guid":{"rendered":"https:\/\/sisu.ut.ee\/ewod\/jurikolk\/"},"modified":"2024-04-04T00:08:27","modified_gmt":"2024-04-03T21:08:27","slug":"jurikolk","status":"publish","type":"page","link":"https:\/\/sisu.ut.ee\/ewod\/k\/jurikolk\/","title":{"rendered":"J\u00fcri Kolk"},"content":{"rendered":"<p>\n\t<a href=\"https:\/\/sisu.ut.ee\/ewod\/k\/jurikolk\/stories\"><strong><span style=\"font-family: verdana, geneva;font-size: medium\">Short stories<\/span><\/strong><\/a><strong><span style=\"font-family: verdana, geneva;font-size: medium\"> <\/span><\/strong><span style=\"font-family: verdana, geneva;font-size: medium\"><a href=\"https:\/\/sisu.ut.ee\/wp-content\/uploads\/sites\/108\/juri_kolk_alar_madisson.jpg\" target=\"_self\" rel=\"noopener\"><img decoding=\"async\" alt=\"J\u00fcri Kolk\" src=\"https:\/\/sisu.ut.ee\/wp-content\/uploads\/sites\/108\/juri_kolk_alar_madisson.jpg\" style=\"float: right;width: 200px;height: 300px\" title=\"Photo: Alar Madisson\"><\/a><\/span>\n<\/p>\n<p>\n\t<a href=\"https:\/\/sisu.ut.ee\/ewod\/k\/jurikolk\/about\"><strong><span style=\"font-family: verdana, geneva;font-size: medium\">About J\u00fcri Kolk<\/span><\/strong><\/a>\n<\/p>\n<p>\u00a0\n<\/p>\n<p class=\"western\" style=\"margin-bottom:0.08in\" align=\"left\">\n<\/p><p><span style=\"color:#000000\"><span style=\"font-size:13px\"><span style=\"font-family:Verdana,Geneva,sans-serif\"><span style=\"line-height:150%\"><font style=\"12pt\">J\u00fcri Kolk (born 19 July 1972) is a poet, prose writer and translator.<\/font><\/span><\/span><\/span><\/span>\n<\/p>\n<p class=\"western\" style=\"margin-bottom:0.08in\" align=\"left\">\n\t<span style=\"color:#000000\"><span style=\"font-size:13px\"><span style=\"font-family:Verdana,Geneva,sans-serif\"><span style=\"line-height:150%\"><font style=\"12pt\">Kolk studied Estonian philology at the University of Tartu and worked in various jobs, for example, at a brewery, at a translation bureau and as a journalist. He was a member of Estonian Writers\u2019 Union (from 2014-2021) and Tartu Young Authors\u2019 Association.<\/font><\/span><\/span><\/span><\/span>\n<\/p>\n<p class=\"western\" style=\"margin-bottom:0.08in\" align=\"left\">\n\t<span style=\"color:#000000\"><span style=\"font-size:13px\"><span style=\"font-family:Verdana,Geneva,sans-serif\"><span style=\"line-height:150%\"><font style=\"12pt\">Kolk, who is writing mainly in free verse, made his debut in 2009 with the poetry collection <i>Barbar Conan peeglitagusel maal (ja mis ta seal r\u00e4\u00e4kis)<\/i> (\u2018Barbarian Conan in the Land behind the Looking-glass (and What He Spoke There)\u2019). Starting with his first collection, Kolk has been noted for his frequent use of puns and intertextuality, intertwining fragments from different sources. The characteristic features of his poetry are unexpected turns and seeing the world from a novel angle. He writes on general human themes depicting the world of everyday life, which is also the foregrounded theme in his prose. In the short prose with a chatty undertone, the narrator is usually a male character whose usually casual reflections can reach quite a different level as the story develops, like it happens, for example, in the collection <i>Naistep\u00e4ev<\/i> (\u2018Women\u2019s Day\u2019, 2017) where also the story <i>S\u00fcnnim\u00e4rk<\/i> (\u2018Birth Mark\u2019) was published, which won the Friedebert Tuglas Short Story Prize in 2016.<\/font><\/span><\/span><\/span><\/span>\n<\/p>\n<p class=\"western\" style=\"margin-bottom:0.08in\" align=\"left\">\n\t<span style=\"color:#000000\"><span style=\"font-size:13px\"><span style=\"font-family:Verdana,Geneva,sans-serif\"><span style=\"line-height:150%\"><font style=\"12pt\">The collection of articles <i>Argitraagikaid ja teisi artikleid<\/i> (\u2018Everyday Tragedies and Other Articles\u2019, 2021) includes articles published in the press during a decade; several of them focus on the coping and position of creative personalities. Like in his prose, here too, he stands out with lengthier reflections.<\/font><\/span><\/span><\/span><\/span>\n<\/p>\n<p class=\"western\" style=\"margin-bottom:0.08in\" align=\"left\">\n\t<span style=\"color:#000000\"><span style=\"font-size:13px\"><span style=\"font-family:Verdana,Geneva,sans-serif\"><span style=\"line-height:150%\"><font style=\"12pt\">In 2015 he received the Juhan Liiv Poetry Prize for <i>Arno apooria<\/i> (\u2018Arno\u2019s Aporia\u2019) and in 2016 the Gustav Suits Poetry Prize for <i>Mee lakkumine ei ole meelakkumine<\/i> (\u2018Licking of Honey Isn\u2019t Honeylicking\u2019, 2015). In 2019 he received the Estonian Cultural Endowment Scholarship <i>Ela ja s\u00e4ra<\/i> (\u2018Live and Shine\u2019).<\/font><\/span><\/span><\/span><\/span>\n<\/p>\n<p class=\"western\" style=\"margin-bottom:0.08in\" align=\"left\">\n\t<span style=\"color:#000000\"><span style=\"font-size:13px\"><span style=\"font-family:Verdana,Geneva,sans-serif\"><span style=\"line-height:150%\"><font style=\"12pt\"><i>A. K. (Translated by I. A.)<\/i><\/font><\/span><\/span><\/span><\/span>\n<\/p>\n<p class=\"western\" style=\"margin-bottom:0.08in\" align=\"left\">\n<\/p><p><span style=\"color:#000000\"><span style=\"font-size:16px\"><span style=\"font-family:Verdana,Geneva,sans-serif\"><span style=\"line-height:150%\"><font style=\"12pt\"><b>Books in Estonian<\/b><\/font><\/span><\/span><\/span><\/span>\n<\/p>\n<p class=\"western\" style=\"margin-bottom:0.08in\" align=\"left\">\n\t<span style=\"color:#000000\"><span style=\"font-size:13px\"><span style=\"font-family:Verdana,Geneva,sans-serif\"><span style=\"line-height:150%\"><font style=\"12pt\"><em><b>Novels<\/b><\/em><br><strong>Roheline suits<\/strong>. Tallinn: Post Factum, 2017, 171 lk.<\/font><\/span><\/span><\/span><\/span>\n<\/p>\n<p class=\"western\" style=\"margin-bottom:0.08in\" align=\"left\">\n\t<span style=\"color:#000000\"><span style=\"font-size:13px\"><span style=\"font-family:Verdana,Geneva,sans-serif\"><span style=\"line-height:150%\"><font style=\"12pt\"><em><b>Poetry collections<\/b><\/em><br><strong>Barbar Conan peeglitagusel maal (ja mis ta seal r\u00e4\u00e4kis)<\/strong>. Tartu: V\u00f5luri Tagasitulek, 2009, 94 lk.<br><strong>J\u00e4\u00e4 on paksem kui veri<\/strong>. P\u00e4rnu, Saarde: Jumalikud Ilmutused, 2011, 113 lk.<br><strong>Seitse surmavoorust<\/strong>. Saarde, P\u00e4rnu: Jumalikud Ilmutused, 2013, 104 lk.<br><strong>\u00c4ra mine valguse poole<\/strong>. Saarde, P\u00e4rnu: Jumalikud Ilmutused, 2013, 104 lk.<br><strong>Otse aia taga<\/strong>. Saarde, P\u00e4rnu: Jumalikud Ilmutused, 2014, 109 lk.<br><strong>Mee lakkumine pole meelakkumine<\/strong>. Saarde, P\u00e4rnu: Jumalikud Ilmutused, 2015, 91 lk.<br><strong>Igapidi \u00fcks \u00f5nn ja r\u00f5\u00f5m<\/strong>. Tallinn: Eesti Keele Sihtasutus, 2016, 98 lk.<br><strong>Kuu ja kirves<\/strong>. Tallinn: Kingitud Hobune, 2017, 52 lk.<br><strong>Laskmata karu peied<\/strong>. Tallinn: Kingitud Hobune, 2019, 73 lk.<\/font><\/span><\/span><\/span><\/span>\n<\/p>\n<p class=\"western\" style=\"margin-bottom:0.08in\" align=\"left\">\n\t<span style=\"color:#000000\"><span style=\"font-size:13px\"><span style=\"font-family:Verdana,Geneva,sans-serif\"><span style=\"line-height:150%\"><font style=\"12pt\"><em><b>Short stories<\/b><\/em><br><strong>Teisip\u00e4evamaa<\/strong>. Saarde, P\u00e4rnu: Jumalikud Ilmutused, 2014,169 lk.<br><strong>Suur v\u00f5idujooks<\/strong>. Tallinn: Tuum, 2015, 191 lk.<br><strong>Naistep\u00e4ev<\/strong>. Tallinn: Kingitud Hobune, 2017, 160 lk.<br><strong>Esimene malbe p\u00e4ev sel aastal<\/strong>. Loomingu Raamatukogu nr 25. Tallinn: Kultuurileht, 2018, 79 lk.<\/font><\/span><\/span><\/span><\/span>\n<\/p>\n<p class=\"western\" style=\"margin-bottom:0.08in\" align=\"left\">\n\t<span style=\"color:#000000\"><span style=\"font-size:13px\"><span style=\"font-family:Verdana,Geneva,sans-serif\"><span style=\"line-height:150%\"><font style=\"12pt\"><em><b>Varia<\/b><\/em><br><strong>Argitraagikaid ja teisi artikleid: artikleid aastatest 2010-2020<\/strong>. Tallinn: EKSA, 2021, 216 lk<\/font><\/span>.<\/span><\/span><\/span><\/p>\n","protected":false},"excerpt":{"rendered":"<p>Short stories About J\u00fcri Kolk \u00a0 J\u00fcri Kolk (born 19 July 1972) is a poet, prose writer and translator. Kolk studied Estonian philology at the University of Tartu and worked in various jobs, for example, at a brewery, at a &#8230;<\/p>\n","protected":false},"author":43,"featured_media":0,"parent":498,"menu_order":0,"comment_status":"closed","ping_status":"closed","template":"","meta":{"_acf_changed":false,"inline_featured_image":false,"footnotes":""},"class_list":["post-1002","page","type-page","status-publish","hentry"],"acf":[],"_links":{"self":[{"href":"https:\/\/sisu.ut.ee\/ewod\/wp-json\/wp\/v2\/pages\/1002","targetHints":{"allow":["GET"]}}],"collection":[{"href":"https:\/\/sisu.ut.ee\/ewod\/wp-json\/wp\/v2\/pages"}],"about":[{"href":"https:\/\/sisu.ut.ee\/ewod\/wp-json\/wp\/v2\/types\/page"}],"author":[{"embeddable":true,"href":"https:\/\/sisu.ut.ee\/ewod\/wp-json\/wp\/v2\/users\/43"}],"replies":[{"embeddable":true,"href":"https:\/\/sisu.ut.ee\/ewod\/wp-json\/wp\/v2\/comments?post=1002"}],"version-history":[{"count":1,"href":"https:\/\/sisu.ut.ee\/ewod\/wp-json\/wp\/v2\/pages\/1002\/revisions"}],"predecessor-version":[{"id":4068,"href":"https:\/\/sisu.ut.ee\/ewod\/wp-json\/wp\/v2\/pages\/1002\/revisions\/4068"}],"up":[{"embeddable":true,"href":"https:\/\/sisu.ut.ee\/ewod\/wp-json\/wp\/v2\/pages\/498"}],"wp:attachment":[{"href":"https:\/\/sisu.ut.ee\/ewod\/wp-json\/wp\/v2\/media?parent=1002"}],"curies":[{"name":"wp","href":"https:\/\/api.w.org\/{rel}","templated":true}]}}