{"id":1001,"date":"2024-04-03T23:40:39","date_gmt":"2024-04-03T20:40:39","guid":{"rendered":"https:\/\/sisu.ut.ee\/ewod\/plays-et-37\/"},"modified":"2024-04-04T00:08:27","modified_gmt":"2024-04-03T21:08:27","slug":"plays","status":"publish","type":"page","link":"https:\/\/sisu.ut.ee\/ewod\/v\/eduardvilde\/plays\/","title":{"rendered":"Eduard Vilde &#8211; plays"},"content":{"rendered":"<p><strong><span style=\"font-family: verdana, geneva;font-size: medium\" data-mce-mark=\"1\">Books<\/span><\/strong><\/p>\n<p><em><strong><span style=\"font-family: verdana, geneva\" data-mce-mark=\"1\">Czech<\/span><\/strong><\/em><br><span style=\"font-family: verdana, geneva\" data-mce-mark=\"1\">Eduard Wilde, <strong>Sk\u0159\u00edtek: veselohra o 3 jedn\u00e1nich<\/strong>. Praha: N\u00e1kl. \u010cesk\u00e9 grafick\u00e9 Unie, 1931, 72 pp. [\u2019Pisuh\u00e4nd\u2019.]<\/span><\/p>\n<p><span style=\"font-family: verdana, geneva\"><strong><em>Finnish<\/em><\/strong><br>E. Wilde, <strong>Vihtahousu: kolmin\u00e4yt\u00f6ksinen huvin\u00e4ytelm\u00e4<\/strong>. Tekij\u00e4n luvalla suomentanut Hilma Rantanen-Pylkk\u00e4nen. Helsinki: Kirja, 1915, 144 pp. [\u2019Pisuh\u00e4nd\u2019. 2nd ed: 1922; 3rd ed:<span style=\"font-family: verdana, geneva\">\u00a0[Porvoo]: WSOY, 1936.]<\/span><br><\/span><\/p>\n<p><span style=\"font-family: verdana, geneva\"><span style=\"font-family: verdana, geneva\"><strong><em>Latvian<\/em><\/strong><br>Eduards Vilde, <strong>Laimes pukis: komedija 3 celienos<\/strong>. No igaunu valodas tulkojusi Elina Zalite. Riga: Latvijas Valsts Izdevnieciba, 1954, 62 pp. [\u2019Pisuh\u00e4nd\u2019.]<br><\/span><\/span><\/p>\n<p><span style=\"font-family: verdana, geneva\"><span style=\"font-family: verdana, geneva\"><strong><em>Russian<\/em><\/strong><br>\u042d\u0434\u0443\u0430\u0440\u0434 \u0412\u0438\u043b\u044c\u0434\u0435, <strong>\u0421\u043e\u0431\u0440\u0430\u043d\u0438\u0435 \u0441\u043e\u0447\u0438\u043d\u0435\u043d\u0438\u0439. \u0422. 5<\/strong>. \u041f\u043e\u0434\u0433\u043e\u0442\u043e\u0432\u043a\u0430 \u0442\u0435\u043a\u0441\u0442\u0430 \u041b. \u0422\u043e\u043e\u043c\u0430; \u043a\u043e\u043c\u043c\u0435\u043d\u0442\u0430\u0440\u0438\u0438 \u0424. \u0422\u0443\u0433\u043b\u0430\u0441\u0430 \u0438 \u0434\u0440. M\u043e\u0441\u043a\u0432\u0430: \u0418\u0437\u0432\u0435\u0441\u0442\u0438\u044f, 1958, 507 pp. [Contents: \u2019\u041c\u043e\u043b\u043e\u0447\u043d\u0438\u043a \u0438\u0437 \u041c\u044f\u044d\u043a\u044e\u043b\u044b\u2019 (a novel), plays, travelogues, articles, essays.]<br>\u042d\u0434\u0443\u0430\u0440\u0434 \u0412\u0438\u043b\u044c\u0434\u0435, <strong>\u041d\u0435\u043f\u043e\u0441\u0442\u0438\u0436\u0438\u043c\u043e\u0435 \u0447\u0443\u0434\u043e: \u0434\u0440\u0430\u043c\u0430 \u0432 4-\u0445 \u0434\u0435\u0439\u0441\u0442\u0432\u0438\u044f\u0445; \u0414\u043e\u043c\u043e\u0432\u043e\u0439: \u043a\u043e\u043c\u0435\u0434\u0438\u044f \u0432 3-\u0445 \u0434\u0435\u0439\u0441\u0442\u0432\u0438\u044f\u0445<\/strong>. \u041f\u0435\u0440\u0435\u0432\u043e\u0434 \u0441 \u044d\u0441\u0442\u043e\u043d\u0441\u043a\u043e\u0433\u043e: \u041b. \u041f. \u0422\u043e\u043e\u043c, \u041b. \u0412. \u0422\u043e\u043e\u043c; \u043f\u043e\u0441\u043b\u0435\u0441\u043b\u043e\u0432\u0438\u0435: \u042e. \u041a\u044f\u043e\u0441\u0430\u0430\u0440; \u0438\u043b\u043b\u044e\u0441\u0442\u0440\u0430\u0446\u0438\u0438: \u0418. \u041b\u0438\u043d\u043d\u0430\u0442; \u043e\u0431\u043b\u043e\u0436\u043a\u0430: \u0425. \u041a\u0435\u0440\u0441\u043d\u0430. \u0422\u0430\u043b\u043b\u0438\u043d\u043d: \u042d\u0441\u0442\u043e\u043d\u0441\u043a\u043e\u0435 \u0433\u043e\u0441\u0443\u0434\u0430\u0440\u0441\u0442\u0432\u0435\u043d\u043d\u043e\u0435 \u0438\u0437\u0434\u0430\u0442\u0435\u043b\u044c\u0441\u0442\u0432\u043e, 1956, 216 pp. [\u2019Tabamata ime\u2019, \u2019Pisuh\u00e4nd\u2019.]<br><\/span><\/span><\/p>\n<p><span style=\"font-family: verdana, geneva\"><span style=\"font-family: verdana, geneva\"><strong><em>Ukrainian<\/em><\/strong><br>\u0415\u0434\u0443\u0430\u0440\u0434 \u0412i\u043b\u044c\u0434\u0435, <strong>\u0414\u043e\u043c\u043e\u0432\u0438\u043a: \u043a\u043e\u043c\u0435\u0434i\u044f \u043d\u0430 3 \u0434i\u0442<\/strong>. \u041a\u0438\u00ef\u0432: \u041c\u0438\u0441\u0442\u0435\u0446\u0442\u0432\u043e, 1955, 84 pp. [\u2019Pisuh\u00e4nd\u2019.]<br><\/span><\/span><\/p>\n","protected":false},"excerpt":{"rendered":"<p>Books CzechEduard Wilde, Sk\u0159\u00edtek: veselohra o 3 jedn\u00e1nich. Praha: N\u00e1kl. \u010cesk\u00e9 grafick\u00e9 Unie, 1931, 72 pp. [\u2019Pisuh\u00e4nd\u2019.] FinnishE. Wilde, Vihtahousu: kolmin\u00e4yt\u00f6ksinen huvin\u00e4ytelm\u00e4. Tekij\u00e4n luvalla suomentanut Hilma Rantanen-Pylkk\u00e4nen. Helsinki: Kirja, 1915, 144 pp. [\u2019Pisuh\u00e4nd\u2019. 2nd ed: 1922; 3rd ed:\u00a0[Porvoo]: WSOY, 1936.] &#8230;<\/p>\n","protected":false},"author":43,"featured_media":0,"parent":1945,"menu_order":0,"comment_status":"closed","ping_status":"closed","template":"","meta":{"_acf_changed":false,"inline_featured_image":false,"footnotes":""},"class_list":["post-1001","page","type-page","status-publish","hentry"],"acf":[],"_links":{"self":[{"href":"https:\/\/sisu.ut.ee\/ewod\/wp-json\/wp\/v2\/pages\/1001","targetHints":{"allow":["GET"]}}],"collection":[{"href":"https:\/\/sisu.ut.ee\/ewod\/wp-json\/wp\/v2\/pages"}],"about":[{"href":"https:\/\/sisu.ut.ee\/ewod\/wp-json\/wp\/v2\/types\/page"}],"author":[{"embeddable":true,"href":"https:\/\/sisu.ut.ee\/ewod\/wp-json\/wp\/v2\/users\/43"}],"replies":[{"embeddable":true,"href":"https:\/\/sisu.ut.ee\/ewod\/wp-json\/wp\/v2\/comments?post=1001"}],"version-history":[{"count":1,"href":"https:\/\/sisu.ut.ee\/ewod\/wp-json\/wp\/v2\/pages\/1001\/revisions"}],"predecessor-version":[{"id":4067,"href":"https:\/\/sisu.ut.ee\/ewod\/wp-json\/wp\/v2\/pages\/1001\/revisions\/4067"}],"up":[{"embeddable":true,"href":"https:\/\/sisu.ut.ee\/ewod\/wp-json\/wp\/v2\/pages\/1945"}],"wp:attachment":[{"href":"https:\/\/sisu.ut.ee\/ewod\/wp-json\/wp\/v2\/media?parent=1001"}],"curies":[{"name":"wp","href":"https:\/\/api.w.org\/{rel}","templated":true}]}}