{"id":100,"date":"2024-04-03T23:39:21","date_gmt":"2024-04-03T20:39:21","guid":{"rendered":"https:\/\/sisu.ut.ee\/ewod\/neemepoder\/"},"modified":"2024-04-04T00:11:02","modified_gmt":"2024-04-03T21:11:02","slug":"neemepoder","status":"publish","type":"page","link":"https:\/\/sisu.ut.ee\/ewod\/p\/neemepoder\/","title":{"rendered":"Neeme P\u00f5der"},"content":{"rendered":"<p>Neeme P\u00f5der (born 29 September 1976) is an educator, poet and translator.\n<\/p>\n<p>\n\tP\u00f5der was born in Tallinn. He completed Lasnam\u00e4e Gymnasium in Tallinn in 1994. He has studied Estonian language and literature at Tallinn Pedagogical University (later Tallinn University). Since 2000, Neeme P\u00f5der has worked as a teacher of Estonian language and literature at Tallinn Old Town Educational College. His mother is singer and actor Mare J\u00f5geva. His father was prose writer and chief editor of Eesti Raamat publishers <a data-url=\"https:\/\/sisu.ut.ee\/ewod\/p\/poder\" href=\"https:\/\/sisu.ut.ee\/ewod\/p\/poder\" title=\"\">Rein P\u00f5der<\/a>. Neeme P\u00f5der has also worked as an editor of fiction.\n<\/p>\n<p>\n\tFrom 1998\u20132000, P\u00f5der belonged to the young writers\u2019 grouping Tallinna Noored Tegijad (TNT, Young Doers of Tallinn). The members of the grouping performed at numerous poetry recitals and published their creation in print. In 1999, Neeme P\u00f5der, under the pseudonym of Monaco, issued the self-published debut poetry collection <em>Hinget\u00f5mme<\/em> (\u2018Gasp of Breath\u2019).\u00a0 In 2002, three former members of the grouping \u2014 Neeme P\u00f5der, Hedda Maurer and Jana Lepik \u2014 founded the new literary grouping !peatus. Under the publishing imprint of !peatus, P\u00f5der issued the collection <em>Baile \u00c1tha Cliath<\/em> in 2002 (published again in an edited form in 2005).\n<\/p>\n<p>\n\tIn 2007, Eesti Raamat published Neeme P\u00f5der\u2019s poetry collection <em>Kaktuste puiestee<\/em> (\u2018Boulevard of Cacti). In 2013, the same publisher issued the poetry collection <em>Aken sinisesse<\/em> (\u2018Window into the Blue\u2019). P\u00f5der\u2019s poems are mostly short and unrhymed, being based on descriptive and hermetic metaphors. Sometimes, P\u00f5der uses the poetic word order and breaks the rules of agreement. Tenser developments of images are are interchanged with more static ones.\n<\/p>\n<p>\n\t<em>L. P. (Translated by I. A.)<\/em>\n<\/p>\n<p><strong><span style=\"font-size:16px\">Books in Estonian<\/span><\/strong>\n<\/p>\n<p>\n\t<strong><em>Poetry<\/em><\/strong><br><strong>Baile \u00c1tha Cliath<\/strong>. Tallinn: !peatus, 2005. 46 lk.<br><strong>Kaktuste puiestee<\/strong>. Tallinn: Eesti Raamat, 2007. 95 lk.<br><strong>Aken sinisesse<\/strong>. Tallinn: Eesti Raamat, 2013. 79 lk.<\/p>\n","protected":false},"excerpt":{"rendered":"<p>Neeme P\u00f5der (born 29 September 1976) is an educator, poet and translator. P\u00f5der was born in Tallinn. He completed Lasnam\u00e4e Gymnasium in Tallinn in 1994. He has studied Estonian language and literature at Tallinn Pedagogical University (later Tallinn University). Since &#8230;<\/p>\n","protected":false},"author":43,"featured_media":0,"parent":675,"menu_order":0,"comment_status":"closed","ping_status":"closed","template":"","meta":{"_acf_changed":false,"inline_featured_image":false,"footnotes":""},"class_list":["post-100","page","type-page","status-publish","hentry"],"acf":[],"_links":{"self":[{"href":"https:\/\/sisu.ut.ee\/ewod\/wp-json\/wp\/v2\/pages\/100","targetHints":{"allow":["GET"]}}],"collection":[{"href":"https:\/\/sisu.ut.ee\/ewod\/wp-json\/wp\/v2\/pages"}],"about":[{"href":"https:\/\/sisu.ut.ee\/ewod\/wp-json\/wp\/v2\/types\/page"}],"author":[{"embeddable":true,"href":"https:\/\/sisu.ut.ee\/ewod\/wp-json\/wp\/v2\/users\/43"}],"replies":[{"embeddable":true,"href":"https:\/\/sisu.ut.ee\/ewod\/wp-json\/wp\/v2\/comments?post=100"}],"version-history":[{"count":1,"href":"https:\/\/sisu.ut.ee\/ewod\/wp-json\/wp\/v2\/pages\/100\/revisions"}],"predecessor-version":[{"id":4984,"href":"https:\/\/sisu.ut.ee\/ewod\/wp-json\/wp\/v2\/pages\/100\/revisions\/4984"}],"up":[{"embeddable":true,"href":"https:\/\/sisu.ut.ee\/ewod\/wp-json\/wp\/v2\/pages\/675"}],"wp:attachment":[{"href":"https:\/\/sisu.ut.ee\/ewod\/wp-json\/wp\/v2\/media?parent=100"}],"curies":[{"name":"wp","href":"https:\/\/api.w.org\/{rel}","templated":true}]}}