{"id":9738,"date":"2024-04-03T23:40:01","date_gmt":"2024-04-03T20:40:01","guid":{"rendered":"https:\/\/sisu.ut.ee\/ewod\/?page_id=9738"},"modified":"2026-05-15T15:08:35","modified_gmt":"2026-05-15T12:08:35","slug":"linnar-priimagi","status":"publish","type":"page","link":"https:\/\/sisu.ut.ee\/ewod\/et\/p\/linnar-priimagi\/","title":{"rendered":"Linnar Priim\u00e4gi"},"content":{"rendered":"<p>Linnar Priim\u00e4gi (s\u00fcnd. 29. III 1954) on kriitik, luuletaja ja t\u00f5lkija.<\/p>\n\n\n\n<p>Priim\u00e4gi s\u00fcndis Tallinnas. Ta on l\u00f5petanud 1972. aastal Tallinna 42. Keskkooli. Aastatel 1972\u20131977 \u00f5ppis ta Tartu Riikliku \u00dclikooli filoloogiateaduskonnas romaani-germaani keeli, l\u00f5petades \u00fclikooli saksa filoloogina. Hiljem on ta kaitsnud magistrikraadi kunstiajaloo alal Eesti Kunstiakadeemias ning omandanud doktorikraadi ps\u00fchholoogia alal Tallinna \u00dclikoolis. Aastatel 1977\u20131986 t\u00f6\u00f6tas Priim\u00e4gi ajalehe Edasi kultuuriosakonnas. Aastatel 1988\u20131990 t\u00f6\u00f6tas ta teatri Vanemuine peadramaturgina ja aastatel 1990\u20131993 selle kunstilise juhina. Priim\u00e4gi on \u00f5petanud Tartu \u00dclikoolis saksa keelt ja kirjanduskriitika teooriat, Eesti Muusikaakadeemias filosoofia ajalugu, Eesti \u00d5igusinstituudis kunstiajalugu, Tallinna Pedagoogika\u00fclikoolis ja Tallinna \u00dclikoolis kultuurilugu, mainekujundust, propagandatehnikaid, re\u017eiid, turundust ja stilistikat. Ta oli kuni 2020. aastani Tallinna \u00dclikooli dotsent. 2002. ja 2003. aastal n\u00f5ustas Priim\u00e4gi Tallinna Linnavalitsust kuvandiloomes. Priim\u00e4gi kuulub Eesti Goethe-Seltsi asutajate hulka. Ta on alates 1985. aastast Kirjanike Liidu liige. Tema poeg on filmikriitik Tristan Priim\u00e4gi.<\/p>\n\n\n\n<p>Linnar Priim\u00e4gi deb\u00fcteeris 1970. aastate keskel luuletajana ja esseistina Tartu Riikliku \u00dclikooli \u00fcli\u00f5pilaslehes ja ajalehes Edasi. Tema s\u00e4rav ja poleemiline esseistika \u00e4ratas varakult t\u00e4helepanu. Priim\u00e4gi luuletustes on sage armastuse teema, tema v\u00e4rsid j\u00e4rgivad enamasti klassikalisi vorme. Kogu \u201eIlmutus\u201d (2025) sisaldab 102 haikut.<\/p>\n\n\n\n<p>Linnar Priim\u00e4elt on ilmunud arvukalt kirjandus-, kunsti-, teatri- ja filmiarvustusi. Ta on s\u00fcvendanud Euroopa kultuuriloo tundmist, pannes r\u00f5hu universaalse vaimu ideaalile eelk\u00f5ige Goethe, Hegeli ja Voltaire\u2019i n\u00e4itel. Ta on esinenud televisioonis kunstiteaduslike saadetega ja osalenud kultuuriloolise giidina reisisaadetes. Priim\u00e4gi on esinenud n\u00e4itlejana mitmetes filmi- ja teatrirollides. Temast on tehtud dokumentaalfilm \u201eMephistopheles\u201d (2020, re\u017eiss\u00f6\u00f6r Manfred Vainokivi).<\/p>\n\n\n\n<p>Kogumiku \u201eLuule ja t\u00f5de\u201c (2019) eest p\u00e4lvis Priim\u00e4gi Eesti Kultuurkapitali kirjanduse sihtkapitali aastapreemia.<\/p>\n\n\n\n<p><em>L. P.<\/em><\/p>\n\n\n\n<h4 class=\"wp-block-heading\"><br>Raamatud eesti keeles<\/h4>\n\n\n\n<p><strong><em>Luule<\/em><\/strong><br><strong>Kelle tee on varjul<\/strong>. Tallinn : Eesti Ekspressi Kirjastus, 2005. 120 lk.<br><strong>Hilised sirelid<\/strong>: Nachla\u00df 1975\u20132020. Tallinn: EKSA, 2021. 135 lk.<br><strong>Medeia. ME\u0394EIA<\/strong>. Tartu: Ilmamaa, 2023. 47 lk.<br><strong>Ilmutus<\/strong>. Illustratsioonid: Argo Soodla. Tartu: Ilmamaa, 2024, nummerdamata lehek\u00fcljed.<\/p>\n\n\n\n<p><strong><em>Esseed ja artiklid<\/em><\/strong><br><strong>M\u00e4lestusi Euroopast<\/strong>. Tallinn: Vagabund, 1995. 135 lk.<br><strong>Kommentaarium: kultuurikommentaare aastaist 1994\u20131996<\/strong>. Tallinn: Perioodika, 1997. 151 lk.<br><strong>Minu Goethe<\/strong>. Tartu: Ilmamaa, 2018. 347 lk.<br><strong>Luule ja t\u00f5de<\/strong>. Tartu: Ilmamaa, 2019. 519 lk.<br><strong>Inimese ilu<\/strong>: k\u00fcmme esseed. Tartu: Ilmamaa, 2020. 158 lk.<\/p>\n\n\n\n<p><strong><em>Monograafiad, kirjandus- ja kunstiuurimused<\/em><\/strong><br><strong>Klassitsism. I osa<\/strong>, Inimkeha retoorika klassitsistliku kujutavkunsti kaanonites: monograafia. Tallinn: Tallinna \u00dclikooli Kirjastus, 2005. 390 lk.<br><strong>Klassitsism. II osa<\/strong>, Inimkeha retoorika klassitsistliku kujutavkunsti kaanonites: monograafia. Tallinn: Tallinna \u00dclikooli Kirjastus, 2005. Lk. 392\u2013844 lk.<br><strong>Klassitsism. III osa<\/strong>, Inimkeha retoorika klassitsistliku kujutavkunsti kaanonites: monograafia. Tallinn:\u00a0 Tallinna \u00dclikooli Kirjastus, 2005. Lk. 848\u20131242 lk.<br><strong>Eesti keele ruunid<\/strong>: paarsada m\u00f5istatust, paar tuhat vastust: ise\u00f5pik edasij\u00f5udnutele.<br>Tartu : Ilmamaa, 2022. 252 lk.<br><strong>Esteetika<\/strong>. Tartu: Ilmamaa, 2025, 287 lk.<br><strong>Kunstiraamat : 105 k\u00f5nekat teost<\/strong>. Tallinn: CelebMe, 2025, 284 lk.<\/p>\n\n\n\n<p><strong><em>Mainekujundus<\/em><\/strong><br><strong>Reklaamikunst<\/strong>. Tallinn: BNS-i kirjastus, 1998. 209 lk.<br><strong>Reklaam &amp; imagoloogia: m\u00f5istevara<\/strong>. Tallinn: Vara-abi, 2007. 62 lk.<br><strong>Reklaam &amp; propaganda: m\u00f5istevara<\/strong>. Tallinn: Vara-abi, 2008. 102 lk.<br><strong>Reklaam &amp; imagoloogia: m\u00f5istevara<\/strong>. Tallinn: Infotele, 2010. 152 lk.<br><strong>Propaganda s\u00f5nastik<\/strong>. Tallinn: Eesti Keele Sihtasutus, 2011. 341 lk.<br><strong>Propagandas\u00f5da: teooria ja praktika<\/strong>. Tallinn: Eesti Keele Sihtasutus, 2015. 255 lk.<\/p>\n\n\n\n<p><strong><em>Varia<\/em><\/strong><br><strong>Inimese foto<\/strong>. Tallinn: Linnar Priim\u00e4gi, 2018. 57 lk.<br><strong>Minu sekundid: protokoll 2019<\/strong>. Tallinn: EKSA, 2020. 255 lk.<\/p>\n","protected":false},"excerpt":{"rendered":"<p>Linnar Priim\u00e4gi (s\u00fcnd. 29. III 1954) on kriitik, luuletaja ja t\u00f5lkija. Priim\u00e4gi s\u00fcndis Tallinnas. Ta on l\u00f5petanud 1972. aastal Tallinna 42. Keskkooli. Aastatel 1972\u20131977 \u00f5ppis ta Tartu Riikliku \u00dclikooli filoloogiateaduskonnas romaani-germaani keeli, l\u00f5petades \u00fclikooli saksa filoloogina. Hiljem on ta kaitsnud &#8230;<\/p>\n","protected":false},"author":43,"featured_media":0,"parent":6501,"menu_order":0,"comment_status":"closed","ping_status":"closed","template":"","meta":{"_acf_changed":false,"inline_featured_image":false,"footnotes":""},"class_list":["post-9738","page","type-page","status-publish","hentry"],"acf":[],"_links":{"self":[{"href":"https:\/\/sisu.ut.ee\/ewod\/et\/wp-json\/wp\/v2\/pages\/9738","targetHints":{"allow":["GET"]}}],"collection":[{"href":"https:\/\/sisu.ut.ee\/ewod\/et\/wp-json\/wp\/v2\/pages"}],"about":[{"href":"https:\/\/sisu.ut.ee\/ewod\/et\/wp-json\/wp\/v2\/types\/page"}],"author":[{"embeddable":true,"href":"https:\/\/sisu.ut.ee\/ewod\/et\/wp-json\/wp\/v2\/users\/43"}],"replies":[{"embeddable":true,"href":"https:\/\/sisu.ut.ee\/ewod\/et\/wp-json\/wp\/v2\/comments?post=9738"}],"version-history":[{"count":2,"href":"https:\/\/sisu.ut.ee\/ewod\/et\/wp-json\/wp\/v2\/pages\/9738\/revisions"}],"predecessor-version":[{"id":9741,"href":"https:\/\/sisu.ut.ee\/ewod\/et\/wp-json\/wp\/v2\/pages\/9738\/revisions\/9741"}],"up":[{"embeddable":true,"href":"https:\/\/sisu.ut.ee\/ewod\/et\/wp-json\/wp\/v2\/pages\/6501"}],"wp:attachment":[{"href":"https:\/\/sisu.ut.ee\/ewod\/et\/wp-json\/wp\/v2\/media?parent=9738"}],"curies":[{"name":"wp","href":"https:\/\/api.w.org\/{rel}","templated":true}]}}