{"id":9708,"date":"2024-04-03T23:42:15","date_gmt":"2024-04-03T20:42:15","guid":{"rendered":"https:\/\/sisu.ut.ee\/ewod\/?page_id=9708"},"modified":"2026-05-15T11:27:29","modified_gmt":"2026-05-15T08:27:29","slug":"holger-pukk","status":"publish","type":"page","link":"https:\/\/sisu.ut.ee\/ewod\/et\/p\/holger-pukk\/","title":{"rendered":"Holger Pukk"},"content":{"rendered":"<figure class=\"wp-block-image alignright size-large is-resized\"><a href=\"https:\/\/sisu.ut.ee\/wp-content\/uploads\/sites\/108\/holger_pukk_elmar_koster-scaled.jpg\"><img loading=\"lazy\" decoding=\"async\" width=\"769\" height=\"1024\" src=\"https:\/\/sisu.ut.ee\/wp-content\/uploads\/sites\/108\/holger_pukk_elmar_koster-769x1024.jpg\" alt=\"\" class=\"wp-image-6054\" style=\"aspect-ratio:0.7509647843295382;width:264px;height:auto\" title=\"Foto: Elmar K\u00f6ster\" srcset=\"https:\/\/sisu.ut.ee\/wp-content\/uploads\/sites\/108\/holger_pukk_elmar_koster-769x1024.jpg 769w, https:\/\/sisu.ut.ee\/wp-content\/uploads\/sites\/108\/holger_pukk_elmar_koster-225x300.jpg 225w, https:\/\/sisu.ut.ee\/wp-content\/uploads\/sites\/108\/holger_pukk_elmar_koster-768x1023.jpg 768w, https:\/\/sisu.ut.ee\/wp-content\/uploads\/sites\/108\/holger_pukk_elmar_koster-1153x1536.jpg 1153w, https:\/\/sisu.ut.ee\/wp-content\/uploads\/sites\/108\/holger_pukk_elmar_koster-1537x2048.jpg 1537w, https:\/\/sisu.ut.ee\/wp-content\/uploads\/sites\/108\/holger_pukk_elmar_koster-1920x2558.jpg 1920w, https:\/\/sisu.ut.ee\/wp-content\/uploads\/sites\/108\/holger_pukk_elmar_koster-scaled.jpg 1921w\" sizes=\"auto, (max-width: 769px) 100vw, 769px\"><\/a><\/figure>\n\n\n\n<p>Holger Pukk (Holger-Feliks Pukk, 14. VIII 1920 \u2013 12. III 1997) oli viljakas lastekirjanik.<\/p>\n\n\n\n<p>S\u00fcndis ja \u00f5ppis Tallinnas, l\u00f5petas Poeglaste Kommertsg\u00fcmnaasiumi \u00e4rijuhi-raamatupidaja erialal. Mobiliseeriti Punaarmeesse, oli Eesti Laskurkorpuses. P\u00e4rast s\u00f5da t\u00f6\u00f6tas kaubanduses, oli lasteajalehe S\u00e4de kaast\u00f6\u00f6taja, hiljem toimetuses. Aastatel 1954-1974 oli lasteajakirjade Pioneer ja T\u00e4heke peatoimetaja. NLKP liige 1951-1990, Kirjanike Liidu liige alates 1955, oli ka juhatuse sekret\u00e4r ning juhatuse ja lastekomisjoni liige. ELKN\u00dc KK 1958-1962 ja ENSV Rahukaitsekomitee liige. Pukk suri Tallinnas, maetud Rahum\u00e4e kalmistule.<\/p>\n\n\n\n<p>Esimesed katsetused kirjanduse vallas ilmuvad kooliajakirjas 1930. aastate l\u00f5pul\u20131940. aastate algul. Esimene lasteraamat \u201eKaks punast kaelar\u00e4tti\u201c ilmub 1953. aastal. J\u00e4rgnesid \u201eSalga au\u201c (1955), \u201eLugu \u00fchest meeskonnast\u201c (1956) ja dokumentaalsel ainesel p\u00f5hinev jutukogu \u201eSeitseteist vaprat\u201c (1958). Ise\u00e4ranis loometee algul on t\u00e4heldatav l\u00e4htumine n\u00f5ukogulikust ideoloogiast. Selle taandumisel saab valdavaks \u00fcldinimlik l\u00e4henemine.<\/p>\n\n\n\n<p>Avaldanud mitmesuguseid teabe- ja n\u00f5uanderaamatuid, n\u00e4iteks k\u00e4itumisest \u201eKuidas toimid sina?\u201c (1959), kirjandusest \u201eKuidas loete teie\u201c (1964) ja liiklusteemaline \u201eKuidas teete teie\u201c (1971). Loodushoiule keskenduv jutustus \u201eRohelised maskid\u201c (1960), mida on peetud Puki \u00fcheks olulisemaks teoseks, \u00e4rgitas noori tegelema looduskaitsega.<\/p>\n\n\n\n<p>P\u00f5hiosa teostest on suunatud poistele. Pukile on iseloomulik hea jutustamisoskus, p\u00f5nevus, seikluslik s\u00fc\u017eee ning aktuaalsete teemade k\u00e4sitlemine. T\u00f5i lastekirjandusse n\u00e4iteks noorte kuritegevuse teema: \u201eJ\u00fcri\u201c (1961), \u201eRikas suvi\u201c (1965), \u201eKes tulistas?\u201c (1968), \u201eMure\u201c (1975), \u201eRein ja Riina\u201c (1978).<\/p>\n\n\n\n<p>Kogu \u201eTarkusetera ja teised lood\u201c (1976) koondab sotsiaalallegoorilisi muinasjutte ning \u201e\u00dcks kirju kimp\u201c (1979) ulme-, seiklus- ja t\u00f5sielulugusid. Loometee l\u00f5pus ilmuvad 1940. aastatele keskenduvad romaanid: \u201eSuvest suveni. Noorsooromaan\u201c (1990) \u00f5pilaste elust 1940-1941 ning \u201eSuvest suveni. Romaan\u201c (1994) mobiliseeritute k\u00e4ek\u00e4igust t\u00f6\u00f6pataljonis.<\/p>\n\n\n\n<p>Holger Pukile omistati ENSV teenelise kirjaniku aunimetus 1978. Ta p\u00e4lvis tunnustust veel revolutsion\u00e4\u00e4ride elu kujutavate teostega: \u201e\u00d6ine lahing\u201c (1970) ELKN\u00dc preemia 1970; \u201eMida te teate Oskarist?\u201c (1974) <a href=\"https:\/\/sisu.ut.ee\/ewod\/et\/s\/juhan-smuul\/\" data-type=\"page\" data-id=\"8804\">Juhan Smuuli<\/a> nimeline preemia 1974 ja \u00fcleliidulise konkursi \u201eN\u00f5ukogude noor kaardiv\u00e4gi\u201c preemia 1978; Eesti NSV riiklik preemia \u201eKirjad Liisale\u201c (1983) ja muu lastekirjanduse eest 1985.<\/p>\n\n\n\n<p><a><\/a> Lisaks ilukirjanduslikule loomingule kirjutanud ka publitsistikat, k\u00e4sitledes nii kasvatuslikke, eetilisi kui kirjandusk\u00fcsimusi.<\/p>\n\n\n\n<p><em>A. K.<\/em><\/p>\n\n\n\n<h4 class=\"wp-block-heading\"><br>Raamatud eesti keeles<\/h4>\n\n\n\n<p><strong><em>Laste- ja noortekirjandus<\/em><\/strong><br><strong>Kaks punast kaelar\u00e4tti<\/strong>: jutustus. Tallinn: Eesti Riiklik Kirjastus, 1953, 72 lk. [2. tr\u00fckk: 1985.]<br><strong>Salga au<\/strong>: l\u00fchijutud. Tallinn: Eesti Riiklik Kirjastus, 1955, 183 lk.<br><strong>Lugu \u00fchest meeskonnast<\/strong>: jutustus. Tallinn: Eesti Riiklik Kirjastus, 1956, 268 lk.<br><strong>Seitseteist vaprat<\/strong>: jutustused. Tallinn: Eesti Riiklik Kirjastus, 1958, 176 lk. [2. tr\u00fckk: 1975.]<br><strong>Kuidas toimid sina?<\/strong>: n\u00f5ukogude noorte k\u00e4itumisreegleist. Tallinn: Eesti Riiklik Kirjastus, 1959, 97 lk. [J\u00e4rgmised (t\u00e4iendatud) tr\u00fckid: 1979, 1994.]<br><strong>Rohelised maskid<\/strong>. Tallinn: Eesti Riiklik Kirjastus, 1960, 160 lk. [2. tr\u00fckk: 1983.]<br><strong>J\u00fcri<\/strong>: jutustus. Tallinn: Eesti Riiklik Kirjastus, 1961, 148 lk. [2. tr\u00fckk: 1989.]<br><strong>Koolikoti saladused<\/strong>: jutustused. Tallinn: Eesti Riiklik Kirjastus, 1964, 73 lk.<br><strong>Kuidas loete teie?<\/strong>. Tallinn: Eesti Riiklik Kirjastus, 1964, 105 lk.<br><strong>Rikas suvi<\/strong>: jutustus. Tallinn: Eesti Raamat, 1965, 142 lk. [2. tr\u00fckk: 1983.]<br><strong>T\u00e4hekandja<\/strong>: jutustused. Tallinn: Eesti Raamat, 1966, 48 lk.<br><strong>Kes tulistas?<\/strong>: jutustus. Tallinn: Eesti Raamat, 1968, 151 lk. [2. tr\u00fckk: 1983.]<br><strong>\u00d6ine lahing<\/strong>: dokumentaaljutustus Arnold Sommerlingist. Tallinn: Eesti Raamat, 1970, 148 lk. [J\u00e4rgmised tr\u00fckid: 1974, 1988.]<br><strong>\u00dcks tee, kolm viita<\/strong>: jutustused. Tallinn: Eesti Raamat, 1970, 336 lk.<br><strong>Kuidas teete teie?<\/strong>. Tallinn: Eesti Raamat, 1971, 108 lk. [2. tr\u00fckk: 1987.]<br><strong>Mida te teate Oskarist?<\/strong>. (Kogumik fakte ja m\u00e4lestusi O. Cheri elust). Tallinn: Eesti Raamat, 1974, 175 lk.<br><strong>Mure<\/strong>: jutustused. Tallinn: Eesti Raamat, 1975, 144 lk. [2. tr\u00fckk: 1980.]<br><strong>Siin eilsed pioneerid. 2<\/strong>. Tallinn: Eesti Raamat, 1975, 83 lk.<br><strong>Tarkusetera ja teised lood<\/strong>. Tallinn: Eesti Raamat, 1976, 36 lk.<br><strong>Rein ja Riina<\/strong>. Tallinn: Eesti Raamat, 1978, 127 lk. [2. tr\u00fckk: 1980.]<br><strong>\u00dcks kirju kimp<\/strong>: muinasjutud, argip\u00e4evalood, ulmelood, seiklusjutud. Tallinn: Eesti Raamat, 1979, 112 lk.<br><strong>Kaevukask<\/strong>: poisip\u00f5lve pildid. Tallinn: Eesti Raamat, 1981, 65 lk.<br><strong>Tarkusetera ja teised lood<\/strong>: muinasjutud. Tallinn: Eesti Raamat, 1981, 35 lk.<br><strong>Jutukolmik<\/strong>. [Rohelised maskid. Rikas suvi. Kes tulistas?] Tallinn: Eesti Raamat, 1983, 384 lk.<br><strong>Kirjad Liisale<\/strong>: jutustus J. Anveldi elust. Tallinn: Eesti Raamat, 1983, 207 lk.<br><strong>Tsirkus<\/strong>: jutustus. Tallinn: Eesti Raamat, 1986, 94 lk.<br><strong>Isemeelsed<\/strong>: jutustus. Tallinn: Eesti Raamat, 1988, 238 lk.<br><strong>P\u00e4ikeseratas<\/strong>: jutukogumik. Tallinn: Eesti Raamat, 1988, 221 lk.<br><strong>Rong tunnelis<\/strong>: jutustus. Tallinn: Eesti Raamat, 1990, 71 lk.<br><strong>Suvest suveni<\/strong>: noorsooromaan. Tallinn: Eesti Raamat, 1990, 213 lk.<br><strong>Suvest suveni<\/strong>: romaan. Tallinn: Kupar, 1994, 364 lk.<br><strong>Vant on kadunud<\/strong>: jutud lastele. Tallinn: Perioodika, 1994, 46 lk.<br><strong>Lehepoiss ja tema koer<\/strong>: jutustus lastele. Tallinn: Ilo, 1995, 84 lk.<br><strong>Isev\u00e4rki ivad<\/strong>. Koostanud P. M\u00e4eniit. Tallinn: TEA Kirjastus, 2008, 51 lk.<\/p>\n","protected":false},"excerpt":{"rendered":"<p>Holger Pukk (Holger-Feliks Pukk, 14. VIII 1920 \u2013 12. III 1997) oli viljakas lastekirjanik. S\u00fcndis ja \u00f5ppis Tallinnas, l\u00f5petas Poeglaste Kommertsg\u00fcmnaasiumi \u00e4rijuhi-raamatupidaja erialal. Mobiliseeriti Punaarmeesse, oli Eesti Laskurkorpuses. P\u00e4rast s\u00f5da t\u00f6\u00f6tas kaubanduses, oli lasteajalehe S\u00e4de kaast\u00f6\u00f6taja, hiljem toimetuses. Aastatel 1954-1974 &#8230;<\/p>\n","protected":false},"author":43,"featured_media":0,"parent":6501,"menu_order":0,"comment_status":"closed","ping_status":"closed","template":"","meta":{"_acf_changed":false,"inline_featured_image":false,"footnotes":""},"class_list":["post-9708","page","type-page","status-publish","hentry"],"acf":[],"_links":{"self":[{"href":"https:\/\/sisu.ut.ee\/ewod\/et\/wp-json\/wp\/v2\/pages\/9708","targetHints":{"allow":["GET"]}}],"collection":[{"href":"https:\/\/sisu.ut.ee\/ewod\/et\/wp-json\/wp\/v2\/pages"}],"about":[{"href":"https:\/\/sisu.ut.ee\/ewod\/et\/wp-json\/wp\/v2\/types\/page"}],"author":[{"embeddable":true,"href":"https:\/\/sisu.ut.ee\/ewod\/et\/wp-json\/wp\/v2\/users\/43"}],"replies":[{"embeddable":true,"href":"https:\/\/sisu.ut.ee\/ewod\/et\/wp-json\/wp\/v2\/comments?post=9708"}],"version-history":[{"count":2,"href":"https:\/\/sisu.ut.ee\/ewod\/et\/wp-json\/wp\/v2\/pages\/9708\/revisions"}],"predecessor-version":[{"id":9711,"href":"https:\/\/sisu.ut.ee\/ewod\/et\/wp-json\/wp\/v2\/pages\/9708\/revisions\/9711"}],"up":[{"embeddable":true,"href":"https:\/\/sisu.ut.ee\/ewod\/et\/wp-json\/wp\/v2\/pages\/6501"}],"wp:attachment":[{"href":"https:\/\/sisu.ut.ee\/ewod\/et\/wp-json\/wp\/v2\/media?parent=9708"}],"curies":[{"name":"wp","href":"https:\/\/api.w.org\/{rel}","templated":true}]}}