{"id":9702,"date":"2024-04-03T23:41:55","date_gmt":"2024-04-03T20:41:55","guid":{"rendered":"https:\/\/sisu.ut.ee\/ewod\/?page_id=9702"},"modified":"2026-05-15T11:15:53","modified_gmt":"2026-05-15T08:15:53","slug":"aarne-puu","status":"publish","type":"page","link":"https:\/\/sisu.ut.ee\/ewod\/et\/p\/aarne-puu\/","title":{"rendered":"Aarne Puu"},"content":{"rendered":"<figure class=\"wp-block-image alignright size-large is-resized\"><a href=\"https:\/\/sisu.ut.ee\/wp-content\/uploads\/sites\/108\/a._puu_kalju_suur.jpg\"><img loading=\"lazy\" decoding=\"async\" width=\"760\" height=\"1024\" src=\"https:\/\/sisu.ut.ee\/wp-content\/uploads\/sites\/108\/a._puu_kalju_suur-760x1024.jpg\" alt=\"\" class=\"wp-image-6196\" style=\"aspect-ratio:0.7421915453251322;width:239px;height:auto\" title=\"Foto: Kalju Suur\" srcset=\"https:\/\/sisu.ut.ee\/wp-content\/uploads\/sites\/108\/a._puu_kalju_suur-760x1024.jpg 760w, https:\/\/sisu.ut.ee\/wp-content\/uploads\/sites\/108\/a._puu_kalju_suur-223x300.jpg 223w, https:\/\/sisu.ut.ee\/wp-content\/uploads\/sites\/108\/a._puu_kalju_suur-768x1034.jpg 768w, https:\/\/sisu.ut.ee\/wp-content\/uploads\/sites\/108\/a._puu_kalju_suur-1140x1536.jpg 1140w, https:\/\/sisu.ut.ee\/wp-content\/uploads\/sites\/108\/a._puu_kalju_suur-1520x2048.jpg 1520w, https:\/\/sisu.ut.ee\/wp-content\/uploads\/sites\/108\/a._puu_kalju_suur.jpg 1761w\" sizes=\"auto, (max-width: 760px) 100vw, 760px\"><\/a><\/figure>\n\n\n\n<p>Aarne Puu (s\u00fcnd. 30. XII 1948) on Poolas elav eesti luuletaja ja t\u00f5lkija.<\/p>\n\n\n\n<p>Aarne Puu on s\u00fcndinud Tallinnas. Ta l\u00f5petas 1967. aastal J\u00f5hvi keskkooli. Puu \u00f5ppis aastatel 1971\u20131973 Tartu Riiklikus \u00dclikoolis vene filoloogiat. Silmapaistva \u00fcli\u00f5pilasena p\u00e4\u00e4ses ta edasi \u00f5ppima Poolasse, Krakovi Jagiello \u00fclikooli. Puu l\u00f5petas 1979. aastal Krakovis \u00fclikooli poola keele ja kirjanduse erialal. P\u00e4rast l\u00f5petamist oli Poolas vabakutseline t\u00f5lkija.<\/p>\n\n\n\n<p>Puu elab Krakovis ning oli aastatel 1996-2020 eesti keele lektor Jagiello \u00fclikoolis. Ta on Eesti Kirjanike Liidu (1990) ja Poola luuletajate \u00fchenduse liige. Ta luuletab nii eesti, poola kui vene keeles. Puu luulet iseloomustab napis\u00f5naline stiil. Luuletaja vaatleb inimese suhet \u00fcmbritseva maailmaga, valdavad on eksistentsiaalsed motiivid.<\/p>\n\n\n\n<p>1989. aastal v\u00f5itis Puu luulekogu\u00a0\u201eJezioro mojej pami\u0119ci\u201c (\u201eMinu m\u00e4lu j\u00e4rv\u201c) A. Bursa nimelise auhinna aasta parima luuledeb\u00fc\u00fcdi eest.<\/p>\n\n\n\n<p>Puu on t\u00f5lkinud poola keelde <a href=\"https:\/\/sisu.ut.ee\/ewod\/et\/t\/friedebert-tuglas\/\" data-type=\"page\" data-id=\"6932\">F. Tuglase<\/a>, <a href=\"https:\/\/sisu.ut.ee\/ewod\/et\/r\/paul-eerik-rummo\/\" data-type=\"page\" data-id=\"9258\">P.-E. Rummo<\/a>, J. Kaplinski, <a href=\"https:\/\/sisu.ut.ee\/ewod\/et\/u\/mati-unt\/\" data-type=\"page\" data-id=\"8262\">M. Undi<\/a>, <a href=\"https:\/\/sisu.ut.ee\/ewod\/et\/v\/arvo-valton\/\" data-type=\"page\" data-id=\"8084\">A. Valtoni<\/a>, <a href=\"https:\/\/sisu.ut.ee\/ewod\/et\/v\/vaino-vahing\/\" data-type=\"page\" data-id=\"8174\">V. Vahingu<\/a>, H. M\u00e4nni ja teiste eesti kirjanike loomingut. Ta on vahendanud eesti keelde mitmete poola kirjanike teoseid, sealhulgas S. Lemi ulmeromaanid \u201eSolaris\u201d ja \u201eEeden\u201d ja A. Sapkowski ulmeromaani \u201eViimane soov\u201d.\u00a0<\/p>\n\n\n\n<p>Puu on osalenud rahvusvahelistel luulefestivalidel Poolas, Sloveenias, Saksamaal, Kreekas, Leedus, Ungaris, Rumeenias, Makedoonias ja Tuneesias.<\/p>\n\n\n\n<p>Ta on p\u00e4lvinud Valget\u00e4he V klassi teenetem\u00e4rgi.<\/p>\n\n\n\n<p><em>L. P.<\/em><\/p>\n\n\n\n<h4 class=\"wp-block-heading\"><br>Luulekogud<\/h4>\n\n\n\n<p><em><strong>Eesti keeles<\/strong><\/em><br><strong>Ring on nii pikk<\/strong>. Eesti Raamat, Tallinn, 1990. 86 lk.<br><strong>Kaksikalge<\/strong>. Krak\u00f3w: Oficyna Konfraterni Poet\u00f3w, 1997. 91 lk.<br><strong>Sajandi v\u00e4simus<\/strong>. Luulet 1975\u20132000. Tallinn: Eesti Keele Sihtasutus, 2002. 169 lk.<br><strong>Paberist maailm \/ Pap\u00edrvil\u00e1g<\/strong>. Szombathely: Berzsenyi Daniel Tanarkepz\u00f6 F\u00f6iskola, 2003. 47 lk.<br><strong>Ma elan ruumis<\/strong>. Luulet 1985\u20132020. Tallinn: Tiritamm, 2020. 178 lk.<br><strong>Ma elan ruumis. Vol. 2, Luulet 1985\u20132022<\/strong>. Tallinn: Tiritamm, 2023, 187 lk.<\/p>\n\n\n\n<p><em><strong>Poola keeles<\/strong><\/em><br><strong>Jezioro mojej pami\u0119ci<\/strong>. Krak\u00f3w: Wydawnictwo Literackie, 1989. 60 lk.<br><strong>Godziny otwarcia<\/strong>. Krak\u00f3w: Krakowski Klub Artystyczno-Literacki, 1996. 56 lk.<br><strong>Inny wyb\u00f3r<\/strong>. Wiersze z lat 1978\u20131998. Krak\u00f3w: Oficyna Konfraterni Poetow, 1998. 91 lk.<br><strong>Kr\u0119gi pami\u0119ci<\/strong>. Wiersze i przek\u0142ady. Krak\u00f3w: Towarzystwa S\u0142owak\u00f3w w Polsce, 2007. 162 lk.<br><strong>Dalej ni\u017c dalej<\/strong>. Toru\u0144: Marsza\u0142ek Development &amp; Press, 2021, 130 lk.<\/p>\n\n\n\n<p><em><strong>Poola ja eesti keeles<\/strong><\/em><br><strong>Po tej stronie \/ Siinpool<\/strong>. Krak\u00f3w: Oficyna Konfraterni Poet\u00f3w, 1996. 79 lk.<br><strong>Prosz\u0119 pos\u0142uchaj \/ Kuula palun<\/strong>. \u0141\u00f3d\u017a: Wydawnictwo Astra, 2010. 139 lk.<\/p>\n\n\n\n<p><em><strong>Vene keeles<\/strong><\/em><br><strong>\u0421\u0442\u0438\u0440\u0430\u044e\u0442\u0441\u044f \u0433\u0440\u0430\u043d\u0438<\/strong>. Krak\u00f3w: Oficyna Konfraterni Poet\u00f3w, 1999. 64 lk.<\/p>\n","protected":false},"excerpt":{"rendered":"<p>Aarne Puu (s\u00fcnd. 30. XII 1948) on Poolas elav eesti luuletaja ja t\u00f5lkija. Aarne Puu on s\u00fcndinud Tallinnas. Ta l\u00f5petas 1967. aastal J\u00f5hvi keskkooli. Puu \u00f5ppis aastatel 1971\u20131973 Tartu Riiklikus \u00dclikoolis vene filoloogiat. Silmapaistva \u00fcli\u00f5pilasena p\u00e4\u00e4ses ta edasi \u00f5ppima Poolasse, &#8230;<\/p>\n","protected":false},"author":43,"featured_media":0,"parent":6501,"menu_order":0,"comment_status":"closed","ping_status":"closed","template":"","meta":{"_acf_changed":false,"inline_featured_image":false,"footnotes":""},"class_list":["post-9702","page","type-page","status-publish","hentry"],"acf":[],"_links":{"self":[{"href":"https:\/\/sisu.ut.ee\/ewod\/et\/wp-json\/wp\/v2\/pages\/9702","targetHints":{"allow":["GET"]}}],"collection":[{"href":"https:\/\/sisu.ut.ee\/ewod\/et\/wp-json\/wp\/v2\/pages"}],"about":[{"href":"https:\/\/sisu.ut.ee\/ewod\/et\/wp-json\/wp\/v2\/types\/page"}],"author":[{"embeddable":true,"href":"https:\/\/sisu.ut.ee\/ewod\/et\/wp-json\/wp\/v2\/users\/43"}],"replies":[{"embeddable":true,"href":"https:\/\/sisu.ut.ee\/ewod\/et\/wp-json\/wp\/v2\/comments?post=9702"}],"version-history":[{"count":2,"href":"https:\/\/sisu.ut.ee\/ewod\/et\/wp-json\/wp\/v2\/pages\/9702\/revisions"}],"predecessor-version":[{"id":9706,"href":"https:\/\/sisu.ut.ee\/ewod\/et\/wp-json\/wp\/v2\/pages\/9702\/revisions\/9706"}],"up":[{"embeddable":true,"href":"https:\/\/sisu.ut.ee\/ewod\/et\/wp-json\/wp\/v2\/pages\/6501"}],"wp:attachment":[{"href":"https:\/\/sisu.ut.ee\/ewod\/et\/wp-json\/wp\/v2\/media?parent=9702"}],"curies":[{"name":"wp","href":"https:\/\/api.w.org\/{rel}","templated":true}]}}