{"id":9694,"date":"2024-04-03T23:39:21","date_gmt":"2024-04-03T20:39:21","guid":{"rendered":"https:\/\/sisu.ut.ee\/ewod\/?page_id=9694"},"modified":"2026-05-15T10:56:08","modified_gmt":"2026-05-15T07:56:08","slug":"neeme-poder","status":"publish","type":"page","link":"https:\/\/sisu.ut.ee\/ewod\/et\/p\/neeme-poder\/","title":{"rendered":"Neeme P\u00f5der"},"content":{"rendered":"<p>Neeme P\u00f5der (s\u00fcnd. 29. IX 1976)on pedagoog, luuletaja ja t\u00f5lkija.<\/p>\n\n\n\n<p>P\u00f5der s\u00fcndis Tallinnas. Ta l\u00f5petas 1994. aastal Tallinna Reaalkooli. Ta on \u00f5ppinud Tallinna Pedagoogika\u00fclikoolis (hilisem Tallinna \u00dclikool) eesti keelt ja kirjandust. Alates 2000. aastast t\u00f6\u00f6tab Neeme P\u00f5der Tallinna Vanalinna Hariduskolleegiumis eesti keele ja kirjanduse \u00f5petajana. Tema ema on laulja ja teatrin\u00e4itleja Mare J\u00f5geva. Tema isa oli proosakirjanik ja kirjastuse Eesti Raamat peatoimetaja <a href=\"https:\/\/sisu.ut.ee\/ewod\/et\/p\/rein-poder\/\" data-type=\"page\" data-id=\"9689\">Rein P\u00f5der<\/a>. Neeme P\u00f5der on tegutsenud ka ilukirjanduse toimetajana.<\/p>\n\n\n\n<p><a><\/a> P\u00f5der kuulus aastatel 1998\u20132000 tegutsenud noorte kirjanike r\u00fchma Tallinna Noored Tegijad. R\u00fchma liikmed esinesid arvukate luule\u00f5htutega ning avaldasid end tr\u00fckis\u00f5nas. Muuhulgas ilmus Neeme P\u00f5dralt pseudon\u00fc\u00fcmi Monaco all 1999. aastal omakirjastuslik deb\u00fc\u00fctluulekogu \u201eHinget\u00f5mme\u201c. 2002. aastal asutasid r\u00fchma kolm endist liiget Neeme P\u00f5der, Hedda Maurer ja Jana Lepik uue kirjandusliku r\u00fchma !peatus. !peatuse kui kirjastuse nime all ilmus P\u00f5dralt 2002. aastal luulekogu \u201eBaile \u00c1tha Cliath\u201c (avaldatud toimetatud kujul uuesti 2005. aastal).<\/p>\n\n\n\n<p>2007. aastal avaldas kirjastus Eesti Raamat Neeme P\u00f5dra luulekogu \u201eKaktuste puiestee\u201c. 2013. aastal ilmus sealsamas luulekogu \u201eAken sinisesse\u201c. P\u00f5dra luuletused on valdavalt l\u00fchikesed ja riimimata ning p\u00f5hinevad kirjeldavatel ja hermeetilistel metafooridel. Kohati rakendab P\u00f5der poeetilist s\u00f5naj\u00e4rge ja l\u00f5hub \u00fchildumisvormeleid. Pingelisemad kujundiarendused vahelduvad staatilisematega.<\/p>\n\n\n\n<p><em>L. P.<\/em><\/p>\n\n\n\n<h4 class=\"wp-block-heading\"><br>Raamatud eesti keeles<\/h4>\n\n\n\n<p><strong><em>Luule<\/em><\/strong><br><strong>Baile \u00c1tha Cliath<\/strong>. Tallinn: !peatus, 2005. 46 lk.<br><strong>Kaktuste puiestee<\/strong>. Tallinn: Eesti Raamat, 2007. 95 lk.<br><strong>Aken sinisesse<\/strong>. Tallinn: Eesti Raamat, 2013. 79 lk.<\/p>\n","protected":false},"excerpt":{"rendered":"<p>Neeme P\u00f5der (s\u00fcnd. 29. IX 1976)on pedagoog, luuletaja ja t\u00f5lkija. P\u00f5der s\u00fcndis Tallinnas. Ta l\u00f5petas 1994. aastal Tallinna Reaalkooli. Ta on \u00f5ppinud Tallinna Pedagoogika\u00fclikoolis (hilisem Tallinna \u00dclikool) eesti keelt ja kirjandust. Alates 2000. aastast t\u00f6\u00f6tab Neeme P\u00f5der Tallinna Vanalinna Hariduskolleegiumis &#8230;<\/p>\n","protected":false},"author":43,"featured_media":0,"parent":6501,"menu_order":0,"comment_status":"closed","ping_status":"closed","template":"","meta":{"_acf_changed":false,"inline_featured_image":false,"footnotes":""},"class_list":["post-9694","page","type-page","status-publish","hentry"],"acf":[],"_links":{"self":[{"href":"https:\/\/sisu.ut.ee\/ewod\/et\/wp-json\/wp\/v2\/pages\/9694","targetHints":{"allow":["GET"]}}],"collection":[{"href":"https:\/\/sisu.ut.ee\/ewod\/et\/wp-json\/wp\/v2\/pages"}],"about":[{"href":"https:\/\/sisu.ut.ee\/ewod\/et\/wp-json\/wp\/v2\/types\/page"}],"author":[{"embeddable":true,"href":"https:\/\/sisu.ut.ee\/ewod\/et\/wp-json\/wp\/v2\/users\/43"}],"replies":[{"embeddable":true,"href":"https:\/\/sisu.ut.ee\/ewod\/et\/wp-json\/wp\/v2\/comments?post=9694"}],"version-history":[{"count":2,"href":"https:\/\/sisu.ut.ee\/ewod\/et\/wp-json\/wp\/v2\/pages\/9694\/revisions"}],"predecessor-version":[{"id":9698,"href":"https:\/\/sisu.ut.ee\/ewod\/et\/wp-json\/wp\/v2\/pages\/9694\/revisions\/9698"}],"up":[{"embeddable":true,"href":"https:\/\/sisu.ut.ee\/ewod\/et\/wp-json\/wp\/v2\/pages\/6501"}],"wp:attachment":[{"href":"https:\/\/sisu.ut.ee\/ewod\/et\/wp-json\/wp\/v2\/media?parent=9694"}],"curies":[{"name":"wp","href":"https:\/\/api.w.org\/{rel}","templated":true}]}}