{"id":9689,"date":"2024-04-03T23:40:12","date_gmt":"2024-04-03T20:40:12","guid":{"rendered":"https:\/\/sisu.ut.ee\/ewod\/?page_id=9689"},"modified":"2026-05-15T10:46:34","modified_gmt":"2026-05-15T07:46:34","slug":"rein-poder","status":"publish","type":"page","link":"https:\/\/sisu.ut.ee\/ewod\/et\/p\/rein-poder\/","title":{"rendered":"Rein P\u00f5der"},"content":{"rendered":"<figure class=\"wp-block-image alignright size-large is-resized\"><a href=\"https:\/\/sisu.ut.ee\/wp-content\/uploads\/sites\/108\/rein_poder_kalju_suur-scaled.jpg\"><img loading=\"lazy\" decoding=\"async\" width=\"679\" height=\"1024\" src=\"https:\/\/sisu.ut.ee\/wp-content\/uploads\/sites\/108\/rein_poder_kalju_suur-679x1024.jpg\" alt=\"\" class=\"wp-image-6119\" style=\"aspect-ratio:0.6630851631794281;width:252px;height:auto\" title=\"Foto: Kalju Suur\" srcset=\"https:\/\/sisu.ut.ee\/wp-content\/uploads\/sites\/108\/rein_poder_kalju_suur-679x1024.jpg 679w, https:\/\/sisu.ut.ee\/wp-content\/uploads\/sites\/108\/rein_poder_kalju_suur-199x300.jpg 199w, https:\/\/sisu.ut.ee\/wp-content\/uploads\/sites\/108\/rein_poder_kalju_suur-768x1159.jpg 768w, https:\/\/sisu.ut.ee\/wp-content\/uploads\/sites\/108\/rein_poder_kalju_suur-1018x1536.jpg 1018w, https:\/\/sisu.ut.ee\/wp-content\/uploads\/sites\/108\/rein_poder_kalju_suur-1357x2048.jpg 1357w, https:\/\/sisu.ut.ee\/wp-content\/uploads\/sites\/108\/rein_poder_kalju_suur-1920x2897.jpg 1920w, https:\/\/sisu.ut.ee\/wp-content\/uploads\/sites\/108\/rein_poder_kalju_suur-scaled.jpg 1697w\" sizes=\"auto, (max-width: 679px) 100vw, 679px\"><\/a><\/figure>\n\n\n\n<p>Rein P\u00f5der (7. juuli 1943 \u2013 23. oktoober 2018) oli eesti kirjanik.<\/p>\n\n\n\n<p>P\u00f5der s\u00fcndis V\u00f5rumaal M\u00f5niste vallas ehitust\u00f6\u00f6lise pojana. Alghariduse sai Krabi koolis (1950\u20131953), p\u00f5hihariduse Saru 7-klassilises koolis (1953\u20131957) ning keskhariduse Varstu keskkoolis (1957\u20131961). 1961. aastal astus P\u00f5der Tartu Riikliku \u00dclikooli bioloogia-geograafia teaduskonda, mille l\u00f5petas 1969. aastal geograaf-h\u00fcdroloogi (okeanoloogi) kutsega. Aastatel 1963\u20131966 l\u00e4bis kohustusliku s\u00f5jav\u00e4eteenistuse. P\u00f5der t\u00f6\u00f6tas 1969\u20131971 Looduskaitse Seltsis instruktorina, 1971-1976 ajalehes Noorte H\u00e4\u00e4l ning 1977 vanemtoimetajana ajakirjade Pioneer ja T\u00e4heke \u00fchendtoimetuses. Alates 1977. aastast t\u00f6\u00f6tas P\u00f5der kirjastuses Eesti Raamat, algul laste- ja noorsookirjanduse osakonna juhataja aset\u00e4itjana, seej\u00e4rel (alates 1983) vanemtoimetajana eesti kaasaegse ilukirjanduse toimetuses. 1997. aastast oli O\u00dc Eesti Raamat peatoimetaja. Samast aastast juhtis ka Eesti Romaanifondi n\u00f5ukogu. Eesti Kirjanike Liitu kuulus alates 1989. aastast. Suri Tallinnas.<\/p>\n\n\n\n<p>Rein P\u00f5dra esimene ilukirjanduslik pala \u201eKaugus\u201c ilmus 1969. aastal n\u00e4dalalehes Tartu Riiklik \u00dclikool. Ta osales kirjandusv\u00f5istlustel, loomingu avaldamine j\u00e4tkus ajakirjades Pioneer ja Noorus ning kogumikus \u201eNoori autoreid \u00b477\u201c (1979). Esimene teos, noortele m\u00f5eldud jutukogu \u201eKingitus\u201c (1981) ilmus kahe aasta p\u00e4rast, aasta hiljem j\u00e4rgnes lasteraamat \u201eKuldvits\u201c (1982). Samal aastal ilmus P\u00f5dral ka ka t\u00e4iskasvanute proosakogu \u201eKahekesi maailmas\u201c (1982).<\/p>\n\n\n\n<p>P\u00f5dra looming on ps\u00fchholoogilise kallakuga, samas leebelt l\u00fc\u00fcriline, viies lugeja sageli pealtn\u00e4ha argistesse situatsioonidesse, mis avavad meenutuslikke sisekaemusi ning panevad m\u00f5tlema elu olemuse, inimloomuse ning \u00f5igluse-eba\u00f5igluse v\u00e4\u00e4rtusskaala \u00fcle. Tema olukirjeldusoskus on visuaalselt tajutav, tulvil nostalgilisi aimdusi, l\u00f5hnu ja h\u00e4\u00e4li.<\/p>\n\n\n\n<p>Tema varajast noortele suunatud proosat on nimetatud tundekasvatuslikuks. Hiljem liikus fookus t\u00e4iskasvanutele suunatud proosale ning p\u00f5hir\u00f5hk romaanidele. P\u00f5dra loome sisaldab endas ka m\u00fctoloogilisi ja fantastilisi elemente.<\/p>\n\n\n\n<p>Nii m\u00f5neski teoses, eelk\u00f5ige hilisemas loomes, on \u00fclikooli ajal pikkadel matkadel ja ekspeditsioonidel osalenud P\u00f5der kasutanud noorp\u00f5lvest p\u00e4rinevat ainest, kirjeldades retki ja r\u00e4nnakuid ning lastes lugejal heita pilke geograafide loodusj\u00f5ududest valitsetud maailma. Lisaks on tema loomes olulisel kohal elulood. Mitu teost tugineb rohkem v\u00f5i v\u00e4hem tuntud ajalooliste isikute saatusel.<\/p>\n\n\n\n<p>Lisaks l\u00fchemale ja pikemale proosale on ta avaldanud olukirjeldusi, reisim\u00e4rkmeid, arvustusi ning n\u00e4idendeid (lavastatud Rakvere teatris), koostanud A. H. Tammsaare loome kogumiku ning t\u00f5lkinud eesti keelde vene ja inglise keelest. Tema loomingut on t\u00f5lgitud saksa, inglise, vene, l\u00e4ti, leedu ja valgevene keelde.<\/p>\n\n\n\n<p>Tunnustusi P\u00f5drale jagus m\u00f5nev\u00f5rra igasse k\u00fcmnendisse: 1984. aastal p\u00e4lvis P\u00f5der ajakirja Looming novelliv\u00f5istluse auhinna, 1985. aastal <a href=\"https:\/\/sisu.ut.ee\/ewod\/et\/v\/eduard-vilde\/\" data-type=\"page\" data-id=\"7918\">Eduard Vilde<\/a> nimelise kirjandusauhinna teose \u201eHilised astrid\u201c eest, 1994. aastal <a href=\"https:\/\/sisu.ut.ee\/ewod\/et\/k\/bernard-kangro\/\" data-type=\"page\" data-id=\"6965\">Bernard Kangro<\/a> kirjanduspreemia, 1995. aastal Virumaa kirjandusauhinna teosega \u201eImelik vang\u201c, 1996. aastal <a href=\"https:\/\/sisu.ut.ee\/ewod\/et\/m\/august-malk\/\" data-type=\"page\" data-id=\"7148\">August M\u00e4lgu<\/a> novellipreemia palaga \u201eVihm Temucos\u201c, 2010. aastal taas Bernard Kangro kirjanduspreemia ning 2011. aastal <a href=\"https:\/\/sisu.ut.ee\/ewod\/et\/t\/a-h-tammsaare\/\" data-type=\"page\" data-id=\"8618\">A. H. Tammsaare<\/a> kirjanduspreemia \u2013 m\u00f5lemad viimased teose \u201eUnustatud\u201c eest.<\/p>\n\n\n\n<p><em>M. K.<\/em><\/p>\n\n\n\n<h4 class=\"wp-block-heading\"><br>Raamatud eesti keeles<\/h4>\n\n\n\n<p><em><strong>Romaanid<\/strong><\/em><br><strong>Hilised astrid. <\/strong>Tallinn: Eesti Raamat, 1984, 224 lk.<br><strong>Pardiajaja. <\/strong>Tallinn: Eesti Raamat, 1988, 175 lk.<br><strong>Jahedad varjud. <\/strong>Tallinn: Eesti Raamat, 1992, 272 lk.<br><strong>K\u00fclmn\u00e4pp. <\/strong>Tallinn: Eesti Raamat, 1993, 187 lk.<br><strong>Imelik vang. <\/strong>Tallinn: Eesti Raamat, 1995, 160 lk.<br><strong>\u00c4iatar. <\/strong>Tallinn: Eesti Raamat, 1998, 256 lk.<br><strong>Hula. <\/strong>Tallinn: Eesti Raamat, 2000, 490 lk.<br><strong>Hiliskevad. <\/strong>Tallinn: Eesti Raamat, 2002, 288 lk.<br><strong>Teadmatus. <\/strong>Tallinn: Eesti Raamat, 2004, 294 lk.<br><strong>Eike. <\/strong>Tallinn: Eesti Raamat, 2006, 512 lk.<br><strong>Juba olnud. <\/strong>Tallinn: Eesti Raamat, 2008, 464 lk.<br><strong>Unustatud. <\/strong>Tallinn: Eesti Raamat, 2010, 271 lk.<br><strong>Kauge. <\/strong>Tallinn: Eesti Raamat, 2011, 360 lk.<br><strong>Laev. <\/strong>Tallinn: Eesti Raamat, 2012, 207 lk.<br><strong>Voor. <\/strong>Tallinn: Eesti Raamat, 2013, 205 lk.<br><strong>Liesel. <\/strong>Tallinn: Eesti Raamat, 2015, 303 lk.<br><strong>Suur retk. <\/strong>Tallinn: Eesti Raamat, 2015, 272 lk.<br><strong>Kivitok. <\/strong>Tallinn: Eesti Raamat, 2017, 192 lk.<br><strong>Savim\u00e4e. <\/strong>Tallinn: Eesti Raamat, 2017, 208 lk.<br><strong>Maailm on imeline. <\/strong>Tallinn: Eesti Raamat, 2018, 192 lk.<br><strong>K\u00e4ttemaks. <\/strong>Tallinn: Eesti Raamat, 2019, 192 lk.<\/p>\n\n\n\n<p><em><strong>L\u00fchiproosa<\/strong><\/em><br><strong>Kahekesi maailmas. <\/strong>Tallinn: Eesti Raamat, 1982, 236 lk.<br><strong>Kivide aed. <\/strong>Tallinn: Eesti Raamat, 1986, 248 lk.<br><strong>Salaarmastus. (Proosat 1985\u20131988). <\/strong>Tallinn: Eesti Raamat, 1990, 144 lk.<br><strong>Armastuse h\u00e4\u00e4l. <\/strong>Tallinn: Eesti Raamat, 1996, 216 lk.<br><strong>Kuningapuu. <\/strong><em><strong>[novellid + n\u00e4idend]<\/strong><\/em>Tallinn: Eesti Raamat, 2014, 223 lk.<\/p>\n\n\n\n<p><em><strong>Laste- ja noortekirjandus<\/strong><\/em><br><strong>Kingitus. <\/strong>Tallinn: Eesti Raamat, 1981, 118 lk.<br><strong>Kuldvits. <\/strong>Tallinn: Eesti Raamat, 1982, 56 lk.<br><strong>K\u00f5ige pikem suvi. <\/strong>Tallinn: Eesti Raamat, 1986, 159 lk.<br><strong>P\u00f5lev ratas. <\/strong>Tallinn: Eesti Raamat, 1988, 80 lk.<br><strong>Merikarp. <\/strong>Tallinn: Eesti Raamat, 2007, 143 lk.<\/p>\n\n\n\n<p><em><strong>M\u00e4lestused<\/strong><\/em><br><strong>Tagasivaatepeeglis. <\/strong>Tallinn: Eesti Raamat, 2016, 272 lk.<\/p>\n","protected":false},"excerpt":{"rendered":"<p>Rein P\u00f5der (7. juuli 1943 \u2013 23. oktoober 2018) oli eesti kirjanik. P\u00f5der s\u00fcndis V\u00f5rumaal M\u00f5niste vallas ehitust\u00f6\u00f6lise pojana. Alghariduse sai Krabi koolis (1950\u20131953), p\u00f5hihariduse Saru 7-klassilises koolis (1953\u20131957) ning keskhariduse Varstu keskkoolis (1957\u20131961). 1961. aastal astus P\u00f5der Tartu Riikliku &#8230;<\/p>\n","protected":false},"author":43,"featured_media":0,"parent":6501,"menu_order":0,"comment_status":"closed","ping_status":"closed","template":"","meta":{"_acf_changed":false,"inline_featured_image":false,"footnotes":""},"class_list":["post-9689","page","type-page","status-publish","hentry"],"acf":[],"_links":{"self":[{"href":"https:\/\/sisu.ut.ee\/ewod\/et\/wp-json\/wp\/v2\/pages\/9689","targetHints":{"allow":["GET"]}}],"collection":[{"href":"https:\/\/sisu.ut.ee\/ewod\/et\/wp-json\/wp\/v2\/pages"}],"about":[{"href":"https:\/\/sisu.ut.ee\/ewod\/et\/wp-json\/wp\/v2\/types\/page"}],"author":[{"embeddable":true,"href":"https:\/\/sisu.ut.ee\/ewod\/et\/wp-json\/wp\/v2\/users\/43"}],"replies":[{"embeddable":true,"href":"https:\/\/sisu.ut.ee\/ewod\/et\/wp-json\/wp\/v2\/comments?post=9689"}],"version-history":[{"count":2,"href":"https:\/\/sisu.ut.ee\/ewod\/et\/wp-json\/wp\/v2\/pages\/9689\/revisions"}],"predecessor-version":[{"id":9692,"href":"https:\/\/sisu.ut.ee\/ewod\/et\/wp-json\/wp\/v2\/pages\/9689\/revisions\/9692"}],"up":[{"embeddable":true,"href":"https:\/\/sisu.ut.ee\/ewod\/et\/wp-json\/wp\/v2\/pages\/6501"}],"wp:attachment":[{"href":"https:\/\/sisu.ut.ee\/ewod\/et\/wp-json\/wp\/v2\/media?parent=9689"}],"curies":[{"name":"wp","href":"https:\/\/api.w.org\/{rel}","templated":true}]}}