{"id":9641,"date":"2024-04-03T23:42:40","date_gmt":"2024-04-03T20:42:40","guid":{"rendered":"https:\/\/sisu.ut.ee\/ewod\/?page_id=9641"},"modified":"2026-05-14T23:38:37","modified_gmt":"2026-05-14T20:38:37","slug":"priit-parn","status":"publish","type":"page","link":"https:\/\/sisu.ut.ee\/ewod\/et\/p\/priit-parn\/","title":{"rendered":"Priit P\u00e4rn"},"content":{"rendered":"<p>Priit P\u00e4rn (26. VII 1946) on animafilmire\u017eiss\u00f6\u00f6r, karikaturist, graafik ja lastekirjanik.<\/p>\n\n\n\n<p>P\u00e4rn s\u00fcndis Tallinnas, \u00f5ppis Tapal ja 1965-1970 Tartu Riiklikus \u00dclikoolis bioloogiat. T\u00f6\u00f6tanud Tartu Zooloogia ja Botaanika Instituudis, Tallinna Botaanikaaias ning kunstniku ja lavastajana Tallinnfilmi stuudios Joonisfilm ja Eesti Joonisfilmis. On t\u00f6\u00f6tanud \u00f5ppej\u00f5una Soome, Norra, Saksamaa, \u0160veitsi, Hispaania, Belgia, Hollandi, Prantsusmaa ja Inglismaa filmikoolides ning l\u00fchemalt Austraalias ja Kanadas. Aastatel 1994-2007 oli Turu Kunstiakadeemia animatsiooniosakonna kunstiline juht, 2006-2016 Eesti Kunstiakadeemia animatsiooniosakonna juhataja, 2016-2019 k\u00fclalisprofessor, alates 2019. aastast emeriitprofessor. 2020. aastal valiti Tartu \u00dclikooli vabade kunstide professoriks. Eesti Kunstnike Liidu (1984), Eesti Kinoliidu (1979) ja Euroopa Filmiakadeemia liige (2008), aastatel 1988-1993 kuulus \u00dclemaailmse Animafilmiassotsiatsiooni (ASIFA) juhatusse.<\/p>\n\n\n\n<p>Kaasaegse animatsiooni \u00fche olulisema autori esimene karikatuur ilmus 1964. aastal Spordilehes. P\u00e4rn on loonud animafilme nii lastele kui t\u00e4iskasvanutele, n\u00e4iteks \u201eEine murul\u201c (1987), \u201e1895\u201c (1995), \u201eElu ilma Gabriella Ferrita\u201c (2008, koos Olga P\u00e4rnaga). Isikup\u00e4rase kunstnikuk\u00e4ekirjaga, mitmesuguseid \u00fchiskondlikke, ajaloolisi ja kultuurilisi k\u00fcsimusi k\u00e4sitlevale P\u00e4rnale on tunnuslik mitmeplaaniline, kohati absurdih\u00f5nguline huumor. On tegelenud vabagraafikaga, illustreerinud raamatuid. Lastele on kirjutanud raamatud \u201eKilplased\u201c (1976), \u201eKas maakera on \u00fcmmargune?\u201c (1979), \u201eTagurpidi\u201c (1982) ja \u201eNaljapildiaabits\u201c (1985), millest \u201eTagurpidi\u201d on saavutanud omamoodi kultusstaatuse. Kohtlased ja arutult tegutsevad kilplased on j\u00f5udnud ka kaasaega raamatus \u201eKilplased globaliseeruvad\u201c (2019).<\/p>\n\n\n\n<p>Priit P\u00e4rn sai ENSV teeneliseks kunstnikuks 1986. aastal. Ta on p\u00e4lvinud muuhulgas Oskar Lutsu huumoripreemia (1989), Eesti Vabariigi kultuuripreemia (1996, 2015), korduvalt Eesti Kultuurkapitali audiovisuaalse kunsti sihtkapitali aastapreemia, Kristjan Raua nimelise kunstipreemia ja ASIFA (Animatsiooni Rahvusvaheline Assotsiatsioon) elut\u00f6\u00f6preemia (2002), Eesti Kultuurkapitali elut\u00f6\u00f6preemia (2019) ja Valget\u00e4he III klassi teenetem\u00e4rgi (1999), lisaks rohked auhinnad ja preemiad filmide eest.<\/p>\n\n\n\n<p><em>A. K.<\/em><\/p>\n\n\n\n<h4 class=\"wp-block-heading\"><br>Raamatud eesti keeles<\/h4>\n\n\n\n<p><em><strong>Huumor<\/strong><\/em><br><strong>Kilplased globaliseeruvad<\/strong>. Tallinn: T\u00e4nap\u00e4ev, 2019, 61 lk.<\/p>\n\n\n\n<p><em><strong>Karikatuurid<\/strong><\/em><br>Toomas Kall, Priit P\u00e4rn, <strong>Siin triumfikaare all \/ Milline kaunis paik<\/strong>: pildiraamat. Tallinn: Kunst, 1977, 48+48 lk. [Tirelraamat.]<br><strong>Naljapildiaabits<\/strong>. Tallinn: Kunst, 1983, 29 lk.<\/p>\n\n\n\n<p><em><strong>Lasteraamatud<\/strong><\/em><br><strong>Kilplased<\/strong>. Tallinn: Kunst, 1977, 52 lk.<br><strong>Kas maakera on \u00fcmmargune?<\/strong>. Tallinn: Perioodika, 1980, 22 lk.<br><strong>Tagurpidi<\/strong>. Tallinn: Kunst, 1980, 49 lk. [2. tr\u00fckk: 2005.]<\/p>\n","protected":false},"excerpt":{"rendered":"<p>Priit P\u00e4rn (26. VII 1946) on animafilmire\u017eiss\u00f6\u00f6r, karikaturist, graafik ja lastekirjanik. P\u00e4rn s\u00fcndis Tallinnas, \u00f5ppis Tapal ja 1965-1970 Tartu Riiklikus \u00dclikoolis bioloogiat. T\u00f6\u00f6tanud Tartu Zooloogia ja Botaanika Instituudis, Tallinna Botaanikaaias ning kunstniku ja lavastajana Tallinnfilmi stuudios Joonisfilm ja Eesti Joonisfilmis. &#8230;<\/p>\n","protected":false},"author":43,"featured_media":0,"parent":6501,"menu_order":0,"comment_status":"closed","ping_status":"closed","template":"","meta":{"_acf_changed":false,"inline_featured_image":false,"footnotes":""},"class_list":["post-9641","page","type-page","status-publish","hentry"],"acf":[],"_links":{"self":[{"href":"https:\/\/sisu.ut.ee\/ewod\/et\/wp-json\/wp\/v2\/pages\/9641","targetHints":{"allow":["GET"]}}],"collection":[{"href":"https:\/\/sisu.ut.ee\/ewod\/et\/wp-json\/wp\/v2\/pages"}],"about":[{"href":"https:\/\/sisu.ut.ee\/ewod\/et\/wp-json\/wp\/v2\/types\/page"}],"author":[{"embeddable":true,"href":"https:\/\/sisu.ut.ee\/ewod\/et\/wp-json\/wp\/v2\/users\/43"}],"replies":[{"embeddable":true,"href":"https:\/\/sisu.ut.ee\/ewod\/et\/wp-json\/wp\/v2\/comments?post=9641"}],"version-history":[{"count":1,"href":"https:\/\/sisu.ut.ee\/ewod\/et\/wp-json\/wp\/v2\/pages\/9641\/revisions"}],"predecessor-version":[{"id":9642,"href":"https:\/\/sisu.ut.ee\/ewod\/et\/wp-json\/wp\/v2\/pages\/9641\/revisions\/9642"}],"up":[{"embeddable":true,"href":"https:\/\/sisu.ut.ee\/ewod\/et\/wp-json\/wp\/v2\/pages\/6501"}],"wp:attachment":[{"href":"https:\/\/sisu.ut.ee\/ewod\/et\/wp-json\/wp\/v2\/media?parent=9641"}],"curies":[{"name":"wp","href":"https:\/\/api.w.org\/{rel}","templated":true}]}}