{"id":9598,"date":"2024-04-03T23:41:55","date_gmt":"2024-04-03T20:41:55","guid":{"rendered":"https:\/\/sisu.ut.ee\/ewod\/?page_id=9598"},"modified":"2026-05-14T12:41:43","modified_gmt":"2026-05-14T09:41:43","slug":"erik-puvi","status":"publish","type":"page","link":"https:\/\/sisu.ut.ee\/ewod\/et\/p\/erik-puvi\/","title":{"rendered":"Erik P\u00fcvi"},"content":{"rendered":"<p>Erik P\u00fcvi (kodanikunimi P\u00fc\u00fcsalu, varem P\u00fc\u00fcman, 13. IV 1931 \u2013 21. VI 1976) oli proosakirjanik.<\/p>\n\n\n\n<p>P\u00fcvi s\u00fcndis Valgamaal Sangastes talupidaja pojana. Ta \u00f5ppis Haapsalu I Keskkoolis. P\u00fcvi k\u00fc\u00fcditati 1949. aastal koos emaga Siberisse. Venemaal j\u00e4tkas ta \u00f5pinguid keskkoolis ja \u00f5ppis aastatel 1953\u20131956 Novosibriski kehakultuuri tehnikumis. Eestisse tagasi tuleku j\u00e4rel astus ta Tartu Riiklikku \u00dclikooli, kus ta \u00f5ppis aastatel 1963\u20131966 ajaloo-keeleteaduskonnas. P\u00fcvi t\u00f6\u00f6tas \u00f5petajana mitmetes koolides J\u00f5geva rajoonis ja Paldiski linnas, pikemalt, aastatel 1965\u20131975, Viljandi rajooni Puiatu eriinternaatkoolis. Tema viimane t\u00f6\u00f6koht oli Tallinnas Draamateatri administraatori amet.<\/p>\n\n\n\n<p>P\u00fcvi oli alustanud kirjanduslikke katsetusi Siberis. Tema esimesed noorsoojutud ja f\u00f6ljetonid j\u00f5udsid tr\u00fckki Eestis 1960. aastatel. P\u00fcvi f\u00f6ljetonid v\u00f5itsid satiiriv\u00f5istlustel preemiaid ning neid t\u00f5lgiti vene, l\u00e4ti, leedu, ukraina, poola, moldaavia, saksa ja ungari keelde. P\u00fcvi eluajal ilmus temalt raamatuna f\u00f6ljetonikogu \u201eVilistav eesel\u201c (1975). P\u00e4rast tema surma avaldati miniatuuride kogumik \u201ePeeglike seinal\u201c (1976) ja l\u00fchijutukogu \u201eElu\u00f5igusm\u00e4ng\u201c (1977). L\u00fchijutukogus kajastuvad autori t\u00e4helepanekud eriinternaatkoolidest, kus ta \u00f5petajana ja kasvatajana t\u00f6\u00f6tas.<\/p>\n\n\n\n<p>P\u00fcvi loomingut iseloomustab soe suhtumine lihtsate inimeste saatusesse. Ta taunib v\u00e4givalda ja on s\u00fcgavalt humanistlik.<\/p>\n\n\n\n<p><em>L. P.<\/em><\/p>\n\n\n\n<h4 class=\"wp-block-heading\"><br>Raamatud eesti keeles<\/h4>\n\n\n\n<p><strong><em>L\u00fchiproosa<\/em><\/strong><br><strong>Vilistav eesel<\/strong>. Tallinn: ajakiri \u201ePikker\u201c, 1975. 112 lk.<br><strong>Peeglike seinal<\/strong>. Tallinn: Eesti Raamat, 1976. 120 lk.<br><strong>Elu\u00f5igusm\u00e4ng<\/strong>. Tallinn: Eesti Raamat, 1977. 94 lk. [Jutustused, vanemale koolieale.]<\/p>\n","protected":false},"excerpt":{"rendered":"<p>Erik P\u00fcvi (kodanikunimi P\u00fc\u00fcsalu, varem P\u00fc\u00fcman, 13. IV 1931 \u2013 21. VI 1976) oli proosakirjanik. P\u00fcvi s\u00fcndis Valgamaal Sangastes talupidaja pojana. Ta \u00f5ppis Haapsalu I Keskkoolis. P\u00fcvi k\u00fc\u00fcditati 1949. aastal koos emaga Siberisse. Venemaal j\u00e4tkas ta \u00f5pinguid keskkoolis ja \u00f5ppis &#8230;<\/p>\n","protected":false},"author":43,"featured_media":0,"parent":6501,"menu_order":0,"comment_status":"closed","ping_status":"closed","template":"","meta":{"_acf_changed":false,"inline_featured_image":false,"footnotes":""},"class_list":["post-9598","page","type-page","status-publish","hentry"],"acf":[],"_links":{"self":[{"href":"https:\/\/sisu.ut.ee\/ewod\/et\/wp-json\/wp\/v2\/pages\/9598","targetHints":{"allow":["GET"]}}],"collection":[{"href":"https:\/\/sisu.ut.ee\/ewod\/et\/wp-json\/wp\/v2\/pages"}],"about":[{"href":"https:\/\/sisu.ut.ee\/ewod\/et\/wp-json\/wp\/v2\/types\/page"}],"author":[{"embeddable":true,"href":"https:\/\/sisu.ut.ee\/ewod\/et\/wp-json\/wp\/v2\/users\/43"}],"replies":[{"embeddable":true,"href":"https:\/\/sisu.ut.ee\/ewod\/et\/wp-json\/wp\/v2\/comments?post=9598"}],"version-history":[{"count":2,"href":"https:\/\/sisu.ut.ee\/ewod\/et\/wp-json\/wp\/v2\/pages\/9598\/revisions"}],"predecessor-version":[{"id":9600,"href":"https:\/\/sisu.ut.ee\/ewod\/et\/wp-json\/wp\/v2\/pages\/9598\/revisions\/9600"}],"up":[{"embeddable":true,"href":"https:\/\/sisu.ut.ee\/ewod\/et\/wp-json\/wp\/v2\/pages\/6501"}],"wp:attachment":[{"href":"https:\/\/sisu.ut.ee\/ewod\/et\/wp-json\/wp\/v2\/media?parent=9598"}],"curies":[{"name":"wp","href":"https:\/\/api.w.org\/{rel}","templated":true}]}}