{"id":9591,"date":"2024-04-03T23:40:49","date_gmt":"2024-04-03T20:40:49","guid":{"rendered":"https:\/\/sisu.ut.ee\/ewod\/?page_id=9591"},"modified":"2026-05-13T17:00:04","modified_gmt":"2026-05-13T14:00:04","slug":"jan-rahman","status":"publish","type":"page","link":"https:\/\/sisu.ut.ee\/ewod\/et\/r\/jan-rahman\/","title":{"rendered":"Jan Rahman"},"content":{"rendered":"<figure class=\"wp-block-image alignright size-large\"><a href=\"https:\/\/sisu.ut.ee\/wp-content\/uploads\/sites\/108\/jan_rahman_alar_madisson-scaled.jpg\"><img loading=\"lazy\" decoding=\"async\" width=\"1024\" height=\"681\" src=\"https:\/\/sisu.ut.ee\/wp-content\/uploads\/sites\/108\/jan_rahman_alar_madisson-1024x681.jpg\" alt=\"\" class=\"wp-image-6385\" title=\"Foto: Alar Madisson\" srcset=\"https:\/\/sisu.ut.ee\/wp-content\/uploads\/sites\/108\/jan_rahman_alar_madisson-1024x681.jpg 1024w, https:\/\/sisu.ut.ee\/wp-content\/uploads\/sites\/108\/jan_rahman_alar_madisson-300x200.jpg 300w, https:\/\/sisu.ut.ee\/wp-content\/uploads\/sites\/108\/jan_rahman_alar_madisson-768x511.jpg 768w, https:\/\/sisu.ut.ee\/wp-content\/uploads\/sites\/108\/jan_rahman_alar_madisson-1536x1022.jpg 1536w, https:\/\/sisu.ut.ee\/wp-content\/uploads\/sites\/108\/jan_rahman_alar_madisson-2048x1363.jpg 2048w, https:\/\/sisu.ut.ee\/wp-content\/uploads\/sites\/108\/jan_rahman_alar_madisson-1920x1278.jpg 1920w\" sizes=\"auto, (max-width: 1024px) 100vw, 1024px\"><\/a><\/figure>\n\n\n\n<p>Jan Rahman (s\u00fcndinud 30. VII 1975) on kirjanik ja ajakirjanik.<\/p>\n\n\n\n<p>Ta on s\u00fcndinud V\u00f5rus ja l\u00f5petanud 1993. aastal Kreutzwaldi nimelise V\u00f5ru 1. Keskkooli. Aastatel 1993\u20132004 \u00f5ppis Rahman Tartu \u00dclikoolis ajakirjandust. Ta on olnud Tartu Noorte Autorite Koondise liige ja on V\u00f5ro Seltsi VKKF (V\u00f5ru keele ja kultuuri fond) liige (aastatel 2001\u20132006 esimees).<\/p>\n\n\n\n<p>Rahman t\u00f6\u00f6tab peatoimetajana v\u00f5rukeelses ajalehes Uma Leht. Ta teeb kaast\u00f6\u00f6d ajakirjandusv\u00e4ljaannetele ja raadiole. Ta kirjutab (enamasti v\u00f5rukeelset) luulet, proosat, n\u00e4idendeid, arvustusi, laulus\u00f5nu ja laule ning t\u00f5lgib tekste v\u00f5ru keelde. Jan Rahman on t\u00f5lkinud inglise keelest v\u00f5ru keelde William Shakespeare\u2019i kom\u00f6\u00f6dia \u201eSuve\u00f6\u00f6 unen\u00e4gu\u201c Ateena k\u00e4sit\u00f6\u00f6liste stseenid. Ta on samuti t\u00f5lkinud v\u00f5ru keelde Hasso Krulli luulet eesti keelest ja Heli Laaksoneni luulet soome keele edela-soome murdest.<\/p>\n\n\n\n<p>1997. aastal ilmus Rahmani sulest murdekeelne luulekogu \u201eVas\u00f5st va\u015bk\u201c, milles leidusid ansambli \u201eUmmamuudu\u201c menukateks lauludeks saanud luuletekstid. Kahasse edela-soome murdes luuletava Heli Laaksoneniga ilmus Rahmanilt 2000. aastal Soomes luulekogu \u201eMaapuup\u00e4iv\u201c. 2006. aastal anti sellest raamatust v\u00e4lja teine tr\u00fckk.<\/p>\n\n\n\n<p>Jan Rahman kuulus koos Aapo Ilvese, Contra, <a href=\"https:\/\/sisu.ut.ee\/ewod\/et\/r\/olavi-ruitlane\/\" data-type=\"page\" data-id=\"9271\">Olavi Ruitlase<\/a> ja Pulga Jaaniga 2005. aastal avaldatud luuleraamatu \u201eViie p\u00e4\u00e4le\u201c autorite hulka. 2006. aastal ilmus Rahmanilt \u00fchtaegu eestikeelne ja v\u00f5rukeelne lasteraamat \u201eV\u00e4vv\u00e4\u201c. V\u00f5rukeelsete n\u00e4idendite \u201ePainaja\u201c ja \u201eS\u00f5it\u201c eest p\u00e4lvis Jan Rahman 2006. aastal <a href=\"https:\/\/sisu.ut.ee\/ewod\/et\/k\/bernard-kangro\/\" data-type=\"page\" data-id=\"6965\">Bernard Kangro<\/a> kirjandusauhinna. <a href=\"https:\/\/sisu.ut.ee\/ewod\/et\/j\/juhan-jaik\/\" data-type=\"page\" data-id=\"7593\">Juhan Jaigi<\/a> tondijuttudel p\u00f5hineva n\u00e4idendi \u201ePainaja\u201c kirjutas Jan Rahman V\u00f5ru Teatriateljeele. Seda n\u00e4idendit, \u201ev\u00f5ru horrorit\u201c, nagu seisis kavalehel, m\u00e4ngiti suvel V\u00e4imela m\u00f5isa vanas viljaaidas. Tartu Hansahoovis etendati n\u00e4idendit \u201eS\u00f5it\u201c, mis koondab lustakaid lugusid v\u00f5rulaste imep\u00e4rastest juhtumistest bussis\u00f5idul.<\/p>\n\n\n\n<p>Jan Rahman on korraldanud v\u00f5ru kultuurile p\u00fchendatud Kaika suve\u00fclikoole.<\/p>\n\n\n\n<p><em>L. P.<\/em><\/p>\n\n\n\n<h4 class=\"wp-block-heading\"><br>Raamatud eesti keeles<\/h4>\n\n\n\n<p><em><strong>Luule<\/strong><\/em><br><strong>Vas\u00f5st va\u015bk<\/strong>. Tartu: EKS-i Kaasaegse Kirjanduse Keskus, 1997. 43 lk.<br>Jan Rahman, Heli Laaksonen, <strong>Maapuup\u00e4iv<\/strong>. V\u00f5ru: V\u00f5ro Selts VKKF; Sammakko, 2000. 95 lk.<\/p>\n\n\n\n<p><em><strong>Lastelood<\/strong><\/em><br><strong>V\u00e4vv\u00e4<\/strong>. R\u00e4pina: V\u00e4iku V\u00e4ll\u00e4andja, 2006. 14 lk.<br><strong>Puuriidadisko<\/strong>. K\u00e4rgula: V\u00e4iku v\u00e4ll\u00e4andja, 2025, 80 lk.<\/p>\n","protected":false},"excerpt":{"rendered":"<p>Jan Rahman (s\u00fcndinud 30. VII 1975) on kirjanik ja ajakirjanik. Ta on s\u00fcndinud V\u00f5rus ja l\u00f5petanud 1993. aastal Kreutzwaldi nimelise V\u00f5ru 1. Keskkooli. Aastatel 1993\u20132004 \u00f5ppis Rahman Tartu \u00dclikoolis ajakirjandust. Ta on olnud Tartu Noorte Autorite Koondise liige ja on &#8230;<\/p>\n","protected":false},"author":43,"featured_media":0,"parent":6503,"menu_order":0,"comment_status":"closed","ping_status":"closed","template":"","meta":{"_acf_changed":false,"inline_featured_image":false,"footnotes":""},"class_list":["post-9591","page","type-page","status-publish","hentry"],"acf":[],"_links":{"self":[{"href":"https:\/\/sisu.ut.ee\/ewod\/et\/wp-json\/wp\/v2\/pages\/9591","targetHints":{"allow":["GET"]}}],"collection":[{"href":"https:\/\/sisu.ut.ee\/ewod\/et\/wp-json\/wp\/v2\/pages"}],"about":[{"href":"https:\/\/sisu.ut.ee\/ewod\/et\/wp-json\/wp\/v2\/types\/page"}],"author":[{"embeddable":true,"href":"https:\/\/sisu.ut.ee\/ewod\/et\/wp-json\/wp\/v2\/users\/43"}],"replies":[{"embeddable":true,"href":"https:\/\/sisu.ut.ee\/ewod\/et\/wp-json\/wp\/v2\/comments?post=9591"}],"version-history":[{"count":2,"href":"https:\/\/sisu.ut.ee\/ewod\/et\/wp-json\/wp\/v2\/pages\/9591\/revisions"}],"predecessor-version":[{"id":9596,"href":"https:\/\/sisu.ut.ee\/ewod\/et\/wp-json\/wp\/v2\/pages\/9591\/revisions\/9596"}],"up":[{"embeddable":true,"href":"https:\/\/sisu.ut.ee\/ewod\/et\/wp-json\/wp\/v2\/pages\/6503"}],"wp:attachment":[{"href":"https:\/\/sisu.ut.ee\/ewod\/et\/wp-json\/wp\/v2\/media?parent=9591"}],"curies":[{"name":"wp","href":"https:\/\/api.w.org\/{rel}","templated":true}]}}