{"id":9583,"date":"2024-04-03T23:41:10","date_gmt":"2024-04-03T20:41:10","guid":{"rendered":"https:\/\/sisu.ut.ee\/ewod\/?page_id=9583"},"modified":"2026-05-13T16:47:51","modified_gmt":"2026-05-13T13:47:51","slug":"juku-kalle-raid","status":"publish","type":"page","link":"https:\/\/sisu.ut.ee\/ewod\/et\/r\/juku-kalle-raid\/","title":{"rendered":"Juku-Kalle Raid"},"content":{"rendered":"<figure class=\"wp-block-image alignright size-large is-resized\"><a href=\"https:\/\/sisu.ut.ee\/wp-content\/uploads\/sites\/108\/juku-kalle_raid_alar_madisson.jpg\"><img loading=\"lazy\" decoding=\"async\" width=\"678\" height=\"1024\" src=\"https:\/\/sisu.ut.ee\/wp-content\/uploads\/sites\/108\/juku-kalle_vaike_alar_madisson-678x1024.jpg\" alt=\"\" class=\"wp-image-6242\" style=\"aspect-ratio:0.6621095446986581;width:251px;height:auto\" srcset=\"https:\/\/sisu.ut.ee\/wp-content\/uploads\/sites\/108\/juku-kalle_vaike_alar_madisson-678x1024.jpg 678w, https:\/\/sisu.ut.ee\/wp-content\/uploads\/sites\/108\/juku-kalle_vaike_alar_madisson-199x300.jpg 199w, https:\/\/sisu.ut.ee\/wp-content\/uploads\/sites\/108\/juku-kalle_vaike_alar_madisson-768x1160.jpg 768w, https:\/\/sisu.ut.ee\/wp-content\/uploads\/sites\/108\/juku-kalle_vaike_alar_madisson-1017x1536.jpg 1017w, https:\/\/sisu.ut.ee\/wp-content\/uploads\/sites\/108\/juku-kalle_vaike_alar_madisson-1356x2048.jpg 1356w, https:\/\/sisu.ut.ee\/wp-content\/uploads\/sites\/108\/juku-kalle_vaike_alar_madisson-scaled.jpg 1695w\" sizes=\"auto, (max-width: 678px) 100vw, 678px\"><\/a><\/figure>\n\n\n\n<p>Juku-Kalle Raid (sundinud 28. VII 1974) on ajakirjanik ja luuletaja.<\/p>\n\n\n\n<p>Raid s\u00fcndis ja \u00f5ppis Tallinnas, sh Eesti Humanitaarinstituudis. On t\u00f6\u00f6tanud mitmes ajakirjandusv\u00e4ljaandes, olnud ajakirja Kultuur ja Elu peatoimetaja (1997-1999) ning aastast 1998 ajalehe KesKus peatoimetaja. Teinud saateid raadios ja televisioonis. On olnud Riigikogu (2011-2013 ja alates 2023. aastast) ja Tallinna linnavolikogu liige. Kirjanike Liidu liige aastast 2012.<\/p>\n\n\n\n<p>Peamiselt aktiivse ja isep\u00e4ise \u00fchiskonnategelasena tuntud Raidi esikluulekogu \u201eMaailmam\u00e4ng\u201c ilmus 1991. aastal, millele j\u00e4rgnesid \u201eH\u00f5ikelein\u201c (1999), \u201eJuku-Kalle Raid ja teisi luuletusi\u201c (2013). Raid paistab silma keelelise meisterlikkuse, keele- ja s\u00f5nam\u00e4ngude ning hea vormivaldamisega, viimases kogus t\u00f5useb esile keskse l\u00fc\u00fcrilise minategelasega klassikaline l\u00fc\u00fcriline luule. L\u00f5i koos Jan Kausi, Kalju Kruusa ja Fagira D. Mortiga koosluse \u00d5igem Valem, mis on avaldanud koguteosed \u201e\u00d5igemValem\u201c (2000) ja \u201eEnam V\u00e4hem\u201c (2003).<\/p>\n\n\n\n<p>T\u00f6\u00f6 Riigikogus on andnud ainest raamatuks \u201eEelarve. Friigikogu rahvuseepos\u201c (2013), mis k\u00e4sitleb riigieelarve vastuv\u00f5tmisega seotut. Ahto Mulla pseudon\u00fc\u00fcmi all ilmus \u201eLoomade elu\u201c (2014), mis on m\u00e4\u00e4ratletud kui loodusvaatlus, ent \u00fchtaegu on ka allegooriline pilt inimkonnast.<\/p>\n\n\n\n<p>Raid on t\u00f5lkinud peamiselt vene keelest ning andnud v\u00e4lja ning toimetanud n\u00e4iteks <a href=\"https:\/\/sisu.ut.ee\/ewod\/et\/v\/vaapo-vaher\/\" data-type=\"page\" data-id=\"8179\">Vaapo Vaheri<\/a> artiklikogu \u201eSurmakuul ja seemnepurse\u201c (2002), <a href=\"https:\/\/sisu.ut.ee\/ewod\/et\/s\/%d0%b5%d0%bb%d0%b5%d0%bd%d0%b0-%d1%81%d0%ba%d1%83%d0%bb%d1%8c%d1%81%d0%ba%d0%b0%d1%8f-jelena-skulskaja\/\" data-type=\"page\" data-id=\"8817\">Jelena Skulskaja<\/a> esseekogu \u201eVene rulett\u201c (2002) ja Kivisildniku artiklikogu \u201eNull tolerants\u201c (2004).<\/p>\n\n\n\n<p><em>A. K.<\/em><\/p>\n\n\n\n<h4 class=\"wp-block-heading\"><br>Raamatud eesti keeles<\/h4>\n\n\n\n<p><em><strong>Luule<\/strong><\/em><br><strong>Maailmam\u00e4ng<\/strong>: luuletused 1989-1991. Tallinn: J.-K. Raid, 1991, 42 lk.<br><strong>H\u00f5ikelein<\/strong>. Tallinn: Markleis, 1999, 43 lk.<br><strong>Juku-Kalle Raid ja teisi luuletusi<\/strong>. Tallinn: Ema ja Isa, 2013, 87 lk.<\/p>\n\n\n\n<p><em><strong>Varia<\/strong><\/em><br><strong>Eelarve: friigikogu rahvuseepos<\/strong>. Tallinn: Ema ja Isa, 2013, 251 lk.<br>Juku-Kalle Raid, Toomas K\u00fcmmel, <strong>Vanad head toidud paluvad lauda<\/strong>. Tallinn: Pegasus, 2013, 205 lk.<br>Ahto Muld, <strong>Loomade elu<\/strong>. Tallinn: Ema ja Isa, 2014, 127 lk.<\/p>\n","protected":false},"excerpt":{"rendered":"<p>Juku-Kalle Raid (sundinud 28. VII 1974) on ajakirjanik ja luuletaja. Raid s\u00fcndis ja \u00f5ppis Tallinnas, sh Eesti Humanitaarinstituudis. On t\u00f6\u00f6tanud mitmes ajakirjandusv\u00e4ljaandes, olnud ajakirja Kultuur ja Elu peatoimetaja (1997-1999) ning aastast 1998 ajalehe KesKus peatoimetaja. Teinud saateid raadios ja televisioonis. &#8230;<\/p>\n","protected":false},"author":43,"featured_media":0,"parent":6503,"menu_order":0,"comment_status":"closed","ping_status":"closed","template":"","meta":{"_acf_changed":false,"inline_featured_image":false,"footnotes":""},"class_list":["post-9583","page","type-page","status-publish","hentry"],"acf":[],"_links":{"self":[{"href":"https:\/\/sisu.ut.ee\/ewod\/et\/wp-json\/wp\/v2\/pages\/9583","targetHints":{"allow":["GET"]}}],"collection":[{"href":"https:\/\/sisu.ut.ee\/ewod\/et\/wp-json\/wp\/v2\/pages"}],"about":[{"href":"https:\/\/sisu.ut.ee\/ewod\/et\/wp-json\/wp\/v2\/types\/page"}],"author":[{"embeddable":true,"href":"https:\/\/sisu.ut.ee\/ewod\/et\/wp-json\/wp\/v2\/users\/43"}],"replies":[{"embeddable":true,"href":"https:\/\/sisu.ut.ee\/ewod\/et\/wp-json\/wp\/v2\/comments?post=9583"}],"version-history":[{"count":2,"href":"https:\/\/sisu.ut.ee\/ewod\/et\/wp-json\/wp\/v2\/pages\/9583\/revisions"}],"predecessor-version":[{"id":9586,"href":"https:\/\/sisu.ut.ee\/ewod\/et\/wp-json\/wp\/v2\/pages\/9583\/revisions\/9586"}],"up":[{"embeddable":true,"href":"https:\/\/sisu.ut.ee\/ewod\/et\/wp-json\/wp\/v2\/pages\/6503"}],"wp:attachment":[{"href":"https:\/\/sisu.ut.ee\/ewod\/et\/wp-json\/wp\/v2\/media?parent=9583"}],"curies":[{"name":"wp","href":"https:\/\/api.w.org\/{rel}","templated":true}]}}