{"id":9571,"date":"2024-09-24T15:24:05","date_gmt":"2024-09-24T12:24:05","guid":{"rendered":"https:\/\/sisu.ut.ee\/ewod\/?page_id=9571"},"modified":"2026-05-13T16:30:09","modified_gmt":"2026-05-13T13:30:09","slug":"henno-rajandi","status":"publish","type":"page","link":"https:\/\/sisu.ut.ee\/ewod\/et\/r\/henno-rajandi\/","title":{"rendered":"Henno Rajandi"},"content":{"rendered":"<p>Henno Rajandi (kuni 1935. aastani Henno-Joonatan Rosenstrauch, 19. X 1928 \u2013 1. III 1998) oli keeleteadlane ja t\u00f5lkija.<\/p>\n\n\n\n<p>Rajandi l\u00f5petas 1947. aastal Tallinna 7. Keskkooli ning 1953. aastal Tartu Riikliku \u00dclikooli prantsuse filoloogia erialal. 1969. aastal kaitses ta filoloogiakandidaadi kraadi t\u00f6\u00f6ga \u201eEesti impersonaali ja passiivi s\u00fcntaks\u201c. Tema teised uurimist\u00f6\u00f6d on samuti eesti keele grammatika alalt. Rajandi t\u00f6\u00f6tas mitmetes kirjastustes toimetajana, aastatel 1962\u20131970 ja 1975\u20131988 Eesti NSV Teaduste Akadeemia Keele ja Kirjanduse Instituudis teadust\u00f6\u00f6tajana, alates 1990. aastast Eesti Instituudis.<\/p>\n\n\n\n<p>Rajandi t\u00f5lkis peamiselt prantsuse keelest (n\u00e4iteks Anatole France\u2019i, Albert Camus\u2019, Simone de Beauvoir\u2019, Gustave Flauberti, \u00c9mile Zola, Guy de Maupassanti, Fran\u00e7ois Mauriaci, Alexandre Dumas\u2019, Maurice Druoni teoseid), kuid ka inglise keelest (n\u00e4iteks Winston S. Churchilli, Robert Merle\u2019i, Raymond Hulli, Laurence J. Peteri, John Fowlesi, Jim Hankinsoni, Henry Kissingeri, John Miltoni, Angus Wilsoni, Bel Kaufmani, C. Northcote Parkinsoni, William Goldingu, Jane Austeni, John Fowlesi, Aldous Huxley, Henry Jamesi, David Herbert Lawrence\u2019i, Thornton Wilderi teoseid).<\/p>\n\n\n\n<p>Rajandi stiilseid ning informatsioonirohkeid saates\u00f5nu mitme aastak\u00fcmne jooksul ilmunud t\u00f5lkeraamatutele tutvustab kirjastuses Ilmamaa \u201eEesti m\u00f5tteloo\u201c sarjas ilmunud kogumik \u201eT\u00f5lkija teekond\u201c (2002).<\/p>\n\n\n\n<p>Eesti Kultuurkapitali kirjanduse sihtkapitali n\u00f5ukogu asutas 1998. aastal Henno Rajandi nimelise t\u00f5lkijastipendiumi.<\/p>\n\n\n\n<p><em>L. P.<\/em><\/p>\n\n\n\n<h4 class=\"wp-block-heading\"><br>Raamatud eesti keeles<\/h4>\n\n\n\n<p><em><strong>Artiklid ja j\u00e4rels\u00f5nad<\/strong><\/em><br><strong>T\u00f5lkija teekond<\/strong>. Tartu: Ilmamaa, 2002. 220 lk. [Sari \u2018Eesti m\u00f5ttelugu\u2019.]<\/p>\n","protected":false},"excerpt":{"rendered":"<p>Henno Rajandi (kuni 1935. aastani Henno-Joonatan Rosenstrauch, 19. X 1928 \u2013 1. III 1998) oli keeleteadlane ja t\u00f5lkija. Rajandi l\u00f5petas 1947. aastal Tallinna 7. Keskkooli ning 1953. aastal Tartu Riikliku \u00dclikooli prantsuse filoloogia erialal. 1969. aastal kaitses ta filoloogiakandidaadi kraadi &#8230;<\/p>\n","protected":false},"author":43,"featured_media":0,"parent":6503,"menu_order":0,"comment_status":"closed","ping_status":"closed","template":"","meta":{"_acf_changed":false,"inline_featured_image":false,"footnotes":""},"class_list":["post-9571","page","type-page","status-publish","hentry"],"acf":[],"_links":{"self":[{"href":"https:\/\/sisu.ut.ee\/ewod\/et\/wp-json\/wp\/v2\/pages\/9571","targetHints":{"allow":["GET"]}}],"collection":[{"href":"https:\/\/sisu.ut.ee\/ewod\/et\/wp-json\/wp\/v2\/pages"}],"about":[{"href":"https:\/\/sisu.ut.ee\/ewod\/et\/wp-json\/wp\/v2\/types\/page"}],"author":[{"embeddable":true,"href":"https:\/\/sisu.ut.ee\/ewod\/et\/wp-json\/wp\/v2\/users\/43"}],"replies":[{"embeddable":true,"href":"https:\/\/sisu.ut.ee\/ewod\/et\/wp-json\/wp\/v2\/comments?post=9571"}],"version-history":[{"count":2,"href":"https:\/\/sisu.ut.ee\/ewod\/et\/wp-json\/wp\/v2\/pages\/9571\/revisions"}],"predecessor-version":[{"id":9573,"href":"https:\/\/sisu.ut.ee\/ewod\/et\/wp-json\/wp\/v2\/pages\/9571\/revisions\/9573"}],"up":[{"embeddable":true,"href":"https:\/\/sisu.ut.ee\/ewod\/et\/wp-json\/wp\/v2\/pages\/6503"}],"wp:attachment":[{"href":"https:\/\/sisu.ut.ee\/ewod\/et\/wp-json\/wp\/v2\/media?parent=9571"}],"curies":[{"name":"wp","href":"https:\/\/api.w.org\/{rel}","templated":true}]}}