{"id":9566,"date":"2024-04-03T23:42:38","date_gmt":"2024-04-03T20:42:38","guid":{"rendered":"https:\/\/sisu.ut.ee\/ewod\/?page_id=9566"},"modified":"2026-05-13T16:26:11","modified_gmt":"2026-05-13T13:26:11","slug":"kerttu-rakke","status":"publish","type":"page","link":"https:\/\/sisu.ut.ee\/ewod\/et\/r\/kerttu-rakke\/","title":{"rendered":"Kerttu Rakke"},"content":{"rendered":"<figure class=\"wp-block-image alignright size-large is-resized\"><a href=\"https:\/\/sisu.ut.ee\/wp-content\/uploads\/sites\/108\/kerttu_rakke_alar_madisson.jpg\"><img loading=\"lazy\" decoding=\"async\" width=\"673\" height=\"1024\" src=\"https:\/\/sisu.ut.ee\/wp-content\/uploads\/sites\/108\/kerttu_rakke_alar_madisson_vaike-673x1024.jpg\" alt=\"\" class=\"wp-image-6156\" style=\"aspect-ratio:0.6572341396622546;width:253px;height:auto\" title=\"Foto: Alar Madisson\" srcset=\"https:\/\/sisu.ut.ee\/wp-content\/uploads\/sites\/108\/kerttu_rakke_alar_madisson_vaike-673x1024.jpg 673w, https:\/\/sisu.ut.ee\/wp-content\/uploads\/sites\/108\/kerttu_rakke_alar_madisson_vaike-197x300.jpg 197w, https:\/\/sisu.ut.ee\/wp-content\/uploads\/sites\/108\/kerttu_rakke_alar_madisson_vaike-768x1169.jpg 768w, https:\/\/sisu.ut.ee\/wp-content\/uploads\/sites\/108\/kerttu_rakke_alar_madisson_vaike-1009x1536.jpg 1009w, https:\/\/sisu.ut.ee\/wp-content\/uploads\/sites\/108\/kerttu_rakke_alar_madisson_vaike-1345x2048.jpg 1345w, https:\/\/sisu.ut.ee\/wp-content\/uploads\/sites\/108\/kerttu_rakke_alar_madisson_vaike-scaled.jpg 1681w\" sizes=\"auto, (max-width: 673px) 100vw, 673px\"><\/a><\/figure>\n\n\n\n<p>Kerttu Rakke (kodanikunimi Kadi Kuus, 16. IX 1970) on proosakirjanik, 1990. aastate algul esile kerkinud uue kirjanikep\u00f5lvkonna tuntumaid esindajaid.<\/p>\n\n\n\n<p>S\u00fcndis ja \u00f5ppis V\u00f5rus, Tartu \u00dclikoolis eesti filoloogiat ja Eesti Humanitaarinstituudis magistrantuuris semiootikat. Omandanud Eesti Kosmeetikute ja Juuksurite Erakoolis juuksuri elukutse. On mh t\u00f6\u00f6tanud reklaamiagentuurides, teinud kaast\u00f6\u00f6d mitmele ajakirjandusv\u00e4ljaandele, olnud Tartu ajalehe Liivimaa Kroonika reporter, ajalehe P\u00f5lva maakonnalehe Koit kultuuritoimetaja ja Tallinna kesklinna valitsuse avalike suhete n\u00f5unik. Toimetanud vaimsete puuetega inimestele m\u00f5eldud ajakirja Vaimupuu. Eesti Kirjanike Liidu liige aastast 2013. P\u00e4lvis 2002. aastal Eesti N\u00e4item\u00e4nguagentuuri laste- ja noorten\u00e4idendite v\u00f5istlusel II-III preemia n\u00e4idendiga \u201eEma s\u00fcnnip\u00e4ev\u201c.<\/p>\n\n\n\n<p>Kirjanikudeb\u00fc\u00fcdi tegi luulega 1987. aastal ajalehes Noorte H\u00e4\u00e4l, 1989 ilmus Vikerkaares noorte maailma julgetes v\u00e4rvides kujutav jutustus \u201eLet\u2019s go\u201c, mis ilmus pseudon\u00fc\u00fcmi Kerttu Rakke all. Paistis silma otsekohese, sl\u00e4ngi ja vulgarisme kasutava keele ning kuraasikate naistegelaste poolest, mis ilmestavad tema loomingut tervikuna. Postmodernistlikuna m\u00e4\u00e4ratletav proosakogu \u201eKalevipoeg\u201c (2000) on selles osas ilmekas n\u00e4ide, mis intertekstuaalselt viitab Eesti rahvuseeposele, pakkudes samas naturalismi sugemetega sissevaate kaasaegsesse naiste maailma. Rakke on end teadlikult m\u00e4\u00e4ratlenud meelelahutusliku kirjanduse, nn naistekate loojana, kelle teoste tegevustik toimub kaasajas ja tegeleb kaasaja teemadega. Ta on kujutanud nn beibe- ja tibikultuuri, maailma, mida t\u00e4idavad peod, mehed ja (seksi)seiklused. Teda on k\u00f5rvutatud Kaur Kenderi ja <a href=\"https:\/\/sisu.ut.ee\/ewod\/et\/s\/peeter-sauter\/\" data-type=\"page\" data-id=\"7312\">Peeter Sauteriga<\/a>. T\u00fc\u00fcpilisest tibimaailmast v\u00e4ljapoole liigituvad naistegelased romaanis \u201eK\u00fcpsiseparadiis\u201c (2007), mis heidab pilgu kaasaegse Eesti probleemidesse, seades keskmesse elu Tallinna uuselamurajoonis. Mitmetasandilisemaid probleeme vaatleb romaan \u201eH\u00e4bi\u201c (2018), milles vaetakse h\u00e4bitunde k\u00f5ikeh\u00f5lmavat m\u00f5ju \u00fche naise eluk\u00e4igule. Romaan oli Eesti Kultuurkapitali proosaauhinna nominent.<\/p>\n\n\n\n<p>Kerttu Rakke on lugejamenukas, ladus jutustaja ning oskuslik turundaja. Ta oli teleseriaali \u201eKodu keset linna\u201c stsenarist (2003-2006, 2007-2011). Sellest t\u00f6\u00f6kogemusest on ta kirjutanud raamatus \u201eSeitse aastat seebiselt\u201c (2010).<\/p>\n\n\n\n<p><em>A. K.<\/em><\/p>\n\n\n\n<h4 class=\"wp-block-heading\"><br>Raamatud eesti keeles<\/h4>\n\n\n\n<p><em><strong>Romaanid<\/strong><\/em><br><strong>Kolmas printsess<\/strong>. Tallinn: Vastus, 2001, 121 lk.<br><strong>Iluasjake: j\u00e4rg raamatule kolmas printsess<\/strong>. Tallinn: Kadikas, 2002, 142 lk.<br><strong>Susanna ja mina<\/strong>. Tallinn: Kadikas, 2002, 236 lk.<br><strong>K\u00fcpsiseparadiis, ehk, Kaksteist kuud<\/strong>. Tallinn: Kadikas, 2007, 360 lk.\u00a0[2. tr\u00fckk: 2009.]<br><strong>K\u00fcpsiseparadiis 2, ehk, Maskid &amp; maskotid<\/strong>. Tallinn: Mitu Juttu, 2017, 495 lk.<br><strong>H\u00e4bi<\/strong>. Tallinn: Mitu Juttu, 2018, 181 lk.<\/p>\n\n\n\n<p><em><strong>L\u00fchiproosa<\/strong><\/em><br><strong>Kalevipoeg<\/strong>: jutustused. Tallinn: K. Rakke, 2000, 100 lk.<br><strong>Seitse p\u00e4eva<\/strong>: jutustus. Tallinn: K. Kuus, 2000, 96 lk.<br><strong>Mitu juttu<\/strong>. Tallinn: K. Kuus, 2001, 257 lk.<br><strong>Kordustr\u00fckk<\/strong>: jutustused. Tallinn: Kadikas, 2003, 275 lk.<br><strong>Neli lihtsat juttu<\/strong>. Tallinn: Mitu juttu, 2022, 176 lk.<\/p>\n\n\n\n<p><em><strong>Lastekirjandus<\/strong><\/em><br><strong>Ott ja Pilts<\/strong>. Tallinn: Mitu Juttu, 2016, 23 lk.<\/p>\n\n\n\n<p><em><strong>M\u00e4lestused, varia<\/strong><\/em><br><strong>Kodu keset linna: kadunud episoodi k\u00e4sikiri: mis vahepeal juhtus?<\/strong> Tallinn: SL \u00d5htuleht, 2005, 42 lk.<br><strong>Rahatuulutaja. Diana Klasi loo kirja pannud Kerttu Rakke<\/strong>. Tallinn: Kadikas, 2009, 207 lk.<br><strong>Seitse aastat seebiselt: stsenaristi pihtimus<\/strong>. Tallinn: Kadikas, 2010, 207 lk.<br><strong>Pimedusest v\u00e4lja. Janek Muru loo pani kirja Kerttu Rakke<\/strong>. Tallinn: Mitu Juttu, 2015, 268 lk.<\/p>\n","protected":false},"excerpt":{"rendered":"<p>Kerttu Rakke (kodanikunimi Kadi Kuus, 16. IX 1970) on proosakirjanik, 1990. aastate algul esile kerkinud uue kirjanikep\u00f5lvkonna tuntumaid esindajaid. S\u00fcndis ja \u00f5ppis V\u00f5rus, Tartu \u00dclikoolis eesti filoloogiat ja Eesti Humanitaarinstituudis magistrantuuris semiootikat. Omandanud Eesti Kosmeetikute ja Juuksurite Erakoolis juuksuri elukutse. &#8230;<\/p>\n","protected":false},"author":43,"featured_media":0,"parent":6503,"menu_order":0,"comment_status":"closed","ping_status":"closed","template":"","meta":{"_acf_changed":false,"inline_featured_image":false,"footnotes":""},"class_list":["post-9566","page","type-page","status-publish","hentry"],"acf":[],"_links":{"self":[{"href":"https:\/\/sisu.ut.ee\/ewod\/et\/wp-json\/wp\/v2\/pages\/9566","targetHints":{"allow":["GET"]}}],"collection":[{"href":"https:\/\/sisu.ut.ee\/ewod\/et\/wp-json\/wp\/v2\/pages"}],"about":[{"href":"https:\/\/sisu.ut.ee\/ewod\/et\/wp-json\/wp\/v2\/types\/page"}],"author":[{"embeddable":true,"href":"https:\/\/sisu.ut.ee\/ewod\/et\/wp-json\/wp\/v2\/users\/43"}],"replies":[{"embeddable":true,"href":"https:\/\/sisu.ut.ee\/ewod\/et\/wp-json\/wp\/v2\/comments?post=9566"}],"version-history":[{"count":2,"href":"https:\/\/sisu.ut.ee\/ewod\/et\/wp-json\/wp\/v2\/pages\/9566\/revisions"}],"predecessor-version":[{"id":9569,"href":"https:\/\/sisu.ut.ee\/ewod\/et\/wp-json\/wp\/v2\/pages\/9566\/revisions\/9569"}],"up":[{"embeddable":true,"href":"https:\/\/sisu.ut.ee\/ewod\/et\/wp-json\/wp\/v2\/pages\/6503"}],"wp:attachment":[{"href":"https:\/\/sisu.ut.ee\/ewod\/et\/wp-json\/wp\/v2\/media?parent=9566"}],"curies":[{"name":"wp","href":"https:\/\/api.w.org\/{rel}","templated":true}]}}