{"id":9552,"date":"2024-04-03T23:40:15","date_gmt":"2024-04-03T20:40:15","guid":{"rendered":"https:\/\/sisu.ut.ee\/ewod\/?page_id=9552"},"modified":"2026-05-13T16:00:28","modified_gmt":"2026-05-13T13:00:28","slug":"oyvind-rangoy","status":"publish","type":"page","link":"https:\/\/sisu.ut.ee\/ewod\/et\/r\/oyvind-rangoy\/","title":{"rendered":"\u00d8yvind Rang\u00f8y"},"content":{"rendered":"<p>\u00d8yvind Rang\u00f8y (s\u00fcnd. 15. V 1979) on norra t\u00f5lkija ja luuletaja, kes on avaldanud ka algup\u00e4raselt eestikeelset luulet.<\/p>\n\n\n\n<p>Rang\u00f8y on s\u00fcndinud Norras Kristiansundis. Ta \u00f5ppis 2000. aastast alates Tartu \u00dclikoolis eesti ja soome-ugri keeleteadust, l\u00f5petades \u00f5pingud 2007. aastal <em>cum laude<\/em>. Seej\u00e4rel \u00f5ppis ta Norras Volda University College\u2019is magistrantuuris norra <em>nynorsk<\/em>\u2019i kirjakultuuri ja omandas 2012. aastal magistrikraadi. Ta on t\u00f6\u00f6tanud Tartu \u00dclikoolis norra keele ja kirjanduse k\u00fclalislektorina. Rang\u00f8y on Eesti Kirjanike Liidu liige 2018. aastast.<\/p>\n\n\n\n<p>Rang\u00f8y on t\u00f5lkinud norra keelde Eeva Pargi romaani \u201eL\u00f5ks l\u00f5pmatuses\u201c ja Meelis Friedenthali romaani \u201eMesilased\u201c. Ta on t\u00f5lkinud norra keelest eesti keelde norra luuletaja Knut \u00d8deg\u00e5rdi luuletusi. Need luulet\u00f5lked ilmusid 2018. aastal kakskeelses norra-eesti valikkogus \u201eOlin imiku nutt varisenud keldris\u201c. 2019. aasta m\u00e4rtsis avaldati Rang\u00f8y algup\u00e4rast eestikeelset luulet sisaldav luulekogu \u201eSisikond\u201c. Selle luulekogu eest p\u00e4lvis ta samal aastal Betti Alveri deb\u00fc\u00fcdipreemia. Rang\u00f8y teine luuleraamat valmis koost\u00f6\u00f6s Veronika Kivisillaga ja Adam Culleniga ning kannab pealkirja \u201eKolm s\u00f5lme\u201c (2020). Samal aastal ilmus Rang\u00f8y l\u00fchijuttude kogumik \u201eOled ikka veel see poiss. \u00dche lapsep\u00f5lve fragmendid\u201c.<\/p>\n\n\n\n<p><em>L. P.<\/em><\/p>\n\n\n\n<h4 class=\"wp-block-heading\"><br>Raamatud eesti keeles<\/h4>\n\n\n\n<p><strong><em>Luule<\/em><\/strong><br><strong>Sisikond<\/strong>. Tallinn: Vihmakass ja Kakerdaja, 2019. 60 lk.<\/p>\n\n\n\n<p><strong><em>L\u00fchiproosa<\/em><\/strong><br><strong>Oled ikka veel see poiss<\/strong>: \u00fche lapsep\u00f5lve fragmendid. P\u00f5ltsamaa: Seitse S\u00f5lme, 2020. 158 lk.<\/p>\n","protected":false},"excerpt":{"rendered":"<p>\u00d8yvind Rang\u00f8y (s\u00fcnd. 15. V 1979) on norra t\u00f5lkija ja luuletaja, kes on avaldanud ka algup\u00e4raselt eestikeelset luulet. Rang\u00f8y on s\u00fcndinud Norras Kristiansundis. Ta \u00f5ppis 2000. aastast alates Tartu \u00dclikoolis eesti ja soome-ugri keeleteadust, l\u00f5petades \u00f5pingud 2007. aastal cum laude. &#8230;<\/p>\n","protected":false},"author":43,"featured_media":0,"parent":6503,"menu_order":0,"comment_status":"closed","ping_status":"closed","template":"","meta":{"_acf_changed":false,"inline_featured_image":false,"footnotes":""},"class_list":["post-9552","page","type-page","status-publish","hentry"],"acf":[],"_links":{"self":[{"href":"https:\/\/sisu.ut.ee\/ewod\/et\/wp-json\/wp\/v2\/pages\/9552","targetHints":{"allow":["GET"]}}],"collection":[{"href":"https:\/\/sisu.ut.ee\/ewod\/et\/wp-json\/wp\/v2\/pages"}],"about":[{"href":"https:\/\/sisu.ut.ee\/ewod\/et\/wp-json\/wp\/v2\/types\/page"}],"author":[{"embeddable":true,"href":"https:\/\/sisu.ut.ee\/ewod\/et\/wp-json\/wp\/v2\/users\/43"}],"replies":[{"embeddable":true,"href":"https:\/\/sisu.ut.ee\/ewod\/et\/wp-json\/wp\/v2\/comments?post=9552"}],"version-history":[{"count":1,"href":"https:\/\/sisu.ut.ee\/ewod\/et\/wp-json\/wp\/v2\/pages\/9552\/revisions"}],"predecessor-version":[{"id":9553,"href":"https:\/\/sisu.ut.ee\/ewod\/et\/wp-json\/wp\/v2\/pages\/9552\/revisions\/9553"}],"up":[{"embeddable":true,"href":"https:\/\/sisu.ut.ee\/ewod\/et\/wp-json\/wp\/v2\/pages\/6503"}],"wp:attachment":[{"href":"https:\/\/sisu.ut.ee\/ewod\/et\/wp-json\/wp\/v2\/media?parent=9552"}],"curies":[{"name":"wp","href":"https:\/\/api.w.org\/{rel}","templated":true}]}}