{"id":9547,"date":"2024-04-03T23:40:19","date_gmt":"2024-04-03T20:40:19","guid":{"rendered":"https:\/\/sisu.ut.ee\/ewod\/?page_id=9547"},"modified":"2026-05-13T15:54:27","modified_gmt":"2026-05-13T12:54:27","slug":"ain-rannaleet","status":"publish","type":"page","link":"https:\/\/sisu.ut.ee\/ewod\/et\/r\/ain-rannaleet\/","title":{"rendered":"Ain Rannaleet"},"content":{"rendered":"<figure class=\"wp-block-image alignright size-large is-resized\"><a href=\"https:\/\/sisu.ut.ee\/wp-content\/uploads\/sites\/108\/a._rannaleet.jpg\"><img loading=\"lazy\" decoding=\"async\" width=\"700\" height=\"1024\" src=\"https:\/\/sisu.ut.ee\/wp-content\/uploads\/sites\/108\/a._rannaleet-700x1024.jpg\" alt=\"\" class=\"wp-image-6348\" style=\"aspect-ratio:0.6835875318614972;width:212px;height:auto\" srcset=\"https:\/\/sisu.ut.ee\/wp-content\/uploads\/sites\/108\/a._rannaleet-700x1024.jpg 700w, https:\/\/sisu.ut.ee\/wp-content\/uploads\/sites\/108\/a._rannaleet-205x300.jpg 205w, https:\/\/sisu.ut.ee\/wp-content\/uploads\/sites\/108\/a._rannaleet-768x1124.jpg 768w, https:\/\/sisu.ut.ee\/wp-content\/uploads\/sites\/108\/a._rannaleet.jpg 828w\" sizes=\"auto, (max-width: 700px) 100vw, 700px\"><\/a><\/figure>\n\n\n\n<p>Ain Rannaleet (kod n Rudolf Laurent, 25. V\/12. V 1904 \u2013 11. XI 1937 v\u00f5i 13. IX 1943) oli N\u00f5ukogude Liidus elanud eesti luuletaja.<\/p>\n\n\n\n<p>Rannaleet S\u00fcndis Peterburi kubermangus, \u00f5ppis Simiititsas (u 60 km Narvast idas), Petrogradis, sh Herzeni-nimelises Pedagoogilises Instituudis. T\u00f6\u00f6tas mitmel pool \u00f5petajana, tegi eestikeelsetele v\u00e4ljaannetele kaast\u00f6\u00f6d. Ta oli Leningradi Proletaarsete Kirjanike Assotsiatsiooni eesti sektsiooni \u00fcks rajajaid 1926. Arreteeriti Leningradis poliitilistel p\u00f5hjustel 1937. N\u00f5ukogudeaegse ametliku versiooni kohaselt suri Rannaleet vangilaagris aastal 1943. Hilisematel andmetel lasti ta NKVD poolt maha juba 1937. aastal Leningradis.<\/p>\n\n\n\n<p>Esimesed luuletused ilmusid N\u00f5ukogude Venemaa eestikeelses ajakirjanduses. Saavutas olulise koha Venemaa eestikeelsete poeetide seas. Kirjutab revolutsioonilisest v\u00f5itlusest, nt 1905. aasta s\u00fcndmusi kajastav poeem \u201eVeli\u201c (1927), ent silmapaistvam ja l\u00e4bitunnetatum on m\u00e4rgatavate romantiliste allhoovustega loodus- ja koduluule, nt kogu \u201e\u00d5htused k\u00fclad\u201c (1928). Loomingut koondab \u201eLuuletused\u201c (2006).<\/p>\n\n\n\n<p><em>A. K.<\/em><\/p>\n\n\n\n<h4 class=\"wp-block-heading\"><br>Raamatud eesti keeles<\/h4>\n\n\n\n<p><strong><em>Luule<\/em><\/strong><br><strong>Veli<\/strong>: poeem. Leningrad: K\u00fclvaja, 1927, 67 lk.<br><strong>\u00d5htused k\u00fclad<\/strong>: 1924\u20131928 a. loodusl\u00fc\u00fcrika. Leningrad: K\u00fclvaja, 1928, 48 lk.<br><strong>M\u00e4gede harjale<\/strong>. Koostanud Ants Salum. Tallinn: Eesti Raamat, 1978, 87 lk.<br><strong>Luuletused<\/strong>. Koostanud Ants Salum. Habaja: Kentaur, 2006, 192 lk.<\/p>\n","protected":false},"excerpt":{"rendered":"<p>Ain Rannaleet (kod n Rudolf Laurent, 25. V\/12. V 1904 \u2013 11. XI 1937 v\u00f5i 13. IX 1943) oli N\u00f5ukogude Liidus elanud eesti luuletaja. Rannaleet S\u00fcndis Peterburi kubermangus, \u00f5ppis Simiititsas (u 60 km Narvast idas), Petrogradis, sh Herzeni-nimelises Pedagoogilises Instituudis. &#8230;<\/p>\n","protected":false},"author":43,"featured_media":0,"parent":6503,"menu_order":0,"comment_status":"closed","ping_status":"closed","template":"","meta":{"_acf_changed":false,"inline_featured_image":false,"footnotes":""},"class_list":["post-9547","page","type-page","status-publish","hentry"],"acf":[],"_links":{"self":[{"href":"https:\/\/sisu.ut.ee\/ewod\/et\/wp-json\/wp\/v2\/pages\/9547","targetHints":{"allow":["GET"]}}],"collection":[{"href":"https:\/\/sisu.ut.ee\/ewod\/et\/wp-json\/wp\/v2\/pages"}],"about":[{"href":"https:\/\/sisu.ut.ee\/ewod\/et\/wp-json\/wp\/v2\/types\/page"}],"author":[{"embeddable":true,"href":"https:\/\/sisu.ut.ee\/ewod\/et\/wp-json\/wp\/v2\/users\/43"}],"replies":[{"embeddable":true,"href":"https:\/\/sisu.ut.ee\/ewod\/et\/wp-json\/wp\/v2\/comments?post=9547"}],"version-history":[{"count":2,"href":"https:\/\/sisu.ut.ee\/ewod\/et\/wp-json\/wp\/v2\/pages\/9547\/revisions"}],"predecessor-version":[{"id":9550,"href":"https:\/\/sisu.ut.ee\/ewod\/et\/wp-json\/wp\/v2\/pages\/9547\/revisions\/9550"}],"up":[{"embeddable":true,"href":"https:\/\/sisu.ut.ee\/ewod\/et\/wp-json\/wp\/v2\/pages\/6503"}],"wp:attachment":[{"href":"https:\/\/sisu.ut.ee\/ewod\/et\/wp-json\/wp\/v2\/media?parent=9547"}],"curies":[{"name":"wp","href":"https:\/\/api.w.org\/{rel}","templated":true}]}}