{"id":9510,"date":"2024-09-24T15:13:18","date_gmt":"2024-09-24T12:13:18","guid":{"rendered":"https:\/\/sisu.ut.ee\/ewod\/?page_id=9510"},"modified":"2026-05-13T14:03:24","modified_gmt":"2026-05-13T11:03:24","slug":"anu-raud","status":"publish","type":"page","link":"https:\/\/sisu.ut.ee\/ewod\/et\/r\/anu-raud\/","title":{"rendered":"Anu Raud"},"content":{"rendered":"<p>Anu Raud (s\u00fcnd. 10. V 1943) on tekstiilikunstnik, kirjanik ja \u00f5ppej\u00f5ud.<\/p>\n\n\n\n<p>Raud on s\u00fcndinud 10. mail 1943. aastal Moskvas. Ta l\u00f5petas 1961. aastal Tallinna 22. keskkooli. J\u00e4rgmisel aastal astus ta Eesti Riiklikku Kunstiinstituuti, mille l\u00f5petas 1967. aastal tekstiilidisaini erialal.<\/p>\n\n\n\n<p>Aastatel 1967\u20131970 oli Anu Raud rahvakunstimeistrite koondise \u201eUku\u201c kunstnik. Aastatel 1970\u20131972 oli ta Teaduste Akadeemia ajaloo instituudi kunstiajaloo sektori aspirant; aastatel 1972\u20131995 Eesti Kunstiakadeemia vanem\u00f5petaja, dotsent; aastatel 1994\u20132001 Viljandi Kultuurikolled\u017ei professor, talukujunduse ja rahvusliku k\u00e4sit\u00f6\u00f6 eriala alusepanija ning kateedri juhataja; aastatel 2001\u20132006 Eesti Kunstiakadeemia rahvakunsti \u00f5ppetooli professor, alates 2009. aastast emeriitprofessor. Ta on Heimtali koduloomuuseumi arendaja ja hooldaja. Anu Raua ema oli t\u00f5lkija Valda Raud, isa oli kirjanik <a href=\"https:\/\/sisu.ut.ee\/ewod\/et\/r\/mart-raud2\/\" data-type=\"page\" data-id=\"9489\">Mart Raud<\/a>, poolvend oli kirjanik <a href=\"https:\/\/sisu.ut.ee\/ewod\/et\/r\/eno-raud\/\" data-type=\"page\" data-id=\"9501\">Eno Raud<\/a>.<\/p>\n\n\n\n<p>Tekstiilikunstniku t\u00f6\u00f6 k\u00f5rval on Anu Raud kirjutanud mitu raamatut. 1985. aastal ilmus \u201eJutte, muist muinas-, muist muid\u201c. Anu Raua esikkogu h\u00f5lmab valimiku l\u00fchijutte ja miniatuure \u00fcldinimlikel teemadel: headusest, s\u00f5prusest, kunsti- ja loodusearmastusest n\u00fc\u00fcdisaja urbaniseerunud \u00fchiskonna taustal. 2011. aastal ilmus \u201eJuturaamat\u201c, mis sisaldab l\u00fchijutte ja miniatuure kaugemast ja l\u00e4hemast minevikust. Kirjapandus on m\u00f5tlemapanevaid t\u00e4helepanekuid, s\u00fcgavat elutarkust ja avara hingega tunnetatud elu. Teose \u201eKuue ruuduga aken\u201d jutud on kirjutatud p\u00f5hiliselt 2021. aastal. Raamat koosneb t\u00f5estis\u00fcndinud lugudest, autori enda elust. Anu Raua raamatus \u201eHea karjane: jutte loomadest\u201c (2023) leidub kolmk\u00fcmmend juttu loomadest ja lindudest. Nende k\u00f5rval on samav\u00e4\u00e4rsed tegelased ka inimesed. Huumorik\u00fcllase jutukogu lood on kirjutatud 2022. ja 2023. aastal.<\/p>\n\n\n\n<p>Anu Raud valiti 2016. aastal Eesti Teaduste Akadeemia akadeemikuks humanitaar- ja sotsiaalteaduste valdkonnas. Mark Soosaar on teinud temast dokumentaalfilmi \u201eAnu Raud \u2013 elumustrid\u201c (2002) ning Erle Veber filmi \u201eP\u00e4rand. Anu Raud\u201c (2021).<\/p>\n\n\n\n<p><em>L. P.<\/em><\/p>\n\n\n\n<h4 class=\"wp-block-heading\"><br>Raamatud eesti keeles<\/h4>\n\n\n\n<p><strong><em>L\u00fchiproosa<\/em><\/strong><br><strong>Jutte, muist muinas-, muist muid<\/strong>. Tallinn: Eesti Raamat, 1985. 103 lk.<br><strong>Juturaamat<\/strong>. Heimtali (Viljandimaa): A. Raud, 2011. 204 lk.<br><strong>Kuue ruuduga aken<\/strong>: jutukogu. Tallinn: SE&amp;JS, 2022. 206 lk.<br><strong>Hea karjane: jutte loomadest<\/strong>. Tallinn: Kirjastus SE&amp;JS, 2023. 165 lk.<br><strong>\u00d5nnevalajad: jutte<\/strong>. Tallinn: Kirjastus SE&amp;JS, 2025, 108 lk.<\/p>\n\n\n\n<p><em><strong>Lasteraamat<\/strong><\/em><br><strong>P\u00e4evalill ja torupill<\/strong>. Tallinn: Kirjastus SE&amp;JS, 2024, 222 lk.<\/p>\n\n\n\n<p><em><strong>Tekstiilikunst<\/strong><\/em><br>Anu Raud, Anu Kotli. <strong>Kiri kari : raamat kiriloomadest ja kirilindudest<\/strong>. Koostanud Monika Hint. Raudna: Anu Raud, 2025, 148 lk.<br><strong>Kodutuled<\/strong>. Koostanud Ela Tomson. Raudna: Anu Raud, 2025, 79 lk.<\/p>\n","protected":false},"excerpt":{"rendered":"<p>Anu Raud (s\u00fcnd. 10. V 1943) on tekstiilikunstnik, kirjanik ja \u00f5ppej\u00f5ud. Raud on s\u00fcndinud 10. mail 1943. aastal Moskvas. Ta l\u00f5petas 1961. aastal Tallinna 22. keskkooli. J\u00e4rgmisel aastal astus ta Eesti Riiklikku Kunstiinstituuti, mille l\u00f5petas 1967. aastal tekstiilidisaini erialal. Aastatel &#8230;<\/p>\n","protected":false},"author":43,"featured_media":0,"parent":6503,"menu_order":0,"comment_status":"closed","ping_status":"closed","template":"","meta":{"_acf_changed":false,"inline_featured_image":false,"footnotes":""},"class_list":["post-9510","page","type-page","status-publish","hentry"],"acf":[],"_links":{"self":[{"href":"https:\/\/sisu.ut.ee\/ewod\/et\/wp-json\/wp\/v2\/pages\/9510","targetHints":{"allow":["GET"]}}],"collection":[{"href":"https:\/\/sisu.ut.ee\/ewod\/et\/wp-json\/wp\/v2\/pages"}],"about":[{"href":"https:\/\/sisu.ut.ee\/ewod\/et\/wp-json\/wp\/v2\/types\/page"}],"author":[{"embeddable":true,"href":"https:\/\/sisu.ut.ee\/ewod\/et\/wp-json\/wp\/v2\/users\/43"}],"replies":[{"embeddable":true,"href":"https:\/\/sisu.ut.ee\/ewod\/et\/wp-json\/wp\/v2\/comments?post=9510"}],"version-history":[{"count":2,"href":"https:\/\/sisu.ut.ee\/ewod\/et\/wp-json\/wp\/v2\/pages\/9510\/revisions"}],"predecessor-version":[{"id":9513,"href":"https:\/\/sisu.ut.ee\/ewod\/et\/wp-json\/wp\/v2\/pages\/9510\/revisions\/9513"}],"up":[{"embeddable":true,"href":"https:\/\/sisu.ut.ee\/ewod\/et\/wp-json\/wp\/v2\/pages\/6503"}],"wp:attachment":[{"href":"https:\/\/sisu.ut.ee\/ewod\/et\/wp-json\/wp\/v2\/media?parent=9510"}],"curies":[{"name":"wp","href":"https:\/\/api.w.org\/{rel}","templated":true}]}}