{"id":9483,"date":"2024-10-10T15:53:53","date_gmt":"2024-10-10T12:53:53","guid":{"rendered":"https:\/\/sisu.ut.ee\/ewod\/?page_id=9483"},"modified":"2026-05-13T12:48:59","modified_gmt":"2026-05-13T09:48:59","slug":"mart-raud","status":"publish","type":"page","link":"https:\/\/sisu.ut.ee\/ewod\/et\/r\/mart-raud\/","title":{"rendered":"M\u00e4rt Raud"},"content":{"rendered":"<p>M\u00e4rt Raud (pseudon\u00fc\u00fcm T\u00f5nis Migagu, 6. XI 1881 \u2013 11. I 1980) oli haridustegelane, kirjanik, ajakirjanik ja publitsist.<\/p>\n\n\n\n<p>M\u00e4rt Raud s\u00fcndis Kavilda vallas Tartumaal popsi peres. Raud k\u00e4is aastatel 1890\u20131893 Tarvoja k\u00fclakoolis, aastatel 1893\u20131897 Puhja kihelkonnakoolis ja aastatel 1897\u20131901 Tartu \u00d5petajate Seminaris. Aastatel 1909\u20131910 \u00f5ppis ta Tartus Rostovtsevi era\u00fclikooli loodusteaduskonnas. Enne seda oli ta t\u00f6\u00f6tanud kooli\u00f5petajana Vaivara kihelkonnakoolis, Ulvi Samma ministeeriumikoolis ja olnud aastatel 1903\u20131906 Haljala Kalevipoja-nimelise kooli juhataja. Seej\u00e4rel alustas Raud tegevust ajakirjanduses, olles aastatel 1906\u20131907 ajalehe S\u00f5na toimetaja ning aastatel 1906\u20131914 ja 1918. aastal \u00fcks Postimehe toimetajatest.<\/p>\n\n\n\n<p>Esimese maailmas\u00f5ja puhkedes mobiliseeriti Raud Vene armeesse ja s\u00f5ja kolm esimest aastat veetis ta Peterburis tagavarapolgus. Seej\u00e4rel sai temast Eesti rahvusv\u00e4eosade organiseerija, aastatel 1917\u20131918 oli ta Eesti Tagavara Jalav\u00e4epataljoni kortermeister. Vabaduss\u00f5ja ajal tegutses ta s\u00f5jatsensorina, viibides ka Tartu rahu allakirjutamise juures.<\/p>\n\n\n\n<p>Aastatel 1920\u20131922 oli ta P\u00e4rnu Maavalitsuse haridusosakonna juht ning aastatel 1922\u20131934 Viljandimaal ja aastatel 1934\u20131936 P\u00e4rnumaal koolin\u00f5unik. Aastatel 1936\u20131937 oli ta haridusministri haridusn\u00f5unik ja seej\u00e4rel kuni 1940. aastani koolide peainspektor. Et Raud oli \u00fcllitanud religioosselt ja rahvuslikult meelestatud publitsistikat ning olnud Kaitseliidus t\u00f6\u00f6l propagandaosakonnas, siis vallandati ta juba 1940. aasta juunis. Esimesel N\u00f5ukogude okupatsiooniaastal teda siiski ei arreteeritud ning aastatel 1941\u20131942 oli ta koolin\u00f5unik Tartumaal ja aastatel 1942\u20131944 L\u00e4\u00e4nemaal. Seej\u00e4rel siirdus ta Saksamaale.<\/p>\n\n\n\n<p>1948. aastal asus Raud Saksamaalt \u00fcmber Rootsi, kus oli kuni 1956. aastani Eesti Komitee arhiivi ametnik, j\u00e4\u00e4des seej\u00e4rel pensionile. Rootsis elades avaldas ta m\u00e4lestuste k\u00f6iteid ning Jaan T\u00f5nissoni ja Konstantin P\u00e4tsi elulooraamatu \u201eKaks suurt\u201c. Samuti ilmus temalt ajaviiteromaane T\u00f5nis Migagu pseudon\u00fc\u00fcmi all.<\/p>\n\n\n\n<p><em>L. P.<\/em><\/p>\n\n\n\n<h4 class=\"wp-block-heading\"><br>Raamatud eesti keeles<\/h4>\n\n\n\n<p><strong><em>Elulood<\/em><\/strong><br><strong>Kaks suurt: Jaan T\u00f5nisson, Konstantin P\u00e4ts ja nende ajastu<\/strong>. Toronto: Orto, 1953. 349 lk.<\/p>\n\n\n\n<p><em><strong>Romaanid<\/strong><\/em><br>T\u00f5nis Migagu, <strong>Punane hunt<\/strong>. Toronto: Orto, 1951. 254 lk.<br>T\u00f5nis Migagu, <strong>\u00dclekohus ei seisa kotis<\/strong>. Toronto: Orto, 1964. 321 lk.<br>T\u00f5nis Migagu, <strong>Joosep ja Potivari naine<\/strong>. Toronto: Orto, 1969. 328 lk.<br>T\u00f5nis Migagu, <strong>Keset k\u00e4restikku<\/strong>. Toronto: Orto, 1970. 228 lk.<br>T\u00f5nis Migagu, <strong>Nigul Eitea uperpallid<\/strong>. Toronto: Orto, 1971. 237 lk.<br>T\u00f5nis Migagu, <strong>Risti ja r\u00e4sti<\/strong>. Toronto: Orto, 1971. 248 lk.<\/p>\n\n\n\n<p><strong><em>M\u00e4lestused<\/em><\/strong><br><strong>Eesti perekond aegade voolus<\/strong>. Stockholm: EMP, 1961. 229 lk.<br><strong>Sulg ja raamat: m\u00e4lestusi ajaloo p\u00f6\u00f6riaegadest<\/strong>. Lund: Eesti Kirjanike Kooperatiiv, 1962. 303 lk.<br><strong>Eesti kool aegade voolus. koolin\u00f5uniku m\u00e4lestusi. 1<\/strong>. Stockholm: EMP, 1965. 243 lk.<br><strong>Eesti kool aegade voolus. koolin\u00f5uniku m\u00e4lestusi. 2<\/strong>. Stockholm: EMP, 1965. 203 lk.<\/p>\n","protected":false},"excerpt":{"rendered":"<p>M\u00e4rt Raud (pseudon\u00fc\u00fcm T\u00f5nis Migagu, 6. XI 1881 \u2013 11. I 1980) oli haridustegelane, kirjanik, ajakirjanik ja publitsist. M\u00e4rt Raud s\u00fcndis Kavilda vallas Tartumaal popsi peres. Raud k\u00e4is aastatel 1890\u20131893 Tarvoja k\u00fclakoolis, aastatel 1893\u20131897 Puhja kihelkonnakoolis ja aastatel 1897\u20131901 Tartu &#8230;<\/p>\n","protected":false},"author":43,"featured_media":0,"parent":6503,"menu_order":0,"comment_status":"closed","ping_status":"closed","template":"","meta":{"_acf_changed":false,"inline_featured_image":false,"footnotes":""},"class_list":["post-9483","page","type-page","status-publish","hentry"],"acf":[],"_links":{"self":[{"href":"https:\/\/sisu.ut.ee\/ewod\/et\/wp-json\/wp\/v2\/pages\/9483","targetHints":{"allow":["GET"]}}],"collection":[{"href":"https:\/\/sisu.ut.ee\/ewod\/et\/wp-json\/wp\/v2\/pages"}],"about":[{"href":"https:\/\/sisu.ut.ee\/ewod\/et\/wp-json\/wp\/v2\/types\/page"}],"author":[{"embeddable":true,"href":"https:\/\/sisu.ut.ee\/ewod\/et\/wp-json\/wp\/v2\/users\/43"}],"replies":[{"embeddable":true,"href":"https:\/\/sisu.ut.ee\/ewod\/et\/wp-json\/wp\/v2\/comments?post=9483"}],"version-history":[{"count":1,"href":"https:\/\/sisu.ut.ee\/ewod\/et\/wp-json\/wp\/v2\/pages\/9483\/revisions"}],"predecessor-version":[{"id":9484,"href":"https:\/\/sisu.ut.ee\/ewod\/et\/wp-json\/wp\/v2\/pages\/9483\/revisions\/9484"}],"up":[{"embeddable":true,"href":"https:\/\/sisu.ut.ee\/ewod\/et\/wp-json\/wp\/v2\/pages\/6503"}],"wp:attachment":[{"href":"https:\/\/sisu.ut.ee\/ewod\/et\/wp-json\/wp\/v2\/media?parent=9483"}],"curies":[{"name":"wp","href":"https:\/\/api.w.org\/{rel}","templated":true}]}}