{"id":9441,"date":"2024-04-03T23:40:51","date_gmt":"2024-04-03T20:40:51","guid":{"rendered":"https:\/\/sisu.ut.ee\/ewod\/?page_id=9441"},"modified":"2026-05-12T14:17:00","modified_gmt":"2026-05-12T11:17:00","slug":"aive-raudkivi","status":"publish","type":"page","link":"https:\/\/sisu.ut.ee\/ewod\/et\/r\/aive-raudkivi\/","title":{"rendered":"Aive Raudkivi"},"content":{"rendered":"<p>Aive Raudkivi (17. IV 1967-14. XI 2004) oli kirjanik ja t\u00f5lkija.<\/p>\n\n\n\n<p>Tallinnas \u00f5ppinud ning Tartu \u00dclikooli defektoloogiaosakonna l\u00f5petanud Raudkivi haigestus lihashaigusesse m\u00fcasteeniasse, millele lisandunud haigused viisid l\u00f5puks halvatuseni. Elu viimased aastad veetis haiglas hingamisaparaadi all. Suri Tallinnas, maetud Rahum\u00e4e kalmistule.<\/p>\n\n\n\n<p>Raudkivi t\u00f5lkis mitmeid teoseid, ent suurema tuntuse saavutas haiglas \u00fche s\u00f5rmega arvutisse toksitud raamatuga \u201ePilvedesse poodud lind\u201c (2003), mille aluseks on algselt l\u00e4hedastele kirjutatud haigla-kirjad aastatest 2001-2003. \u00dcliraskele olukorrale vaatamata kannavad need positiivset s\u00f5numit, olles avatud k\u00f5igele heale ning \u00f5petades n\u00e4gema pisiasju. S\u00fcgavamate teemak\u00e4sitluste k\u00f5rval on omal kohal ka elujaatav huumor.<\/p>\n\n\n\n<p><em>A. K.<\/em><\/p>\n\n\n\n<h4 class=\"wp-block-heading\"><br>Raamatud eesti keeles<\/h4>\n\n\n\n<p><strong>Pilvedesse poodud lind<\/strong>: 16 kirja haigla-aastatest 2001-2003. Tallinn: Eesti Ekspressi Kirjastus, 2003, 126 lk.<\/p>\n","protected":false},"excerpt":{"rendered":"<p>Aive Raudkivi (17. IV 1967-14. XI 2004) oli kirjanik ja t\u00f5lkija. Tallinnas \u00f5ppinud ning Tartu \u00dclikooli defektoloogiaosakonna l\u00f5petanud Raudkivi haigestus lihashaigusesse m\u00fcasteeniasse, millele lisandunud haigused viisid l\u00f5puks halvatuseni. Elu viimased aastad veetis haiglas hingamisaparaadi all. Suri Tallinnas, maetud Rahum\u00e4e kalmistule. &#8230;<\/p>\n","protected":false},"author":43,"featured_media":0,"parent":6503,"menu_order":0,"comment_status":"closed","ping_status":"closed","template":"","meta":{"_acf_changed":false,"inline_featured_image":false,"footnotes":""},"class_list":["post-9441","page","type-page","status-publish","hentry"],"acf":[],"_links":{"self":[{"href":"https:\/\/sisu.ut.ee\/ewod\/et\/wp-json\/wp\/v2\/pages\/9441","targetHints":{"allow":["GET"]}}],"collection":[{"href":"https:\/\/sisu.ut.ee\/ewod\/et\/wp-json\/wp\/v2\/pages"}],"about":[{"href":"https:\/\/sisu.ut.ee\/ewod\/et\/wp-json\/wp\/v2\/types\/page"}],"author":[{"embeddable":true,"href":"https:\/\/sisu.ut.ee\/ewod\/et\/wp-json\/wp\/v2\/users\/43"}],"replies":[{"embeddable":true,"href":"https:\/\/sisu.ut.ee\/ewod\/et\/wp-json\/wp\/v2\/comments?post=9441"}],"version-history":[{"count":2,"href":"https:\/\/sisu.ut.ee\/ewod\/et\/wp-json\/wp\/v2\/pages\/9441\/revisions"}],"predecessor-version":[{"id":9443,"href":"https:\/\/sisu.ut.ee\/ewod\/et\/wp-json\/wp\/v2\/pages\/9441\/revisions\/9443"}],"up":[{"embeddable":true,"href":"https:\/\/sisu.ut.ee\/ewod\/et\/wp-json\/wp\/v2\/pages\/6503"}],"wp:attachment":[{"href":"https:\/\/sisu.ut.ee\/ewod\/et\/wp-json\/wp\/v2\/media?parent=9441"}],"curies":[{"name":"wp","href":"https:\/\/api.w.org\/{rel}","templated":true}]}}