{"id":9407,"date":"2024-04-03T23:42:38","date_gmt":"2024-04-03T20:42:38","guid":{"rendered":"https:\/\/sisu.ut.ee\/ewod\/?page_id=9407"},"modified":"2026-05-12T12:22:07","modified_gmt":"2026-05-12T09:22:07","slug":"rudolf-reiman","status":"publish","type":"page","link":"https:\/\/sisu.ut.ee\/ewod\/et\/r\/rudolf-reiman\/","title":{"rendered":"Rudolf Reiman"},"content":{"rendered":"<figure class=\"wp-block-image alignright size-large is-resized\"><a href=\"https:\/\/sisu.ut.ee\/wp-content\/uploads\/sites\/108\/rudolf_reiman-scaled.jpg\"><img loading=\"lazy\" decoding=\"async\" width=\"679\" height=\"1024\" src=\"https:\/\/sisu.ut.ee\/wp-content\/uploads\/sites\/108\/rudolf_reiman-679x1024.jpg\" alt=\"\" class=\"wp-image-6296\" style=\"aspect-ratio:0.6630851631794281;width:230px;height:auto\" srcset=\"https:\/\/sisu.ut.ee\/wp-content\/uploads\/sites\/108\/rudolf_reiman-679x1024.jpg 679w, https:\/\/sisu.ut.ee\/wp-content\/uploads\/sites\/108\/rudolf_reiman-199x300.jpg 199w, https:\/\/sisu.ut.ee\/wp-content\/uploads\/sites\/108\/rudolf_reiman-768x1158.jpg 768w, https:\/\/sisu.ut.ee\/wp-content\/uploads\/sites\/108\/rudolf_reiman-1018x1536.jpg 1018w, https:\/\/sisu.ut.ee\/wp-content\/uploads\/sites\/108\/rudolf_reiman-1358x2048.jpg 1358w, https:\/\/sisu.ut.ee\/wp-content\/uploads\/sites\/108\/rudolf_reiman-1920x2896.jpg 1920w, https:\/\/sisu.ut.ee\/wp-content\/uploads\/sites\/108\/rudolf_reiman-scaled.jpg 1697w\" sizes=\"auto, (max-width: 679px) 100vw, 679px\"><\/a><\/figure>\n\n\n\n<p>Rudolf Reiman (ka Reimann, 25. X 1893 \u2013 6. X 1957) oli luuletaja, novelli- ja n\u00e4itekirjanik ning pedagoog. Tema v\u00e4rsse iseloomustab k\u00f5rge tehniline meisterlikkus, kuid ka abstraktsus emotsioonide v\u00e4ljendamises.<\/p>\n\n\n\n<p>Reiman s\u00fcndis Virumaal M\u00f5driku k\u00fclas koolmeistri peres. Aastatel 1905\u20131909 \u00f5ppis Rakvere linnakoolis ja aastatel 1909\u20131910 sama kooli juures pedagoogilistel kursustel, omandades algkooli\u00f5petaja kutse. Kursustel sai tema l\u00e4hedaseks s\u00f5braks tulevane noorsookirjanik J\u00fcri Parij\u00f5gi. Nendel aastatel tegi Rudolf Reiman esimesi kirjanduslikke katseid, mis avaldati ajakirjas Eesti Kodu jm. 1911. aastast alates t\u00f6\u00f6tas ta mitmel pool \u00f5petajana. Aastatel 1922\u20131930 t\u00f6\u00f6tas ta eesti keele \u00f5petajana V\u00f5ru \u00d5petajate Seminaris, hiljem mitme algkooli juhatajana.\u00a0P\u00e4rast 2. maailmas\u00f5da t\u00f6\u00f6tas Reiman Rakvere 2. keskkooli direktorina. Ta loobus koolit\u00f6\u00f6st 1950. aastal tervislikel p\u00f5hjustel.<\/p>\n\n\n\n<p>\u00d5petaja t\u00f6\u00f6 k\u00f5rval tegeles Rudolf Reiman ilukirjandusliku omaloominguga. 1914. aastal, 21-aastasena avaldas ta esimese luulekogu \u201eLambi valgel\u201c. J\u00e4rgnesid luulekogu \u201eVaikus\u201c (1918), poeem \u201eP\u00e4ikeseratas\u201c (1922) ja luulekogu \u201eL\u00e4bi \u00f6\u00f6\u201c (1925). Viimane luulekogu \u201eTalvelaulud 1923\u20131940\u201c j\u00e4i ilmumata.<\/p>\n\n\n\n<p>Reimani esimestes luulekogudes on selgesti n\u00e4ha Noor-Eesti luuletajate, kuid eriti <a href=\"https:\/\/sisu.ut.ee\/ewod\/et\/e\/ernst-enno\/\" data-type=\"page\" data-id=\"6792\">Ernst Enno<\/a> m\u00f5ju. Tema luulet iseloomustavad selle aja uusromantilis-s\u00fcmbolistlikud stiilijooned ning tema luuletused on t\u00e4is modernistlikke ja eksootilisi moes\u00f5nu. Luulevorm on enamasti klassikaline. Ta kirjutas palju sonette ja tertsiine. Luulekogus \u201eL\u00e4bi \u00f6\u00f6\u201c leiduv sonetip\u00e4rg \u201e\u00d6\u00f6laul\u201c on ajalooliselt teine selle \u017eanri esindaja eesti kirjanduses.<\/p>\n\n\n\n<p>Reimani hilisemates luulekogudes t\u00f5usevad esiplaanile autori isiklikud elamused ja l\u00e4bielatu. Luuletajat terve elu saatnud \u00fcksindusetunne annab tooni paljudes luuletustes.<\/p>\n\n\n\n<p>Reiman kirjutas ka l\u00fchiproosat t\u00e4iskasvanutele ja lastele ning m\u00f5ned n\u00e4idendid. Lisaks ilukirjandusele avaldas ta mitu \u00f5pikut, lugemikku ja metoodikak\u00e4siraamatut koolidele.<\/p>\n\n\n\n<p><em>L. P.<\/em><\/p>\n\n\n\n<h4 class=\"wp-block-heading\"><br>Raamatud eesti keeles<\/h4>\n\n\n\n<p><strong><em>Luule<\/em><\/strong><br><strong>Lambi valgel<\/strong>. Jurjev: J. Zirk, 1914. 107 lk.<br><strong>Vaikus<\/strong>: 1915\u20131917. Tartu: J. Zirk, 1918. 64 lk.<br><strong>P\u00e4ikseratas<\/strong>: poeem. V\u00f5ru: Ellai, 1922. 29 lk.<br><strong>L\u00e4bi \u00f6\u00f6<\/strong>: luuletusi 1918\u20131922. V\u00f5ru: V. Pohlak, 1925. 65 lk.<br><strong>Sinivalge \u00f6\u00f6<\/strong>. P\u00e4rnu: Penikoorem, 2014. 55 lk.<\/p>\n\n\n\n<p><strong><em>N\u00e4idendid<\/em><\/strong><br><strong>Painaja<\/strong>: draama 3 aktis. V\u00f5ru: R. Reiman, 1925. 83\u00a0 lk.<br><strong>J\u00f5ulut\u00e4ht<\/strong>: lasten\u00e4idend \u00fches vaatuses. Tartu: Loodus, 1934. 31 lk.<\/p>\n","protected":false},"excerpt":{"rendered":"<p>Rudolf Reiman (ka Reimann, 25. X 1893 \u2013 6. X 1957) oli luuletaja, novelli- ja n\u00e4itekirjanik ning pedagoog. Tema v\u00e4rsse iseloomustab k\u00f5rge tehniline meisterlikkus, kuid ka abstraktsus emotsioonide v\u00e4ljendamises. Reiman s\u00fcndis Virumaal M\u00f5driku k\u00fclas koolmeistri peres. Aastatel 1905\u20131909 \u00f5ppis Rakvere &#8230;<\/p>\n","protected":false},"author":43,"featured_media":0,"parent":6503,"menu_order":0,"comment_status":"closed","ping_status":"closed","template":"","meta":{"_acf_changed":false,"inline_featured_image":false,"footnotes":""},"class_list":["post-9407","page","type-page","status-publish","hentry"],"acf":[],"_links":{"self":[{"href":"https:\/\/sisu.ut.ee\/ewod\/et\/wp-json\/wp\/v2\/pages\/9407","targetHints":{"allow":["GET"]}}],"collection":[{"href":"https:\/\/sisu.ut.ee\/ewod\/et\/wp-json\/wp\/v2\/pages"}],"about":[{"href":"https:\/\/sisu.ut.ee\/ewod\/et\/wp-json\/wp\/v2\/types\/page"}],"author":[{"embeddable":true,"href":"https:\/\/sisu.ut.ee\/ewod\/et\/wp-json\/wp\/v2\/users\/43"}],"replies":[{"embeddable":true,"href":"https:\/\/sisu.ut.ee\/ewod\/et\/wp-json\/wp\/v2\/comments?post=9407"}],"version-history":[{"count":2,"href":"https:\/\/sisu.ut.ee\/ewod\/et\/wp-json\/wp\/v2\/pages\/9407\/revisions"}],"predecessor-version":[{"id":9410,"href":"https:\/\/sisu.ut.ee\/ewod\/et\/wp-json\/wp\/v2\/pages\/9407\/revisions\/9410"}],"up":[{"embeddable":true,"href":"https:\/\/sisu.ut.ee\/ewod\/et\/wp-json\/wp\/v2\/pages\/6503"}],"wp:attachment":[{"href":"https:\/\/sisu.ut.ee\/ewod\/et\/wp-json\/wp\/v2\/media?parent=9407"}],"curies":[{"name":"wp","href":"https:\/\/api.w.org\/{rel}","templated":true}]}}