{"id":9358,"date":"2024-04-03T23:40:23","date_gmt":"2024-04-03T20:40:23","guid":{"rendered":"https:\/\/sisu.ut.ee\/ewod\/?page_id=9358"},"modified":"2026-05-12T09:30:02","modified_gmt":"2026-05-12T06:30:02","slug":"kaur-riismaa","status":"publish","type":"page","link":"https:\/\/sisu.ut.ee\/ewod\/et\/r\/kaur-riismaa\/","title":{"rendered":"Kaur Riismaa"},"content":{"rendered":"<p>Kaur Riismaa (s\u00fcndinud 24. III 1986) on luuletaja, prosaist ja dramaturg.<\/p>\n\n\n\n<p>Riismaa s\u00fcndis ja \u00f5ppis Tartus, semiootikat ja teoloogiat ning vanu keeli Tartu \u00dclikoolis, dramaturgiat Eesti Muusika ja Teatriakadeemia Lavakunstikoolis, ajalugu Tallinna \u00dclikoolis. On Eesti Kirjanike Liidu liige 2013. aastast.<\/p>\n\n\n\n<p>Kirjanduslikke tekste hakkas avaldama esmalt kirjandusportaalides Kloaak ja Poogen, esimene luuletus ilmus tr\u00fckis ajakirjas Eesti Kirik 2006. aastal. Esikkogu \u201eMe hommikud, me p\u00e4evad, \u00f5htud, \u00f6\u00f6d\u201c (2011) p\u00e4lvis t\u00e4helepanu aasta parima deb\u00fc\u00fctkoguna, millele on tunnuslik k\u00fcpsus. Paistab silma elava lugude jutustaja ja karakterite loojana, kasutades ainest Eesti ajaloost. Kriitikas on t\u00f5mmatud paralleele luuletaja ja prosaisti Mats Traadi loomega. Narratiivne, jutustav alge on iseloomulik teistelegi Riismaa luulekogudele, n\u00e4iteks Eesti Kultuurkapitali kirjanduse sihtkapitali aastapreemia p\u00e4lvinud \u201eTeekond p\u00e4eva l\u00f5ppu\u201c (2014) ja \u201eMerimetsa\u201c (2014). Tema v\u00e4rssidele on ka iseloomulik m\u00e4ng rollide ja vaatepunktidega, elav karakteriloome, nt kogu \u201eMetamorfoosid\u201c (2013). Luules on olulisel kohal ajalised r\u00e4nnakud, retked inimelu kulgemise maastikel, m\u00e4lu, ajakajalise ja argise p\u00f5iming igavikulisega.<\/p>\n\n\n\n<p>Luulele iseloomulik empaatilisus ja tundlikkus on tuntav ka proosas, n\u00e4iteks deb\u00fc\u00fctromaanis \u201eP\u00fcham\u00e4gi\u201c (2015), mida on m\u00e4\u00e4ratletud ka kui proosapoeemi. Riismaa \u00e4hmastab luule ja proosa piiri, jutustab siingi lugusid erinevatest tegelastest ajas. Samal aastal ilmunud ja kirjastuse T\u00e4nap\u00e4ev romaaniv\u00f5istluse v\u00f5itnud \u201ePimeda mehe aiad\u201c liigub ajas ja ruumis, kujutades peategelast elu erinevates j\u00e4rkudes. Aja- ja jutuliine p\u00f5imivad ka m\u00f5tteliselt kokku kuuluvad romaanid \u201eV\u00e4ike Ferdinand\u201c (2019, Euroopa kirjanduspreemia nominent) ja \u201eJaanalind, k\u00e4gu, kajakas\u201c (2021), mis liiguvad l\u00e4bi sajandite ajaloo ja filosoofia radadel, k\u00e4sitledes mitmeid Euroopa kultuuri ja teaduse tuumk\u00fcsimusi. Rikkalik, mitmekihiline ja mitmekeelne on ka romaan \u201eLumi Liivimaal\u201c (2022), mis p\u00f5imib nagu eelmisedki romaanid v\u00e4ljam\u00f5eldud ja reaalseid isikuid, pakkudes terve plejaadi teaduse ja kultuuri suurkujusid. Relatiivsusteooriast t\u00f5ukuv romaan pakub nauditavaid aja-, koha- ja tekstide p\u00f5iminguid, nentides muuhulgas, et aeg ja ruum s\u00f5ltuvad vaatlejast, objektiivset ajalugu v\u00f5i t\u00f5de ei ole. Kirjanike Liidu romaaniv\u00f5istluse v\u00f5itnud \u201eV\u00e4sinud valguse teooria\u201d (2025) keskendub Eesti l\u00e4hiajaloo v\u00f5tmes\u00fcndmuste (1997. aasta b\u00f6rsipalavikust koroonapandeemia alguseni 2020. aastal) l\u00e4bielamistele mitme p\u00f5lvkonna hulgas. Rikkalikele aja- ja kultuuriloolistele kihistustele ja viidetele vaatamata on Riismaa tekstid lugejas\u00f5bralikud, v\u00f5imaldades erinevaid l\u00e4henemisi ja pakkudes erinevaid lugemismudeleid.<\/p>\n\n\n\n<p>Riismaa loomingus on olulisel kohal teater, millega ta on seotud juba kooliajast. Ta on olnud tegev Tartu \u00dcli\u00f5pilasteatris ning Drakadeemias, mis keskendub teatrialasele loovkirjutamisele. Eesti Teatri Agentuuri n\u00e4idendiv\u00f5istlusel m\u00e4rgiti 2009. aastal \u00e4ra \u201eTulvavesi vaatama\u201c. Riismaa on koostanud ja lavastanud mitmeid luulekavu, jm lavastusi, olnud dramaturg. Ta v\u00f5itis 2025. aastal Kultuurkapitali esseev\u00f5istluse \u201eEesti kultuuri j\u00e4rgmised 100 aastat\u201d esseega \u201eKuidas me tapsime p\u00fcha\u201d, mille kandis ette 19-aastane tehisaru loodud persona Nora Maria London. Alles hiljem tehti avalikuks, et essee ja persona autoriks oli Kaur Riismaa.<\/p>\n\n\n\n<p>Ta on p\u00e4lvinud stipendiumi \u201eEla ja s\u00e4ra\u201c (2015) ning kirjanikupalga aastatel 2021-2023.<\/p>\n\n\n\n<p><em>A. K.<\/em><\/p>\n\n\n\n<h4 class=\"wp-block-heading\"><br>Raamatud eesti keeles<\/h4>\n\n\n\n<p><strong><em>Romaanid<\/em><\/strong><br><strong>Pimeda mehe aiad<\/strong>. Tallinn: T\u00e4nap\u00e4ev, 2015, 222 lk<br><strong>P\u00fcham\u00e4gi<\/strong>. Luige: Verb, 2015, 109 lk<br><strong>V\u00e4ike Ferdinand<\/strong>. Tallinn: Vihmakass ja Kakerdaja, 2019, 318 lk<br><strong>Jaanalind, k\u00e4gu, kajakas<\/strong>. Tallinn: Vihmakass ja Kakerdaja, 2020, 508 lk<br><strong>Lumi Liivimaal<\/strong>. Tallinn: Vihmakass ja Kakerdaja, 2022, 300 lk<br><strong>V\u00e4sinud valguse teooria<\/strong>. Tallinn: Varrak, 2025, 405 lk<\/p>\n\n\n\n<p><strong><em>Luule<\/em><\/strong><br><strong>Me hommikud, me p\u00e4evad, \u00f5htud, \u00f6\u00f6d<\/strong>. Saarde, P\u00e4rnu: Jumalikud Ilmutused, 2011, 196 lk<br><strong>Rebase matmine<\/strong>. Tallinn: N\u00e4o Kirik, 2012, 111 lk<br><strong>Majus ja majutult: naeru ja yksilduse raamat<\/strong>. Luige: Verb, 2013, 111 lk<br><strong>Metamorfoosid<\/strong>. Saarde, P\u00e4rnu: Jumalikud Ilmutused, 2013, 110 lk<br><strong>Merimetsa<\/strong>. Saarde, P\u00e4rnu: Jumalikud Ilmutused, 2014, 80 lk<br><strong>Teekond p\u00e4eva l\u00f5ppu<\/strong>. Tallinn: N\u00e4o Kirik, 2014, 63 lk<br><strong>Soek\u00fclm<\/strong>. Luige: Verb, 2016, 85 lk<br><strong>Kogemata<\/strong>. Tallinn: Vihmakass ja Kakerdaja, 2018, 51 lk<br><strong>Aknad avanevad taevasse<\/strong>. Tallinn: Vihmakass ja Kakerdaja, 2022, 64 lk<\/p>\n","protected":false},"excerpt":{"rendered":"<p>Kaur Riismaa (s\u00fcndinud 24. III 1986) on luuletaja, prosaist ja dramaturg. Riismaa s\u00fcndis ja \u00f5ppis Tartus, semiootikat ja teoloogiat ning vanu keeli Tartu \u00dclikoolis, dramaturgiat Eesti Muusika ja Teatriakadeemia Lavakunstikoolis, ajalugu Tallinna \u00dclikoolis. On Eesti Kirjanike Liidu liige 2013. aastast. &#8230;<\/p>\n","protected":false},"author":43,"featured_media":0,"parent":6503,"menu_order":0,"comment_status":"closed","ping_status":"closed","template":"","meta":{"_acf_changed":false,"inline_featured_image":false,"footnotes":""},"class_list":["post-9358","page","type-page","status-publish","hentry"],"acf":[],"_links":{"self":[{"href":"https:\/\/sisu.ut.ee\/ewod\/et\/wp-json\/wp\/v2\/pages\/9358","targetHints":{"allow":["GET"]}}],"collection":[{"href":"https:\/\/sisu.ut.ee\/ewod\/et\/wp-json\/wp\/v2\/pages"}],"about":[{"href":"https:\/\/sisu.ut.ee\/ewod\/et\/wp-json\/wp\/v2\/types\/page"}],"author":[{"embeddable":true,"href":"https:\/\/sisu.ut.ee\/ewod\/et\/wp-json\/wp\/v2\/users\/43"}],"replies":[{"embeddable":true,"href":"https:\/\/sisu.ut.ee\/ewod\/et\/wp-json\/wp\/v2\/comments?post=9358"}],"version-history":[{"count":3,"href":"https:\/\/sisu.ut.ee\/ewod\/et\/wp-json\/wp\/v2\/pages\/9358\/revisions"}],"predecessor-version":[{"id":9363,"href":"https:\/\/sisu.ut.ee\/ewod\/et\/wp-json\/wp\/v2\/pages\/9358\/revisions\/9363"}],"up":[{"embeddable":true,"href":"https:\/\/sisu.ut.ee\/ewod\/et\/wp-json\/wp\/v2\/pages\/6503"}],"wp:attachment":[{"href":"https:\/\/sisu.ut.ee\/ewod\/et\/wp-json\/wp\/v2\/media?parent=9358"}],"curies":[{"name":"wp","href":"https:\/\/api.w.org\/{rel}","templated":true}]}}