{"id":9330,"date":"2024-04-03T23:41:40","date_gmt":"2024-04-03T20:41:40","guid":{"rendered":"https:\/\/sisu.ut.ee\/ewod\/?page_id=9330"},"modified":"2026-05-11T13:52:34","modified_gmt":"2026-05-11T10:52:34","slug":"ringo-ringvee","status":"publish","type":"page","link":"https:\/\/sisu.ut.ee\/ewod\/et\/r\/ringo-ringvee\/","title":{"rendered":"Ringo Ringvee"},"content":{"rendered":"<figure class=\"wp-block-image alignright size-large is-resized\"><a href=\"https:\/\/sisu.ut.ee\/wp-content\/uploads\/sites\/108\/721px-ringo_ringvee.jpeg\"><img loading=\"lazy\" decoding=\"async\" width=\"684\" height=\"1024\" src=\"https:\/\/sisu.ut.ee\/wp-content\/uploads\/sites\/108\/721px-ringo_ringvee-684x1024.jpeg\" alt=\"\" class=\"wp-image-6414\" style=\"aspect-ratio:0.6679654733205763;width:200px;height:auto\" title=\"Foto: Eiko Lainj\u00e4rv (Wikipedia)\" srcset=\"https:\/\/sisu.ut.ee\/wp-content\/uploads\/sites\/108\/721px-ringo_ringvee-684x1024.jpeg 684w, https:\/\/sisu.ut.ee\/wp-content\/uploads\/sites\/108\/721px-ringo_ringvee-200x300.jpeg 200w, https:\/\/sisu.ut.ee\/wp-content\/uploads\/sites\/108\/721px-ringo_ringvee.jpeg 721w\" sizes=\"auto, (max-width: 684px) 100vw, 684px\"><\/a><\/figure>\n\n\n\n<p>Ringo Ringvee (s\u00fcnd. 29. I 1968) on usundiloolane, riigiametnik ja kirjanik.<\/p>\n\n\n\n<p>Ringvee on \u00f5ppinud aastatel 1986\u20131991 Eesti Evangeelse Luterliku Kiriku Usuteaduse Instituudis, aastatel 1989\u20131990 Eesti Humanitaarinstituudis ja aastatel 1990\u20131998 Helsingi \u00dclikoolis. Ta kaitses 2011. aastal Tartu \u00dclikoolis doktorikraadi teoloogias. Tema teadust\u00f6\u00f6 p\u00f5hisuunad on \u00fchiskonna sekulariseerumine ning religioon Eestis uusajast t\u00e4nap\u00e4evani. 1999. aastast alates on ta siseministeeriumi usuasjade osakonna n\u00f5unik. Ta on olnud ka usundiloo lektor Tartu \u00dclikoolis, Tallinna \u00dclikoolis, Eesti Kunstiakadeemias, Eesti Metodisti Kiriku Teoloogilises Seminaris ja mujal.<\/p>\n\n\n\n<p>Ringvee deb\u00fcteeris 1989. aastal luulekoguga \u201eLinnud mustm\u00fchisevast majast\u201d, mis ilmus luulekassetis \u201eKassett \u201988\u201d koos <a href=\"https:\/\/sisu.ut.ee\/ewod\/et\/t\/tonu-trubetsky\/\" data-type=\"page\" data-id=\"8383\">T\u00f5nu Trubetsky<\/a>, <a href=\"https:\/\/sisu.ut.ee\/ewod\/et\/s\/karl-martin-sinijarv\/\" data-type=\"page\" data-id=\"8850\">Karl Martin Sinij\u00e4rve<\/a> ja <a href=\"https:\/\/sisu.ut.ee\/ewod\/et\/v\/valjataga\/\" data-type=\"page\" data-id=\"6704\">M\u00e4rt V\u00e4ljataga<\/a> luulekogudega.<\/p>\n\n\n\n<p>Ringvee esimene luulekogu k\u00e4tkeb ekspressionistliku v\u00e4rvinguga l\u00fc\u00fcrikat. Tema teine luulekogu \u201eAken \u00fcmber mere\u201d ilmus 1991. aastal Helsingis 150 eksemplaris. Ringveelt on ilmunud luuletusi ajakirjas Vikerkaar.<\/p>\n\n\n\n<p>Ringo Ringvee proosaraamat \u201eLenni\u201d avaldati 2014. aastal. Raamat koosneb 171 miniatuurset peat\u00fckist. T\u00fchi ruum, mis on j\u00e4etud m\u00f5ttekildude \u00fcmber, v\u00f5imaldab nendel lihtsalt olla. Vabalt voolavad s\u00f5nad ei t\u00e4ida teose lehek\u00fclgi, kuid s\u00fcnnitavad kummalisi ja p\u00f5nevaid seoseid.<\/p>\n\n\n\n<p>Ringvee on reggae-muusika entusiast. Ta on teinud reggaest palju raadiosaateid, korraldanud pidusid ning alates 1998. aastast vedanud \u00fcritustesarja Bashment. Ringvee on usutunnistuselt rastafari.<\/p>\n\n\n\n<p><em>L. P.<\/em><\/p>\n\n\n\n<h4 class=\"wp-block-heading\"><br>Raamatud eesti keeles<\/h4>\n\n\n\n<p><strong><em>Proosa<\/em><\/strong><br><strong>Lenni<\/strong>. Tallinn: Teater NO99, 2014. 166 lk.<\/p>\n\n\n\n<p><strong><em>Luule<\/em><\/strong><br><strong>Linnud mustm\u00fchisevast majast<\/strong>. Tallinn: Eesti Raamat, 1989, 53 lk<br><strong>Aken \u00fcmber mere<\/strong>. Helsinki: 1991. 45 lk.<\/p>\n","protected":false},"excerpt":{"rendered":"<p>Ringo Ringvee (s\u00fcnd. 29. I 1968) on usundiloolane, riigiametnik ja kirjanik. Ringvee on \u00f5ppinud aastatel 1986\u20131991 Eesti Evangeelse Luterliku Kiriku Usuteaduse Instituudis, aastatel 1989\u20131990 Eesti Humanitaarinstituudis ja aastatel 1990\u20131998 Helsingi \u00dclikoolis. Ta kaitses 2011. aastal Tartu \u00dclikoolis doktorikraadi teoloogias. Tema &#8230;<\/p>\n","protected":false},"author":43,"featured_media":0,"parent":6503,"menu_order":0,"comment_status":"closed","ping_status":"closed","template":"","meta":{"_acf_changed":false,"inline_featured_image":false,"footnotes":""},"class_list":["post-9330","page","type-page","status-publish","hentry"],"acf":[],"_links":{"self":[{"href":"https:\/\/sisu.ut.ee\/ewod\/et\/wp-json\/wp\/v2\/pages\/9330","targetHints":{"allow":["GET"]}}],"collection":[{"href":"https:\/\/sisu.ut.ee\/ewod\/et\/wp-json\/wp\/v2\/pages"}],"about":[{"href":"https:\/\/sisu.ut.ee\/ewod\/et\/wp-json\/wp\/v2\/types\/page"}],"author":[{"embeddable":true,"href":"https:\/\/sisu.ut.ee\/ewod\/et\/wp-json\/wp\/v2\/users\/43"}],"replies":[{"embeddable":true,"href":"https:\/\/sisu.ut.ee\/ewod\/et\/wp-json\/wp\/v2\/comments?post=9330"}],"version-history":[{"count":2,"href":"https:\/\/sisu.ut.ee\/ewod\/et\/wp-json\/wp\/v2\/pages\/9330\/revisions"}],"predecessor-version":[{"id":9333,"href":"https:\/\/sisu.ut.ee\/ewod\/et\/wp-json\/wp\/v2\/pages\/9330\/revisions\/9333"}],"up":[{"embeddable":true,"href":"https:\/\/sisu.ut.ee\/ewod\/et\/wp-json\/wp\/v2\/pages\/6503"}],"wp:attachment":[{"href":"https:\/\/sisu.ut.ee\/ewod\/et\/wp-json\/wp\/v2\/media?parent=9330"}],"curies":[{"name":"wp","href":"https:\/\/api.w.org\/{rel}","templated":true}]}}