{"id":9304,"date":"2024-10-10T16:54:42","date_gmt":"2024-10-10T13:54:42","guid":{"rendered":"https:\/\/sisu.ut.ee\/ewod\/?page_id=9304"},"modified":"2026-05-11T12:21:12","modified_gmt":"2026-05-11T09:21:12","slug":"arthur-roose","status":"publish","type":"page","link":"https:\/\/sisu.ut.ee\/ewod\/et\/r\/arthur-roose\/","title":{"rendered":"Arthur Roose"},"content":{"rendered":"<p>Arthur Roose (pseudon\u00fc\u00fcm \u00c4rni Raudoja, 15. VIII 1903\u201319. III 1929) oli proosakirjanik, kriitik ja t\u00f5lkija.<\/p>\n\n\n\n<p>Roose s\u00fcndis Tartus t\u00f6\u00f6lisperekonnas ja \u00f5ppis Hugo Treffneri G\u00fcmnaasiumis, kust pidi n\u00f5rgenenud tervise t\u00f5ttu aastal 1921. aastal lahkuma. Ta hakkas ajalehtedele s\u00f5numeid, arvustusi ja t\u00e4htp\u00e4evaartikleid saatma ning tegutses Tartus kriitikuna, kirjanikuna ja t\u00f5lkijana.<\/p>\n\n\n\n<p>Arthur Roose kuulus 1920. aastate aktiivsete noorte kriitikute p\u00f5lvkonda. Ta oli arvustajana v\u00e4ga viljakas. 1923. aastast alates ilmusid tema retsensioonid ja kirjandusloolised uurimused (n\u00e4iteks <a href=\"https:\/\/sisu.ut.ee\/ewod\/et\/v\/eduard-vilde\/\" data-type=\"page\" data-id=\"7918\">Eduard Vilde<\/a> ja <a href=\"https:\/\/sisu.ut.ee\/ewod\/et\/b\/eduard-bornhohe\/\" data-type=\"page\" data-id=\"7492\">Eduard Bornh\u00f6he<\/a> kohta) peale p\u00e4evalehtede ka ajakirjades Eesti Kirjandus ja Looming. Arthur Roose tulevikuplaanid olid seotud ilukirjandusliku loominguga. 1920. aastatel j\u00f5udsid ilmuda \u00fche t\u00f6\u00f6lisperekonna maailmavaatelisi vastuolusid k\u00e4sitlev jutustus \u201eValimislehed\u201c (1923, ajakirjas Agu) ja aguliteemaline romaan \u201eV\u00f5hrupesa\u201c (1927). Iroonilises laadis kirja pandud romaanis v\u00f5ib aimata s\u00fcmbolismi ja eksistentsialismi m\u00f5jutusi. Aastatel 1924\u20131925 ja 1928. aastal viibis Roose keele\u00f5ppimise eesm\u00e4rgil sugulaste juures Poolas. 1928. aastal hakkasid tal avalduma vaimsed h\u00e4ired. Ta viidi 1929. aasta alguses Tartu n\u00e4rvikliinikusse, kust v\u00e4lja saades ta haigestus kopsup\u00f5letikku ja suri m\u00f5ni p\u00e4ev hiljem.<\/p>\n\n\n\n<p>Roose t\u00f5lkis eesk\u00e4tt poola nobelisti W\u0142adys\u0142aw Reymonti proosat.<\/p>\n\n\n\n<p><em>L. P.<\/em><\/p>\n\n\n\n<h4 class=\"wp-block-heading\"><br>Raamatud eesti keeles<\/h4>\n\n\n\n<p><strong><em>Romaanid<\/em><\/strong><br><strong>W\u00f5hrupesa<\/strong>. Tartu: Noor-Eesti, 1927. 276 lk.<\/p>\n","protected":false},"excerpt":{"rendered":"<p>Arthur Roose (pseudon\u00fc\u00fcm \u00c4rni Raudoja, 15. VIII 1903\u201319. III 1929) oli proosakirjanik, kriitik ja t\u00f5lkija. Roose s\u00fcndis Tartus t\u00f6\u00f6lisperekonnas ja \u00f5ppis Hugo Treffneri G\u00fcmnaasiumis, kust pidi n\u00f5rgenenud tervise t\u00f5ttu aastal 1921. aastal lahkuma. Ta hakkas ajalehtedele s\u00f5numeid, arvustusi ja t\u00e4htp\u00e4evaartikleid &#8230;<\/p>\n","protected":false},"author":43,"featured_media":0,"parent":6503,"menu_order":0,"comment_status":"closed","ping_status":"closed","template":"","meta":{"_acf_changed":false,"inline_featured_image":false,"footnotes":""},"class_list":["post-9304","page","type-page","status-publish","hentry"],"acf":[],"_links":{"self":[{"href":"https:\/\/sisu.ut.ee\/ewod\/et\/wp-json\/wp\/v2\/pages\/9304","targetHints":{"allow":["GET"]}}],"collection":[{"href":"https:\/\/sisu.ut.ee\/ewod\/et\/wp-json\/wp\/v2\/pages"}],"about":[{"href":"https:\/\/sisu.ut.ee\/ewod\/et\/wp-json\/wp\/v2\/types\/page"}],"author":[{"embeddable":true,"href":"https:\/\/sisu.ut.ee\/ewod\/et\/wp-json\/wp\/v2\/users\/43"}],"replies":[{"embeddable":true,"href":"https:\/\/sisu.ut.ee\/ewod\/et\/wp-json\/wp\/v2\/comments?post=9304"}],"version-history":[{"count":2,"href":"https:\/\/sisu.ut.ee\/ewod\/et\/wp-json\/wp\/v2\/pages\/9304\/revisions"}],"predecessor-version":[{"id":9307,"href":"https:\/\/sisu.ut.ee\/ewod\/et\/wp-json\/wp\/v2\/pages\/9304\/revisions\/9307"}],"up":[{"embeddable":true,"href":"https:\/\/sisu.ut.ee\/ewod\/et\/wp-json\/wp\/v2\/pages\/6503"}],"wp:attachment":[{"href":"https:\/\/sisu.ut.ee\/ewod\/et\/wp-json\/wp\/v2\/media?parent=9304"}],"curies":[{"name":"wp","href":"https:\/\/api.w.org\/{rel}","templated":true}]}}