{"id":9298,"date":"2024-04-03T23:40:21","date_gmt":"2024-04-03T20:40:21","guid":{"rendered":"https:\/\/sisu.ut.ee\/ewod\/?page_id=9298"},"modified":"2026-05-11T11:26:40","modified_gmt":"2026-05-11T08:26:40","slug":"jurgen-rooste","status":"publish","type":"page","link":"https:\/\/sisu.ut.ee\/ewod\/et\/r\/jurgen-rooste\/","title":{"rendered":"J\u00fcrgen Rooste"},"content":{"rendered":"<figure class=\"wp-block-image alignright size-large\"><a href=\"https:\/\/sisu.ut.ee\/wp-content\/uploads\/sites\/108\/Jurgen-Rooste_alar_madisson-scaled.jpg\"><img loading=\"lazy\" decoding=\"async\" width=\"1024\" height=\"681\" src=\"https:\/\/sisu.ut.ee\/wp-content\/uploads\/sites\/108\/Jurgen-Rooste_alar_madisson-1024x681.jpg\" alt=\"\" class=\"wp-image-6432\" title=\"Foto: Alar Madisson\" srcset=\"https:\/\/sisu.ut.ee\/wp-content\/uploads\/sites\/108\/Jurgen-Rooste_alar_madisson-1024x681.jpg 1024w, https:\/\/sisu.ut.ee\/wp-content\/uploads\/sites\/108\/Jurgen-Rooste_alar_madisson-300x200.jpg 300w, https:\/\/sisu.ut.ee\/wp-content\/uploads\/sites\/108\/Jurgen-Rooste_alar_madisson-768x511.jpg 768w, https:\/\/sisu.ut.ee\/wp-content\/uploads\/sites\/108\/Jurgen-Rooste_alar_madisson-1536x1022.jpg 1536w, https:\/\/sisu.ut.ee\/wp-content\/uploads\/sites\/108\/Jurgen-Rooste_alar_madisson-2048x1363.jpg 2048w, https:\/\/sisu.ut.ee\/wp-content\/uploads\/sites\/108\/Jurgen-Rooste_alar_madisson-1920x1278.jpg 1920w\" sizes=\"auto, (max-width: 1024px) 100vw, 1024px\"><\/a><\/figure>\n\n\n\n<p>J\u00fcrgen Rooste (s\u00fcndinud 31. juulil 1979) on eesti luuletaja.<\/p>\n\n\n\n<p>Rooste s\u00fcndis Tallinnas. 1997. aastal ta l\u00f5petas Tallinna reaalkooli, 1997\u20132004 \u00f5ppis Tallinna Pedagoogika\u00fclikoolis eesti keelt ja kirjandust, l\u00f5put\u00f6\u00f6 kaitses 2012. aastal. Rooste on t\u00f6\u00f6tanud ajalehe Sirp kirjandus- ja tegevtoimetajana (2002\u20132007), Eesti Instituudi Soome filiaali juhatajana (2007\u20132008), Maalehe kultuuritoimetajana (2012\u20132013), juhtinud projekte Eesti Kirjanike Liidus, teinud luulesaadet Eesti Televisioonis, olnud emakeele\u00f5petaja Rocca al Mare koolis ning aeg-ajalt tegutsenud vabakutselisena. Praegu t\u00f6\u00f6tab Tabasalu g\u00fcmnaasiumis kirjanduse \u00f5petajana. Aastatel 2005\u20132017 kuulus Rooste Sotsiaaldemokraatlikku Erakonda.<\/p>\n\n\n\n<p>Rooste alustas luuletamisega juba kooliajal ning on ise \u00f6elnud, et \u201eMa lihtsalt kirjutan luuletusi, kuigi ma ei tea, kuidas see k\u00e4ib\u201c ning et \u201eminu sees on alati veel \u00fcks neetud luuletus, mis ei lase mul olla\u201c. Aastail 1998\u20132000 kuulus ta kirjanduslikku r\u00fchmitusse Tallinna Noored Tegijad (TNT) ning oli algusest peale tegev kirjandusfestivali \u201eSotsia\u201c korraldamisel. Ka tema luule on suuresti sotsiaalse alatooniga. Ta on olnud eesti kirjanduselus aktiivne, osalenud teistegi kirjanduss\u00fcndmuste eestvedamisel ning kirjandusauhindade jagamisel \u017e\u00fcriiliikmete seas.<\/p>\n\n\n\n<p>Ta on v\u00e4lja andnud \u00fcle 20 luulekogu ning p\u00e4lvinud nende eest ohtralt auhindu: 2000. aastal Betti Alveri auhinna kogu \u201eSonetid\u201c (1999) eest, 2005. ja 2012. aastal Eesti Kultuurkapitali kirjanduse sihtkapitali aastapreemia vastavalt \u201eIlusaks inimeseks\u201c (2005) ning \u201eLaul j\u00e4\u00e4karudest\u201c ja \u201eHiggsi boson\u201c (m\u00f5lemad 2012) eest ning 2012. aastal Tallinna \u00dclikooli kirjandusauhinna \u201eKuidas tappa laulur\u00e4stikut\u201c (2011) eest. 2005 aastal p\u00e4lvis Aasta Rosina auhinna lastejuttude kogumik \u201eRuttu tuttu! Eesti isade unejutte\u201c, milles k\u00fcmne muu autori k\u00f5rval sisaldus ka Rooste lugusid. 2007. aastal aga p\u00e4lvis <a href=\"https:\/\/sisu.ut.ee\/ewod\/et\/t\/friedebert-tuglas\/\" data-type=\"page\" data-id=\"6932\">Friedebert Tuglase<\/a> novelliauhinna \u201ePornofilm ja pudel viina\u201c (ilmunud ajakirjas Vikerkaar 6\/2006).<\/p>\n\n\n\n<p>Rooste on t\u00f5lkinud soome keelest eesti keelde Pentti Saarikoski luulet ning koostanud ja toimetanud teiste noorte eesti luuletajate kogusid ja eesti punkluule kogumiku. Tema enese loomet on t\u00f5lgitud soome ja rootsi keelde.<\/p>\n\n\n\n<p><em>M. K.<\/em><\/p>\n\n\n\n<h4 class=\"wp-block-heading\"><br>Raamatud eesti keeles<\/h4>\n\n\n\n<p><em><strong>Luule<\/strong><\/em><br><strong>Sonetid. <\/strong>Tallinn: Huma, 1999,60 lk<br><strong>Veri valla. <\/strong>Tallinn: Tuum, 2000, 48 lk.<br>J\u00fcrgen Rooste, Asko K\u00fcnnap, Karl Martin Sinij\u00e4rv, <strong>Neid vigu me ei korda. <\/strong>Tallinn: N\u00e4o Kirik, 2000, 64 lk.<br><strong>Lameda taeva all. <\/strong>Tallinn: Pidus\u00f6\u00f6k, 2002, 96 lk.<br>Tandem [Ivar Sild, J\u00fcrgen Rooste], <strong>Pegasus on pisut pervers. <\/strong>Tallinn: Perioodika, Loomingu Raamatukogu, 2002, 72 lk.<br><strong>R\u00f5\u00f5m \u00fchest koledast p\u00e4evast. <\/strong>Tallinn: Tuum, 2003, 64 lk.<br><strong>Ilusaks inimeseks. <\/strong>Tallinn: Verb, 2005, 44 lk.<br>J\u00fcrgen Rooste, Asko K\u00fcnnap, Karl Martin Sinij\u00e4rv, <strong>K\u00fcnnapRoosteSinij\u00e4rv. <\/strong>Tallinn: N\u00e4o Kirik, 2008, 95 lk.<br><strong>Tavaline eesti idioot. <\/strong>P\u00e4rnu: Jumalikud Ilmutused, 2008, 127 lk.<br><strong>21. sajandi armastusluule. <\/strong>Tallinn: Verb, 2008, 62 lk.<br>J\u00fcrgen Rooste, Asko K\u00fcnnap, Karl Martin Sinij\u00e4rv, <strong>Eesti haiku. <\/strong>Tallinn: N\u00e4o Kirik, 2010, 94 lk.<br><strong>Kuidas tappa laulur\u00e4stikut. <\/strong>Tallinn: Verb, 2011, 96 lk.<br><strong>Laul j\u00e4\u00e4karudest. <\/strong>P\u00e4rnu: Jumalikud Ilmutused, 2012, 114 lk.<br><strong>Higgsi Boson. <\/strong>P\u00e4rnu: Jumalikud Ilmutused, 2012, 72 lk.<br>J\u00fcrgen Rooste, Doris Kareva, <strong>Elutants. <\/strong>Tallinn: Verb, 2013, 111 lk.<br><strong>K\u00f5ik t\u00e4navanurkade muusikud. <\/strong>Tallinn: N\u00e4o Kirik, 2013, 112 lk.<br><strong>Suur sume, suur tume. <\/strong>Tallinn: Verb, 2014, 80 lk.<br><strong>Vana hiire laulud. <\/strong>P\u00e4rnu: Jumalikud Ilmutused, 2015, 94 lk.<br><strong>Ideaalne abikaasa. <\/strong>P\u00e4rnu: Jumalikud Ilmutused, 2015,108 lk.<br><strong>Luuledisco ehk alle Leute wollen tanzen<\/strong><em>.<\/em>Tallinn: J\u00fcrgen Rooste, 2016, 74 lk.<br><strong>Onerva ja Eino Leino igavene armastus l\u00e4bi seinasisaliku l\u00e4bi kodutu kassi silma. <\/strong>P\u00e4rnu: Jumalikud Ilmutused, 2017, 112 lk.<br><strong>Veider aeg. <\/strong>Tallinn: (:)kivisildnik, 2018, 82 lk.<br>J\u00fcrgen Rooste, Asko K\u00fcnnap, Karl Martin Sinij\u00e4rv, <strong>Kuradiratas. <\/strong>Tallinn: N\u00e4o Kirik, 2019, 90 lk.<br><strong>Sagittarius A*. <\/strong>Tallinn: Tr\u00fckiviis, 2020, 136 lk.<br><strong>Signaal surnud t\u00e4helt. <\/strong>Tallinn: Tr\u00fckiviis, 2021, 120 lk.<br><strong>Loimurite laul. <\/strong>Tallinn: N\u00e4o Kirik, 2022, 150 lk.<br><strong>Libahundilaul : s\u00f6\u00f6ma-, looma- ja l\u00f6\u00f6maaeg<\/strong>. Tallinn: N\u00e4o Kirik, 2024, 136 lk.<\/p>\n\n\n\n<p><em><strong>Proosa<\/strong><\/em><br><strong>Surm Tallinnas. <\/strong>Tallinn: Tuum, 2018, 128 lk.<\/p>\n\n\n\n<p><em><strong>Lastekirjandus ja \u00f5pikud<\/strong><\/em><br>J\u00fcrgen Rooste, Wimberg, Karl Martin Sinij\u00e4rv, <strong>Kolme p\u00e4kapiku j\u00f5ulud.<\/strong> Tallinn: Huma, 2002, 80 lk.<br>J\u00fcrgen Rooste, Veronika Kivisilla ja Priit Ratassepp, <strong>Lab\u00fcrint I. Kirjanduse \u00f5pik 7. klassile. <\/strong>Tallinn: Avita, 2011, 123 lk.<br>J\u00fcrgen Rooste, Veronika Kivisilla ja Priit Ratassepp, <strong>Lab\u00fcrint II. Kirjanduse \u00f5pik 8. klassile. <\/strong>Tallinn: Avita, 2012, 156 lk.<br><strong>T\u00e4hesadu. Kirke ja J\u00fcrgeni aabits. <\/strong>Tallinn: Koolibri, 2012, 54 lk.<br><strong>Lendrebased ja teised. <\/strong>Tallinn: Reaali Kirjastus, 2017, 45 lk.<br><strong>Kollilood. <\/strong>Tallinn: Tr\u00fckiviis, 2020, 96 lk.<\/p>\n","protected":false},"excerpt":{"rendered":"<p>J\u00fcrgen Rooste (s\u00fcndinud 31. juulil 1979) on eesti luuletaja. Rooste s\u00fcndis Tallinnas. 1997. aastal ta l\u00f5petas Tallinna reaalkooli, 1997\u20132004 \u00f5ppis Tallinna Pedagoogika\u00fclikoolis eesti keelt ja kirjandust, l\u00f5put\u00f6\u00f6 kaitses 2012. aastal. Rooste on t\u00f6\u00f6tanud ajalehe Sirp kirjandus- ja tegevtoimetajana (2002\u20132007), Eesti &#8230;<\/p>\n","protected":false},"author":43,"featured_media":0,"parent":6503,"menu_order":0,"comment_status":"closed","ping_status":"closed","template":"","meta":{"_acf_changed":false,"inline_featured_image":false,"footnotes":""},"class_list":["post-9298","page","type-page","status-publish","hentry"],"acf":[],"_links":{"self":[{"href":"https:\/\/sisu.ut.ee\/ewod\/et\/wp-json\/wp\/v2\/pages\/9298","targetHints":{"allow":["GET"]}}],"collection":[{"href":"https:\/\/sisu.ut.ee\/ewod\/et\/wp-json\/wp\/v2\/pages"}],"about":[{"href":"https:\/\/sisu.ut.ee\/ewod\/et\/wp-json\/wp\/v2\/types\/page"}],"author":[{"embeddable":true,"href":"https:\/\/sisu.ut.ee\/ewod\/et\/wp-json\/wp\/v2\/users\/43"}],"replies":[{"embeddable":true,"href":"https:\/\/sisu.ut.ee\/ewod\/et\/wp-json\/wp\/v2\/comments?post=9298"}],"version-history":[{"count":2,"href":"https:\/\/sisu.ut.ee\/ewod\/et\/wp-json\/wp\/v2\/pages\/9298\/revisions"}],"predecessor-version":[{"id":9302,"href":"https:\/\/sisu.ut.ee\/ewod\/et\/wp-json\/wp\/v2\/pages\/9298\/revisions\/9302"}],"up":[{"embeddable":true,"href":"https:\/\/sisu.ut.ee\/ewod\/et\/wp-json\/wp\/v2\/pages\/6503"}],"wp:attachment":[{"href":"https:\/\/sisu.ut.ee\/ewod\/et\/wp-json\/wp\/v2\/media?parent=9298"}],"curies":[{"name":"wp","href":"https:\/\/api.w.org\/{rel}","templated":true}]}}