{"id":9282,"date":"2024-04-03T23:42:02","date_gmt":"2024-04-03T20:42:02","guid":{"rendered":"https:\/\/sisu.ut.ee\/ewod\/?page_id=9282"},"modified":"2026-05-11T10:57:16","modified_gmt":"2026-05-11T07:57:16","slug":"aarne-ruben","status":"publish","type":"page","link":"https:\/\/sisu.ut.ee\/ewod\/et\/r\/aarne-ruben\/","title":{"rendered":"Aarne Ruben"},"content":{"rendered":"<figure class=\"wp-block-image alignright size-large is-resized\"><a href=\"https:\/\/sisu.ut.ee\/wp-content\/uploads\/sites\/108\/aarne_ruben_alar_madisson.jpg\"><img loading=\"lazy\" decoding=\"async\" width=\"677\" height=\"1024\" src=\"https:\/\/sisu.ut.ee\/wp-content\/uploads\/sites\/108\/aarne_ruben_alar_madisson_vaike-677x1024.jpg\" alt=\"\" class=\"wp-image-6148\" style=\"aspect-ratio:0.6611367929175829;width:225px;height:auto\" title=\"Foto: Alar Madisson\" srcset=\"https:\/\/sisu.ut.ee\/wp-content\/uploads\/sites\/108\/aarne_ruben_alar_madisson_vaike-677x1024.jpg 677w, https:\/\/sisu.ut.ee\/wp-content\/uploads\/sites\/108\/aarne_ruben_alar_madisson_vaike-198x300.jpg 198w, https:\/\/sisu.ut.ee\/wp-content\/uploads\/sites\/108\/aarne_ruben_alar_madisson_vaike-768x1162.jpg 768w, https:\/\/sisu.ut.ee\/wp-content\/uploads\/sites\/108\/aarne_ruben_alar_madisson_vaike-1015x1536.jpg 1015w, https:\/\/sisu.ut.ee\/wp-content\/uploads\/sites\/108\/aarne_ruben_alar_madisson_vaike.jpg 1299w\" sizes=\"auto, (max-width: 677px) 100vw, 677px\"><\/a><\/figure>\n\n\n\n<p>Aarne Ruben (s\u00fcnd. 17. VII 1971) on proosakirjanik ja luuletaja.<\/p>\n\n\n\n<p>Ta s\u00fcndis Tallinnas, l\u00f5petas 1990. aastal Rapla keskkooli ja t\u00f6\u00f6tas p\u00e4rast ajateenistust ajakirjanikuna. Aarne Ruben \u00f5ppis Eesti Humanitaarinstituudis ja l\u00f5petas 2008. aastal Tallinna \u00dclikooli magistrikraadiga kirjandusteaduse erialal; magistrit\u00f6\u00f6 kandis pealkirja \u201cRistikivi ja keskaeg\u201d. 2013. aastal t\u00f6\u00f6tas ta Tampere \u00dclikoolis eesti kirjanduse lektorina. Hiljem on ta t\u00f6\u00f6tanud eesti keele ja kirjanduse \u00f5petajana ja vabakutselise koolitajana.<\/p>\n\n\n\n<p>Ruben deb\u00fcteeris luuletajana 1993. aastal koguga \u201cRaevule\u201d, olles \u00fcks luulekasseti autoritest. 1994. aastal ilmus Rubeni luulekogu \u201eAjakirjanik\u201c. Aarne Ruben on kirjutanud\u00a0novelle ja romaane, millest mitmed p\u00f5hinevad Eesti\u00a020. sajandi\u00a0ajalool. Tema tuntuim teos on romaan \u201eVolta annab kaeblikku vilet\u201c, mis r\u00e4\u00e4gib\u00a01905. aasta Vene revolutsioonist, Leninist\u00a0ja\u00a0dadaistide\u00a0liikumisest\u00a0Z\u00fcrichis. Raamat on t\u00e4is intertekstuaalseid viiteid, teose m\u00e4rks\u00f5nadeks on paroodia, pasti\u0161\u0161 ja anekdoot. Romaan on nauditav intellektuaalsele lugejale, kes tunneb ajaloolisi tegelasi ja raamatu s\u00fcndmusi. Peategelast esitatakse omamoodi rahvusliku arhet\u00fc\u00fcbina: alguses on ta vapper, kuid \u00fcsna lihtsameelne, nagu t\u00f5eline m\u00fc\u00fctiline kangelane, kellest l\u00f5pu poole saab elukogenud mees. Selle teosega\u00a0v\u00f5itis Ruben 2000. aastal Eesti romaaniv\u00f5istlusel esikoha. Samast aastast alates on Ruben Eesti Kirjanike Liidu liige.<\/p>\n\n\n\n<p>Peaaegu k\u00f5ikides teostes \u00fchendab Ruben ajaloolise aine ning v\u00e4ljam\u00f5eldise. \u00a0Ka j\u00e4rgnevates teostes kandub tegevus ajalukku. Romaani \u201eElajas trepi eelastmel\u201c (2004) tegevus toimub 15. sajandil. Alates 1998. aastast on Rubeni novelle avaldatud ajakirjas Looming. Mitmed Rubeni tekstid on liigitatavad ulmekirjanduse alla, n\u00e4iteks romaan \u201cTalvehommiku h\u00e4rmas kindakirjad\u201d (2016).<\/p>\n\n\n\n<p>Rubenilt on ilmunud ajaloolised monograafiad \u201cN\u00f5iaprotsessid Eestis\u201d (2016), \u201cThe Story of Lutheran Sects: In Christ We Speak\u201d (2020), \u201eTallinna turud: petmine ja andmine Tallinna turgudel l\u00e4bi aegade\u201d (2021) ning biograafia \u201cOle vapper, mu kallis! Eda Eikla elu ehk noorus\u201d (2024), kunstihuvilisest koolit\u00fcdrukust Edast (1972-1989), kes sattus poliitiliselt pingelisel 1989. aastal Moskvas n\u00e4itusel k\u00e4ies koos s\u00f5brannaga v\u00e4gistamise ja m\u00f5rva ohvriks. Ruben on avaldanud ka semiootilisi ajalooainelisi teadusartikleid rahvusvahelises ajakirjas Semiotica ja mujal.<\/p>\n\n\n\n<p><em>L. P.<\/em><\/p>\n\n\n\n<h4 class=\"wp-block-heading\"><br>Raamatud eesti keeles<\/h4>\n\n\n\n<p><em><strong>Romaanid<\/strong><\/em><br><strong>Vares-Barbaruse valitsus<\/strong>: ajaloolis-publitsistlik draama. Tallinn: SE&amp;JS, 2001. 246 lk.<br><strong>Volta annab kaeblikku vilet<\/strong>. Tallinn: T\u00e4nap\u00e4ev, 2001. 346 lk.<br><strong>Elajas trepi eelastmel<\/strong>. Tallinn: Tuum, 2004. 237 lk.<br><strong>Kr\u00f6itsi s\u00f5jaaegne vaimulaps<\/strong>. Tallinn: Pegasus, 2008. 454 lk.<br><strong>\u00c4rid kuuliaukudega majades<\/strong>. Tallinn: Eesti Raamat, 2009. 235 lk.<br><strong>Viimne kohtup\u00e4ev<\/strong>. Tallinn: Eesti Raamat, 2010. 150 lk.<br><strong>Ilusast naisest ei saa head muumiat<\/strong>: globaalne p\u00f5nevusromaan. Muraste [Harjumaa]: Randvelt Kirjastus, 2011. 299 lk.<br><strong>P\u00fcstol Waltheriga metsikutes laantes<\/strong>. Tallinn: Eesti Raamat, 2011. 207 lk.<br><strong>Karl Kiilaspea p\u00e4rijad<\/strong>: romaan sellest, kuis \u00fcks r\u00fc\u00fctel oma armsa ratsu tagasi saab. Tartu: Fantaasia, 2013. 200 lk.<br><strong>Sinine soon k\u00e4ttemaksja peas<\/strong>. Tallinn: Eesti Raamat, 2014. 175 lk.<br><strong>Talvehommiku harmas kindakirjad<\/strong>: m\u00f5istatuslik lugu Djatlovi kurust. Tartu: Fantaasia, 2016. 126 lk.<\/p>\n\n\n\n<p><em><strong>L\u00fchiproosa<\/strong><\/em><br><strong>Lugusid Anveltist ja Kingissepast<\/strong>. Tallinn: Eesti Keele Sihtasutus, 2007. 190 lk.<br><strong>\u00d6\u00f6naine valguses ja varjus<\/strong>: kaksteist moraalilugu ajaloost. Tallinn: T\u00e4nap\u00e4ev, 2019. 239 lk.<\/p>\n\n\n\n<p><em><strong>Luule<\/strong><\/em><br><strong>Raevule<\/strong>. Tallinn: Eesti Raamat, 1993. 63 lk.<br><strong>Ajakirjanik<\/strong>. Tallinn: A. Ruben, 1994. 39 lk.<\/p>\n\n\n\n<p><em><strong>Monograafiad, biograafiad<\/strong><\/em><br><strong>Raeapteegi lugu<\/strong>. Tallinn: Revali Raeapteegi Muuseumi \u00dching, 2013. 166 lk.<br><strong>N\u00f5iaprotsessid Eestis<\/strong>. Tallinn: Varrak, 2016. 351 lk.<br><strong>The Story of Lutheran Sects: In Christ We Speak<\/strong>. Newcastle upon Tyne: Cambridge Scholars Publishing, 2020. 110 lk.<br><strong>Tallinna turud: petmine ja andmine Tallinna turgudel l\u00e4bi aegade<\/strong>. Tallinn: T\u00e4nap\u00e4ev, 2021, 240 lk.<br><strong>Ole vapper, mu kallis! Eda Eikla elu ehk noorus<\/strong>. Tartu: Aarne Ruben, 2024, 181 lk.<\/p>\n\n\n\n<p><em><strong>Reisijuht<\/strong><\/em><br><strong>Rooma reisijuht<\/strong>. P\u00f5hjalik teekond Rooma ajaloo ja kultuuri juurde. Tallinn: Go Group, 2012. 335 lk.<\/p>\n","protected":false},"excerpt":{"rendered":"<p>Aarne Ruben (s\u00fcnd. 17. VII 1971) on proosakirjanik ja luuletaja. Ta s\u00fcndis Tallinnas, l\u00f5petas 1990. aastal Rapla keskkooli ja t\u00f6\u00f6tas p\u00e4rast ajateenistust ajakirjanikuna. Aarne Ruben \u00f5ppis Eesti Humanitaarinstituudis ja l\u00f5petas 2008. aastal Tallinna \u00dclikooli magistrikraadiga kirjandusteaduse erialal; magistrit\u00f6\u00f6 kandis pealkirja &#8230;<\/p>\n","protected":false},"author":43,"featured_media":0,"parent":6503,"menu_order":0,"comment_status":"closed","ping_status":"closed","template":"","meta":{"_acf_changed":false,"inline_featured_image":false,"footnotes":""},"class_list":["post-9282","page","type-page","status-publish","hentry"],"acf":[],"_links":{"self":[{"href":"https:\/\/sisu.ut.ee\/ewod\/et\/wp-json\/wp\/v2\/pages\/9282","targetHints":{"allow":["GET"]}}],"collection":[{"href":"https:\/\/sisu.ut.ee\/ewod\/et\/wp-json\/wp\/v2\/pages"}],"about":[{"href":"https:\/\/sisu.ut.ee\/ewod\/et\/wp-json\/wp\/v2\/types\/page"}],"author":[{"embeddable":true,"href":"https:\/\/sisu.ut.ee\/ewod\/et\/wp-json\/wp\/v2\/users\/43"}],"replies":[{"embeddable":true,"href":"https:\/\/sisu.ut.ee\/ewod\/et\/wp-json\/wp\/v2\/comments?post=9282"}],"version-history":[{"count":3,"href":"https:\/\/sisu.ut.ee\/ewod\/et\/wp-json\/wp\/v2\/pages\/9282\/revisions"}],"predecessor-version":[{"id":9288,"href":"https:\/\/sisu.ut.ee\/ewod\/et\/wp-json\/wp\/v2\/pages\/9282\/revisions\/9288"}],"up":[{"embeddable":true,"href":"https:\/\/sisu.ut.ee\/ewod\/et\/wp-json\/wp\/v2\/pages\/6503"}],"wp:attachment":[{"href":"https:\/\/sisu.ut.ee\/ewod\/et\/wp-json\/wp\/v2\/media?parent=9282"}],"curies":[{"name":"wp","href":"https:\/\/api.w.org\/{rel}","templated":true}]}}