{"id":9266,"date":"2024-04-03T23:40:42","date_gmt":"2024-04-03T20:40:42","guid":{"rendered":"https:\/\/sisu.ut.ee\/ewod\/?page_id=9266"},"modified":"2026-05-11T08:52:49","modified_gmt":"2026-05-11T05:52:49","slug":"paul-rummo","status":"publish","type":"page","link":"https:\/\/sisu.ut.ee\/ewod\/et\/r\/paul-rummo\/","title":{"rendered":"Paul Rummo"},"content":{"rendered":"<figure class=\"wp-block-image alignright size-large is-resized\"><a href=\"https:\/\/sisu.ut.ee\/wp-content\/uploads\/sites\/108\/paul_rummo_elmar_kivaste-scaled.jpg\"><img loading=\"lazy\" decoding=\"async\" width=\"676\" height=\"1024\" src=\"https:\/\/sisu.ut.ee\/wp-content\/uploads\/sites\/108\/paul_rummo_elmar_kivaste-676x1024.jpg\" alt=\"\" class=\"wp-image-6096\" style=\"aspect-ratio:0.6601467238949623;width:246px;height:auto\" srcset=\"https:\/\/sisu.ut.ee\/wp-content\/uploads\/sites\/108\/paul_rummo_elmar_kivaste-676x1024.jpg 676w, https:\/\/sisu.ut.ee\/wp-content\/uploads\/sites\/108\/paul_rummo_elmar_kivaste-198x300.jpg 198w, https:\/\/sisu.ut.ee\/wp-content\/uploads\/sites\/108\/paul_rummo_elmar_kivaste-768x1163.jpg 768w, https:\/\/sisu.ut.ee\/wp-content\/uploads\/sites\/108\/paul_rummo_elmar_kivaste-1014x1536.jpg 1014w, https:\/\/sisu.ut.ee\/wp-content\/uploads\/sites\/108\/paul_rummo_elmar_kivaste-1352x2048.jpg 1352w, https:\/\/sisu.ut.ee\/wp-content\/uploads\/sites\/108\/paul_rummo_elmar_kivaste-1920x2908.jpg 1920w, https:\/\/sisu.ut.ee\/wp-content\/uploads\/sites\/108\/paul_rummo_elmar_kivaste-scaled.jpg 1691w\" sizes=\"auto, (max-width: 676px) 100vw, 676px\"><\/a><\/figure>\n\n\n\n<p>Paul Rummo (14. VII 1909 \u2013 28. III 1981) oli luuletaja, n\u00e4itekirjanik ja publitsist.<\/p>\n\n\n\n<p>Ta s\u00fcndis Harjumaal Kehtna vallas Kalbu k\u00fclas taluniku pojana. L\u00f5petas 1930. aastal Tallinna \u00d5petajate Seminari.\u00a0 Oli aastani 1937\u00a0\u00f5petaja, toimetas aastatel 1938\u20131940 ajakirja Meie Noorus.\u00a0Teise maailmas\u00f5ja ajal viibis ta NSV Liidu tagalas. Alates aastast 1943 Kirjanike Liidu liige. Oli aastatel 1948\u20131949 kirjastuse \u201eIlukirjandus ja Kunst\u201c peatoimetaja. T\u00f6\u00f6tas 1958. aastani juhtivates kultuuriametites (Riikliku Kinokeskuse \u00fclem, Estonia teatri\u00a0direktor, ajakirja Teater ja Muusika\u00a0toimetaja). Aastatel 1962\u20131969 tegutses Kirjanike Liidu luulekonsultandina. Tema vend oli \u00f5petaja ning lastekirjanduse edendaja ning t\u00f5lkija Jaan Rummo; tema lapsed on kirjanik ja 60ndate p\u00f5lvkonna luuleklassik <a href=\"https:\/\/sisu.ut.ee\/ewod\/et\/r\/paul-eerik-rummo\/\" data-type=\"page\" data-id=\"9258\">Paul-Eerik Rummo<\/a>, lastekirjanik Mall Johanson ja teatriteadlane Lea Tormis.<\/p>\n\n\n\n<p>Rummo kirjutas 1930. aastatel laste- ja noorsoon\u00e4idendeid, hiljem luulet, ooperilibretosid, publitsistikateoseid ja kirjandusk\u00e4sitlusi. Esimene luulekogu \u201eV\u00f5itlev kodumaa\u201c (1946) koondab antifa\u0161istlikku luulet s\u00f5jap\u00e4evilt. Luuletajana saavutas k\u00fcpsuse koguga \u201eVeerev kivi\u201c (1955). Temalt on ilmunud luulevalimikke ja poeeme ning kolm kirjanduskriitika kogumikku. Tema kriitikatekstides avaldub juurdlev tasakaalukus ja objektiivsuse taotlus.<\/p>\n\n\n\n<p>Rummo on koostanud\u00a0m\u00f5juka antoloogia \u201eEesti luule\u201c (1967) ning mitmeid kirjandusteemalisi koguteoseid ja luulevalimikke.<\/p>\n\n\n\n<p><em>L. P.<\/em><\/p>\n\n\n\n<h4 class=\"wp-block-heading\"><br>Raamatud eesti keeles<\/h4>\n\n\n\n<p><strong><em>Luule<\/em><\/strong><br><strong>V\u00f5itlev kodumaa<\/strong>: v\u00e4rssdokumente 1941\u20131945. Tallinn: Ilukirjandus ja Kunst, 1946. 61 lk.<br><strong>Rahva v\u00f5im<\/strong>: luuletusi ja laule 1946\u20131950. Tallinn: Eesti Riiklik Kirjastus, 1950. 60 lk.<br><strong>Katkuk\u00fclvajad<\/strong>: valik satiirilisi v\u00e4rsse 1942\u20131952. Tallinn: Eesti Riiklik Kirjastus, 1952. 51 lk.<br><strong>Volga\u2013Don: kirjad esimeselt kommunismi suurehituselt<\/strong>: luuletused. Tallinn: Eesti Riiklik Kirjastus, 1953. 48 lk.<br><strong>Kiri Tallinnast<\/strong>. Tallinn: Eesti Riiklik Kirjastus, 1955. 40 lk.<br><strong>Veerev kivi<\/strong>: luuletusi 1951\u20131954. Tallinn: Eesti Riiklik Kirjastus, 1955. 103 lk.<br><strong>Pidup\u00e4eva proloog<\/strong>. Tallinn: Eesti NSV Riiklik Kunstiinstituut, 1960. 15 lk.<br><strong>Proloog ja poeemid<\/strong>. Tallinn: Eesti Riiklik Kirjastus, 1961. 79 lk.<br><strong>Jaak ja taat: jalutusk\u00e4ik j\u00e4rglasega<\/strong>: poeem. Tallinn: Eesti NSV Riiklik Kunstiinstituut, 1965. 20 lk.<br><strong>Katkenud l\u00f5ng<\/strong>: v\u00e4rsivalimik. Tallinn: Eesti Raamat, 1969. 119 lk.<br><strong>Alfred ja Anna<\/strong>: poeem kommentaaridega. Tallinn: Eesti Raamat, 1975. 67 lk.<br><strong>Matkalaul<\/strong>: luuletused ja poeem. Tallinn: Eesti Raamat, 1979. 61 lk.<br><strong>Paul Rummo<\/strong>. Koostanud Paul-Eerik Rummo. Tallinn: Eesti Raamat, 1985, 95 lk. [Sari \u2018V\u00e4ike luuleraamat\u2019.]<\/p>\n\n\n\n<p><strong><em>N\u00e4idendid<\/em><\/strong><br><strong>J\u00f5ulu\u00fcllatus<\/strong>: j\u00f5ulum\u00e4ng kolmes pildis. Tallinn: Eesti Haridusliit, 1935. 40 lk.<br><strong>L\u00f5unatuule eksir\u00e4nnak<\/strong>: kolm vaatust j\u00f5uluseiklusi, tantse ja laule. Tallinn: Eesti Haridusliit, 1936. 41 lk.<br><strong>Tee ellu<\/strong>: noorsoon\u00e4idend kolmes vaatuses vahem\u00e4ngudega. Tallinn: Eesti Haridusliit, 1936. 54 lk.<br><strong>Linnuse saladus<\/strong>: noorsoon\u00e4idend kolmes vaatuses. Tallinn: Eesti Haridusliit, 1938. 47 lk.<br><strong>Pruun katk<\/strong>: n\u00e4idend kolmes vaatuses, seitsmes pildis. Moskva: ENSV Riiklik Kirjastus, 1943. 63 lk.<br><strong>Mahtra s\u00f5da<\/strong>: dramatiseering kuues pildis. Tallinn: Ilukirjandus ja Kunst, 1945. 84 lk.<br><strong>V\u00f5itluse tee<\/strong>: pilte Eesti elust vaba\u00f5hun\u00e4idendina. Tallinn: Eesti Riiklik Kirjastus, 1950. 104 lk.<\/p>\n\n\n\n<p><strong><em>Libretod<\/em><\/strong><br><strong>Tasuleegid<\/strong>: ooper kolmes vaatuses, viies pildis. Muusika Eugen Kapp, tekst Paul Rummo. Tallinn: Ilukirjandus ja Kunst, 1945. 48 lk.<br><strong>Vabaduse laulik<\/strong>: libreto Eugen Kapi ooperile. Tallinn: Eesti Riiklik Kirjastus, 1950. 77 lk.<\/p>\n\n\n\n<p><strong><em>Lastelood<\/em><\/strong><br><strong>Tee ellu<\/strong>: jutt algkoolil\u00f5petajaile. Tallinn: Eesti Noorsotsialistlik Liit, 1932. 15 lk.<br><strong>K\u00e4skjalg Kalle<\/strong>: noorsoojutt J\u00fcri\u00f6\u00f6 \u00fclest\u00f5usu p\u00e4evist. Moskva: ENSV Riiklik Kirjastus, 1943. 23 lk.<br><strong>Linnuse saladus<\/strong>: kaks seiklusmaigulist juttu. Tallinn: Eesti Raamat, 1977. 49 lk.<\/p>\n\n\n\n<p><strong><em>Kriitika<\/em><\/strong><br><strong>Turistina seitsmendas suurriigis<\/strong>: valimik publitsistikat. Tallinn: Eesti Riiklik Kirjastus, 1959. 412 lk.<br><strong>Henrik Visnapuu kolme isamaalaulu j\u00e4lgedel<\/strong>. Tallinn: 1966. 13 lk.<br><strong>Mitme laulu lood<\/strong>: uurimusi, k\u00f5nesid, m\u00e4lestusi. Tallinn: Eesti Raamat, 1969. 208 lk.<br><strong>Kirjat\u00e4he kammitsas<\/strong>: kirjandus- ja kultuuriloolisi uurimusi, esseid, k\u00f5nesid. Tallinn: Eesti Raamat, 1977. 336 lk.<br><strong>\u00dche laulu lugu<\/strong>: laulu \u201eMu isamaa on minu arm\u201c tekkeloost. Tallinn: Eesti Raamat, 1988. 60 lk.<\/p>\n\n\n\n<p><strong><em>Reisikiri<\/em><\/strong><br><strong>Kodumaal r\u00e4nnates<\/strong>: l\u00fchipalu ajalehest \u201eKodumaa\u201c. Tallinn: Kodumaa, 1970. 136 lk.<\/p>\n","protected":false},"excerpt":{"rendered":"<p>Paul Rummo (14. VII 1909 \u2013 28. III 1981) oli luuletaja, n\u00e4itekirjanik ja publitsist. Ta s\u00fcndis Harjumaal Kehtna vallas Kalbu k\u00fclas taluniku pojana. L\u00f5petas 1930. aastal Tallinna \u00d5petajate Seminari.\u00a0 Oli aastani 1937\u00a0\u00f5petaja, toimetas aastatel 1938\u20131940 ajakirja Meie Noorus.\u00a0Teise maailmas\u00f5ja ajal &#8230;<\/p>\n","protected":false},"author":43,"featured_media":0,"parent":6503,"menu_order":0,"comment_status":"closed","ping_status":"closed","template":"","meta":{"_acf_changed":false,"inline_featured_image":false,"footnotes":""},"class_list":["post-9266","page","type-page","status-publish","hentry"],"acf":[],"_links":{"self":[{"href":"https:\/\/sisu.ut.ee\/ewod\/et\/wp-json\/wp\/v2\/pages\/9266","targetHints":{"allow":["GET"]}}],"collection":[{"href":"https:\/\/sisu.ut.ee\/ewod\/et\/wp-json\/wp\/v2\/pages"}],"about":[{"href":"https:\/\/sisu.ut.ee\/ewod\/et\/wp-json\/wp\/v2\/types\/page"}],"author":[{"embeddable":true,"href":"https:\/\/sisu.ut.ee\/ewod\/et\/wp-json\/wp\/v2\/users\/43"}],"replies":[{"embeddable":true,"href":"https:\/\/sisu.ut.ee\/ewod\/et\/wp-json\/wp\/v2\/comments?post=9266"}],"version-history":[{"count":2,"href":"https:\/\/sisu.ut.ee\/ewod\/et\/wp-json\/wp\/v2\/pages\/9266\/revisions"}],"predecessor-version":[{"id":9269,"href":"https:\/\/sisu.ut.ee\/ewod\/et\/wp-json\/wp\/v2\/pages\/9266\/revisions\/9269"}],"up":[{"embeddable":true,"href":"https:\/\/sisu.ut.ee\/ewod\/et\/wp-json\/wp\/v2\/pages\/6503"}],"wp:attachment":[{"href":"https:\/\/sisu.ut.ee\/ewod\/et\/wp-json\/wp\/v2\/media?parent=9266"}],"curies":[{"name":"wp","href":"https:\/\/api.w.org\/{rel}","templated":true}]}}