{"id":9249,"date":"2024-04-03T23:40:07","date_gmt":"2024-04-03T20:40:07","guid":{"rendered":"https:\/\/sisu.ut.ee\/ewod\/?page_id=9249"},"modified":"2026-05-10T15:59:18","modified_gmt":"2026-05-10T12:59:18","slug":"karl-rumor","status":"publish","type":"page","link":"https:\/\/sisu.ut.ee\/ewod\/et\/r\/karl-rumor\/","title":{"rendered":"Karl Rumor"},"content":{"rendered":"<figure class=\"wp-block-image alignright size-large is-resized\"><a href=\"https:\/\/sisu.ut.ee\/wp-content\/uploads\/sites\/108\/karl_rumor_parikas.jpg\"><img loading=\"lazy\" decoding=\"async\" width=\"640\" height=\"1024\" src=\"https:\/\/sisu.ut.ee\/wp-content\/uploads\/sites\/108\/karl_rumor_parikas-640x1024.jpg\" alt=\"\" class=\"wp-image-5982\" style=\"width:254px;height:auto\" title=\"Foto: J. &amp; P. Parikas\" srcset=\"https:\/\/sisu.ut.ee\/wp-content\/uploads\/sites\/108\/karl_rumor_parikas-640x1024.jpg 640w, https:\/\/sisu.ut.ee\/wp-content\/uploads\/sites\/108\/karl_rumor_parikas-188x300.jpg 188w, https:\/\/sisu.ut.ee\/wp-content\/uploads\/sites\/108\/karl_rumor_parikas-768x1228.jpg 768w, https:\/\/sisu.ut.ee\/wp-content\/uploads\/sites\/108\/karl_rumor_parikas-960x1536.jpg 960w, https:\/\/sisu.ut.ee\/wp-content\/uploads\/sites\/108\/karl_rumor_parikas-1281x2048.jpg 1281w, https:\/\/sisu.ut.ee\/wp-content\/uploads\/sites\/108\/karl_rumor_parikas.jpg 1295w\" sizes=\"auto, (max-width: 640px) 100vw, 640px\"><\/a><\/figure>\n\n\n\n<p>Karl Rumor (s\u00fcndinud kui Karl Ast, kasutas ka nimekuju Karl Ast-Rumor v\u00f5i Karl Rumor-Ast, 19.\/7. II 1886 \u2013 9. VII 1971) oli eesti sotsiaaldemokraatlik poliitik ja prosaist, kes on tuntud eesk\u00e4tt oma romaaniga \u201cKrutsifiks\u201d.<\/p>\n\n\n\n<p>S\u00fcndis V\u00f5rumaal Orava vallas P\u00e4evakeste talus. \u00d5ppis Kahkva k\u00fclakoolis, Vastseliina m\u00f5isakoolis, Petseri ministeeriumikoolis ning 1901-1905 Tartus Treffneri g\u00fcmnaasiumis, mida ei l\u00f5petanud. Koos vanema venna Gottlieb Jaan Astiga (hilisema Tallinna linnapeaga) v\u00f5ttis aktiivselt osa 1905. aasta revolutsioonist, 1906 p\u00f5genes Eestist Berliini ja Berni, kuid tuli m\u00f5ne kuu p\u00e4rast salaja tagasi kodumaale ning j\u00e4tkas revolutsioonilist tegevust. 1907 arreteeriti ning m\u00f5isteti vangi, kust vabanes 1910. Reisis 1911-1912 Vahemeremaades ja P\u00f5hja-Aafrikas, alates 1913. aastast t\u00f6\u00f6tas ajakirjanikuna, 1915-1917 s\u00f5jav\u00e4eametnikuna tsaariarmees. 1917 valiti Eesti Maap\u00e4eva saadikuks, propageeris Eesti autonoomiat. Samal aastal kuulus Eesti Sotsiaaldemokraatliku Partei asutajate hulka. Oli Asutava Kogu ja mitme Riigikogu koosseisu liige ning valitsuse liige 1919 ning 1924-1925. 1930. aastatel reisis, elas, t\u00f6\u00f6tas ja tegi \u00e4ri mitmel pool v\u00e4lismaal. 1941-1959 tegutses Eesti Vabariigi konsulina Rio de Janeiros, 1959 pensioneerus ja l\u00e4ks elama Kanadasse, 1961 New Yorki, kus 1971 ka suri. Tema tuhk puistati Hudsoni lahte.<\/p>\n\n\n\n<p>Karl Rumor sai tuntuks oma esimese novellikoguga \u201cS\u00e4\u00e4sed tormis\u201d (1911), mille kirjutas vanglas. Sellele j\u00e4rgnes s\u00fcmbolistlik jutustus \u201cLumiste k\u00f5rguste poole\u201d (1913). 1919-1929 avaldas viis novellikogu \u2013 \u201cTuled s\u00fcgis-\u00f6\u00f6s\u201d, \u201cSiiru-viiruline\u201d, \u201cM\u00fcrgine vili\u201d, \u201cSammud kaduvikku\u201d ja \u201cKui Saara naerab\u201d \u2013 ning s\u00fcmbolistliku n\u00e4idendi \u201cValge naine\u201d. Neis varase perioodi teostes kujunesid juba v\u00e4lja Karl Rumori loomingu p\u00f5hijooned, mis kandusid edasi ka ta hilisloomingusse ning romaani \u201cKrutsifiks\u201d \u2013 juttude tegelased on juhitud pigem tumedate tungide ja destruktiivsete ning seksuaalsete ihade kui kaine m\u00f5istuse poolt. Oluliseks teemaks osutub Rumori jaoks rahvamasside l\u00e4bi ajaloo aina korduv soov lasta endaga manipuleerida \u2013 n\u00f5nda iseenesele halba tehes \u2013 ning karismaatilise liidri soov manipuleerida, ehkki ka too liider ise on pigem teadvustamata j\u00f5udude meelevallas.<\/p>\n\n\n\n<p>Peale 1929. aastat algas Karl Rumori loominguline paus, mille kestel avaldas ta reisikirju, ent ilukirjanduse juurde tagasi j\u00f5udis ta alles aastal 1953, kui ilmus uus jutukogu \u201cUned ja mured\u201d. Kauase t\u00f6\u00f6 viljana s\u00fcndinud romaan \u201cKrutsifiks\u201d ilmus 1960. See m\u00f5jus eesti pagulaste enamikule liialt r\u00e4igena ning oma temaatilise v\u00f5\u00f5rap\u00e4rasuse t\u00f5ttu on j\u00e4\u00e4nud eesti kirjanduse \u00e4\u00e4realale t\u00e4nase p\u00e4evani, ent ometi on \u201cKrutsifiks\u201d j\u00e4rgnevatel aastak\u00fcmnetel osutunud \u00fcheks eesti pagulaskirjanduse tippteoseks. See religioosse fanatismi ning massips\u00fchhoosi \u00e4\u00e4rmusi kujutav romaan esitab ilukirjandusliku versiooni 19. sajandi l\u00f5pul Brasiilias toimunud nn \u201cCanudose s\u00f5jak\u00e4igust\u201d, mille k\u00e4igus puhkes riigi \u00e4\u00e4realadel verine ja ohvriterohke konflikt Brasiilia relvaj\u00f5udude ning religioosse liikumise liikmete vahel, kes olid j\u00e4rgnenud oma vaimsele juhile. \u201cKrutsifiksi\u201d ajalooline ainestik p\u00f5hineb suurel m\u00e4\u00e4ral brasiilia inseneri, ajakirjaniku ja sotsioloogi Euclides da Cunha mahukal dokumentaalromaanil \u201cOs Sert\u00f5es\u201d (1902).<\/p>\n\n\n\n<p>Karl Rumori viimaseks ilukirjanduslikuks teoseks j\u00e4i miniatuurikogu \u201cLiivakella all\u201d (1971). Varem l\u00e4bi elu ateistlikke seisukohti v\u00e4ljendanud autori hilises loomingus on tunda budistlikke m\u00f5jusid.<\/p>\n\n\n\n<p>Karl Rumor-Asti (v\u00f5i Ast-Rumori) nime all ilmusid reisiraamatud \u201cPalava p\u00e4ikese ja fanaatilise usu maal: reisukirjad Tseilonist ja Indiast\u201d (kolmes k\u00f6ites, 1930-1931) ning \u201cAllah ja ta rahvas\u201d (P\u00f5hja-Aafrikast, 1936). Memuaarid \u201cAegade sadestus\u201d oli kavandatud kolmeosalisena, ent j\u00e4id l\u00f5petamata; esimesed kaks osa ilmusid Rootsis 1963-1965. Esimene osa \u201cNoorusmaa\u201d kirjeldab kirjaniku lapsep\u00f5lve ja kooliaega V\u00f5ru- ja Setumaal, teine osa \u201cPunane ja must\u201d annab pildi sajandialguse Tartust ning autori vahetutest revolutsioonielamustest ja maapaost \u0160veitsis. Pooleli j\u00e4\u00e4nud kolmas osa ilmus raamatuna esmakordselt 2004. aastal koos esimese kahe osaga.<\/p>\n\n\n\n<p><em>S. V.<\/em><\/p>\n\n\n\n<h4 class=\"wp-block-heading\"><br>Raamatud eesti keeles<\/h4>\n\n\n\n<p><strong><em>Romaan<\/em><\/strong><br><strong>Krutsifiks<\/strong>: jutustus inimhingede p\u00f5uast ja p\u00f5lemisest. Lund: Eesti Kirjanike Kooperatiiv, 1960, 376 lk. [2. tr\u00fckk: Tallinn: Eesti Raamat, 1989, 349 lk.]<\/p>\n\n\n\n<p><strong><em>L\u00fchiproosa<\/em><\/strong><br><strong>S\u00e4\u00e4sed tormis<\/strong>: Nowellid. Tallinn: Maa, 1911, 120 lk. [Sisu: \u2018Fata Morgana\u2019, \u2018Ait\u00e4h Jeesukesele!\u2019, \u2018V\u00f5\u00f5rsil\u2019, \u2018Surm\u2019, \u2018\u00dcks p\u00fchade-\u00f6\u00f6\u2019, \u2018Fiasco\u2019, \u2018\u00d5de\u2019, \u2018Osata\u2019, \u2018Et aga teaks\u2019. 2. tr\u00fckk: Tartu: Noor-Eesti, 1923, 109 lk, sisaldab lisaks eelmistele veel novelli \u2018Lihav\u00f5tte \u00f6\u00f6l\u2019.]<br><strong>Lumiste k\u00f5rguste poole<\/strong>. Tallinn: Maa, 1913, 117 lk.<br><strong>Tuled s\u00fcgis-\u00f6\u00f6s<\/strong>. Tartu: Odamees, 1919, 140 lk. [Sisu: \u2018Tuled s\u00fcgis\u00f6\u00f6s\u2019, \u2018P\u00f5levad laevad\u2019, \u2018Virmalised\u2019. Esmatr\u00fckk?: Tallinn: Teadus, 1913.]<br><strong>Siiruviiruline<\/strong>: novellid ja vested. Tallinn: Varrak, 1921, 78 lk. [Sisu: \u2018Looduse asi\u2019, \u2018Utopida \u00f5nnetus\u2019, \u2018\u00d5udne leid\u2019, \u2018Hans Nurme\u00e4\u00e4re j\u00f5ulud\u2019, \u2018Vagunis\u2019, \u2018\u00dcts per\u00e4t\u00fc antsak jahihk\u00e4\u00fcmine\u2019, \u2018Ideaalid ja Lieschen\u2019, \u2018Oma ette\u2019, \u2018Pimedus\u2019, \u2018Kandidaatide kevade\u2019, \u2018N\u00e4itsik\u2019, \u2018Viirastused\u2019, \u2018Armastuse p\u00e4rast\u2019, \u2018Nelja silma all\u2019.]<br><strong>M\u00fcrgine wili<\/strong>. Tallinn: T\u00f6\u00f6liste Kirjastuse \u00dchisus, 1926, 114 lk. [Sisu: \u2018P\u00f5geneja\u2019, \u2018Lumises tundras\u2019, \u2018\u00dcrg\u00f6\u00f6\u2019, \u2018Kajak\u2019, \u2018T\u00f5nis Tulver\u2019, \u2018Ummikpimedus\u2019, \u2018Verit\u00e4hised\u2019.]<br><strong>Sammud kaduvikku<\/strong>. Tartu: Noor-Eesti, 1928, 222 lk. [Sisu: \u2018Kuldlind\u2019, \u2018Peeglite vahel\u2019, \u2018Terra incognita\u2019.]<br><strong>Kui Saara naerab<\/strong>. Tartu: Noor-Eesti, 1929, 227 lk. [2. tr\u00fckk: P\u00e4rnu: Ji, 2008, 215 lk. Sisu: \u2018Teelahkmel\u2019, \u2018Koolmeister Sangvars\u2019, \u2018Jutt tollest, kes argip\u00e4eva riietuse all kannab klouni \u00fclikonda\u2019, \u2018Pankrott\u2019, \u2018Perpetuum mobile\u2019, \u2018P\u00fcksid\u2019.]<br><strong>Uned ja mured<\/strong>. Lund: Eesti Kirjanike Kooperatiiv, 1953, 262 lk. [Sisu: \u2018Kerberos\u2019, \u2018Ralf Riskin\u2019, \u2018Vangikoja sise\u00f5ues\u2019, \u2018Sfinks\u2019, \u2018Janis Bulle\u2019, \u2018Uned unetuses\u2019.]<br><strong>Kuldlind<\/strong>. Lund: Eesti Kirjanike Kooperatiiv, 1959, 318 lk. [Sisu: \u2018Kuldlind\u2019, \u2018Peeglite vahel\u2019, \u2018Terra incognita\u2019, \u2018\u00dcrg\u00f6\u00f6\u2019, \u2018Ummikpimedus\u2019, \u2018Verit\u00e4hised\u2019, \u2018Virmalised\u2019.]<br><strong>Tuuleviiul<\/strong>. Lund: Eesti Kirjanike Kooperatiiv, 1962, 299 lk.<br><strong>Liivakella all<\/strong>: miniatuurid. Lund: Eesti Kirjanike Kooperatiiv, 1971, 64 lk. [Sisu: \u2018Poeet r\u00e4ndas\u2019, POOLES VARDAS: \u2018Adagio\u2019, \u2018Igatsus\u2019, \u2018Hilineja\u2019, \u2018Koolibri\u2019, \u2018Illusioon\u2019, \u2018Scherzo\u2019, \u2018N\u00e4kineiu\u2019, \u2018Mustlanna\u2019, \u2018Ootel\u2019, \u2018\u00dcksindus\u2019, \u2018Henrik Visnapuule m\u00f5eldes\u2019, \u2018Millal?\u2019, \u2018Mesilane\u2019, FOORUM: \u2018Kaaren\u2019, \u2018Nimetu\u2019, \u2018Panteon\u2019, \u2018Tobe lugu\u2019, \u2018Jaapanlikku\u2019, \u2018Robaiyat\u2019, \u2018Buddha\u2019, \u2018Anathema\u2019, EILE-T\u00c4NA-HOMME: \u2018Ecce homo\u2019, \u2018Vaakum\u2019, \u2018Tundmatu\u2019, \u2018Tornid\u2019, \u2018Liivaliitene\u2019, \u2018Karavan\u2019, \u2018Pommid\u2019, CUMULUS NIMBUS: \u2018R\u00fcndajad\u2019, \u2018Triumf\u2019, \u2018T\u00e4nap\u00e4ev\u2019, \u2018Finita\u2019, \u2018Neetud\u2019, \u2018Mustad luiged\u2019, \u2018Muumiate laevad\u2019, \u2018Ratsanik ja hobune\u2019, \u2018Vanitas\u2019.]<br><strong>Peeglite vahel<\/strong>. Koostanud ja j\u00e4rels\u00f5na: \u00dclo Tonts. Tallinn: Eesti Raamat, 1991, 362 lk. [Sari \u2018Eesti novellivara\u2019.]<br><strong>P\u00f5levad laevad<\/strong>. Jutustus. J\u00e4rels\u00f5na: Maire Liivamets. Tallinn: Eesti Raamat, 1995, 158 lk.<\/p>\n\n\n\n<p><strong><em>N\u00e4idend<\/em><\/strong><br><strong>Valge naine<\/strong>. Romantiline draama kolmes vaatuses. Tartu: Eesti Kirjanikkude Liit, 1928, 84 lk.<\/p>\n\n\n\n<p><strong><em>Reisikirjad, m\u00e4lestused, artiklid<\/em><\/strong><br>A. Rei, K. Ast, <strong>Mis peab rahwas Asutawalt Kogult n\u00f5udma?<\/strong>. Tallinn: Eesti Sotsialdemokraatlise T\u00f6\u00f6liste Partei Keskkomitee, 1919, 16 lk.<br><strong>Suurim nurjatus t\u00f6\u00f6lisliikumise alal Eestis: P\u00f5llumeestekogude ja kommunistide \u00fchine t\u00e4i sotsialistide kaela. Maaliit, kaitsepolitsei ja kommunistid uut t\u00f6\u00f6liste parteid loomas<\/strong>. Karl Ast\u2019i k\u00f5ne riigikogus 6. juulil 1926. a. Tallinn: \u00dchendus, 1926, 32 lk.<br><strong>Tolliliialdus weskikiwiks rahwa kaelas: h\u00e4daohtlik elukalliduse t\u00f5stmine ja hukkam\u00f5istetaw pearaha wabrikantidele tarwitajate kulul<\/strong>. K. Ast\u2019i tolliwastane k\u00f5ne, peetud riigikogus 9. oktoobril 1929. a. Tallinn: Rahva S\u00f5na, 1929, 51 lk.<br>Karl Rumor-Ast, <strong>Palava p\u00e4ikese ja fanaatilise usu maal: reisukirjad Tseilonist ja Indiast<\/strong>. Tartu: Loodus, 1930-1931, 350 lk (3 osa).<br>K. Ast, <strong>Landesvehri plaanid Eesti vallutamiseks: kuidas Hitleri k\u00e4silased tasandavad teed parunite piitsavalitsusele<\/strong>. Tallinn: [s.n.], 1933, 23 lk.<br>K. Ast-Rumor, <strong>Allah ja ta rahwas: t\u00e4helepanekuid ja elamusi Marokos<\/strong>. Tallinn: Uus Eesti, 1936, 227 lk.<br>Karl Ast Rumor, <strong>Kahe tule vahel: peat\u00fckke eesti rahva iseseisvuse v\u00f5itlusest sakslaste ja venelaste vallutamise p\u00fc\u00fcete vastu<\/strong>. New York: \u00dcleilmline Eesti \u00dching, 1943, 230 lk. [2. tr\u00fckk: Tartu: Tartumaa, 1999, 135 lk.]<br>Karl Ast Rumor, <strong>Aegade sadestus: olusid, iseloomustusi, hinnanguid. I, Noorusmaa<\/strong>. Lund: Eesti Kirjanike Kooperatiiv, 1963, 311 lk. [2. tr\u00fckk: Aegade sadestus: I-III, Tallinn: Eesti Raamat, 2004, 573 lk; 3. tr\u00fckk: Aegade sadestus: I-III, Tallinn: Eesti P\u00e4evaleht, 2010, 511 lk.]<br>Karl Ast Rumor, <strong>Aegade sadestus: olusid, iseloomustusi, hinnanguid. II, Punane ja must<\/strong>. Lund: Eesti Kirjanike Kooperatiiv, 1965, 318 lk. [2. tr\u00fckk: Aegade sadestus: I-III, Tallinn: Eesti Raamat, 2004, 573 lk; 3. tr\u00fckk: Aegade sadestus: I-III, Tallinn: Eesti P\u00e4evaleht, 2010, 511 lk.]<br>Karl Ast Rumor, <strong>Aegade sadestus: olusid, iseloomustusi, hinnanguid. I-III<\/strong>. Toimetanud Hille Lagerspetz; II osa eess\u00f5na: Raimond Kolk; j\u00e4rels\u00f5na: \u00dclo Tonts. Tallinn: Eesti Raamat, 2004, 573 lk. [2. tr\u00fckk: Tallinn: Eesti P\u00e4evaleht, 2010, 511 lk.]<br>Karl Ast Rumor, <strong>Maailma l\u00f5pus<\/strong>. Koostaja Hando Runnel. Tartu: Ilmamaa, 2007, 431 lk. [Sari \u2018Eesti m\u00f5ttelugu\u2019, 74.]<br>Karl Ast Rumor, <strong>L\u00e4\u00e4s \u2013 Ida \u2013 L\u00e4\u00e4s. Maailma l\u00f5pus. II<\/strong>. Koostaja: Hando Runnel. Tartu: Ilmamaa, 2008, 383 lk. [Sari \u2018Eesti m\u00f5ttelugu\u2019, 81.]<br>Karl Ast Rumor, <strong>Tule ja p\u00e4ikese all. Maailma l\u00f5pus. III<\/strong>. Koostaja Hando Runnel. Tartu: Ilmamaa, 2009, 303 lk. [Sari \u2018Eesti m\u00f5ttelugu\u2019, 88.]<br>Friedebert Tuglas, Karl Ast Rumor. <strong>Omnibusega \u00fcmber P\u00f5hja- ja Kesk-Euroopa : v\u00e4ike Skandinaavia reisisaatja<\/strong>. Tallinn: Underi ja Tuglase Kirjanduskeskus, 2021, 216 lk.<\/p>\n","protected":false},"excerpt":{"rendered":"<p>Karl Rumor (s\u00fcndinud kui Karl Ast, kasutas ka nimekuju Karl Ast-Rumor v\u00f5i Karl Rumor-Ast, 19.\/7. II 1886 \u2013 9. VII 1971) oli eesti sotsiaaldemokraatlik poliitik ja prosaist, kes on tuntud eesk\u00e4tt oma romaaniga \u201cKrutsifiks\u201d. S\u00fcndis V\u00f5rumaal Orava vallas P\u00e4evakeste talus. &#8230;<\/p>\n","protected":false},"author":43,"featured_media":0,"parent":6503,"menu_order":0,"comment_status":"closed","ping_status":"closed","template":"","meta":{"_acf_changed":false,"inline_featured_image":false,"footnotes":""},"class_list":["post-9249","page","type-page","status-publish","hentry"],"acf":[],"_links":{"self":[{"href":"https:\/\/sisu.ut.ee\/ewod\/et\/wp-json\/wp\/v2\/pages\/9249","targetHints":{"allow":["GET"]}}],"collection":[{"href":"https:\/\/sisu.ut.ee\/ewod\/et\/wp-json\/wp\/v2\/pages"}],"about":[{"href":"https:\/\/sisu.ut.ee\/ewod\/et\/wp-json\/wp\/v2\/types\/page"}],"author":[{"embeddable":true,"href":"https:\/\/sisu.ut.ee\/ewod\/et\/wp-json\/wp\/v2\/users\/43"}],"replies":[{"embeddable":true,"href":"https:\/\/sisu.ut.ee\/ewod\/et\/wp-json\/wp\/v2\/comments?post=9249"}],"version-history":[{"count":2,"href":"https:\/\/sisu.ut.ee\/ewod\/et\/wp-json\/wp\/v2\/pages\/9249\/revisions"}],"predecessor-version":[{"id":9251,"href":"https:\/\/sisu.ut.ee\/ewod\/et\/wp-json\/wp\/v2\/pages\/9249\/revisions\/9251"}],"up":[{"embeddable":true,"href":"https:\/\/sisu.ut.ee\/ewod\/et\/wp-json\/wp\/v2\/pages\/6503"}],"wp:attachment":[{"href":"https:\/\/sisu.ut.ee\/ewod\/et\/wp-json\/wp\/v2\/media?parent=9249"}],"curies":[{"name":"wp","href":"https:\/\/api.w.org\/{rel}","templated":true}]}}