{"id":9228,"date":"2024-04-03T23:41:37","date_gmt":"2024-04-03T20:41:37","guid":{"rendered":"https:\/\/sisu.ut.ee\/ewod\/?page_id=9228"},"modified":"2026-05-08T15:05:19","modified_gmt":"2026-05-08T12:05:19","slug":"vootele-ruusmaa","status":"publish","type":"page","link":"https:\/\/sisu.ut.ee\/ewod\/et\/r\/vootele-ruusmaa\/","title":{"rendered":"Vootele Ruusmaa"},"content":{"rendered":"<p>Vootele Ruusmaa (s\u00fcndinud 23. III 1988)on helilooja, muusik ja kirjanik.<\/p>\n\n\n\n<p>Ruusmaa on s\u00fcndinud Kohtla-J\u00e4rvel. Alates 12. eluaastast elas ja kasvas ta V\u00f5rumaal. Ruusmaa \u00f5ppis Tartu \u00dclikooli Viljandi kultuuriakadeemias, mille ta l\u00f5petas 2015. aastal d\u017e\u00e4sslaulu erialal. \u00d5pingute ajal hakkas ta huvi tundma etenduskunsti vormide vastu. Ta on ennast t\u00e4iendanud v\u00e4lismaal.<\/p>\n\n\n\n<p><a><\/a> Vootele Ruusmaa kirjutab luuletusi, teeb nendele muusikalisi kujundusi, m\u00e4ngib saateks muusikat ja esitab oma luuletekste. Nii s\u00fcndis 2017. aastal plaat \u201eAudioluule reisip\u00e4evik\u201c.<\/p>\n\n\n\n<p>Vootele Ruusmaa deb\u00fc\u00fctluulekogu \u201eTavaline Don Quijote\u201c oli 2018. aastal Betti Alveri kirjandusauhinna nominent. L\u00fc\u00fcriline teos h\u00f5lmab napis\u00f5nalisi siseelu peegeldusi.<\/p>\n\n\n\n<p>2021. aastal ilmus Ruusmaalt luuleteos \u201ePurgatoorium\u201c, mille eest ta p\u00e4lvis <a href=\"https:\/\/sisu.ut.ee\/ewod\/et\/k\/bernard-kangro\/\" data-type=\"page\" data-id=\"6965\">Bernard Kangro<\/a> kirjandusauhinna. Raamat on intiimne j\u00e4releh\u00fc\u00fce autori m\u00f5ned aastad varem lahkunud isale, V\u00f5rumaa tuntud ajaloolasele Arthur Ruusmaale.<\/p>\n\n\n\n<p>2022. aasta Eesti n\u00e4itekirjanduse arendamise mentorprogrammi raamides toimunud avalikul lugemisel esitasid Theatrumi n\u00e4itlejad Vootele Ruusmaa n\u00e4idendit \u201eSjoo linna uulitsate tuska\u201c. N\u00e4idend r\u00e4\u00e4gib V\u00f5ru linnast ja luuletaja <a href=\"https:\/\/sisu.ut.ee\/ewod\/et\/a\/artur-adson\/\" data-type=\"page\" data-id=\"7031\">Artur Adsonist<\/a>.<\/p>\n\n\n\n<p>Vootele Ruusmaa on \u00f6elnud, et muusika ja kirjandus on tema jaoks visuaalsed: iga lugu v\u00f5i luuletus on impressionistlik pilt. Autorile on loomingus olulised k\u00f5lav\u00e4rv, minimalism, kujundid ja \u00f5hulisus.<\/p>\n\n\n\n<p><em>L. P.<\/em><\/p>\n\n\n\n<h4 class=\"wp-block-heading\"><br>Raamatud eesti keeles<\/h4>\n\n\n\n<p><em><strong>Luule<\/strong><\/em><br><strong>Tavaline don Quijote<\/strong>. Tallinn: Kultuurileht, 2018. 78 lk. [Sari \u2018V\u00e4rske raamat\u2019.]<br><strong>Purgatoorium<\/strong>. Luhametsa: Kaarnakivi seltsi kirjastus, 2021. 39 lk.<br><strong>Kohavahetus<\/strong>. Allikj\u00e4rve: Kaarnakivi seltsi kirjastus, 2023, 55 lk.<\/p>\n\n\n\n<p><\/p>\n","protected":false},"excerpt":{"rendered":"<p>Vootele Ruusmaa (s\u00fcndinud 23. III 1988)on helilooja, muusik ja kirjanik. Ruusmaa on s\u00fcndinud Kohtla-J\u00e4rvel. Alates 12. eluaastast elas ja kasvas ta V\u00f5rumaal. Ruusmaa \u00f5ppis Tartu \u00dclikooli Viljandi kultuuriakadeemias, mille ta l\u00f5petas 2015. aastal d\u017e\u00e4sslaulu erialal. \u00d5pingute ajal hakkas ta huvi &#8230;<\/p>\n","protected":false},"author":43,"featured_media":0,"parent":6503,"menu_order":0,"comment_status":"closed","ping_status":"closed","template":"","meta":{"_acf_changed":false,"inline_featured_image":false,"footnotes":""},"class_list":["post-9228","page","type-page","status-publish","hentry"],"acf":[],"_links":{"self":[{"href":"https:\/\/sisu.ut.ee\/ewod\/et\/wp-json\/wp\/v2\/pages\/9228","targetHints":{"allow":["GET"]}}],"collection":[{"href":"https:\/\/sisu.ut.ee\/ewod\/et\/wp-json\/wp\/v2\/pages"}],"about":[{"href":"https:\/\/sisu.ut.ee\/ewod\/et\/wp-json\/wp\/v2\/types\/page"}],"author":[{"embeddable":true,"href":"https:\/\/sisu.ut.ee\/ewod\/et\/wp-json\/wp\/v2\/users\/43"}],"replies":[{"embeddable":true,"href":"https:\/\/sisu.ut.ee\/ewod\/et\/wp-json\/wp\/v2\/comments?post=9228"}],"version-history":[{"count":1,"href":"https:\/\/sisu.ut.ee\/ewod\/et\/wp-json\/wp\/v2\/pages\/9228\/revisions"}],"predecessor-version":[{"id":9229,"href":"https:\/\/sisu.ut.ee\/ewod\/et\/wp-json\/wp\/v2\/pages\/9228\/revisions\/9229"}],"up":[{"embeddable":true,"href":"https:\/\/sisu.ut.ee\/ewod\/et\/wp-json\/wp\/v2\/pages\/6503"}],"wp:attachment":[{"href":"https:\/\/sisu.ut.ee\/ewod\/et\/wp-json\/wp\/v2\/media?parent=9228"}],"curies":[{"name":"wp","href":"https:\/\/api.w.org\/{rel}","templated":true}]}}