{"id":9209,"date":"2024-09-10T18:54:53","date_gmt":"2024-09-10T15:54:53","guid":{"rendered":"https:\/\/sisu.ut.ee\/ewod\/?page_id=9209"},"modified":"2026-05-08T14:15:39","modified_gmt":"2026-05-08T11:15:39","slug":"lauri-rapp","status":"publish","type":"page","link":"https:\/\/sisu.ut.ee\/ewod\/et\/r\/lauri-rapp\/","title":{"rendered":"Lauri R\u00e4pp"},"content":{"rendered":"<p>Lauri R\u00e4pp (9.05.1977) on turundaja, <em>copywriter<\/em>, luuletaja ning prosaist<em>.<\/em><\/p>\n\n\n\n<p>R\u00e4pp s\u00fcndis ja k\u00e4is koolis Tartus. Ta \u00f5ppis \u00e4rijuhtimist Tartu \u00dclikoolis, kust omandas magistrikraadi turunduses.<\/p>\n\n\n\n<p>Laiemale avalikkusele sai R\u00e4pp tuntuks esikluulekoguga \u201eLihtsate asjade t\u00e4htsus, t\u00e4htsate asjade lihtsus\u201c (2021), mis paistab silma lihtsas ja \u00fcldarusaadavas keeles sedastatud t\u00e4hendustega elust ja olemisest, pakkudes samastumisv\u00f5imalust ning olles loetav poeetilises vormis eneseabiraamatuna. Luulekogus on esiplaanil linnakeskkond, linnale on keskendunud ka \u201eLinn on minu: Tartu tahavaatepeeglis\u201c (2016) ja \u201eMinu Tartu\u201c (2019), mis heidavad pilgu autori lapse- ja noorusp\u00f5lveaegsesse (n\u00f5ukaaegsesse) linna. Autori r\u00e4nnakuid kaardistavad reisiraamatud \u201eSee ei ole minu Kuuba\u201c (2015) ja \u201eMaailma l\u00f5pus on kohvik\u201c (2018).<\/p>\n\n\n\n<p>R\u00e4pp on koostanud kogumiku \u201eAjatu puudutus. 120 luuletust inimeseks olemisest\u201c (2023), milles lisaks erinevate autorite tekstidele on R\u00e4pi enda m\u00f5tisklevad vahepalad. Ta on kirjutanud laulus\u00f5nu ja lasten\u00e4idendi \u201eMarakratt ja kesk\u00f6ine raamatukogu\u201c.<\/p>\n\n\n\n<p><em>A. K.<\/em><\/p>\n\n\n\n<h4 class=\"wp-block-heading\"><br>Raamatud eesti keeles<\/h4>\n\n\n\n<p><strong><em>Luule<\/em><\/strong><br><strong>Lihtsate asjade t\u00e4htsus, t\u00e4htsate asjade lihtsus<\/strong>. Tallinn: Rahva Raamat, 2021, 255 lk<\/p>\n\n\n\n<p><em><strong>Proosa<\/strong><\/em><br><strong>Linn on minu: Tartu tahavaatepeeglis<\/strong>. Tallinn: ITI, 2016, 203 lk<br><strong>Minu Tartu<\/strong>. Tartu: Petrone Print, 2019, 255 lk<br><strong>Elatud eilsete ja elamata homsete vahel<\/strong>. Tallinn: Rahva Raamat, 2024, 231 lk.<br><strong>Armukese p\u00e4evik : armastades kummitust<\/strong>. Tallinn: T\u00e4nap\u00e4ev, 2025, 215 lk.<\/p>\n\n\n\n<p><strong><em>Reisikirjad<\/em><\/strong><br><strong>See ei ole minu Kuuba<\/strong>. Tallinn: Tammerraamat, 2015, 257 lk<br><strong>Maailma l\u00f5pus on kohvik<\/strong>. Tallinn: Rahva Raamat, 2018, 191 lk<\/p>\n\n\n\n<p><strong><em>Varia<\/em><\/strong><br><strong>Meie Tartu : mitu linna mahub \u00fchte linna?<\/strong>. Tartu: Tartu Linnamuuseum, 2024, 144 lk. [N\u00e4itusega kaasnenud raamat.]<\/p>\n","protected":false},"excerpt":{"rendered":"<p>Lauri R\u00e4pp (9.05.1977) on turundaja, copywriter, luuletaja ning prosaist. R\u00e4pp s\u00fcndis ja k\u00e4is koolis Tartus. Ta \u00f5ppis \u00e4rijuhtimist Tartu \u00dclikoolis, kust omandas magistrikraadi turunduses. Laiemale avalikkusele sai R\u00e4pp tuntuks esikluulekoguga \u201eLihtsate asjade t\u00e4htsus, t\u00e4htsate asjade lihtsus\u201c (2021), mis paistab silma &#8230;<\/p>\n","protected":false},"author":43,"featured_media":0,"parent":6503,"menu_order":0,"comment_status":"closed","ping_status":"closed","template":"","meta":{"_acf_changed":false,"inline_featured_image":false,"footnotes":""},"class_list":["post-9209","page","type-page","status-publish","hentry"],"acf":[],"_links":{"self":[{"href":"https:\/\/sisu.ut.ee\/ewod\/et\/wp-json\/wp\/v2\/pages\/9209","targetHints":{"allow":["GET"]}}],"collection":[{"href":"https:\/\/sisu.ut.ee\/ewod\/et\/wp-json\/wp\/v2\/pages"}],"about":[{"href":"https:\/\/sisu.ut.ee\/ewod\/et\/wp-json\/wp\/v2\/types\/page"}],"author":[{"embeddable":true,"href":"https:\/\/sisu.ut.ee\/ewod\/et\/wp-json\/wp\/v2\/users\/43"}],"replies":[{"embeddable":true,"href":"https:\/\/sisu.ut.ee\/ewod\/et\/wp-json\/wp\/v2\/comments?post=9209"}],"version-history":[{"count":2,"href":"https:\/\/sisu.ut.ee\/ewod\/et\/wp-json\/wp\/v2\/pages\/9209\/revisions"}],"predecessor-version":[{"id":9212,"href":"https:\/\/sisu.ut.ee\/ewod\/et\/wp-json\/wp\/v2\/pages\/9209\/revisions\/9212"}],"up":[{"embeddable":true,"href":"https:\/\/sisu.ut.ee\/ewod\/et\/wp-json\/wp\/v2\/pages\/6503"}],"wp:attachment":[{"href":"https:\/\/sisu.ut.ee\/ewod\/et\/wp-json\/wp\/v2\/media?parent=9209"}],"curies":[{"name":"wp","href":"https:\/\/api.w.org\/{rel}","templated":true}]}}