{"id":9193,"date":"2024-04-03T23:39:31","date_gmt":"2024-04-03T20:39:31","guid":{"rendered":"https:\/\/sisu.ut.ee\/ewod\/?page_id=9193"},"modified":"2026-05-08T11:58:09","modified_gmt":"2026-05-08T08:58:09","slug":"anti-saar","status":"publish","type":"page","link":"https:\/\/sisu.ut.ee\/ewod\/et\/s\/anti-saar\/","title":{"rendered":"Anti Saar"},"content":{"rendered":"<figure class=\"wp-block-image alignright size-large is-resized\"><a href=\"https:\/\/sisu.ut.ee\/wp-content\/uploads\/sites\/108\/1676px-anti_saar_kolme_elu_proovireisijana_nantesis.jpeg\"><img loading=\"lazy\" decoding=\"async\" width=\"672\" height=\"1024\" src=\"https:\/\/sisu.ut.ee\/wp-content\/uploads\/sites\/108\/anti_saar_vaike-672x1024.jpg\" alt=\"\" class=\"wp-image-6360\" style=\"aspect-ratio:0.6562557161352228;width:284px;height:auto\" title=\"Foto: Aleksander Tsapov (Wikipedia)\" srcset=\"https:\/\/sisu.ut.ee\/wp-content\/uploads\/sites\/108\/anti_saar_vaike-672x1024.jpg 672w, https:\/\/sisu.ut.ee\/wp-content\/uploads\/sites\/108\/anti_saar_vaike-197x300.jpg 197w, https:\/\/sisu.ut.ee\/wp-content\/uploads\/sites\/108\/anti_saar_vaike-768x1171.jpg 768w, https:\/\/sisu.ut.ee\/wp-content\/uploads\/sites\/108\/anti_saar_vaike.jpg 926w\" sizes=\"auto, (max-width: 672px) 100vw, 672px\"><\/a><\/figure>\n\n\n\n<p>Anti Saar (s. 9. V 1980) on kirjanik ja t\u00f5lkija.<\/p>\n\n\n\n<p>Saar on p\u00e4rit Luunjast. Ta \u00f5ppis Hugo Treffneri G\u00fcmnaasiumis, l\u00f5petas Tartu \u00dclikooli semiootikaosakonna (2005) enam kui 300-lehek\u00fcljelise monograafiaga \u201eT\u00e4hesadu. Preikonograafilise intuitsiooni v\u00f5imalikkus\u201d.\u00a0Ta omab kuulim\u00e4ngumasinaid tootvat ettev\u00f5tet Kolm Elu. Eesti Kirjanike Liidu liige 2008. aastast. Tema vend on kirjanik <a href=\"https:\/\/sisu.ut.ee\/ewod\/et\/s\/peedu-saar\/\" data-type=\"page\" data-id=\"9156\">Peedu Saar<\/a>.<\/p>\n\n\n\n<p class=\"Foto: Aleksander Tsapov\">Kirjandusse tuli t\u00e4iskasvanutele m\u00f5eldud teostega. 2006. aastal ajakirjas Vikerkaar ilmunud proosakatkend \u201eKuidas sa \u00e4ra l\u00e4ksid ja mina maha j\u00e4in\u201d p\u00e4lvis 2007. aastal Tartu kirjandusfestivali Prima Vista kirjanduspreemia Esimene Samm, mis antakse parimale tr\u00fckiajakirjanduses avaldatud ilukirjandusliku deb\u00fc\u00fctteksti autorile. Nii deb\u00fc\u00fctraamatus, l\u00fchiproosakogus \u201eKuidas sa \u00e4ra l\u00e4ksid ja mina maha j\u00e4in\u201c (2006) kui ka l\u00fchiromaanis \u201eNemad kaks\u201c (2008) on olulisel kohal kirjutamisest kirjutamine. Autor katsetab \u017eanre, anal\u00fc\u00fcsib kirjutamist ja autorirolli. Hea keeletajuga ja s\u00f5natundlik, omalaadset kirjutamiseksperimenti koondab \u201eS\u00f5naraamat\u201c (2022), mille aluseks on autorile iga p\u00e4ev kindlal kellaajal saadetud nimis\u00f5na, mille avamiseks on olnud aega viisteist minutit. Tulemuseks konnotatsioonide ja allusioonide rikas ainulaadne s\u00f5nastik. \u201ePuu p\u00f5ndakul\u201d (2023) sisaldab Anti Saare joonistusi puudest ning m\u00f5tisklusi joonistamisest, puudest ja hiljutilahkunud isast.<\/p>\n\n\n\n<p>S\u00f5nam\u00e4ngulisus olulisel kohal ka Saare lasteraamatutes, n\u00e4iteks Hea lasteraamatu tiitli p\u00e4lvinud teoses \u201eKojamees Urmas\u201c (2015). Enim tunnustust ongi Saar p\u00e4lvinud lastekirjanikuna ja t\u00f5lkijana. Esimene lasteraamat, \u00fche pere elu ja tegemisi kujutav \u201eKuidas meil asjad k\u00e4ivad\u201c (2013) sai nii Aasta Rosina, Eesti Kultuurkapitali kirjanduse sihtkapitali aastapreemia, Hea lasteraamatu tiitli (k\u00f5ik 2013) kui ka The White Ravens auhinna (2014). \u00dche perekonna tegemistele l\u00e4bi antisaareliku toimeka v\u00e4ikese poisi silmade keskendub ka P\u00e4rdi-sari, millest \u201eP\u00e4rt ei oska saltot\u201c (2017) on p\u00e4lvinud Tallinna Keskraamatukogu enim loetud eesti laste- v\u00f5i noorteraamatu autorile antava J\u00e4rje Hoidja auhinna (2017) ning \u201eSeisa siin, P\u00e4rt!\u201c (2018) Hea lasteraamatu tiitli (2018). Viimatinimetatud auhinna on saanud ka \u201eK\u00fclask\u00e4ik\u201c (2017), kus vanaema surmaga aitab toime tulla retk \u00f5una sisse. Lapse ps\u00fchholoogiat ja m\u00f5ttemaailma h\u00e4sti tabavad lood on kaasahaaravad ja seiklusrikkad, luues ka argisest seigast erilise.<\/p>\n\n\n\n<p>Sissevaate kunstiajalukku ja omaaegsesse elu-ollu avab Aasta Rosinaga p\u00e4rjatud \u201eMina, Milda ja meister Michel\u201c (2018), mis tutvustab madalmaade-p\u00e4ritolu Tallinna kunstniku Michel Sittowi (1469-1525) elu ja loomingut. Luulekogu \u201eSuur koogitegu\u201c (2020) ja \u201e\u00d5udne lugu\u201d (2022) on m\u00f5lemad p\u00e4lvinud <a href=\"https:\/\/sisu.ut.ee\/ewod\/et\/s\/karl-eduard-soot\/\" data-type=\"page\" data-id=\"6800\">Karl Eduard S\u00f6\u00f6di<\/a> lasteluuleauhinna. \u201cKuidas istuda, kuidas astuda\u201d t\u00f5i Saarele Kultuurkapitali kirjanduse sihtkapitali aastapreemia. \u201eKajakad\u201d (2025) p\u00e4lvis Tartu lastekirjanduse auhinna.<\/p>\n\n\n\n<p>Saar on t\u00f5lkinud prantsuse keelest proosat ning filosoofilisi ja humanitaarteaduslikke tekste, n\u00e4iteks Marcel Prousti romaani \u201eKadunud aega otsimas\u201d teise ja kolmanda osa, Georges Pereci,\u00a0Andr\u00e9 Bretoni,\u00a0Bruno Latouri,\u00a0Gilles Deleuze\u2019i ja\u00a0F\u00e9lix Guattarid. 2017. aastal p\u00e4lvis Saar Eesti Kultuurkapitali kirjanduse sihtkapitali aastapreemia m\u00f5ttekirjanduse t\u00f5lkeauhinna Jacques Ranci\u00e8re\u2019i \u201eEsteetika kui poliitika\u201c t\u00f5lke eest, 2025 Ordre des Arts et des Lettres (Prantsuse kunstide ja kirjanduse ordeni) r\u00fc\u00fctliklassi ordeni prantsuse kirjanduse ja filosoofia t\u00f5lkimise eest. Aastatel 2019-2021 oli Anti Saar riikliku kirjanikupalga saaja.<\/p>\n\n\n\n<p><em>A. K.<\/em><\/p>\n\n\n\n<h4 class=\"wp-block-heading\"><br>Raamatud eesti keeles<\/h4>\n\n\n\n<p><strong><em>Romaanid<\/em><\/strong><br><strong>Nemad kaks<\/strong>. Tallinn: Eesti Keele Sihtasutus, 2008<\/p>\n\n\n\n<p><strong><em>L\u00fchiproosa<\/em><\/strong><br><strong>Kuidas sa \u00e4ra l\u00e4ksid ja mina maha j\u00e4in<\/strong>. Tallinn: Eesti Keele Sihtasutus, 2006, 149 lk<br><strong>Tekste siledast ruumist<\/strong>. Tallinn: Eesti Keele Sihtasutus, 2009, 101 lk<br><strong>S\u00f5naraamat<\/strong>. Tartu: Kolm Elu, 2022, 149 lk<br><strong>Puu p\u00f5ndakul<\/strong>. Tartu: Kolm Elu, 2023, 126 lk.<\/p>\n\n\n\n<p><strong><em>Lasteraamatud<\/em><\/strong><br><strong>Kuidas meil asjad k\u00e4ivad<\/strong>. Tallinn: T\u00e4nap\u00e4ev, 2013, 134 lk [j\u00e4rgmised tr\u00fckid: 2014, 2020]<br><strong>Kojamees Urmas<\/strong>. Tallinn: P\u00e4ike ja Pilv, 2015, 24 lk<br><strong>Juturaamat<\/strong>. Tallinn: T\u00e4nap\u00e4ev, 2016, 73 lk<br><strong>K\u00fclask\u00e4ik<\/strong>. Saue: P\u00e4ike ja Pilv, 2017, 24 lk<br><strong>P\u00e4rt ei oska saltot<\/strong>. Saue: P\u00e4ike ja Pilv, 2017, 25 lk<br><strong>Mina, Milda ja meister Michel<\/strong>. Tallinn: Eesti Kunstimuuseum, KUMU, 2018, 79 lk<br><strong>P\u00e4rt ja ploomid<\/strong>. Saue: P\u00e4ike ja Pilv, 2018, 26 lk<br><strong>P\u00e4rt ja viimane koogit\u00fckk<\/strong>. Saue: P\u00e4ike ja Pilv, 2018, 25 lk<br><strong>Seisa siin, P\u00e4rt!<\/strong>. Saue: P\u00e4ike ja Pilv, 2018, 28 lk<br><strong>P\u00e4rt l\u00e4heb uuele ringile<\/strong>. Saue: P\u00e4ike ja Pilv, 2019, 28 lk<br><strong>P\u00e4rt plindris<\/strong>. Saue: P\u00e4ike ja Pilv, 2020, 94 lk<br><strong>Anni asjad<\/strong>. Tartu: Kolm Elu, 2020, 80 lk<br><strong>Suur koogitegu<\/strong>. Tartu: Kolm Elu, 2020, 44 lk<br><strong>10 v\u00e4hem v\u00f5i rohkem uskumatut lugu sellest, kuidas minust ei saanud kirjanikku<\/strong>. Tartu: Kolm Elu, 2021, 106 lk<br><strong>\u00d5udne lugu<\/strong>: hoiatuseks lastele ja vanematele. Tartu: Kolm Elu, 2022, 69 lk<br><strong>Kuidas istuda, kuidas astuda<\/strong>. Tartu: Kolm Elu, 2023, 106 lk.<br><strong>H\u00e4rra Haraldi unistuste aed<\/strong>. Tartu: Kolm Elu, 2024, 34 lk.<br><strong>Konn<\/strong>. Tartu: Kolm Elu, 2024, 48 lk.<br><strong>Kajakad<\/strong>. Tartu: Kolm Elu, 2025, 191 lk.<\/p>\n\n\n\n<p><\/p>\n","protected":false},"excerpt":{"rendered":"<p>Anti Saar (s. 9. V 1980) on kirjanik ja t\u00f5lkija. Saar on p\u00e4rit Luunjast. Ta \u00f5ppis Hugo Treffneri G\u00fcmnaasiumis, l\u00f5petas Tartu \u00dclikooli semiootikaosakonna (2005) enam kui 300-lehek\u00fcljelise monograafiaga \u201eT\u00e4hesadu. Preikonograafilise intuitsiooni v\u00f5imalikkus\u201d.\u00a0Ta omab kuulim\u00e4ngumasinaid tootvat ettev\u00f5tet Kolm Elu. Eesti Kirjanike &#8230;<\/p>\n","protected":false},"author":43,"featured_media":0,"parent":6505,"menu_order":0,"comment_status":"closed","ping_status":"closed","template":"","meta":{"_acf_changed":false,"inline_featured_image":false,"footnotes":""},"class_list":["post-9193","page","type-page","status-publish","hentry"],"acf":[],"_links":{"self":[{"href":"https:\/\/sisu.ut.ee\/ewod\/et\/wp-json\/wp\/v2\/pages\/9193","targetHints":{"allow":["GET"]}}],"collection":[{"href":"https:\/\/sisu.ut.ee\/ewod\/et\/wp-json\/wp\/v2\/pages"}],"about":[{"href":"https:\/\/sisu.ut.ee\/ewod\/et\/wp-json\/wp\/v2\/types\/page"}],"author":[{"embeddable":true,"href":"https:\/\/sisu.ut.ee\/ewod\/et\/wp-json\/wp\/v2\/users\/43"}],"replies":[{"embeddable":true,"href":"https:\/\/sisu.ut.ee\/ewod\/et\/wp-json\/wp\/v2\/comments?post=9193"}],"version-history":[{"count":2,"href":"https:\/\/sisu.ut.ee\/ewod\/et\/wp-json\/wp\/v2\/pages\/9193\/revisions"}],"predecessor-version":[{"id":9195,"href":"https:\/\/sisu.ut.ee\/ewod\/et\/wp-json\/wp\/v2\/pages\/9193\/revisions\/9195"}],"up":[{"embeddable":true,"href":"https:\/\/sisu.ut.ee\/ewod\/et\/wp-json\/wp\/v2\/pages\/6505"}],"wp:attachment":[{"href":"https:\/\/sisu.ut.ee\/ewod\/et\/wp-json\/wp\/v2\/media?parent=9193"}],"curies":[{"name":"wp","href":"https:\/\/api.w.org\/{rel}","templated":true}]}}