{"id":9169,"date":"2024-04-03T23:42:06","date_gmt":"2024-04-03T20:42:06","guid":{"rendered":"https:\/\/sisu.ut.ee\/ewod\/?page_id=9169"},"modified":"2026-05-08T10:19:36","modified_gmt":"2026-05-08T07:19:36","slug":"olivia-saar","status":"publish","type":"page","link":"https:\/\/sisu.ut.ee\/ewod\/et\/s\/olivia-saar\/","title":{"rendered":"Olivia Saar"},"content":{"rendered":"<figure class=\"wp-block-image alignright size-large is-resized\"><a href=\"https:\/\/sisu.ut.ee\/wp-content\/uploads\/sites\/108\/o._saar_viktor_salmre-scaled.jpg\"><img loading=\"lazy\" decoding=\"async\" width=\"657\" height=\"1024\" src=\"https:\/\/sisu.ut.ee\/wp-content\/uploads\/sites\/108\/o._saar_viktor_salmre-657x1024.jpg\" alt=\"\" class=\"wp-image-6186\" style=\"aspect-ratio:0.6415968912207923;width:289px;height:auto\" title=\"Foto: Viktor Salmre\" srcset=\"https:\/\/sisu.ut.ee\/wp-content\/uploads\/sites\/108\/o._saar_viktor_salmre-657x1024.jpg 657w, https:\/\/sisu.ut.ee\/wp-content\/uploads\/sites\/108\/o._saar_viktor_salmre-192x300.jpg 192w, https:\/\/sisu.ut.ee\/wp-content\/uploads\/sites\/108\/o._saar_viktor_salmre-768x1197.jpg 768w, https:\/\/sisu.ut.ee\/wp-content\/uploads\/sites\/108\/o._saar_viktor_salmre-985x1536.jpg 985w, https:\/\/sisu.ut.ee\/wp-content\/uploads\/sites\/108\/o._saar_viktor_salmre-1314x2048.jpg 1314w, https:\/\/sisu.ut.ee\/wp-content\/uploads\/sites\/108\/o._saar_viktor_salmre-1920x2993.jpg 1920w, https:\/\/sisu.ut.ee\/wp-content\/uploads\/sites\/108\/o._saar_viktor_salmre-scaled.jpg 1642w\" sizes=\"auto, (max-width: 657px) 100vw, 657px\"><\/a><\/figure>\n\n\n\n<p>Olivia Saar\u00a0(aastani 1954 Olivia Valdmaa, 18. X 1931 \u2013 16. III 2025) on lastekirjanik ja luuletaja.<\/p>\n\n\n\n<p>Olivia Saar s\u00fcndis Narvas. Tema lapsep\u00f5lvekodu asus Virumaal M\u00e4etagusel, kus tema vanemad olid talupidajad. Saar \u00f5ppis M\u00e4etaguse 7-klassilises Koolis ja Rakvere Pedagoogilises Koolis, l\u00f5petas 1952. aastal Tallinna \u00d5petajate Instituudi ja 1959. aastal Tallinna Pedagoogilise Instituudi eesti keele ja kirjanduse erialal.<\/p>\n\n\n\n<p>Aastatel 1952\u20131955 t\u00f6\u00f6tas Saar ajalehe S\u00e4de toimetuses, aastatel 1955\u20131987 ajakirja Pioneer toimetuses. Aastatel 1992\u20132006 oli ta registraator-informaator Tallinna lastehaiglas. Aastatel 2006\u20132011, t\u00f6\u00f6tades TEA Kirjastuse lastekirjanduse vanemkonsultandina, algatas Saar mitu menukat lasteraamatusarja ning koostas ja toimetas sarjade tarvis mitmeid kogumikke. Aastast 1982 kuulus ta Eesti Kirjanike Liitu. Olivia Saar oli abielus kirjanik Juhan Saarega (1929-2007).<\/p>\n\n\n\n<p>Olivia Saar alustas luuletajateed r\u00fctmikate r\u00f5\u00f5msatooniliste v\u00e4rssidega lastest ja loomadest. Enda tunnistuse kohaselt sai temast lastekirjanik t\u00e4nu t\u00f6\u00f6le lasteajakirjanduses. Tema esimene luulekogu oli \u201eTere, tere, tedret\u00e4hnid\u201c (1966). Sestsaadik ilmus temalt ligi 30 lasteluuleraamatut. Aastatega lisandus l\u00fc\u00fcrilisi toone ja s\u00fcgavust. Saare luuletused on ladusalt lastep\u00e4rased ning lihtsate riimi- ja r\u00fctmiskeemidega. Tunnustust on p\u00e4lvinud tema hingestatud loodus- ja koduluule.<\/p>\n\n\n\n<p>Olivia Saare lastele m\u00f5eldud proosaraamatutest on k\u00f5ige tuntum ja armastatum humoorikate m\u00f5istujuttude kogumik \u201eL\u00f5vi L\u00f5rr ja j\u00e4nes Jass\u201d (1972), millest on ilmunud mitu t\u00e4iendatud kordustr\u00fckki ning valminud telelavastus. 1981. aastal ilmus Olivia Saarelt m\u00e4lestuslike l\u00fc\u00fcriliste l\u00fchipalade kogumik \u201eM\u00e4ngitud m\u00e4ngud\u201c ning 1993. aastal lastejutte ja -luuletusi koondav raamat \u201eMaasikamaiad\u201c.<\/p>\n\n\n\n<p>Saarelt on ilmunud kaks t\u00e4iskasvanute jaoks m\u00f5eldud m\u00e4lestusteraamatut, \u201eHumalapuu\u201c (2005) ja \u201eKanarbikukartus\u201c (2010) ning v\u00e4rsi- ja proosavormis m\u00f5ttekildude kogumik \u201eHetked endas\u201c (2016). 2021. aastal avaldas Saar 90-aastasena oma esimese luulekogu t\u00e4iskasvanutele. V\u00f5rreldes Saare r\u00f5\u00f5msate ja meelekergete lasteraamatutega on see luulekogu \u00fcllatavalt kurblik ja s\u00fcgavaid l\u00e4bielamisi kirjeldav.<\/p>\n\n\n\n<p>Olivia Saar p\u00e4lvis <a href=\"https:\/\/sisu.ut.ee\/ewod\/et\/s\/karl-eduard-soot\/\" data-type=\"page\" data-id=\"6800\">Karl Eduard S\u00f6\u00f6di<\/a> lasteluuleauhinna kahel korral: 1988. aastal valikkogu \u201eTuulelillede tuba\u201c eest ning 2019. aastal raamatu \u201eT\u00e4hed on taevatuled\u201d eest. 2017. aastal p\u00e4lvis ta Valget\u00e4he V klassi teenetem\u00e4rgi.<\/p>\n\n\n\n<p><em>L. P.<\/em><\/p>\n\n\n\n<h4 class=\"wp-block-heading\"><br>Raamatud eesti keeles<\/h4>\n\n\n\n<p><em><strong>Lasteluule<\/strong><\/em><br><strong>Tere, tere, tedret\u00e4hnid<\/strong>. Tallinn: Eesti Raamat, 1966. 47 lk.<br><strong>Kure sukad<\/strong>. Tallinn: Eesti Raamat, 1968. 35 lk.<br><strong>Pesukaru pesup\u00e4ev<\/strong>. Tallinn: Eesti Raamat, 1969. 32 lk.<br><strong>Suveajal metsarajal<\/strong>. Tallinn: Eesti Raamat, 1970. 24 lk.<br><strong>Varsakabjad<\/strong>. Tallinn: Eesti Raamat, 1970. 20 lk.<br><strong>P\u00e4ike jookseb kaasa<\/strong>. Tallinn: Eesti Raamat, 1971. 32 lk.<br><strong>Mis v\u00e4rvi on kodu<\/strong>. Tallinn: Eesti Raamat, 1975. 37 lk.<br><strong>Pisikesed pildid<\/strong>. Tallinn: Eesti Raamat, 1979. 37 lk.<br><strong>Laulvad liivad<\/strong>. Tallinn: Eesti Raamat, 1985. 49 lk.<br><strong>Naerulohkudega maailm<\/strong>. Tallinn: Eesti Raamat, 1986. 31 lk.<br><strong>Tuulelillede tuba<\/strong>: valikkogu. Tallinn: Eesti Raamat, 1988. 93 lk.<br><strong>Peegeldused<\/strong>. Tallinn: Eesti Raamat, 1989. 96 lk.<br><strong>N\u00f6\u00f6bilugejad<\/strong>. Tallinn: K\u00e4rp, 1991. 44 lk.<br><strong>Kui kuivab kaev<\/strong>. Tallinn: Gramma, 1994. 30 lk.<br><strong>Igal puul on elujooned<\/strong>. Tallinn: Ilo, 2001. 31 lk.<br><strong>Kuldne kuljus loogapuul<\/strong>: valikkogu. Tallinn: TEA Kirjastus, 2007. 41 lk.<br><strong>Vihmavarjude vikerkaar<\/strong>: valikkogu. Tallinn: TEA Kirjastus, 2007. 59 lk.<br><strong>Karuselli karussell<\/strong>. Tallinn: Tammerraamat, 2013. 43 lk.<br><strong>T\u00e4pi Triinu<\/strong>. Tallinn: Koolibri, 2013. 30 lk.<br><strong>Pika suka p\u00e4kapikk<\/strong>: j\u00f5ulu- ja talveluuletusi. Tallinn: Koolibri, 2015. 46 lk.<br><strong>P\u00e4ike s\u00fcles<\/strong>: luulet lastele 1966\u20132012. Tallinn: Tammerraamat, 2016. 203 lk.<br><strong>T\u00e4hed on taevatuled<\/strong>. Tallinn: Tammerraamat, 2019. 24 lk.<br><strong>P\u00e4\u00e4suke ja p\u00e4ike<\/strong>. Saue: P\u00e4ike ja Pilv, 2020. 32 lk.<br>Olivia Saar, <strong>Koolij\u00fctsi koolim\u00fcts<\/strong> \/ Aidi Vallik, <strong>K\u00f5ige t\u00e4htsam p\u00e4ev<\/strong>. Tallinn: Tallinna Keskraamatukogu, 2021. 45 + 51 lk. [Tirelraamat.]<\/p>\n\n\n\n<p><em><strong>Lastelood<\/strong><\/em><br><strong>L\u00f5vi L\u00f5rr ja j\u00e4nes Jass<\/strong>. Tallinn: Eesti Raamat, 1972. 31 lk.<br><strong>M\u00e4ngitud m\u00e4ngud<\/strong>. Tallinn: Eesti Raamat, 1981. 32 lk.<br><strong>Maasikamaiad<\/strong>. Luuletused ja jutud. Tallinn: Oktoober, 1993. 30 lk.<br><strong>Klaasikillum\u00e4ng<\/strong>. L\u00fchijutud ja luuletused. Tallinn: Ilo, 2001. 55 lk.<br><strong>L\u00f5vi L\u00f5rr ja J\u00e4nes Jass: vanad ja uued lood<\/strong>. Tallinn: TEA Kirjastus, 2008. 47 lk.<br><strong>L\u00f5vi L\u00f5rr ja J\u00e4nes Jass seiklevad j\u00e4lle<\/strong>. Tallinn: TEA Kirjastus, 2011. 55 lk.<br><strong>Robi<\/strong>. Tallinn: TEA Kirjastus, 2012. 35 lk.<br><strong>Hiirepoiss Krips ja rotipoiss Kraps<\/strong>. Tallinn: TEA Kirjastus, 2013. 32 lk.<br><strong>L\u00f5vi L\u00f5rri ja J\u00e4nes Jassi seiklused: k\u00f5ik vanad ja uued lood<\/strong>. Tallinn: TEA Kirjastus, 2013. 92 lk.<br><strong>Hilpharakas. T\u00e4nased muinaslood<\/strong>. Tallinn: Koolibri, 2014. 26 lk.<br><strong>Edev nina<\/strong>. Luuletused ja jutud. Tartu: Petrone Print, 2016. 96 lk.<br><strong>Kippu ega k\u00f5ppu<\/strong>. Tallinn: Pegasus, 2017. 30 lk.<\/p>\n\n\n\n<p><strong><em>Luule<\/em><\/strong><br><strong>Laintesse libises naer<\/strong>: sahtlisalme 1970\u20131990. Tallinn: Tammerraamat, 2021. 118 lk.<\/p>\n\n\n\n<p><em><strong>L\u00fchiproosa<\/strong><\/em><br><strong>Hetked endas<\/strong>. M\u00f5ttem\u00f5lgutusi ilmast, inimestest, iseendast aastatel 1990\u20132015. Tallinn: Ajakirjade Kirjastus, 2016. 167 lk.<\/p>\n\n\n\n<p><em><strong>M\u00e4lestused<\/strong><\/em><br><strong>Humalapuu<\/strong>. Tallinn: Canopus, 2005. 176 lk.<br><strong>Kanarbikukartus<\/strong>. Tallinn: TEA Kirjastus, 2010. 158 lk.<\/p>\n","protected":false},"excerpt":{"rendered":"<p>Olivia Saar\u00a0(aastani 1954 Olivia Valdmaa, 18. X 1931 \u2013 16. III 2025) on lastekirjanik ja luuletaja. Olivia Saar s\u00fcndis Narvas. Tema lapsep\u00f5lvekodu asus Virumaal M\u00e4etagusel, kus tema vanemad olid talupidajad. Saar \u00f5ppis M\u00e4etaguse 7-klassilises Koolis ja Rakvere Pedagoogilises Koolis, l\u00f5petas &#8230;<\/p>\n","protected":false},"author":43,"featured_media":0,"parent":6505,"menu_order":0,"comment_status":"closed","ping_status":"closed","template":"","meta":{"_acf_changed":false,"inline_featured_image":false,"footnotes":""},"class_list":["post-9169","page","type-page","status-publish","hentry"],"acf":[],"_links":{"self":[{"href":"https:\/\/sisu.ut.ee\/ewod\/et\/wp-json\/wp\/v2\/pages\/9169","targetHints":{"allow":["GET"]}}],"collection":[{"href":"https:\/\/sisu.ut.ee\/ewod\/et\/wp-json\/wp\/v2\/pages"}],"about":[{"href":"https:\/\/sisu.ut.ee\/ewod\/et\/wp-json\/wp\/v2\/types\/page"}],"author":[{"embeddable":true,"href":"https:\/\/sisu.ut.ee\/ewod\/et\/wp-json\/wp\/v2\/users\/43"}],"replies":[{"embeddable":true,"href":"https:\/\/sisu.ut.ee\/ewod\/et\/wp-json\/wp\/v2\/comments?post=9169"}],"version-history":[{"count":3,"href":"https:\/\/sisu.ut.ee\/ewod\/et\/wp-json\/wp\/v2\/pages\/9169\/revisions"}],"predecessor-version":[{"id":9175,"href":"https:\/\/sisu.ut.ee\/ewod\/et\/wp-json\/wp\/v2\/pages\/9169\/revisions\/9175"}],"up":[{"embeddable":true,"href":"https:\/\/sisu.ut.ee\/ewod\/et\/wp-json\/wp\/v2\/pages\/6505"}],"wp:attachment":[{"href":"https:\/\/sisu.ut.ee\/ewod\/et\/wp-json\/wp\/v2\/media?parent=9169"}],"curies":[{"name":"wp","href":"https:\/\/api.w.org\/{rel}","templated":true}]}}