{"id":9156,"date":"2024-04-03T23:41:39","date_gmt":"2024-04-03T20:41:39","guid":{"rendered":"https:\/\/sisu.ut.ee\/ewod\/?page_id=9156"},"modified":"2026-05-08T00:20:13","modified_gmt":"2026-05-07T21:20:13","slug":"peedu-saar","status":"publish","type":"page","link":"https:\/\/sisu.ut.ee\/ewod\/et\/s\/peedu-saar\/","title":{"rendered":"Peedu Saar"},"content":{"rendered":"<p>Peedu Saar (s\u00fcndinud 15. IV 1985) on prosaist.<\/p>\n\n\n\n<p>Ta on s\u00fcndinud Tartus ja l\u00f5petanud Tartu \u00dclikooli bioloogina 2007. aastal. Saar t\u00f6\u00f6tab Eesti Maa\u00fclikoolis botaanikuna ja on P\u00e4randkoosluste Kaitse \u00dchingu spetsialist. Tema vend on kirjanik ja t\u00f5lkija Anti Saar.<\/p>\n\n\n\n<p>Peedu Saare esimesed tekstid ilmusid ajakirjas V\u00e4rske R\u00f5hk pseudon\u00fc\u00fcmi all. 2018. aastal ilmus Saarelt esimene raamat, l\u00fchiromaan \u201ePascual\u201c (Pascuali nimi on v\u00f5etud Saare jaoks olulise hispaania kirjaniku Camilo Jos\u00e9 Cela teosest \u201ePascual Duarte perekond\u201c). 2019. aastal ilmus Peedu Saarelt l\u00fchiromaan \u201eMailased\u201c. M\u00f5lemad raamatud on kirjutatud minavormis. Romaanis \u201ePascual\u201c uitab minajutustaja m\u00f6\u00f6da Londonit ning satub eriskummalistesse suhetesse ja paikadesse. Romaani \u201eMailased\u201c bioloogist peategelane elab Tartus ja r\u00e4ndab suvel m\u00f6\u00f6da Eestit, saateks tundlik ja k\u00f6itev \u00f5nnetu armastuslugu.<\/p>\n\n\n\n<p>L\u00fchiromaanis \u201eLoomad\u201d (2022) muunduvad inimesed tihtipeale sujuvalt loomadeks ja loomad inimesteks. Pidetuse ja teeloleku motiiv iseloomustab ka selle teose tegelasi. Romaanis \u201eKastimees\u201d (2025), mis kannab sama pealkirja kui Kobo Abe romaan aastast 1973, tunneb peategelane sellest jaapani modernismiklassikasse kuuluvast romaanist inspiratsiooni saanuna vastupandamatut soovi minna Londonisse, veeta aega pappkastis ning vaadelda sellest m\u00f6\u00f6duvat elu, muul ajal lihtsalt suurlinnas ringi triivides. Nii ta teebki.<\/p>\n\n\n\n<p><em>L. P.<\/em><\/p>\n\n\n\n<h4 class=\"wp-block-heading\"><br>Raamatud eesti keeles<\/h4>\n\n\n\n<p><strong><em>Romaanid ja l\u00fchiromaanid<\/em><\/strong><br><strong>Pascual<\/strong>. Tallinn: Pilgrim, 2018. 78 lk.<br><strong>Mailased<\/strong>. Tallinn: Paradiis, 2019. 182 lk.<br><strong>Loomad<\/strong>. Tallinn: SA Kultuurileht (Loomingu Raamatukogu), 2022. 90 lk.<br><strong>Kastimees<\/strong>. Tallinn: Paradiis, 2025. 222 lk.<\/p>\n","protected":false},"excerpt":{"rendered":"<p>Peedu Saar (s\u00fcndinud 15. IV 1985) on prosaist. Ta on s\u00fcndinud Tartus ja l\u00f5petanud Tartu \u00dclikooli bioloogina 2007. aastal. Saar t\u00f6\u00f6tab Eesti Maa\u00fclikoolis botaanikuna ja on P\u00e4randkoosluste Kaitse \u00dchingu spetsialist. Tema vend on kirjanik ja t\u00f5lkija Anti Saar. Peedu Saare &#8230;<\/p>\n","protected":false},"author":43,"featured_media":0,"parent":6505,"menu_order":0,"comment_status":"closed","ping_status":"closed","template":"","meta":{"_acf_changed":false,"inline_featured_image":false,"footnotes":""},"class_list":["post-9156","page","type-page","status-publish","hentry"],"acf":[],"_links":{"self":[{"href":"https:\/\/sisu.ut.ee\/ewod\/et\/wp-json\/wp\/v2\/pages\/9156","targetHints":{"allow":["GET"]}}],"collection":[{"href":"https:\/\/sisu.ut.ee\/ewod\/et\/wp-json\/wp\/v2\/pages"}],"about":[{"href":"https:\/\/sisu.ut.ee\/ewod\/et\/wp-json\/wp\/v2\/types\/page"}],"author":[{"embeddable":true,"href":"https:\/\/sisu.ut.ee\/ewod\/et\/wp-json\/wp\/v2\/users\/43"}],"replies":[{"embeddable":true,"href":"https:\/\/sisu.ut.ee\/ewod\/et\/wp-json\/wp\/v2\/comments?post=9156"}],"version-history":[{"count":3,"href":"https:\/\/sisu.ut.ee\/ewod\/et\/wp-json\/wp\/v2\/pages\/9156\/revisions"}],"predecessor-version":[{"id":9162,"href":"https:\/\/sisu.ut.ee\/ewod\/et\/wp-json\/wp\/v2\/pages\/9156\/revisions\/9162"}],"up":[{"embeddable":true,"href":"https:\/\/sisu.ut.ee\/ewod\/et\/wp-json\/wp\/v2\/pages\/6505"}],"wp:attachment":[{"href":"https:\/\/sisu.ut.ee\/ewod\/et\/wp-json\/wp\/v2\/media?parent=9156"}],"curies":[{"name":"wp","href":"https:\/\/api.w.org\/{rel}","templated":true}]}}