{"id":9132,"date":"2024-04-03T23:41:12","date_gmt":"2024-04-03T20:41:12","guid":{"rendered":"https:\/\/sisu.ut.ee\/ewod\/?page_id=9132"},"modified":"2026-05-07T18:42:14","modified_gmt":"2026-05-07T15:42:14","slug":"edgar-valter-saks","status":"publish","type":"page","link":"https:\/\/sisu.ut.ee\/ewod\/et\/s\/edgar-valter-saks\/","title":{"rendered":"Edgar Valter Saks"},"content":{"rendered":"<figure class=\"wp-block-image alignright size-large is-resized\"><a href=\"https:\/\/sisu.ut.ee\/wp-content\/uploads\/sites\/108\/edgar_valter_saks.jpg\"><img loading=\"lazy\" decoding=\"async\" width=\"741\" height=\"1024\" src=\"https:\/\/sisu.ut.ee\/wp-content\/uploads\/sites\/108\/edgar_valter_saks-741x1024.jpg\" alt=\"\" class=\"wp-image-6420\" style=\"aspect-ratio:0.7236423271576773;width:206px;height:auto\" srcset=\"https:\/\/sisu.ut.ee\/wp-content\/uploads\/sites\/108\/edgar_valter_saks-741x1024.jpg 741w, https:\/\/sisu.ut.ee\/wp-content\/uploads\/sites\/108\/edgar_valter_saks-217x300.jpg 217w, https:\/\/sisu.ut.ee\/wp-content\/uploads\/sites\/108\/edgar_valter_saks-768x1061.jpg 768w, https:\/\/sisu.ut.ee\/wp-content\/uploads\/sites\/108\/edgar_valter_saks.jpg 979w\" sizes=\"auto, (max-width: 741px) 100vw, 741px\"><\/a><\/figure>\n\n\n\n<p>Edgar Valter Saks (25. I 1910 \u2013 11. IV 1984) oli\u00a0poliitik, publitsist, majandustegelane, harrastusajaloolane ja kirjanik.<\/p>\n\n\n\n<p>Saks s\u00fcndis Tartus mehhaaniku pojana. Ta l\u00f5petas 1928. aastal Tartus Hugo Treffneri G\u00fcmnaasiumi ja 1934. aastal \u00a0Tartu \u00dclikooli\u00a0\u00f5igusteaduskonna. Ta t\u00f6\u00f6tas mitmel pool ajakirjanikuna (aastatel 1929\u20131934 Tartus P\u00e4evalehe toimetuses), seej\u00e4rel ametnikuna ja t\u00f6\u00f6stusjuhina.<\/p>\n\n\n\n<p>1944. aastal p\u00f5genes Saks Eestist Soome. Ta elas aastatel 1944\u20131949 Rootsis ja 1949. aastast alates Kanadas. Hiljem t\u00f6\u00f6tas ta Kanadas, Peruus ja Mehhikos.\u00a0Saks osales mitme v\u00e4liseestlaste organisatsiooni tegevuses ning oli\u00a0Eesti Liidu Kanadas\u00a0asutajaid,\u00a0P\u00f5hja-Kanada Eestlaste Koondise\u00a0esimees ja\u00a0aastatel 1971\u20131984 Eesti eksiilvalitsuse\u00a0haridusminister. Ta oli kaheosalise almanahhi \u201eEesti looming\u201c (Helsingi\u00a01944) v\u00e4ljaandja ja toimetuse liige ning\u00a0Stockholmi\u00a0n\u00e4dalalehe\u00a0V\u00e4lis-Eesti\u00a0asutaja ja peatoimetaja (1944\u20131948). Saks oli 1931. aastast alates Eesti PEN-klubi liige ja 1933. aastast alates Eesti Kirjanike Liidu liige.<\/p>\n\n\n\n<p>Saks kirjutas enne Teist maailmas\u00f5da neli romaani. Nendest esimene, \u201eKodutu\u201c (1929) p\u00e4lvis kirjastuse Loodus romaaniv\u00f5istlusel kolmanda koha. J\u00e4rgmised kolm romaani, \u201eJaan Tamar\u201c (1932), \u201eArmuke\u201c (1936) ja \u201eHannibali rahvas\u201c (1936), ei v\u00f5itnud lugejate ega kriitikute poolehoidu. Tema proosas on leitud h\u00e4id milj\u00f6\u00f6kirjeldusi, tegelaste ps\u00fchholoogia oli autorile teisej\u00e4rgulise t\u00e4htsusega. Saksa ajalooline romaan \u201eHannibali rahvas\u201c jutustab Liivi s\u00f5ja s\u00fcndmustest ja \u00e4ratab t\u00e4helepanu eelk\u00f5ige Eesti s\u00f5jakangelaste \u00fclistamisega. Saksalt on ilmunud ka novelle ajakirjas Looming ja almanahhis \u201eEesti Looming\u201c.<\/p>\n\n\n\n<p>Kirjandusloo uurimise seisukohalt on olulised Saksa uurimus <a href=\"https:\/\/sisu.ut.ee\/ewod\/et\/e\/ernst-enno\/\" data-type=\"page\" data-id=\"6792\">Ernst Enno<\/a> \u00fcli\u00f5pilasaastatest Riias (Eesti Kirjandus 1935) ning ajakirjas Looming 1936. aastal ilmunud intervjuud \u00fcheksa eesti kirjanikuga.<\/p>\n\n\n\n<p>Paguluses p\u00fchendus autor eesti identiteedi ja ajaloo k\u00fcsimustele ning avaldas mitmeid populaarteaduslikke raamatuid, mis \u00fclistasid eestlaste esiajalugu ja mida professionaalsed ajaloouurijad peavad \u00fcldiselt pseudoteaduslikeks. Saks oli maailmavaatelt rahvuslane ning otsustavalt eitaval seisukohal mistahes vasakpoolsete v\u00f5i marksistlike ilmingute suhtes.<\/p>\n\n\n\n<p><em>L. P.<\/em><\/p>\n\n\n\n<h4 class=\"wp-block-heading\"><br>Raamatud eesti keeles<\/h4>\n\n\n\n<p><strong><em>Romaanid<\/em><\/strong><br><strong>Kodutu<\/strong>. Tartu: Loodus, 1929. 246 lk.<br><strong>Jaan Tamar<\/strong>. Tartu: Loodus, 1932. 200 lk.<br><strong>Armuke<\/strong>. Tartu: Eesti Kirjastuse Kooperatiiv, 1936. 249 lk.<br><strong>Hannibali rahvas<\/strong>: ajalooline romaan Liivi-Vene s\u00f5jast. Tartu: Postimees, 1936. 294 lk.<br><strong>\u00d5igusen\u00f5udjad<\/strong>: Eesti rahva v\u00f5itlusromaan. Tallinn: Grenader, 2013. 236 lk.<\/p>\n\n\n\n<p><strong><em>Ajaloolised uurimused<\/em><\/strong><br><strong>Eesti soost vasalkond. J\u00fcri\u00f6\u00f6 m\u00e4ss: revideerivaid seisukohti \u00fcrikute alusel<\/strong>. Philadelphia; Wilmington: Korporatsioon Rotalia BWW allkoondis, 1971. 34 lk.<br><strong>Saxi-Saxa-Sax-Saks: nimikond ja suguselts: genealoogiline uurimus<\/strong>. Montreal: 1979. 108 lk.<br><strong>Eesti viikingid<\/strong>. Tallinn : Olion, 2003. 224 lk.<br><strong>Metsalise m\u00e4rgi all: punane paradiis: \u00fche epohhi kroonika<\/strong>. Tallinn: Grenader, 2012. 159 lk.<\/p>\n","protected":false},"excerpt":{"rendered":"<p>Edgar Valter Saks (25. I 1910 \u2013 11. IV 1984) oli\u00a0poliitik, publitsist, majandustegelane, harrastusajaloolane ja kirjanik. Saks s\u00fcndis Tartus mehhaaniku pojana. Ta l\u00f5petas 1928. aastal Tartus Hugo Treffneri G\u00fcmnaasiumi ja 1934. aastal \u00a0Tartu \u00dclikooli\u00a0\u00f5igusteaduskonna. Ta t\u00f6\u00f6tas mitmel pool ajakirjanikuna (aastatel &#8230;<\/p>\n","protected":false},"author":43,"featured_media":0,"parent":6505,"menu_order":0,"comment_status":"closed","ping_status":"closed","template":"","meta":{"_acf_changed":false,"inline_featured_image":false,"footnotes":""},"class_list":["post-9132","page","type-page","status-publish","hentry"],"acf":[],"_links":{"self":[{"href":"https:\/\/sisu.ut.ee\/ewod\/et\/wp-json\/wp\/v2\/pages\/9132","targetHints":{"allow":["GET"]}}],"collection":[{"href":"https:\/\/sisu.ut.ee\/ewod\/et\/wp-json\/wp\/v2\/pages"}],"about":[{"href":"https:\/\/sisu.ut.ee\/ewod\/et\/wp-json\/wp\/v2\/types\/page"}],"author":[{"embeddable":true,"href":"https:\/\/sisu.ut.ee\/ewod\/et\/wp-json\/wp\/v2\/users\/43"}],"replies":[{"embeddable":true,"href":"https:\/\/sisu.ut.ee\/ewod\/et\/wp-json\/wp\/v2\/comments?post=9132"}],"version-history":[{"count":2,"href":"https:\/\/sisu.ut.ee\/ewod\/et\/wp-json\/wp\/v2\/pages\/9132\/revisions"}],"predecessor-version":[{"id":9135,"href":"https:\/\/sisu.ut.ee\/ewod\/et\/wp-json\/wp\/v2\/pages\/9132\/revisions\/9135"}],"up":[{"embeddable":true,"href":"https:\/\/sisu.ut.ee\/ewod\/et\/wp-json\/wp\/v2\/pages\/6505"}],"wp:attachment":[{"href":"https:\/\/sisu.ut.ee\/ewod\/et\/wp-json\/wp\/v2\/media?parent=9132"}],"curies":[{"name":"wp","href":"https:\/\/api.w.org\/{rel}","templated":true}]}}