{"id":9129,"date":"2024-04-03T23:41:07","date_gmt":"2024-04-03T20:41:07","guid":{"rendered":"https:\/\/sisu.ut.ee\/ewod\/?page_id=9129"},"modified":"2026-05-07T18:32:21","modified_gmt":"2026-05-07T15:32:21","slug":"markus-saksatamm","status":"publish","type":"page","link":"https:\/\/sisu.ut.ee\/ewod\/et\/s\/markus-saksatamm\/","title":{"rendered":"Markus Saksatamm"},"content":{"rendered":"<p>Markus Saksatamm (kodanikunimega Margus Eiche, s\u00fcnd. 28. I 1969) on lastekirjanik.<\/p>\n\n\n\n<p>Ta on s\u00fcndinud ja kasvanud Sakus. 2008. aastal ilmus tema esimene raamat \u201eV\u00f5lur Sinku-Vinku ja n\u00f5iatrall\u201d. J\u00e4rgmine raamat \u201eRuubert, lohe ja laevapoisid\u201c p\u00e4lvis 2009. aastal teise koha lastejuttude v\u00f5istlusel \u201eMinu esimene raamat\u201c. \u017d\u00fcrii t\u00f5stis esile v\u00f5idut\u00f6\u00f6 koomilist poolt. Lugu on absurdihuumoriga v\u00fcrtsitatud seiklusjutt meremeestest, piraatidest ja muudest tegelastest. Saksatamme seikluslikke lastejutte iseloomustavad ladus s\u00f5naseade ja huumor. Ta on avaldanud jutte ajakirjades Hea Laps, Mesimumm, T\u00e4heke ning Pere ja Kodu. M\u00f5ned t\u00e4iskasvanutele m\u00f5eldud lood on ilmunud ajakirjas Pilkaja.<\/p>\n\n\n\n<p>Markus Saksatamm on alates 2018. aastast Kirjanike Liidu liige.<\/p>\n\n\n\n<p>Mitmeid Saksatamme lasteraamatuid on t\u00f5lgitud vene keelde. 2015. aastal saavutas Saksatamme \u201eLepatriinu ja pingviini\u201c t\u00f5lge Venemaa Kirjastajate Liidu konkursil \u201eAasta parimad raamatud 2015\u201c aunimetuse \u201eParim v\u00e4lismaal v\u00e4lja antud venekeelne raamat\u201c.<\/p>\n\n\n\n<p><em>L. P.<\/em><\/p>\n\n\n\n<h4 class=\"wp-block-heading\"><br>Raamatud eesti keeles<\/h4>\n\n\n\n<p><em><strong>Lasteraamatud<\/strong><\/em><br><strong>V\u00f5lur Sinku-Vinku ja n\u00f5iatrall<\/strong>. Tallinn: Varrak, 2008. 134 lk.<br><strong>K\u00fclaline Okidoki planeedilt<\/strong>. Tallinn: T\u00e4nap\u00e4ev, 2010. 76 lk.<br><strong>Ruubert, lohe ja laevapoisid<\/strong>. Tallinn: T\u00e4nap\u00e4ev, 2010. 160 lk.<br><strong>Tont ja mannapuder<\/strong>: naljajutud lastele. Tallinn: T\u00e4nap\u00e4ev, 2011. 140 lk.<br><strong>T\u00e4di hakkab tuuleloheks<\/strong>: vahvaid jutte lastele. Tallinn: T\u00e4nap\u00e4ev, 2012. 102 lk. [2, uuendatud tr\u00fckk: 2022.]<br><strong>Kass ja kinopilet<\/strong>: uued naljajutud lastele. Tallinn: T\u00e4nap\u00e4ev, 2013. 143 lk.<br><strong>Lepatriinu ja Pingviin<\/strong>. Tabasalu: Dolce Press, 2013. 47 lk.<br><strong>Postiljon ja kanad<\/strong>. Tallinn: P\u00e4ike ja Pilv, 2014. 21 lk.<br><strong>Kus on tuukri koduke?<\/strong>. Tabasalu: Dolce Press, 2015. 58 lk.<br><strong>Hiir, kes oskas v\u00f5\u00f5raid keeli<\/strong>. Tallinn: Dolce Press, 2016. 81 lk.<br><strong>Viiek\u00fc\u00fcruline kaamel ja teisi naljajutte<\/strong>. Tallinn: T\u00e4nap\u00e4ev, 2016. 95 lk.<br><strong>Banaan, j\u00e4\u00e4purikas ja h\u00e4daldaja kastan<\/strong>. Tallinn: T\u00e4nap\u00e4ev, 2018. 80 lk.<br><strong>Kaisa sada vanaisa<\/strong>. Tallinn: Rahva Raamat, 2018. 47 lk. [2. tr\u00fckk: 2024.]<br><strong>Pannkoogid!<\/strong>: nalja ja naeruga. Tallinn: T\u00e4nap\u00e4ev, 2019. 83 lk.<br><strong>Kade lehm ja tige lumehang<\/strong>: jutud ja luuletused. Tallinn: Tallinna Keskraamatukogu, 2020. 66 lk.<br><strong>Tere-tere, t\u00e4heloomad!<\/strong>. Tallinn: Koolibri, 2020. 32 lk.<br><strong>Ulakas vorst ja nutitelefon<\/strong>. Tallinn: Pegasus, 2021. 134 lk.<br><strong>Lola ja Lohe p\u00e4\u00e4stesalk<\/strong>. Tallinn: Rahva Raamatu Kirjastus, 2024. 112 lk.<\/p>\n\n\n\n<p><em><strong>Varikirjanikuna<\/strong><\/em><br>Markus Saksatamm, Andrei Ambros, <strong>SOG: Eesti eri\u00fcksuse lugu: Andrei Ambrose m\u00e4lestused<\/strong>. Tallinn: Rahva Raamat, 2021. 232 lk.<br>Andrei Ambros, Markus Saksatamm, <strong>Eri\u00fcksusest Iraaki<\/strong>. Tallinn: T\u00e4nap\u00e4ev, 2025. 176 lk. [Andrei Ambrose m\u00e4lestused aastatest 2006\u20132020.]<\/p>\n","protected":false},"excerpt":{"rendered":"<p>Markus Saksatamm (kodanikunimega Margus Eiche, s\u00fcnd. 28. I 1969) on lastekirjanik. Ta on s\u00fcndinud ja kasvanud Sakus. 2008. aastal ilmus tema esimene raamat \u201eV\u00f5lur Sinku-Vinku ja n\u00f5iatrall\u201d. J\u00e4rgmine raamat \u201eRuubert, lohe ja laevapoisid\u201c p\u00e4lvis 2009. aastal teise koha lastejuttude v\u00f5istlusel &#8230;<\/p>\n","protected":false},"author":43,"featured_media":0,"parent":6505,"menu_order":0,"comment_status":"closed","ping_status":"closed","template":"","meta":{"_acf_changed":false,"inline_featured_image":false,"footnotes":""},"class_list":["post-9129","page","type-page","status-publish","hentry"],"acf":[],"_links":{"self":[{"href":"https:\/\/sisu.ut.ee\/ewod\/et\/wp-json\/wp\/v2\/pages\/9129","targetHints":{"allow":["GET"]}}],"collection":[{"href":"https:\/\/sisu.ut.ee\/ewod\/et\/wp-json\/wp\/v2\/pages"}],"about":[{"href":"https:\/\/sisu.ut.ee\/ewod\/et\/wp-json\/wp\/v2\/types\/page"}],"author":[{"embeddable":true,"href":"https:\/\/sisu.ut.ee\/ewod\/et\/wp-json\/wp\/v2\/users\/43"}],"replies":[{"embeddable":true,"href":"https:\/\/sisu.ut.ee\/ewod\/et\/wp-json\/wp\/v2\/comments?post=9129"}],"version-history":[{"count":1,"href":"https:\/\/sisu.ut.ee\/ewod\/et\/wp-json\/wp\/v2\/pages\/9129\/revisions"}],"predecessor-version":[{"id":9130,"href":"https:\/\/sisu.ut.ee\/ewod\/et\/wp-json\/wp\/v2\/pages\/9129\/revisions\/9130"}],"up":[{"embeddable":true,"href":"https:\/\/sisu.ut.ee\/ewod\/et\/wp-json\/wp\/v2\/pages\/6505"}],"wp:attachment":[{"href":"https:\/\/sisu.ut.ee\/ewod\/et\/wp-json\/wp\/v2\/media?parent=9129"}],"curies":[{"name":"wp","href":"https:\/\/api.w.org\/{rel}","templated":true}]}}