{"id":9122,"date":"2024-04-03T23:41:15","date_gmt":"2024-04-03T20:41:15","guid":{"rendered":"https:\/\/sisu.ut.ee\/ewod\/?page_id=9122"},"modified":"2026-05-07T16:24:09","modified_gmt":"2026-05-07T13:24:09","slug":"vello-salo","status":"publish","type":"page","link":"https:\/\/sisu.ut.ee\/ewod\/et\/s\/vello-salo\/","title":{"rendered":"Vello Salo"},"content":{"rendered":"<figure class=\"wp-block-image alignright size-large is-resized\"><a href=\"https:\/\/sisu.ut.ee\/wp-content\/uploads\/sites\/108\/vello_salo_arno_saar-scaled.jpg\"><img loading=\"lazy\" decoding=\"async\" width=\"761\" height=\"1024\" src=\"https:\/\/sisu.ut.ee\/wp-content\/uploads\/sites\/108\/vello_salo_arno_saar-761x1024.jpg\" alt=\"\" class=\"wp-image-6089\" style=\"aspect-ratio:0.743161894154138;width:207px;height:auto\" title=\"Foto: Arno Saar\" srcset=\"https:\/\/sisu.ut.ee\/wp-content\/uploads\/sites\/108\/vello_salo_arno_saar-761x1024.jpg 761w, https:\/\/sisu.ut.ee\/wp-content\/uploads\/sites\/108\/vello_salo_arno_saar-223x300.jpg 223w, https:\/\/sisu.ut.ee\/wp-content\/uploads\/sites\/108\/vello_salo_arno_saar-768x1034.jpg 768w, https:\/\/sisu.ut.ee\/wp-content\/uploads\/sites\/108\/vello_salo_arno_saar-1141x1536.jpg 1141w, https:\/\/sisu.ut.ee\/wp-content\/uploads\/sites\/108\/vello_salo_arno_saar-1522x2048.jpg 1522w, https:\/\/sisu.ut.ee\/wp-content\/uploads\/sites\/108\/vello_salo_arno_saar-1920x2584.jpg 1920w, https:\/\/sisu.ut.ee\/wp-content\/uploads\/sites\/108\/vello_salo_arno_saar-scaled.jpg 1902w\" sizes=\"auto, (max-width: 761px) 100vw, 761px\"><\/a><\/figure>\n\n\n\n<p>Vello Salo (kuni 1945. aastani Endel Vaher, 5. XI 1925 \u2013 21. IV 2019) oli esseist, t\u00f5lkija, vaimulik ning eesti kirjanduse tutvustaja ning edendaja paguluses.<\/p>\n\n\n\n<p>Ta s\u00fcndis kooli\u00f5petajate peres V\u00f5isiku vallas Viljandimaal. G\u00fcmnaasiumi\u00f5pilasena astus ta 1943. aastal soomepoisiks. S\u00f5jakeerises ta vangistati ning viidi Saksamaale. Osales Sileesia lahingutes ja sattus T\u0161ehhi p\u00f5rgusse, kust tal \u00f5nnestus p\u00e4\u00e4seda ning j\u00f5uda Itaaliasse, kus v\u00f5ttis endale uueks nimeks Vello Salo, et s\u00e4\u00e4sta oma kodumaale j\u00e4\u00e4nud sugulasi n\u00f5ukogude repressioonidest.<\/p>\n\n\n\n<p>Velo Salo \u00f5ppis ja t\u00f6\u00f6tas mitmes v\u00e4lisriigis, tegutsedes aktiivselt eestluse hoidjana, kirjastaja, t\u00f5lkija ja ajakirjanikuna. Ta oli katoliiklane. 1976. aastal omandas ta Roomas Pontificium Institutum Biblicumis teoloogia alal doktorikraadi. Eestisse p\u00f6\u00f6rdus Salo tagasi 1993. aastal. Aastatel 1993\u20131994 pidas Salo Tartu \u00dclikooli usuteaduskonnas k\u00fclalisprofessorina loenguid. Aastast 2001 oli ta Pirita kloostri preester ning tegeles ka mitmesuguste, peamiselt vaimuliku sisuga raamatute kirjastamisega ja eestikeelse Piibli uue t\u00f5lke toimetamisega. 2011\/2012. \u00f5ppeaastal oli Salo Tartu \u00dclikooli vabade kunstide professor. 2017. aastal nimetati Salo Helsingi \u00dclikooli audoktoriks. Salo oli Eesti Kirjanike Liidu liige alates 1998. aastast.<\/p>\n\n\n\n<p>Salo on t\u00f5lkinud itaalia keelde ning kirjastanud eesti luuletajate loomingut. Ta asutas v\u00e4liseesti kirjastuse Maarjamaa, mis tegutses aktiivselt Vello Salo surmani. Salo on t\u00f5lkinud Piibli vanadest algtekstidest eesti keelde vaimulikku luulet. Teabekirjanduse alal avaldas Salo uurimuslikke materjale eesti kultuuri kohta ja \u00fclevaateid okupatsiooniv\u00f5imude repressioonidest Eesti territooriumil. Salo tegevust on tunnustatud paljude auhindadega. Temast on valminud dokumentaalfilm \u201cVello Salo. Igap\u00e4evaelu m\u00fcstika\u201d (2018, re\u017eiss\u00f6\u00f6r Jaan Tootsen).<\/p>\n\n\n\n<p><em>L. P.<\/em><\/p>\n\n\n\n<h4 class=\"wp-block-heading\"><br>Raamatud eesti keeles<\/h4>\n\n\n\n<p><strong><em>Uurimused<\/em><\/strong><br><strong>Riik ja kirikud 1940\u20131974<\/strong>. Rooma: Maarjamaa, 1974. 82 lk.<br>Olaf Sild, Vello Salo, <strong>L\u00fchike Eesti kirikulugu<\/strong>. Tartu: 1995. 232 lk.<br><strong>E. V. Kaadriohvitseride saatus 1938\u20131996 [nimestik]<\/strong>. Tartu: Okupatsioonide Repressiivpoliitika Uurimise Riiklik Komisjon (Johannes Esto \u00dching), 1996. 36 lk.<br><strong>Riik ja kirikud 1940\u20131991<\/strong>. Brampton [Kanada]: Maarjamaa, 2000. 86 lk.<br><strong>Maarja maa lugu<\/strong>. Tallinn: V. Salo, 2015. 34 lk.<\/p>\n\n\n\n<p><em><strong>M\u00e4lestused, kultuurilugu, palved, k\u00f5ned jne<\/strong><\/em><br><strong>Palved ja hommikum\u00f5tisklused<\/strong>. Koostanud Ivar Tr\u00f6ner, toimetanud Anu Salu\u00e4\u00e4r, saates\u00f5na Viivi Luik. Tallinn: SE&amp;JS, 2020. 151 lk.<br><strong>P\u00fchitse meid t\u00f5ega: m\u00f5tisklused, jutlused, k\u00f5ned, loengud<\/strong>. Koostanud Ivar Tr\u00f6ner, toimetanud Anu Salu\u00e4\u00e4r, n\u00f5uandja Ingmar Kurg, saates\u00f5na Viivi Luik. Tallinn: SE&amp;JS, 2021. 519 lk.<br><strong>Jumalale on k\u00f5ik v\u00f5imalik: Radio Vaticana-Estone. Vatikani Raadio eestikeelsed saated 1948\u20131953 ja 1961\u20131965<\/strong>. Koostanud Ivar Tr\u00f6ner, j\u00e4rels\u00f5na Jaan Kaplinski, toimetanud Anu Salu\u00e4\u00e4r, teoloogiline konsultant Kalle Kasemaa. Tallinn: Postimees Kirjastus, 2023. 791 lk.<\/p>\n","protected":false},"excerpt":{"rendered":"<p>Vello Salo (kuni 1945. aastani Endel Vaher, 5. XI 1925 \u2013 21. IV 2019) oli esseist, t\u00f5lkija, vaimulik ning eesti kirjanduse tutvustaja ning edendaja paguluses. Ta s\u00fcndis kooli\u00f5petajate peres V\u00f5isiku vallas Viljandimaal. G\u00fcmnaasiumi\u00f5pilasena astus ta 1943. aastal soomepoisiks. S\u00f5jakeerises ta &#8230;<\/p>\n","protected":false},"author":43,"featured_media":0,"parent":6505,"menu_order":0,"comment_status":"closed","ping_status":"closed","template":"","meta":{"_acf_changed":false,"inline_featured_image":false,"footnotes":""},"class_list":["post-9122","page","type-page","status-publish","hentry"],"acf":[],"_links":{"self":[{"href":"https:\/\/sisu.ut.ee\/ewod\/et\/wp-json\/wp\/v2\/pages\/9122","targetHints":{"allow":["GET"]}}],"collection":[{"href":"https:\/\/sisu.ut.ee\/ewod\/et\/wp-json\/wp\/v2\/pages"}],"about":[{"href":"https:\/\/sisu.ut.ee\/ewod\/et\/wp-json\/wp\/v2\/types\/page"}],"author":[{"embeddable":true,"href":"https:\/\/sisu.ut.ee\/ewod\/et\/wp-json\/wp\/v2\/users\/43"}],"replies":[{"embeddable":true,"href":"https:\/\/sisu.ut.ee\/ewod\/et\/wp-json\/wp\/v2\/comments?post=9122"}],"version-history":[{"count":1,"href":"https:\/\/sisu.ut.ee\/ewod\/et\/wp-json\/wp\/v2\/pages\/9122\/revisions"}],"predecessor-version":[{"id":9123,"href":"https:\/\/sisu.ut.ee\/ewod\/et\/wp-json\/wp\/v2\/pages\/9122\/revisions\/9123"}],"up":[{"embeddable":true,"href":"https:\/\/sisu.ut.ee\/ewod\/et\/wp-json\/wp\/v2\/pages\/6505"}],"wp:attachment":[{"href":"https:\/\/sisu.ut.ee\/ewod\/et\/wp-json\/wp\/v2\/media?parent=9122"}],"curies":[{"name":"wp","href":"https:\/\/api.w.org\/{rel}","templated":true}]}}