{"id":9087,"date":"2024-04-03T23:40:37","date_gmt":"2024-04-03T20:40:37","guid":{"rendered":"https:\/\/sisu.ut.ee\/ewod\/?page_id=9087"},"modified":"2026-05-07T13:39:26","modified_gmt":"2026-05-07T10:39:26","slug":"kristjan-sander","status":"publish","type":"page","link":"https:\/\/sisu.ut.ee\/ewod\/et\/s\/kristjan-sander\/","title":{"rendered":"Kristjan Sander"},"content":{"rendered":"<p>Kristjan Sander (s\u00fcnd. 8. XII 1977) on ulmekirjanik.<\/p>\n\n\n\n<p>Sander l\u00f5petas 2012. aastal Tartu \u00dclikooli filosoofiateaduskonnas ajaloo eriala ning omandas 2014. aastal samas magistrikraadi arheoloogias. 2014. aastal astus ta Tallinna \u00dclikooli doktori\u00f5ppesse ning kaitses 2023. aastal doktorikraadi v\u00e4itekirjaga \u201eA tradition of mobility: land use dynamics of Stone Age hunter-gatherers in West Estonian Lowland (app. 5300\u20132600 BC)\u201d (\u201eR\u00e4ndluse traditsioon: kiviaja k\u00fcttide-korilaste maakasutuse d\u00fcnaamika L\u00e4\u00e4ne-Eesti madalikul (umbes 5300\u20132600 eKr)\u201d) . Kristjan Sander on ulmeajakirja Algernon toimetaja ning Kirjanike Liidu liige 2012. aastast.<\/p>\n\n\n\n<p>Sander on kirjutanud peamiselt ulmejutte. Tema l\u00fchiromaan \u201eValguse nimel\u201c ilmus 2003. aastal. See jutustab inimkonna sajandite pikkuste unistuste t\u00e4itumisest: on avastatud ja asustatud esimene Maa-taoline planeet.<\/p>\n\n\n\n<p>Sanderi teise l\u00fchiromaani \u201eKolmteist talvist hetke\u201c (2008) peategelane Mihkel satub paralleelmaailma, mis on meie omaga sarnane, kuid milles v\u00f5itlevad inimesed Luikedeks nimetatud t\u00e4iesti v\u00f5\u00f5raste ja seletamatute olevuste vastu, v\u00e4ltimaks nende imbumist tavamaailma. Kriitikud on v\u00f5rrelnud seda teost vene ulmeklassikute vendade Strugatskite loominguga. \u201eKolmteist talvist hetke\u201d sisaldub kogumikus \u201e13 talvist hetke\u201d, kus leidub veel kolm juttu. 2012. aastal ilmunud raamatusse \u201e\u00d5htu rannal\u201c on koondatud 7 l\u00fchemat v\u00f5i pikemat juttu. Kogumiku jutud on stiili ja sisu poolest v\u00e4ga erinevad, kuid neid \u00fchendab s\u00fcvenemine tegelaste sisemaailma.<\/p>\n\n\n\n<p>Sanderi loomingus leidub n\u00e4iteid peaaegu k\u00f5ikidest fantastika alam\u017eanridest alates k\u00f5vaulmest kuni \u00f5uduskirjanduseni.<br><br><em>L. P.<\/em><\/p>\n\n\n\n<h4 class=\"wp-block-heading\"><br>Raamatud eesti keeles<\/h4>\n\n\n\n<p><strong><em>L\u00fchiromaanid ja jutud<\/em><\/strong><br><strong>Valguse nimel<\/strong>. Tartu: Fantaasia, 2003. 66 lk. [L\u00fchiromaan.]<br><strong>13 talvist hetke<\/strong>. Tallinn: Varrak, 2008. 310 lk. [L\u00fchiromaan ja jutud.]<br><strong>\u00d5htu rannal<\/strong>. Tallinn: Varrak, 2012. 162 lk. [Jutud.]<\/p>\n","protected":false},"excerpt":{"rendered":"<p>Kristjan Sander (s\u00fcnd. 8. XII 1977) on ulmekirjanik. Sander l\u00f5petas 2012. aastal Tartu \u00dclikooli filosoofiateaduskonnas ajaloo eriala ning omandas 2014. aastal samas magistrikraadi arheoloogias. 2014. aastal astus ta Tallinna \u00dclikooli doktori\u00f5ppesse ning kaitses 2023. aastal doktorikraadi v\u00e4itekirjaga \u201eA tradition of &#8230;<\/p>\n","protected":false},"author":43,"featured_media":0,"parent":6505,"menu_order":0,"comment_status":"closed","ping_status":"closed","template":"","meta":{"_acf_changed":false,"inline_featured_image":false,"footnotes":""},"class_list":["post-9087","page","type-page","status-publish","hentry"],"acf":[],"_links":{"self":[{"href":"https:\/\/sisu.ut.ee\/ewod\/et\/wp-json\/wp\/v2\/pages\/9087","targetHints":{"allow":["GET"]}}],"collection":[{"href":"https:\/\/sisu.ut.ee\/ewod\/et\/wp-json\/wp\/v2\/pages"}],"about":[{"href":"https:\/\/sisu.ut.ee\/ewod\/et\/wp-json\/wp\/v2\/types\/page"}],"author":[{"embeddable":true,"href":"https:\/\/sisu.ut.ee\/ewod\/et\/wp-json\/wp\/v2\/users\/43"}],"replies":[{"embeddable":true,"href":"https:\/\/sisu.ut.ee\/ewod\/et\/wp-json\/wp\/v2\/comments?post=9087"}],"version-history":[{"count":1,"href":"https:\/\/sisu.ut.ee\/ewod\/et\/wp-json\/wp\/v2\/pages\/9087\/revisions"}],"predecessor-version":[{"id":9088,"href":"https:\/\/sisu.ut.ee\/ewod\/et\/wp-json\/wp\/v2\/pages\/9087\/revisions\/9088"}],"up":[{"embeddable":true,"href":"https:\/\/sisu.ut.ee\/ewod\/et\/wp-json\/wp\/v2\/pages\/6505"}],"wp:attachment":[{"href":"https:\/\/sisu.ut.ee\/ewod\/et\/wp-json\/wp\/v2\/media?parent=9087"}],"curies":[{"name":"wp","href":"https:\/\/api.w.org\/{rel}","templated":true}]}}