{"id":9051,"date":"2024-04-03T23:40:39","date_gmt":"2024-04-03T20:40:39","guid":{"rendered":"https:\/\/sisu.ut.ee\/ewod\/?page_id=9051"},"modified":"2026-05-07T11:55:04","modified_gmt":"2026-05-07T08:55:04","slug":"heidi-sarapuu","status":"publish","type":"page","link":"https:\/\/sisu.ut.ee\/ewod\/et\/s\/heidi-sarapuu\/","title":{"rendered":"Heidi Sarapuu"},"content":{"rendered":"<p>Heidi Sarapuu (1969. aastani Loot; s\u00fcndinud 25. I 1944) on lavastaja ja dramaturg.<\/p>\n\n\n\n<p>Heidi Sarapuu s\u00fcndis ja \u00f5ppis Tallinnas, Eesti Teatri\u00fchingu \u00f5ppestuudios ja Tallinna Pedagoogilises Instituudis n\u00e4itejuhtimist. Ta on muuhulgas t\u00f6\u00f6tanud Eesti Teaduste Akadeemia Kesklektooriumi direktorina, juhendanud luule- ja n\u00e4iteringe, \u00f5petanud kultuurilugu. 1987. aastal asutas luuleteatri Varius, millest 1999. aastal kujunes teater Varius, mille dramaturg, kunstiline juht ja lavastaja on ta t\u00e4nap\u00e4evani. Eesti Lavastajate Liidu ja alates 2003. aastast Eesti Kirjanike Liidu liige.<\/p>\n\n\n\n<p>Sarapuu on esmajoones seotud teater Variusega, mille repertuaar on peaasjalikult keskendunud Eesti ja P\u00f5hjamaade kultuuriloole ning loovisikutele (nt \u201eArbujate aegu\u201c (1988), \u201eUmbsed t\u00f5ed\u201c (1989) Kalju Lepikust ja Tuulisui r\u00fchmitusest, \u201eEesti Kirjanikkude Liit, 1922-1940\u201c (1997), \u201eTervist, h\u00e4rra Vilde!\u201c (1999) <a href=\"https:\/\/sisu.ut.ee\/ewod\/et\/v\/eduard-vilde\/\" data-type=\"page\" data-id=\"7918\">Eduard Vildest<\/a>, \u201eSaaga\u201c Sigrid Undsetist (2001), \u201eL\u00f5busad estoonlased\u201c (2011), \u201eLaborant Viiding\u201c (2014) <a href=\"https:\/\/sisu.ut.ee\/ewod\/et\/v\/juhanviiding\/\" data-type=\"page\" data-id=\"6617\">Juhan Viidingust<\/a>). On kirjutanud teatrile tekste ning dramatiseerinud ja lavastanud.<\/p>\n\n\n\n<p>1990. aastast on Sarapuu kirjutanud ja lavastanud Eesti Raadios kuuldem\u00e4nge. On osalenud ka kuuldem\u00e4ngude v\u00f5istlustel, p\u00e4lvides \u201eKolm naist liftis\u201c eest kolmanda koha (1987), \u201eM\u00fcstilise klaveri\u201c eest esikoha (1997) ning \u201eTulesaiakese\u201c eest ergutusauhinna (1997). Sarapuu on mitme kirjandussaate autor ja saatejuht, nt \u201e<a href=\"https:\/\/sisu.ut.ee\/ewod\/et\/t\/friedebert-tuglas\/\" data-type=\"page\" data-id=\"6932\">Tuglasega<\/a> P\u00f5hjamaades\u201c (1993), \u201eKirjat\u00e4hti P\u00f5hjataevas\u201c (1994), \u201eMaa ja taeva vahel\u201c (2003), \u201eKahel kaldal\u201c (2004).<\/p>\n\n\n\n<p>Heidi Sarapuu on p\u00e4lvinud Eesti Kultuurifondi preemia (1989), P\u00f5hjamaade Ministrite N\u00f5ukogu kultuuripreemia (2004), Valget\u00e4he IV klassi teenetem\u00e4rgi (2013), Kristi ja Siim Kallase fondi stipendiumi (2013), <a href=\"https:\/\/sisu.ut.ee\/ewod\/et\/t\/a-h-tammsaare\/\" data-type=\"page\" data-id=\"8618\">Tammsaare<\/a> ja Vilde S\u00f5prade Seltsi klassiku s\u00f5bra tiitli (2017) ning Tallinna raemedali Eesti ja Tallinna kultuuriloolise p\u00e4randi dramaturgias j\u00e4\u00e4dvustamise eest (2019).<\/p>\n\n\n\n<p><em>A. K.<\/em><\/p>\n\n\n\n<h4 class=\"wp-block-heading\"><br>Raamatud eesti keeles<\/h4>\n\n\n\n<p><strong><em>N\u00e4idendid<\/em><\/strong><br><strong>\u00dclemere. Valik Heidi Sarapuu kirjandusloolisi lavatekste eesti ja rootsi autoritest<\/strong>. Tallinn: Varius, 2001, 185 lk.<br><strong>Klassikule k\u00fclla. F. Tuglas, E. Vilde, A. H. Tammsaare<\/strong>. Tallinn: NyNorden, 2010, 158 lk.<br><strong>Suurte varjus<\/strong>. Tallinn: NyNorden, 2012, 160 lk. [Sisu: \u2018L\u00f5busad estoonlased\u2019, \u2018His Master\u2019s Voice\u2019, \u2018Helisev viis\u2019.]<br><strong>Estoonlased! Estoonlased!<\/strong>. Tallinn: Teater Varius, 2017, 200 lk. [Sisu: \u2018Saatuslik \u201cNahkhiir\u201d\u2018, \u2018Mojens!\u2019, \u2018Suurem kui saatus\u2019, \u2018Unustatud primadonna\u2019.]<br><strong>Kummardus. Kultuuriloolised lavatekstid: Juhan Viiding, Aleksander Sibul, Igor Severjanin<\/strong>. Tartu: Ilmamaa, 2017, 179 lk. [Sisu: \u2018Laborant Viiding\u2019, \u2018Kui me elasime raamatukogus\u2026\u2019, \u2018Ananassid \u0161ampanjas\u2019.]<br><strong>Lennud: kultuuriloolised lavatekstid<\/strong>. Tartu: Ilmamaa, 2021. 109 lk. [Sisu: \u2018Lennud\u2019, \u2018Treffpunkt \u2013 Berliin!\u2019, Teatri Varius lavastused (1988-2021).]<br><strong>Klassikute Varius. Kultuuriloolised lavatekstid<\/strong>. Tartu: Ilmamaa, 2023, 215 lk. [Sisu: \u2018Klassikute prouad\u2019, \u2018Viis kuud Vildega\u2019, \u2018Tuhast t\u00f5usnud teater\u2019.]<\/p>\n\n\n\n<p><strong><em>Variuse teatri ajalugu<\/em><\/strong><br><strong>Variuse lood. Teatri ajaloost 1987-2007<\/strong>. T\u00f5lked inglise keelde: Mall Tamm; eess\u00f5na: Mati Sirkel, Kalli Klement, Tiiu Valm. Tallinn: NyNorden, 2007, 298 lk.<\/p>\n","protected":false},"excerpt":{"rendered":"<p>Heidi Sarapuu (1969. aastani Loot; s\u00fcndinud 25. I 1944) on lavastaja ja dramaturg. Heidi Sarapuu s\u00fcndis ja \u00f5ppis Tallinnas, Eesti Teatri\u00fchingu \u00f5ppestuudios ja Tallinna Pedagoogilises Instituudis n\u00e4itejuhtimist. Ta on muuhulgas t\u00f6\u00f6tanud Eesti Teaduste Akadeemia Kesklektooriumi direktorina, juhendanud luule- ja n\u00e4iteringe, &#8230;<\/p>\n","protected":false},"author":43,"featured_media":0,"parent":6505,"menu_order":0,"comment_status":"closed","ping_status":"closed","template":"","meta":{"_acf_changed":false,"inline_featured_image":false,"footnotes":""},"class_list":["post-9051","page","type-page","status-publish","hentry"],"acf":[],"_links":{"self":[{"href":"https:\/\/sisu.ut.ee\/ewod\/et\/wp-json\/wp\/v2\/pages\/9051","targetHints":{"allow":["GET"]}}],"collection":[{"href":"https:\/\/sisu.ut.ee\/ewod\/et\/wp-json\/wp\/v2\/pages"}],"about":[{"href":"https:\/\/sisu.ut.ee\/ewod\/et\/wp-json\/wp\/v2\/types\/page"}],"author":[{"embeddable":true,"href":"https:\/\/sisu.ut.ee\/ewod\/et\/wp-json\/wp\/v2\/users\/43"}],"replies":[{"embeddable":true,"href":"https:\/\/sisu.ut.ee\/ewod\/et\/wp-json\/wp\/v2\/comments?post=9051"}],"version-history":[{"count":1,"href":"https:\/\/sisu.ut.ee\/ewod\/et\/wp-json\/wp\/v2\/pages\/9051\/revisions"}],"predecessor-version":[{"id":9052,"href":"https:\/\/sisu.ut.ee\/ewod\/et\/wp-json\/wp\/v2\/pages\/9051\/revisions\/9052"}],"up":[{"embeddable":true,"href":"https:\/\/sisu.ut.ee\/ewod\/et\/wp-json\/wp\/v2\/pages\/6505"}],"wp:attachment":[{"href":"https:\/\/sisu.ut.ee\/ewod\/et\/wp-json\/wp\/v2\/media?parent=9051"}],"curies":[{"name":"wp","href":"https:\/\/api.w.org\/{rel}","templated":true}]}}