{"id":9043,"date":"2024-04-03T23:39:33","date_gmt":"2024-04-03T20:39:33","guid":{"rendered":"https:\/\/sisu.ut.ee\/ewod\/?page_id=9043"},"modified":"2026-05-07T11:09:48","modified_gmt":"2026-05-07T08:09:48","slug":"jaak-sarapuu","status":"publish","type":"page","link":"https:\/\/sisu.ut.ee\/ewod\/et\/s\/jaak-sarapuu\/","title":{"rendered":"Jaak Sarapuu"},"content":{"rendered":"<figure class=\"wp-block-image alignright size-large is-resized\"><a href=\"https:\/\/sisu.ut.ee\/wp-content\/uploads\/sites\/108\/jaak_sarapuu_alar_madisson-scaled.jpg\"><img loading=\"lazy\" decoding=\"async\" width=\"681\" height=\"1024\" src=\"https:\/\/sisu.ut.ee\/wp-content\/uploads\/sites\/108\/jaak_sarapuu_alar_madisson-681x1024.jpg\" alt=\"\" class=\"wp-image-6393\" style=\"aspect-ratio:0.6650451260647844;width:233px;height:auto\" title=\"Foto: Alar Madisson\" srcset=\"https:\/\/sisu.ut.ee\/wp-content\/uploads\/sites\/108\/jaak_sarapuu_alar_madisson-681x1024.jpg 681w, https:\/\/sisu.ut.ee\/wp-content\/uploads\/sites\/108\/jaak_sarapuu_alar_madisson-200x300.jpg 200w, https:\/\/sisu.ut.ee\/wp-content\/uploads\/sites\/108\/jaak_sarapuu_alar_madisson-768x1154.jpg 768w, https:\/\/sisu.ut.ee\/wp-content\/uploads\/sites\/108\/jaak_sarapuu_alar_madisson-1022x1536.jpg 1022w, https:\/\/sisu.ut.ee\/wp-content\/uploads\/sites\/108\/jaak_sarapuu_alar_madisson-1363x2048.jpg 1363w, https:\/\/sisu.ut.ee\/wp-content\/uploads\/sites\/108\/jaak_sarapuu_alar_madisson-1920x2885.jpg 1920w, https:\/\/sisu.ut.ee\/wp-content\/uploads\/sites\/108\/jaak_sarapuu_alar_madisson-scaled.jpg 1703w\" sizes=\"auto, (max-width: 681px) 100vw, 681px\"><\/a><\/figure>\n\n\n\n<p>Jaak Sarapuu (s\u00fcnd. 18. VI 1939) on proosakirjanik, ajaloolane, pedagoog ja kirjastaja.<\/p>\n\n\n\n<p>Sarapuu s\u00fcndis Valgamaal Hargla kihelkonnas Taheva k\u00fclas taluniku pojana. Ta \u00f5ppis aastatel 1954\u20131958 Valga 1. keskkoolis ja 1969\u20131975 Tartu Riikliku \u00dclikooli ajaloo-keeleteaduskonnas ajalugu. L\u00f5petas \u00fclikooli kaug\u00f5ppes. Sarapuu on t\u00f6\u00f6tanud aastatel 1961\u20131967 \u00f5petajana Harjumaal ja Tartumaal, 1969\u20131973 Viljandi internaatkoolis, 1973\u20131983 Viljandi kaug\u00f5ppekeskkoolis, 1967\u20131969 n\u00e4itlejana Ugala teatris, 1983\u20131984 metoodikuna Viljandi koduloomuuseumis, hiljem taas \u00f5petajana Viljandimaa koolides, 1993. aastast alates Viljandis kirjastajana.<\/p>\n\n\n\n<p>Sarapuu deb\u00fcteeris 1963. aastal ajakirjas T\u00e4heke ning p\u00e4lvis auhindu ajakirjade Noorus ja Looming jutuv\u00f5istlustel. Jaak Sarapuu on Eesti Kirjanike Liidu liige 1989. aastast.<\/p>\n\n\n\n<p>Sarapuu on kirjutanud nii t\u00e4iskasvanutele kui noortele. Esimene proosakogumik oli \u201eAustusavaldus\u201d (1974). L\u00fchivormi harrastava autori juttude tegevus toimub enamasti k\u00fclaolustikus. Sarapuu l\u00fchijutud kujutavad fotograafiliselt 20. sajandi l\u00f5pu k\u00fclaelu seal esinenud iseloomulike probleemidega.<\/p>\n\n\n\n<p>1980. aastal avaldas Sarapuu oma esimese noorsoole m\u00f5eldud ajaloolise ulmejutustuse \u201eTaevalindlased ja kirveslased\u201d. Sellest sai alguse Eesti vanemale ajaloole p\u00fchendatud \u201eUru kummaliste seikluste\u201d sari, millest ilmusid hiljem \u201eSalakivi\u201d (1983), \u201eSoovaimude laukast\u201d (1987), \u201eImeuhmer\u201c (1993), \u201eLembitu salakuulaja\u201d (1995) ja \u201eOhtlik rada\u201d (1998). Need on \u00f5pilaste ajaloolise teadvuse arendamiseks kirjutatud jutustused Eesti ajaloost kiviajast hiliskeskajani. Kohati on autor oma noorsoojutustustes kasutanud rahvaluuleainelisi ulme- ja \u00f5udusmotiive.<\/p>\n\n\n\n<p>Jaak Sarapuu on kirjutanud ajaloo\u00f5pikuid Eesti ajaloost ja neid kirjastanud. Ta on kirjastanud ka lugemikke, t\u00f6\u00f6vihikuid, atlaseid, seinakaarte ja seinatabeleid. Neid on ilmunud ka vene ja l\u00e4ti keeles.<\/p>\n\n\n\n<p>Sarapuu jutte on t\u00f5lgitud vene, l\u00e4ti ja bulgaaria keelde.<\/p>\n\n\n\n<p><em>L. P.<\/em><\/p>\n\n\n\n<h4 class=\"wp-block-heading\"><br>Raamatud eesti keeles<\/h4>\n\n\n\n<p><strong><em>Romaanid<\/em><\/strong><br><strong>Kuningas Lembitu elu<\/strong>: ajalooline romaan. Tallinn: Kupar, 1993. 175 lk.<\/p>\n\n\n\n<p><strong><em>Ajaloolised jutustused lastele ja noortele<\/em><\/strong><br><strong>Taevalindlased ja kirveslased<\/strong>. Eestimaa minevikust III aastatuhande l\u00f5pust e.m.a..\u00a0Tallinn: Valgus, 1980. 64 lk.<br><strong>Salakivi<\/strong>: jutustus pronksiajast. Tallinn: Valgus, 1983. 56 lk.<br><strong>Soovaimude laukast<\/strong>: jutustus varasest rauaajast. Tallinn: Valgus, 1987. 69 lk.<br><strong>Uru kummalised seiklused muistses Eestis<\/strong>. Ajalooline jutustus. 1. raamat. Tallinn: Kupar, 1991. 188 lk.<br><strong>Imeuhmer<\/strong>. Viljandi: J. Sarapuu, 1993. 75 lk.<br><strong>Lembitu salakuulaja<\/strong>: jutustus 13. sajandist. Viljandi: J. Sarapuu, 1995. 84 lk.<br><strong>Ohtlik rada<\/strong>: jutustus 14. sajandist. Viljandi: J. Sarapuu, 1998. 86 lk.<\/p>\n\n\n\n<p><strong><em>L\u00fchiproosa<\/em><\/strong><br><strong>Austusavaldus<\/strong>: l\u00fchijutud. Tallinn: Eesti Raamat, 1974. 80 lk.<br><strong>Kollendavate v\u00e4ljade vahelt<\/strong>: k\u00fclajutte aastaist 1973\u20131977. Tallinn: Eesti Raamat, 1978. 107 lk.<br><strong>Perem\u00e4rgid<\/strong>. Jutud 1979\u20131986. Tallinn: Eesti Raamat, 1990. 113 lk.<br>Jaak Sarapuu, Mihkel Zilmer, <strong>Kuni su k\u00fcla veel elab\u2026<\/strong> : lood k\u00fclast koos paari lauluga. Tartu: Postimees Grupp, 2016. 53 lk.<br>Jaak Sarapuu, Mihkel Zilmer, <strong>Ravvasita<\/strong>: jutukogu. Tallinn: Avita, 2021. 53 lk.<\/p>\n\n\n\n<p><strong><em>\u00d5pikud<\/em><\/strong><br><strong>Eesti ajaloo alg\u00f5petus. \u00d5pik p\u00f5hikoolile 1<\/strong>. Viljandi: J. Sarapuu, 1994. 105 lk.<br><strong>Eesti ajaloo alg\u00f5petus. \u00d5pik p\u00f5hikoolile 2<\/strong>. Viljandi: J. Sarapuu, 1994. 152 lk.<br><strong>Eesti ajaloo lugemik p\u00f5hikoolile. 1. osa<\/strong>. Viljandi: J. Sarapuu, 1997. 126 lk.<br><strong>Eesti ajaloo lugemik p\u00f5hikoolile. 2. osa<\/strong>. Viljandi: J. Sarapuu, 1998. 193 lk.<br>Irena Artma, Jaak Sarapuu, <strong>Vene kirjanduse \u00f5pik keskkoolile<\/strong>. Viljandi: J. Sarapuu, 2001. 140 lk.<br><strong>Jutustusi ajaloost: ajaloo \u00f5pik V klassile<\/strong>. Viljandi: J. Sarapuu, 2002. 128 lk.<br>Jaak Sarapuu, Mihkel Zilmer, <strong>Inimese\u00f5petuse \u00f5pik 8. klassile<\/strong>. Viljandi: J. Sarapuu, 2011. 115 lk.<br><strong>\u00dchiskonna\u00f5petuse \u00f5pik 6. klassile<\/strong>. Viljandi: Jaak Sarapuu Kirjastus, 2011. 78 lk.<\/p>\n","protected":false},"excerpt":{"rendered":"<p>Jaak Sarapuu (s\u00fcnd. 18. VI 1939) on proosakirjanik, ajaloolane, pedagoog ja kirjastaja. Sarapuu s\u00fcndis Valgamaal Hargla kihelkonnas Taheva k\u00fclas taluniku pojana. Ta \u00f5ppis aastatel 1954\u20131958 Valga 1. keskkoolis ja 1969\u20131975 Tartu Riikliku \u00dclikooli ajaloo-keeleteaduskonnas ajalugu. L\u00f5petas \u00fclikooli kaug\u00f5ppes. Sarapuu on &#8230;<\/p>\n","protected":false},"author":43,"featured_media":0,"parent":6505,"menu_order":0,"comment_status":"closed","ping_status":"closed","template":"","meta":{"_acf_changed":false,"inline_featured_image":false,"footnotes":""},"class_list":["post-9043","page","type-page","status-publish","hentry"],"acf":[],"_links":{"self":[{"href":"https:\/\/sisu.ut.ee\/ewod\/et\/wp-json\/wp\/v2\/pages\/9043","targetHints":{"allow":["GET"]}}],"collection":[{"href":"https:\/\/sisu.ut.ee\/ewod\/et\/wp-json\/wp\/v2\/pages"}],"about":[{"href":"https:\/\/sisu.ut.ee\/ewod\/et\/wp-json\/wp\/v2\/types\/page"}],"author":[{"embeddable":true,"href":"https:\/\/sisu.ut.ee\/ewod\/et\/wp-json\/wp\/v2\/users\/43"}],"replies":[{"embeddable":true,"href":"https:\/\/sisu.ut.ee\/ewod\/et\/wp-json\/wp\/v2\/comments?post=9043"}],"version-history":[{"count":1,"href":"https:\/\/sisu.ut.ee\/ewod\/et\/wp-json\/wp\/v2\/pages\/9043\/revisions"}],"predecessor-version":[{"id":9044,"href":"https:\/\/sisu.ut.ee\/ewod\/et\/wp-json\/wp\/v2\/pages\/9043\/revisions\/9044"}],"up":[{"embeddable":true,"href":"https:\/\/sisu.ut.ee\/ewod\/et\/wp-json\/wp\/v2\/pages\/6505"}],"wp:attachment":[{"href":"https:\/\/sisu.ut.ee\/ewod\/et\/wp-json\/wp\/v2\/media?parent=9043"}],"curies":[{"name":"wp","href":"https:\/\/api.w.org\/{rel}","templated":true}]}}