{"id":9037,"date":"2026-05-06T16:09:45","date_gmt":"2026-05-06T13:09:45","guid":{"rendered":"https:\/\/sisu.ut.ee\/ewod\/?page_id=9037"},"modified":"2026-05-06T16:10:05","modified_gmt":"2026-05-06T13:10:05","slug":"richard-janno","status":"publish","type":"page","link":"https:\/\/sisu.ut.ee\/ewod\/et\/j\/richard-janno\/","title":{"rendered":"Richard Janno"},"content":{"rendered":"<p>Richard Janno (pseudon\u00fc\u00fcmid: Juhan Pahlb\u00e4rk, Eduard Lilienthal, Tristan, Koterman; 10. I 1900 \/ 29. XII 1899 \u2013 29. XII 1942) oli prosaist ja f\u00f6ljetonist<\/p>\n\n\n\n<p>S\u00fcndis ja \u00f5ppis Tallinnas, sh Tallinna Reaalkoolis, v\u00f5ttis osa Vabaduss\u00f5jast. \u00d5ppis Helsingi ja Tartu \u00dclikoolis (m\u00f5lemad l\u00f5petamata). T\u00f6\u00f6tas Helsingis kodu\u00f5petajana, Tartus \u00f5petajana. Toimetas 1921 Helsingis ilmuvat spordiajakirja V\u00f5itja, 1923 \u00dcli\u00f5pilaslehte, 1926-1928 \u00dcli\u00f5pilaskonna Edustuse esimees. Aastatel 1928-1936 vestekirjanik Tartus Postimehe toimetuses. P\u00e4rast tuberkuloosi avastamist asus elama Elvasse, kus tegutses vabakutselisena. Suri Elvas, maetud Elva Vanale kalmistule.<\/p>\n\n\n\n<p>Deb\u00fc\u00fctromaan \u201eMetsmees\u201c (1929), mis p\u00e4lvis Looduse 1929. aasta romaaniv\u00f5istlusel teise preemia, k\u00e4sitleb 1920. aastate \u00fcli\u00f5pilaselu Tartus, seades keskmesse mordva p\u00e4ritolu noormehe ja kujutades selle kaudu satiiriliselt omaaegset h\u00f5imuliikumist. Romaanis \u201eKaks ja \u00fcksainus\u201c (1937) on kesksel kohal klassikaline armukolmnurk. Avaldanud kriminaalromaane: \u201eSinine \u00fcmbrik\u201c (1931) ja \u201eSelja tagant\u201c (1933). Paistab prosaistina silma lopsaka keele ja intriigiarendamisoskusega. Janno teostes on olulisel kohal ajastuomane olustikukirjeldus, mis annab edasi omaaegset Eesti linnaelu atmosf\u00e4\u00e4ri.<\/p>\n\n\n\n<p>Janno loomingust on enam esile t\u00f5stetud noortele kirjutatud teoseid: \u201eKuningas Toom\u201c (1931), \u201eVutimehed\u201c (1935), mille j\u00e4rg \u201eKassisaba poisid\u201c, valmis 1942. aastal, kuid ilmus 1974. aastal. Noortele eakohaselt kujutatakse Tallinna agulipoiste elu ja tegemisi 20. sajandi algul, kust ei puudu sotsiaalsed vastuolud. Olulisel kohal on omaaegne linnaolustik ning Jannole iseloomulik humoristlik, ladus stiil.<\/p>\n\n\n\n<p>Janno on ka tuntud f\u00f6ljetonist, kes Postimehes t\u00f6\u00f6tades avaldas ligikaudu tuhat f\u00f6ljetoni, millest valimik on ilmunud Juhan Pahlb\u00e4rki nime all kogumikus \u201eRingh\u00e4\u00e4lik\u201c (1930).<\/p>\n\n\n\n<p><em>A. K.<\/em><\/p>\n\n\n\n<h4 class=\"wp-block-heading\"><br>Raamatud eesti keeles<\/h4>\n\n\n\n<p><strong><em>Romaanid<\/em><\/strong><br><strong>Metsmees<\/strong>. Tartu: Loodus, 1929, 216 lk [2. tr\u00fckk: 1989]<br><strong>Kaks ja \u00fcksainus<\/strong>. Tartu: Eesti Kirjastuse Kooperatiiv, 1937, 171 lk<\/p>\n\n\n\n<p><strong><em>Kriminaalromaanid<\/em><\/strong><br><strong>Sinine \u00fcmbrik<\/strong>. Tartu: Postimees, 1931, 153 lk [2. tr\u00fckk: 2012]<br><strong>Selja tagant<\/strong>. Tartu: Loodus, 1933, 160 lk [2. tr\u00fckk: 1993]<\/p>\n\n\n\n<p><strong><em>L\u00fchiproosa<\/em><\/strong><br><strong>Neitsi Maaria<\/strong>: jutt \u00fchest haprast alpilillest. Tartu: Loodus, 1930, 112 lk<br><strong>Valeraha<\/strong>: kurb ja l\u00f5bus jutt. Tartu: Postimees, 1933, 217 lk<\/p>\n\n\n\n<p><strong><em>Laste- ja noorsookirjandus<\/em><\/strong><br><strong>Kuningas Toom<\/strong>. Tallinn: Eesti \u00d5petajate Liit, 1931, 92 lk<br><strong>Vutimehed<\/strong>. Tartu: Eesti Kirjastuse Kooperatiiv, 1935, 150 lk [j\u00e4rgmised tr\u00fckid: 1947, 1968, 1974, 2022]<br><strong>Vutimehed. Kassisaba poisid<\/strong>. Tallinn: Eesti Raamat, 1974, 264 lk [j\u00e4rgmised tr\u00fckid: 2022]<\/p>\n\n\n\n<p><strong><em>F\u00f6ljetonid<\/em><\/strong><br>Juhan Pahlb\u00e4rk, <strong>Ringh\u00e4\u00e4lik<\/strong>: jutuvesteid. Tartu: Noor-Eesti, 1930, 135 lk<\/p>\n","protected":false},"excerpt":{"rendered":"<p>Richard Janno (pseudon\u00fc\u00fcmid: Juhan Pahlb\u00e4rk, Eduard Lilienthal, Tristan, Koterman; 10. I 1900 \/ 29. XII 1899 \u2013 29. XII 1942) oli prosaist ja f\u00f6ljetonist S\u00fcndis ja \u00f5ppis Tallinnas, sh Tallinna Reaalkoolis, v\u00f5ttis osa Vabaduss\u00f5jast. \u00d5ppis Helsingi ja Tartu \u00dclikoolis (m\u00f5lemad &#8230;<\/p>\n","protected":false},"author":43,"featured_media":0,"parent":6482,"menu_order":0,"comment_status":"closed","ping_status":"closed","template":"","meta":{"_acf_changed":false,"inline_featured_image":false,"footnotes":""},"class_list":["post-9037","page","type-page","status-publish","hentry"],"acf":[],"_links":{"self":[{"href":"https:\/\/sisu.ut.ee\/ewod\/et\/wp-json\/wp\/v2\/pages\/9037","targetHints":{"allow":["GET"]}}],"collection":[{"href":"https:\/\/sisu.ut.ee\/ewod\/et\/wp-json\/wp\/v2\/pages"}],"about":[{"href":"https:\/\/sisu.ut.ee\/ewod\/et\/wp-json\/wp\/v2\/types\/page"}],"author":[{"embeddable":true,"href":"https:\/\/sisu.ut.ee\/ewod\/et\/wp-json\/wp\/v2\/users\/43"}],"replies":[{"embeddable":true,"href":"https:\/\/sisu.ut.ee\/ewod\/et\/wp-json\/wp\/v2\/comments?post=9037"}],"version-history":[{"count":1,"href":"https:\/\/sisu.ut.ee\/ewod\/et\/wp-json\/wp\/v2\/pages\/9037\/revisions"}],"predecessor-version":[{"id":9038,"href":"https:\/\/sisu.ut.ee\/ewod\/et\/wp-json\/wp\/v2\/pages\/9037\/revisions\/9038"}],"up":[{"embeddable":true,"href":"https:\/\/sisu.ut.ee\/ewod\/et\/wp-json\/wp\/v2\/pages\/6482"}],"wp:attachment":[{"href":"https:\/\/sisu.ut.ee\/ewod\/et\/wp-json\/wp\/v2\/media?parent=9037"}],"curies":[{"name":"wp","href":"https:\/\/api.w.org\/{rel}","templated":true}]}}