{"id":9031,"date":"2026-05-06T15:45:11","date_gmt":"2026-05-06T12:45:11","guid":{"rendered":"https:\/\/sisu.ut.ee\/ewod\/?page_id=9031"},"modified":"2026-05-06T15:45:36","modified_gmt":"2026-05-06T12:45:36","slug":"margus-karu","status":"publish","type":"page","link":"https:\/\/sisu.ut.ee\/ewod\/et\/k\/margus-karu\/","title":{"rendered":"Margus Karu"},"content":{"rendered":"<p>Margus Karu (11. IX 1984 \u2013 5. VI 2017) oli proosakirjanik.<\/p>\n\n\n\n<p>S\u00fcndis Tallinnas, \u00f5ppis Laagna g\u00fcmnaasiumis ja l\u00f5petas Gustav Adolfi G\u00fcmnaasiumi ning Tallinna \u00dclikooli filmi- ja meediaeriala bakalaureuse\u00f5ppe. Tegutses muuhulgas filmi- ja reklaamiprodutsendi ning reklaamtekstide kirjutajana. Alates 2021. aastast annab Tallinna Keskraamatukogu v\u00e4lja Margus Karu noortekirjanduse auhinda, tunnustades eelneval aastal raamatukogudest enimlaenatud eesti noorteromaani autorit.<\/p>\n\n\n\n<p>Deb\u00fc\u00fctromaan \u201eNullpunkt\u201c (2010) on ajastu- ja p\u00f5lvkonnapanoraamne noorteromaan, mis k\u00e4sitleb d\u00fcnaamiliselt, noorte k\u00f5nepruuki ja ajastuomaseid popkultuuri viiteid kasutades koolikiusamist ja sellega toimetulekut. Autobiograafilise taustaga romaanis p\u00f5rkuvad erinevad sotsiaalsed keskkonnad \u2013 \u00fchelt poolt Lasnam\u00e4e oma kriminogeense taustaga ja teisalt Tallinna kesklinna nn eliitkooli maailm. Teosest sai ajaj\u00e4rgu \u00fcks menuromaane, omalaadne sotsiaalne fenomen, mis \u00e4rgitas k\u00e4sitlema sotsiaalseid ja vaimseid probleeme ning koolikiusamist. Teose p\u00f5hjal valmis Rakvere teatris lavastus (2011, lavastaja Jaanika Juhanson) ning telesari ja film (2014, re\u017eiss\u00f6\u00f6r Mihkel Ulk).<\/p>\n\n\n\n<p>Ka romaanis \u201eT\u00e4na on t\u00e4na ja forever on forever\u201c (2015) on olulisel kohal noorte t\u00e4iskasvanute eneseotsingud ja heitlused. Pealispindselt glamuurse ja s\u00e4rava kuvandi taga v\u00f5ib peituda seesmine t\u00fchjus ja \u00fcksindus. Olulisel kohal on kaasaegse maailma \u00e4ngid ja vaimse tervise probleemid, millega peategelasel silmitsi tuleb seista. Seegi romaan on kirjutatud autorile omaselt visuaalselt ja filmilikult d\u00fcnaamiliselt, kasutades ajastuomaseid viiteid ja p\u00f5lvkonnale iseloomulikku keelt.<\/p>\n\n\n\n<p>Postuumselt ilmus Margus Karu Sihtasutuse v\u00e4lja antuna lasteraamat \u201eHobune Harry unen\u00e4gu\u201c (2017), mille tegevustik leiab aset paralleelselt Harry-nimelise hobuse unen\u00e4os ja argielulises farmis. Teos julgustab p\u00fc\u00fcdma oma unistusi ja leidma oma t\u00f5est loomust.<\/p>\n\n\n\n<p><em>A. K.<\/em><\/p>\n\n\n\n<h4 class=\"wp-block-heading\"><br>Raamatud eesti keeles<\/h4>\n\n\n\n<p><strong><em>Romaanid<\/em><\/strong><br><strong>T\u00e4na on t\u00e4na ja forever on forever<\/strong>. Tallinn: Pegasus, 2015, 367 lk [2. tr\u00fckk: 2023]<\/p>\n\n\n\n<p><strong><em>Laste- ja noortekirjandus<\/em><\/strong><br><strong>Nullpunkt<\/strong>. Tallinn: Pegasus, 2010, 367 lk [j\u00e4rgmised tr\u00fckid: 2014, 2022]<br><strong>Hobune Harry unen\u00e4gu<\/strong>. Tallinn: Margus Karu Sihtasutus, 2017, 98 lk<\/p>\n","protected":false},"excerpt":{"rendered":"<p>Margus Karu (11. IX 1984 \u2013 5. VI 2017) oli proosakirjanik. S\u00fcndis Tallinnas, \u00f5ppis Laagna g\u00fcmnaasiumis ja l\u00f5petas Gustav Adolfi G\u00fcmnaasiumi ning Tallinna \u00dclikooli filmi- ja meediaeriala bakalaureuse\u00f5ppe. Tegutses muuhulgas filmi- ja reklaamiprodutsendi ning reklaamtekstide kirjutajana. Alates 2021. aastast annab &#8230;<\/p>\n","protected":false},"author":43,"featured_media":0,"parent":6484,"menu_order":0,"comment_status":"closed","ping_status":"closed","template":"","meta":{"_acf_changed":false,"inline_featured_image":false,"footnotes":""},"class_list":["post-9031","page","type-page","status-publish","hentry"],"acf":[],"_links":{"self":[{"href":"https:\/\/sisu.ut.ee\/ewod\/et\/wp-json\/wp\/v2\/pages\/9031","targetHints":{"allow":["GET"]}}],"collection":[{"href":"https:\/\/sisu.ut.ee\/ewod\/et\/wp-json\/wp\/v2\/pages"}],"about":[{"href":"https:\/\/sisu.ut.ee\/ewod\/et\/wp-json\/wp\/v2\/types\/page"}],"author":[{"embeddable":true,"href":"https:\/\/sisu.ut.ee\/ewod\/et\/wp-json\/wp\/v2\/users\/43"}],"replies":[{"embeddable":true,"href":"https:\/\/sisu.ut.ee\/ewod\/et\/wp-json\/wp\/v2\/comments?post=9031"}],"version-history":[{"count":1,"href":"https:\/\/sisu.ut.ee\/ewod\/et\/wp-json\/wp\/v2\/pages\/9031\/revisions"}],"predecessor-version":[{"id":9032,"href":"https:\/\/sisu.ut.ee\/ewod\/et\/wp-json\/wp\/v2\/pages\/9031\/revisions\/9032"}],"up":[{"embeddable":true,"href":"https:\/\/sisu.ut.ee\/ewod\/et\/wp-json\/wp\/v2\/pages\/6484"}],"wp:attachment":[{"href":"https:\/\/sisu.ut.ee\/ewod\/et\/wp-json\/wp\/v2\/media?parent=9031"}],"curies":[{"name":"wp","href":"https:\/\/api.w.org\/{rel}","templated":true}]}}