{"id":9016,"date":"2026-05-06T13:24:36","date_gmt":"2026-05-06T10:24:36","guid":{"rendered":"https:\/\/sisu.ut.ee\/ewod\/?page_id=9016"},"modified":"2026-05-06T13:24:52","modified_gmt":"2026-05-06T10:24:52","slug":"helmi-rajamaa","status":"publish","type":"page","link":"https:\/\/sisu.ut.ee\/ewod\/et\/r\/helmi-rajamaa\/","title":{"rendered":"Helmi Rajamaa"},"content":{"rendered":"<p>Helmi Elise Rajamaa (kuni 1929 Seppel; 8. I 1909 \/ 26. XII 1908 \u2013 27. VII 2005) oli prosaist ja luuletaja.<\/p>\n\n\n\n<p>S\u00fcndis Tallinnas, \u00f5ppis Haapsalus, l\u00f5petas 1929. aastal L\u00e4\u00e4nemaa \u00f5petajate seminari. Samal aastal abiellus pedagoogi ja koolijuhi Herman Rajamaaga (1902-1987). 1944. aastal p\u00f5genes Saksamaale, sealt j\u00e4rgmisel aastal edasi Rootsi, kus elas Stockholmis. Ta oli v\u00e4lismaise Eesti Kirjanike Liidu liige (1973). Suri Stockholmis, maetud Stockholmi Metsakalmistule.<\/p>\n\n\n\n<p>Kirjandusse tuli kirjastuse Orto 1951. a romaaniv\u00f5istlusel teise auhinna p\u00e4lvinud romaaniga \u201eVarjatud s\u00fcdamed\u201c (1951), milles kujutatakse eestlaste p\u00f5genemisteekonda Saksamaale, hiljem Rootsi. Peategelaseks noor naine, kelle armulugu sakslasega on \u00fcks teose s\u00f5lmpunkte. Samade tegelastega romaanis \u201eBalsameeritud elu\u201c (1956) kujutatakse pagulaselu Rootsis. Romaanid olemuselt realistlikud, peamiselt eetilistele valikutele ja naise sisemaailmale keskenduvad.<\/p>\n\n\n\n<p>Luuleloomingut koondavad \u201eMosaiik\u201c (1992) ja \u201eSadestusi\u201c (1995), kus muuhulgas vaeb inimloomuse erinevaid tahke ja tehtavaid valikuid. Teises kogus annavad enam tooni loodusluuletused.<\/p>\n\n\n\n<p>Ilukirjandusliku loomingu k\u00f5rval on olulisel kohal Rajamaa tegevus Rootsis elavate eesti pagulaste elu ja kultuurilise tegevuse j\u00e4\u00e4dvustajana. Kultuuriloolised p\u00e4evikum\u00e4rkmed ilmusid kahes k\u00f6ites: \u201ePaguluse sirvilaudu: p\u00e4evikum\u00e4rkmeid aastatest 1950-1980\u201c (1999) ja \u201ePaguluse sirvilaudu II: p\u00e4evikum\u00e4rkmeid aastatest 1981-1992\u201c (2003). Eraldi bro\u0161\u00fc\u00fcrina on v\u00e4lja antud \u201e<a href=\"https:\/\/sisu.ut.ee\/ewod\/et\/u\/marie-under\/\" data-type=\"page\" data-id=\"8294\">Marie Under<\/a> inimesena\u201d (1983).<\/p>\n\n\n\n<p><em>A. K.<\/em><\/p>\n\n\n\n<h4 class=\"wp-block-heading\"><br>Raamatud eesti keeles<\/h4>\n\n\n\n<p><strong><em>Romaanid<\/em><\/strong><br><strong>Varjatud s\u00fcdamed<\/strong>. G\u00f6teborg, Toronto: Orto, 1951, 387 lk<br><strong>Balsameeritud elu<\/strong>. Toronto: Orto, 1956, 295 lk<\/p>\n\n\n\n<p><strong><em>L\u00fchiproosa<\/em><\/strong><br><strong>Kannatuse m\u00e4ngud<\/strong>: novelle. Stockholm: V\u00e4lis-Eesti &amp; EMP, 1988, 159 lk<\/p>\n\n\n\n<p><strong>Luulekogud<\/strong><br><strong>Mosaiik<\/strong>: valimik luulet aastate l\u00f5ikusest. Tallinn: Abe, 1992, 105 lk. [2. tr\u00fckk: 1993.]<br><strong>Sadestusi<\/strong>. Stockholm: H. Rajamaa, 1995, 63 lk<\/p>\n\n\n\n<p><strong><em>M\u00e4lestused ja p\u00e4evikud<\/em><\/strong><br><strong>Marie Under inimesena<\/strong>. Stockholm: Teataja, 1983, 22 lk<br><strong>Paguluse sirvilaudu: p\u00e4evikum\u00e4rkmeid aastatest 1950-1980<\/strong>. Tallinn: Virgela, 1999, 298 lk<br><strong>Paguluse sirvilaudu II: p\u00e4evikum\u00e4rkmeid aastatest 1981-1992<\/strong>. Tallinn: Eesti Keele Sihtasutus, 2003, 319 lk<\/p>\n\n\n\n<p><\/p>\n","protected":false},"excerpt":{"rendered":"<p>Helmi Elise Rajamaa (kuni 1929 Seppel; 8. I 1909 \/ 26. XII 1908 \u2013 27. VII 2005) oli prosaist ja luuletaja. S\u00fcndis Tallinnas, \u00f5ppis Haapsalus, l\u00f5petas 1929. aastal L\u00e4\u00e4nemaa \u00f5petajate seminari. Samal aastal abiellus pedagoogi ja koolijuhi Herman Rajamaaga (1902-1987). &#8230;<\/p>\n","protected":false},"author":43,"featured_media":0,"parent":6503,"menu_order":0,"comment_status":"closed","ping_status":"closed","template":"","meta":{"_acf_changed":false,"inline_featured_image":false,"footnotes":""},"class_list":["post-9016","page","type-page","status-publish","hentry"],"acf":[],"_links":{"self":[{"href":"https:\/\/sisu.ut.ee\/ewod\/et\/wp-json\/wp\/v2\/pages\/9016","targetHints":{"allow":["GET"]}}],"collection":[{"href":"https:\/\/sisu.ut.ee\/ewod\/et\/wp-json\/wp\/v2\/pages"}],"about":[{"href":"https:\/\/sisu.ut.ee\/ewod\/et\/wp-json\/wp\/v2\/types\/page"}],"author":[{"embeddable":true,"href":"https:\/\/sisu.ut.ee\/ewod\/et\/wp-json\/wp\/v2\/users\/43"}],"replies":[{"embeddable":true,"href":"https:\/\/sisu.ut.ee\/ewod\/et\/wp-json\/wp\/v2\/comments?post=9016"}],"version-history":[{"count":1,"href":"https:\/\/sisu.ut.ee\/ewod\/et\/wp-json\/wp\/v2\/pages\/9016\/revisions"}],"predecessor-version":[{"id":9017,"href":"https:\/\/sisu.ut.ee\/ewod\/et\/wp-json\/wp\/v2\/pages\/9016\/revisions\/9017"}],"up":[{"embeddable":true,"href":"https:\/\/sisu.ut.ee\/ewod\/et\/wp-json\/wp\/v2\/pages\/6503"}],"wp:attachment":[{"href":"https:\/\/sisu.ut.ee\/ewod\/et\/wp-json\/wp\/v2\/media?parent=9016"}],"curies":[{"name":"wp","href":"https:\/\/api.w.org\/{rel}","templated":true}]}}