{"id":9013,"date":"2026-05-06T13:15:53","date_gmt":"2026-05-06T10:15:53","guid":{"rendered":"https:\/\/sisu.ut.ee\/ewod\/?page_id=9013"},"modified":"2026-05-06T13:16:18","modified_gmt":"2026-05-06T10:16:18","slug":"elem-treier","status":"publish","type":"page","link":"https:\/\/sisu.ut.ee\/ewod\/et\/t\/elem-treier\/","title":{"rendered":"Elem Treier"},"content":{"rendered":"<p>Elem Treier (12. IX 1927 \u2013 21. III 2012) oli kirjandusloolane, kriitik ja n\u00e4itekirjanik.<\/p>\n\n\n\n<p>S\u00fcndis Valgamaal, \u00f5ppis Valgas ja Tartus, l\u00f5petas 1953. aastal Tartu Riikliku \u00dclikooli ajaloo-keeleteaduskonna loogika-ps\u00fchholoogia osakonna. Oli 1953-1971 Tallinnas asuva <a href=\"https:\/\/sisu.ut.ee\/ewod\/et\/v\/eduard-vilde\/\" data-type=\"page\" data-id=\"7918\">Eduard Vilde<\/a> Memoriaalmuuseumi ja 1971-2003 \u00fchendatud Eduard Vilde ja <a href=\"https:\/\/sisu.ut.ee\/ewod\/et\/t\/a-h-tammsaare\/\" data-type=\"page\" data-id=\"8618\">Anton Hansen Tammsaare<\/a> Memoriaalmuuseimi direktor. Eesti Teatri\u00fchingu liige (1953), Eesti Kirjanike Liidu liige (1998). Eesti NSV teeneline kultuuritegelane (1989), Valget\u00e4he medaliklassi teenetem\u00e4rk (2000). Suri Tallinnas, maetud Tallinna Metsakalmistule. Tema t\u00fctar oli kunstiteadlane Heie Marie Treier (1963-2026).<\/p>\n\n\n\n<p>Treieri Kirjandusuurimusliku tegevuse keskme moodustab A. H. Tammsaare elu ja looming. Ta kogus muuhulgas mitmesugust materjali ja m\u00e4lestusi Tammsaare l\u00e4hedastelt, oli Tallinnas asuva A. H. Tammsaare muuseumi rajaja (1978). Avaldanud Tammsaare teoste erinevaid filosoofilisi t\u00e4henduskihte avavaid artikleid, raamatuna on ilmunud \u201eTammsaare ja tema \u201eT\u00f5de ja \u00f5igus\u201c\u201c (2000). Koostanud v\u00e4lismaiste Tammsaare-uurijate k\u00e4sitlusi koondava kogumiku \u201eTammsaare maailmakirjanikuna\u201c (2001). A. H. Tammsaare nimelise Albu valla kirjanduspreemia 2003. aastal p\u00e4lvinud \u201eTammsaare elu h\u00e4rra Hansenina\u201c (2002) fookuses on eraisik, portreteeritakse kodanik Anton Hanseni argielu perekonna keskel, varustatuna rikkaliku dokumentaalse materjaliga. Treier on kirjutanud ka dokumentaaln\u00e4idendi \u201eAnton Hansen Tammsaare kui saladus\u201c (1991), mis ilmumisj\u00e4rgselt p\u00f5hjustas omajagu poleemikat eraeluliste ja k\u00f5muliste aspektide k\u00e4sitlemise t\u00f5ttu. Selma P\u00e4rniku kirjadel p\u00f5hineb dramatiseering \u201eAnton Hansen-Tammsaare ja Virumaa t\u00fcdruk\u201c (1997).<\/p>\n\n\n\n<p>Lisaks Tammsaarele on Treier uurinud p\u00f5hjalikumalt ka Eduard Vilde elu ja loomingut, vastavatest uurimustest on raamatuna ilmunud n\u00e4iteks kogumik \u201eEduard Vilde kaasaegsete m\u00e4lestustes\u201c (1960, koos Karl Mihklaga).<\/p>\n\n\n\n<p>Treier on kirjutanud nii Tammsaaret kui ka Vildet k\u00e4sitlevate dokumentaalfilmide stsenaariume, n\u00e4iteks \u201eT\u00f5e ja vabaduse nimel\u201c (1958), \u201eEduard Vilde\u201c (1961, 1965) ja \u201eTammsaare talu\u201c (1998).<\/p>\n\n\n\n<p>Elem Treier on kirjutanud ka teatriarvustusi ja kirjanduskriitikat.<\/p>\n\n\n\n<p><em>A. K.<\/em><\/p>\n\n\n\n<h4 class=\"wp-block-heading\"><br>Raamatud eesti keeles<\/h4>\n\n\n\n<p><strong><em>Kirjandusuurimused<\/em><\/strong><br><strong>Anton Hansen Tammsaare kui m\u00e4lestus<\/strong>. Tallinn: Perioodika (Loomingu Raamatukogu, nr 40), 1991, 78 lk.<br><strong>Tammsaare ja tema \u201eT\u00f5de ja \u00f5igus\u201c<\/strong>. Tallinn: Olion, 2000, 327 lk.<br><strong>Tammsaare elu h\u00e4rra Hansenina<\/strong>. Tallinn: Olion, 2002, 271 lk. [2. tr\u00fckk: 2011]<\/p>\n","protected":false},"excerpt":{"rendered":"<p>Elem Treier (12. IX 1927 \u2013 21. III 2012) oli kirjandusloolane, kriitik ja n\u00e4itekirjanik. S\u00fcndis Valgamaal, \u00f5ppis Valgas ja Tartus, l\u00f5petas 1953. aastal Tartu Riikliku \u00dclikooli ajaloo-keeleteaduskonna loogika-ps\u00fchholoogia osakonna. Oli 1953-1971 Tallinnas asuva Eduard Vilde Memoriaalmuuseumi ja 1971-2003 \u00fchendatud Eduard &#8230;<\/p>\n","protected":false},"author":43,"featured_media":0,"parent":6510,"menu_order":0,"comment_status":"closed","ping_status":"closed","template":"","meta":{"_acf_changed":false,"inline_featured_image":false,"footnotes":""},"class_list":["post-9013","page","type-page","status-publish","hentry"],"acf":[],"_links":{"self":[{"href":"https:\/\/sisu.ut.ee\/ewod\/et\/wp-json\/wp\/v2\/pages\/9013","targetHints":{"allow":["GET"]}}],"collection":[{"href":"https:\/\/sisu.ut.ee\/ewod\/et\/wp-json\/wp\/v2\/pages"}],"about":[{"href":"https:\/\/sisu.ut.ee\/ewod\/et\/wp-json\/wp\/v2\/types\/page"}],"author":[{"embeddable":true,"href":"https:\/\/sisu.ut.ee\/ewod\/et\/wp-json\/wp\/v2\/users\/43"}],"replies":[{"embeddable":true,"href":"https:\/\/sisu.ut.ee\/ewod\/et\/wp-json\/wp\/v2\/comments?post=9013"}],"version-history":[{"count":1,"href":"https:\/\/sisu.ut.ee\/ewod\/et\/wp-json\/wp\/v2\/pages\/9013\/revisions"}],"predecessor-version":[{"id":9014,"href":"https:\/\/sisu.ut.ee\/ewod\/et\/wp-json\/wp\/v2\/pages\/9013\/revisions\/9014"}],"up":[{"embeddable":true,"href":"https:\/\/sisu.ut.ee\/ewod\/et\/wp-json\/wp\/v2\/pages\/6510"}],"wp:attachment":[{"href":"https:\/\/sisu.ut.ee\/ewod\/et\/wp-json\/wp\/v2\/media?parent=9013"}],"curies":[{"name":"wp","href":"https:\/\/api.w.org\/{rel}","templated":true}]}}