{"id":8996,"date":"2026-05-06T00:28:43","date_gmt":"2026-05-05T21:28:43","guid":{"rendered":"https:\/\/sisu.ut.ee\/ewod\/?page_id=8996"},"modified":"2026-05-06T00:30:10","modified_gmt":"2026-05-05T21:30:10","slug":"heli-reichardt","status":"publish","type":"page","link":"https:\/\/sisu.ut.ee\/ewod\/et\/r\/heli-reichardt\/","title":{"rendered":"Heli Reichardt"},"content":{"rendered":"<p>Heli Reichardt (s\u00fcnd 18. IX 1953) on romaanikirjanik ja lastekirjanik.<\/p>\n\n\n\n<p>Reichardt on s\u00fcndinud L\u00e4\u00e4nemaal V\u00e4ike\u2013L\u00e4htru k\u00fclas Martna vallas. Ta on l\u00f5petanud Tartu \u00dclikooli eesti filoloogina ja on \u00f5ppinud Usuteaduste Instituudis.<\/p>\n\n\n\n<p>Heli Reichardti loomingut iseloomustab kontrast soojade, loodusl\u00e4hedaste lasteraamatute ja \u00fchiskonnakriitilise, d\u00fcstoopilise proosa vahel, mis on kirjutatud t\u00e4iskasvanutele. Reichardti 2014. aastal ilmunud romaani \u201eWalpurgi \u00f6\u00f6\u201c peetakse hoiatusromaaniks v\u00f5i \u201emustaks stsenaariumiks\u201c, mis vaatleb \u201esuurt maailma ja v\u00e4ikest inimest\u201c. Tegevus toimub l\u00e4hitulevikus (autor paigutas raamatu tegevuse aastatesse 2020\u20132021), kui valitsevad totaalne j\u00e4relevalve, terrorismioht ja poliitiline ebakindlus. Lugu on kirjutatud \u00fcksikisiku tasandil, j\u00e4lgides N\u00f5mmel elava \u00fcksikema argielu \u00fcleilmsete muutuste keskel.<\/p>\n\n\n\n<p>Reichardti lasteraamatutele (sarjale \u201eLeenu ja Liisu lood\u201c) on omased maal\u00e4hedus ja praktilisus. Tekstid on mahedad ja kirjeldavad ehedalt elu Eesti maakodus. Olulisel kohal on kevadine L\u00e4\u00e4nemaa loodus ning lapse siiras ja r\u00f5\u00f5msalt avastav suhe k\u00f5ige elusaga nagu p\u00f5rnikad, lilled ja linnud.<\/p>\n\n\n\n<p>Reichardt on kirjutanud ka luuletusi. Tema luule on p\u00f5imunud koduloolise ja usulise tegevusega, peegeldades nagu lastejutudki kristlikke v\u00e4\u00e4rtusi ning sidet esivanematega ja kodukohaga.<\/p>\n\n\n\n<p><em>L. P.<\/em><\/p>\n\n\n\n<h4 class=\"wp-block-heading\"><br>Raamatud eesti keeles<\/h4>\n\n\n\n<p><em><strong>Romaanid<\/strong><\/em><br><strong>Walpurgi \u00f6\u00f6<\/strong>. Tallinn: Varrak, 2014. 308 lk.<br><strong>Siinpool Linnuteed<\/strong>. Tallinn: Varrak, 2017. 316 lk.<br><strong>Siinpool Linnuteed. II osa<\/strong>. Tallinn: Varrak, 2018. 316 lk.<\/p>\n\n\n\n<p><em><strong>Lasteraamatud<\/strong><\/em><br><strong>Leenu ja Liisu lood: lastele ja lastelastele<\/strong>. Panga: H. Reichardt, 2015.<br>80 lk.<br><strong>Leenu ja Liisu lood. Teine raamat, Liisu, Leenu ja Kuuks<\/strong>. Panga: H. Reichardt, 2019. 91 lk.<br><strong>Leenu ja Liisu lood. Kolmas raamat, Kuuks ja kullerkupp<\/strong>. Haapsalu: Ridalane, 2022. 23 lk.<\/p>\n","protected":false},"excerpt":{"rendered":"<p>Heli Reichardt (s\u00fcnd 18. IX 1953) on romaanikirjanik ja lastekirjanik. Reichardt on s\u00fcndinud L\u00e4\u00e4nemaal V\u00e4ike\u2013L\u00e4htru k\u00fclas Martna vallas. Ta on l\u00f5petanud Tartu \u00dclikooli eesti filoloogina ja on \u00f5ppinud Usuteaduste Instituudis. Heli Reichardti loomingut iseloomustab kontrast soojade, loodusl\u00e4hedaste lasteraamatute ja \u00fchiskonnakriitilise, &#8230;<\/p>\n","protected":false},"author":43,"featured_media":0,"parent":6503,"menu_order":0,"comment_status":"closed","ping_status":"closed","template":"","meta":{"_acf_changed":false,"inline_featured_image":false,"footnotes":""},"class_list":["post-8996","page","type-page","status-publish","hentry"],"acf":[],"_links":{"self":[{"href":"https:\/\/sisu.ut.ee\/ewod\/et\/wp-json\/wp\/v2\/pages\/8996","targetHints":{"allow":["GET"]}}],"collection":[{"href":"https:\/\/sisu.ut.ee\/ewod\/et\/wp-json\/wp\/v2\/pages"}],"about":[{"href":"https:\/\/sisu.ut.ee\/ewod\/et\/wp-json\/wp\/v2\/types\/page"}],"author":[{"embeddable":true,"href":"https:\/\/sisu.ut.ee\/ewod\/et\/wp-json\/wp\/v2\/users\/43"}],"replies":[{"embeddable":true,"href":"https:\/\/sisu.ut.ee\/ewod\/et\/wp-json\/wp\/v2\/comments?post=8996"}],"version-history":[{"count":2,"href":"https:\/\/sisu.ut.ee\/ewod\/et\/wp-json\/wp\/v2\/pages\/8996\/revisions"}],"predecessor-version":[{"id":8999,"href":"https:\/\/sisu.ut.ee\/ewod\/et\/wp-json\/wp\/v2\/pages\/8996\/revisions\/8999"}],"up":[{"embeddable":true,"href":"https:\/\/sisu.ut.ee\/ewod\/et\/wp-json\/wp\/v2\/pages\/6503"}],"wp:attachment":[{"href":"https:\/\/sisu.ut.ee\/ewod\/et\/wp-json\/wp\/v2\/media?parent=8996"}],"curies":[{"name":"wp","href":"https:\/\/api.w.org\/{rel}","templated":true}]}}