{"id":8990,"date":"2026-05-05T12:10:21","date_gmt":"2026-05-05T09:10:21","guid":{"rendered":"https:\/\/sisu.ut.ee\/ewod\/?page_id=8990"},"modified":"2026-05-05T12:10:40","modified_gmt":"2026-05-05T09:10:40","slug":"leonora-palu","status":"publish","type":"page","link":"https:\/\/sisu.ut.ee\/ewod\/et\/p\/leonora-palu\/","title":{"rendered":"Leonora Palu"},"content":{"rendered":"<p>Leonora Palu (varem Leonora J\u00e4rvet, s\u00fcnd 20. II 1979) on fl\u00f6tist ja luuletaja.<\/p>\n\n\n\n<p>Palu on l\u00f5petanud P\u00e4rnu Muusikakooli, P\u00e4rnu S\u00fctevaka Humanitaarg\u00fcmnaasiumi muusikaosakonna ning Eesti Muusikaakadeemia fl\u00f6\u00f6di erialal. 2003. aastal t\u00e4iendas ta end Br\u00fcsseli Kuninglikus Konservatooriumis. Palu on t\u00f6\u00f6tanud Rahvusooperis Estonia orkestrandina ja ta t\u00f6\u00f6tab n\u00fc\u00fcd P\u00e4rnu Linnaorkestris. Leonora Palu on alates 2024. aastast Eesti Kirjanike Liidu liige.<\/p>\n\n\n\n<p>Palu on alates 2016. aastast avaldanud kolm luulekogu. Mitmed arvustajad ja kultuuriajakirjanikud on t\u00e4heldanud, et Palu fl\u00f6\u00f6dim\u00e4ngija tagap\u00f5hi rikastab tema luulet \u2013 tema tekstid toimivad h\u00e4sti nii paberil kui ka elavas esituses, kus ta sageli p\u00f5imib luule vahele fl\u00f6\u00f6diimprovisatsioone. Kriitika on esile toonud tema tekstide vaimukust, elulisust ja plahvatuslikkust.<\/p>\n\n\n\n<p><em>L. P.<\/em><\/p>\n\n\n\n<h4 class=\"wp-block-heading\"><br>Raamatud eesti keeles<\/h4>\n\n\n\n<p><strong><em>Luuletused<\/em><\/strong><br><strong>Aga mina panen kammi suhu<\/strong>. Saarde; P\u00e4rnu: Jumalikud Ilmutused, 2016. 77 lk.<br><strong>Pane maailm ristist kinni<\/strong>. P\u00e4rnu: Jumalikud Ilmutused, 2017. 70 lk.<br><strong>J\u00e4\u00e4l on vee v\u00f5ime<\/strong>. P\u00e4rnu: Jumalikud Ilmutused, 2020. 92 lk.<\/p>\n","protected":false},"excerpt":{"rendered":"<p>Leonora Palu (varem Leonora J\u00e4rvet, s\u00fcnd 20. II 1979) on fl\u00f6tist ja luuletaja. Palu on l\u00f5petanud P\u00e4rnu Muusikakooli, P\u00e4rnu S\u00fctevaka Humanitaarg\u00fcmnaasiumi muusikaosakonna ning Eesti Muusikaakadeemia fl\u00f6\u00f6di erialal. 2003. aastal t\u00e4iendas ta end Br\u00fcsseli Kuninglikus Konservatooriumis. Palu on t\u00f6\u00f6tanud Rahvusooperis Estonia &#8230;<\/p>\n","protected":false},"author":43,"featured_media":0,"parent":6501,"menu_order":0,"comment_status":"closed","ping_status":"closed","template":"","meta":{"_acf_changed":false,"inline_featured_image":false,"footnotes":""},"class_list":["post-8990","page","type-page","status-publish","hentry"],"acf":[],"_links":{"self":[{"href":"https:\/\/sisu.ut.ee\/ewod\/et\/wp-json\/wp\/v2\/pages\/8990","targetHints":{"allow":["GET"]}}],"collection":[{"href":"https:\/\/sisu.ut.ee\/ewod\/et\/wp-json\/wp\/v2\/pages"}],"about":[{"href":"https:\/\/sisu.ut.ee\/ewod\/et\/wp-json\/wp\/v2\/types\/page"}],"author":[{"embeddable":true,"href":"https:\/\/sisu.ut.ee\/ewod\/et\/wp-json\/wp\/v2\/users\/43"}],"replies":[{"embeddable":true,"href":"https:\/\/sisu.ut.ee\/ewod\/et\/wp-json\/wp\/v2\/comments?post=8990"}],"version-history":[{"count":1,"href":"https:\/\/sisu.ut.ee\/ewod\/et\/wp-json\/wp\/v2\/pages\/8990\/revisions"}],"predecessor-version":[{"id":8991,"href":"https:\/\/sisu.ut.ee\/ewod\/et\/wp-json\/wp\/v2\/pages\/8990\/revisions\/8991"}],"up":[{"embeddable":true,"href":"https:\/\/sisu.ut.ee\/ewod\/et\/wp-json\/wp\/v2\/pages\/6501"}],"wp:attachment":[{"href":"https:\/\/sisu.ut.ee\/ewod\/et\/wp-json\/wp\/v2\/media?parent=8990"}],"curies":[{"name":"wp","href":"https:\/\/api.w.org\/{rel}","templated":true}]}}